{"id":131744,"date":"2024-04-18T15:29:09","date_gmt":"2024-04-18T12:29:09","guid":{"rendered":"https:\/\/www.zoner.fi\/tuki\/?page_id=131744"},"modified":"2024-04-18T15:42:05","modified_gmt":"2024-04-18T12:42:05","slug":"wordpress-kotisivujen-paivitys-ydin-teemat-ja-lisaosat","status":"publish","type":"page","link":"https:\/\/www.zoner.fi\/tuki\/wordpress\/wordpress-kotisivujen-paivitys-ydin-teemat-ja-lisaosat\/","title":{"rendered":"WordPress-kotisivujen p\u00e4ivitys: ydin, teemat ja lis\u00e4osat"},"content":{"rendered":"\n<p><a href=\"https:\/\/www.zoner.fi\/wordpress\/wordpress-kotisivut\/\">WordPress-kotisivujen<\/a> toimivuuden ja turvallisuuden kannalta on t\u00e4rke\u00e4\u00e4 huolehtia siit\u00e4, ett\u00e4 WordPress-ytimen, -lis\u00e4osien ja -teemojen p\u00e4ivitykset ovat ajan tasalla. T\u00e4ss\u00e4 ohjeessa keromme, miten kotisivujen p\u00e4ivitys onnistuu niiden osalta WordPress-hallintapaneelissa tai WP-CLI: n kautta.<\/p>\n\n\n\n<div class=\"wp-block-group is-vertical is-layout-flex wp-container-core-group-is-layout-8cf370e7 wp-block-group-is-layout-flex\">\n<h2 class=\"gb-headline gb-headline-39cbf947 gb-headline-text\">WordPress-ytimen p\u00e4ivitt\u00e4minen:&nbsp;<\/h2>\n\n\n\n<ol class=\"wp-block-list\">\n<li>Kirjaudu sis\u00e4\u00e4n WordPress-hallintapaneeliin yll\u00e4pit\u00e4j\u00e4n tunnuksillasi. P\u00e4\u00e4set kirjautumaan seuraavan osoitteen kautta, jos korvaat siihen oman verkkotunnuksesi ja sen verkkotunnusp\u00e4\u00e4tteen: <strong>verkkotunnus.com\/wp-admin<\/strong>&nbsp;<\/li>\n<\/ol>\n<\/div>\n\n\n\n<p>Jos k\u00e4yt\u00e4t WP.one-palvelua, p\u00e4\u00e4set WordPress-hallintapaneeliin helposti my\u00f6s WP.one-hallintapaneelisi kautta klikkaamalla <strong>WP Admin<\/strong> -painiketta:&nbsp;&nbsp;<\/p>\n\n\n\n<figure class=\"wp-block-image size-large\"><img loading=\"lazy\" decoding=\"async\" width=\"1024\" height=\"476\" src=\"https:\/\/www.zoner.fi\/tuki\/wp-content\/uploads\/2024\/04\/image003-3-1024x476.png\" alt=\"\" class=\"wp-image-131753\" srcset=\"https:\/\/www.zoner.fi\/tuki\/wp-content\/uploads\/2024\/04\/image003-3-1024x476.png 1024w, https:\/\/www.zoner.fi\/tuki\/wp-content\/uploads\/2024\/04\/image003-3-300x139.png 300w, https:\/\/www.zoner.fi\/tuki\/wp-content\/uploads\/2024\/04\/image003-3-768x357.png 768w, https:\/\/www.zoner.fi\/tuki\/wp-content\/uploads\/2024\/04\/image003-3.png 1100w\" sizes=\"auto, (max-width: 1024px) 100vw, 1024px\" \/><\/figure>\n\n\n\n<p>2. <strong>Tarkista p\u00e4ivitykset<\/strong>: WordPress-hallintapaneelissa n\u00e4et yl\u00e4palkissa ilmoituksen, jos WordPress-ytimelle on saatavilla p\u00e4ivitys. Napsauta &#8221;<strong>P\u00e4ivit\u00e4 nyt<\/strong>&#8221; tai siirry kohtaan<strong> Ohjausn\u00e4kym\u00e4<\/strong> (Dashboard) &gt; <strong>P\u00e4ivitykset <\/strong>(Updates).&nbsp;<\/p>\n\n\n\n<figure class=\"wp-block-image size-full\"><img loading=\"lazy\" decoding=\"async\" width=\"480\" height=\"117\" src=\"https:\/\/www.zoner.fi\/tuki\/wp-content\/uploads\/2024\/04\/image006.jpg\" alt=\"\" class=\"wp-image-131755\" srcset=\"https:\/\/www.zoner.fi\/tuki\/wp-content\/uploads\/2024\/04\/image006.jpg 480w, https:\/\/www.zoner.fi\/tuki\/wp-content\/uploads\/2024\/04\/image006-300x73.jpg 300w\" sizes=\"auto, (max-width: 480px) 100vw, 480px\" \/><\/figure>\n\n\n\n<p>3. <strong>Valitse p\u00e4ivitykset<\/strong>: N\u00e4et t\u00e4lt\u00e4 sivulta nykyisen WordPress-versiosi, ja voit p\u00e4ivitt\u00e4\u00e4 sen uudempaan versioon, jos WordPress-p\u00e4ivitys on saatavilla.&nbsp;&nbsp;<\/p>\n\n\n\n<figure class=\"wp-block-image size-full\"><img loading=\"lazy\" decoding=\"async\" width=\"907\" height=\"392\" src=\"https:\/\/www.zoner.fi\/tuki\/wp-content\/uploads\/2024\/04\/image007-3.png\" alt=\"\" class=\"wp-image-131756\" srcset=\"https:\/\/www.zoner.fi\/tuki\/wp-content\/uploads\/2024\/04\/image007-3.png 907w, https:\/\/www.zoner.fi\/tuki\/wp-content\/uploads\/2024\/04\/image007-3-300x130.png 300w, https:\/\/www.zoner.fi\/tuki\/wp-content\/uploads\/2024\/04\/image007-3-768x332.png 768w\" sizes=\"auto, (max-width: 907px) 100vw, 907px\" \/><\/figure>\n\n\n\n<p>4. WordPress-asennuksen p\u00e4ivitys voi kest\u00e4\u00e4 hetken. Odota, ett\u00e4 sivulle ilmestyy viesti siit\u00e4, ett\u00e4 WordPress-p\u00e4ivitys on valmistunut.<\/p>\n\n\n\n<div class=\"wp-block-group is-vertical is-layout-flex wp-container-core-group-is-layout-8cf370e7 wp-block-group-is-layout-flex\">\n<h2 class=\"gb-headline gb-headline-b2695a07 gb-headline-text\">WordPress-lis\u00e4osien p\u00e4ivitt\u00e4minen:&nbsp;<\/h2>\n\n\n\n<ol class=\"wp-block-list\">\n<li>Kirjaudu sis\u00e4\u00e4n <strong>WordPress-hallintapaneeliisi<\/strong> kuten edellisen ohjeen kohdassa 1.<\/li>\n<\/ol>\n<\/div>\n\n\n\n<p>2. <strong>Tarkista lis\u00e4osien p\u00e4ivitykset<\/strong>: WordPress-hallintapaneelin kohdassa <strong>Ohjausn\u00e4kym\u00e4<\/strong> (Dashboard) &gt; <strong>P\u00e4ivitykset<\/strong> (Updates) n\u00e4et, mille lis\u00e4osille on saatavilla p\u00e4ivityksi\u00e4. Siirry kohtaan <strong>Lis\u00e4osat <\/strong>(Plugins) &gt; <strong>Asennetut lis\u00e4osat<\/strong> (Installed plugins)<strong> <\/strong>n\u00e4hd\u00e4ksesi asennettujen lis\u00e4osien luettelon ja p\u00e4ivitt\u00e4\u00e4ksesi niit\u00e4.<\/p>\n\n\n\n<figure class=\"wp-block-image size-full\"><img loading=\"lazy\" decoding=\"async\" width=\"480\" height=\"290\" src=\"https:\/\/www.zoner.fi\/tuki\/wp-content\/uploads\/2024\/04\/image009.jpg\" alt=\"\" class=\"wp-image-131757\" srcset=\"https:\/\/www.zoner.fi\/tuki\/wp-content\/uploads\/2024\/04\/image009.jpg 480w, https:\/\/www.zoner.fi\/tuki\/wp-content\/uploads\/2024\/04\/image009-300x181.jpg 300w\" sizes=\"auto, (max-width: 480px) 100vw, 480px\" \/><\/figure>\n\n\n\n<p>3. <strong>P\u00e4ivit\u00e4 lis\u00e4osat<\/strong>: Napsauta <strong>P\u00e4ivit\u00e4 nyt (update now) <\/strong>-linkki\u00e4 sellaisen lis\u00e4osan kohdalla, jolle on saatavilla p\u00e4ivitys. Voit my\u00f6s p\u00e4ivitt\u00e4\u00e4 useita lis\u00e4osia kerralla: valitse t\u00e4ll\u00f6in p\u00e4ivitett\u00e4v\u00e4t lis\u00e4osat ja klikkaa <strong>Massatoiminnot<\/strong> (Bulk Actions) -valikosta <strong>P\u00e4ivit\u00e4<\/strong> (Update) ja sitten sen vierest\u00e4 <strong>K\u00e4yt\u00e4<\/strong> (Apply).&nbsp;<\/p>\n\n\n\n<figure class=\"wp-block-image size-full\"><img loading=\"lazy\" decoding=\"async\" width=\"645\" height=\"141\" src=\"https:\/\/www.zoner.fi\/tuki\/wp-content\/uploads\/2024\/04\/image010-1.png\" alt=\"\" class=\"wp-image-131758\" srcset=\"https:\/\/www.zoner.fi\/tuki\/wp-content\/uploads\/2024\/04\/image010-1.png 645w, https:\/\/www.zoner.fi\/tuki\/wp-content\/uploads\/2024\/04\/image010-1-300x66.png 300w\" sizes=\"auto, (max-width: 645px) 100vw, 645px\" \/><\/figure>\n\n\n\n<p>4. <strong>Odota, ett\u00e4 p\u00e4ivitykset valmistuvat<\/strong>: WordPress lataa ja asentaa lis\u00e4osap\u00e4ivitykset. Kun p\u00e4ivitykset ovat valmiita, sivulle ilmestyy viesti.<\/p>\n\n\n\n<div class=\"wp-block-group is-vertical is-layout-flex wp-container-core-group-is-layout-8cf370e7 wp-block-group-is-layout-flex\">\n<h2 class=\"gb-headline gb-headline-252c8af8 gb-headline-text\">WordPress-teemojen p\u00e4ivitt\u00e4minen:&nbsp;<\/h2>\n\n\n\n<ol class=\"wp-block-list\" start=\"1\">\n<li>Kirjaudu sis\u00e4\u00e4n <strong>WordPress-hallintapaneeliisi<\/strong>.&nbsp;&nbsp;<\/li>\n<\/ol>\n<\/div>\n\n\n<div class=\"gb-container gb-container-db3ceffd\">\n\n<p>2. <strong>Tarkista teemap\u00e4ivitykset<\/strong>: Siirry WordPress-hallintapaneelissasi kohtaan<strong> Ulkoasu <\/strong>(Appearance) &gt; <strong>Teemat <\/strong>(Themes). Teeman yl\u00e4puolella n\u00e4kyy ilmoitus, jos sille on saatavilla p\u00e4ivitys.&nbsp;<\/p>\n\n<\/div>\n\n\n<figure class=\"wp-block-image size-full\"><img loading=\"lazy\" decoding=\"async\" width=\"461\" height=\"191\" src=\"https:\/\/www.zoner.fi\/tuki\/wp-content\/uploads\/2024\/04\/image012-1.png\" alt=\"\" class=\"wp-image-131759\" srcset=\"https:\/\/www.zoner.fi\/tuki\/wp-content\/uploads\/2024\/04\/image012-1.png 461w, https:\/\/www.zoner.fi\/tuki\/wp-content\/uploads\/2024\/04\/image012-1-300x124.png 300w\" sizes=\"auto, (max-width: 461px) 100vw, 461px\" \/><\/figure>\n\n\n\n<p>3. P\u00e4ivit\u00e4 teema napsauttamalla <strong>P\u00e4ivit\u00e4 nyt <\/strong>(Update now) -painiketta.&nbsp;<\/p>\n\n\n\n<p>4. <strong>Odota p\u00e4ivitysten valmistumista<\/strong>: WordPress lataa ja asentaa teemap\u00e4ivityksen. Kun p\u00e4ivitys on valmis, sivulle ilmestyy viesti.&nbsp;<\/p>\n\n\n\n<div class=\"wp-block-group is-vertical is-layout-flex wp-container-core-group-is-layout-8cf370e7 wp-block-group-is-layout-flex\">\n<h2 class=\"gb-headline gb-headline-08458e29 gb-headline-text\">P\u00e4ivitysten tekeminen WP-CLI: n kautta<\/h2>\n\n\n\n<p>K\u00e4ytt\u00e4\u00e4ksesi WP-CLI-komentorivity\u00f6kalua sinun pit\u00e4\u00e4 ensin kirjautua sis\u00e4\u00e4n WP:onen backendiin SSH:n avulla.&nbsp;<\/p>\n<\/div>\n\n\n\n<p>Saat SSH-tiedot WP.one-hallintapaneelistasi (app.wp.one) menem\u00e4ll\u00e4 ensin kohtaan <strong>Sivustot<\/strong> (Sites). Klikkaa sitten verkkotunnuksesi nime\u00e4 ja siirry sivulle<strong> Asetukset (Settings)<\/strong>, josta l\u00f6ytyy osio<strong> SFTP\/SSH.&nbsp;<\/strong>&nbsp;<\/p>\n\n\n\n<figure class=\"wp-block-image size-large\"><img loading=\"lazy\" decoding=\"async\" width=\"1024\" height=\"495\" src=\"https:\/\/www.zoner.fi\/tuki\/wp-content\/uploads\/2024\/04\/image014-2-1024x495.png\" alt=\"\" class=\"wp-image-131761\" srcset=\"https:\/\/www.zoner.fi\/tuki\/wp-content\/uploads\/2024\/04\/image014-2-1024x495.png 1024w, https:\/\/www.zoner.fi\/tuki\/wp-content\/uploads\/2024\/04\/image014-2-300x145.png 300w, https:\/\/www.zoner.fi\/tuki\/wp-content\/uploads\/2024\/04\/image014-2-768x371.png 768w, https:\/\/www.zoner.fi\/tuki\/wp-content\/uploads\/2024\/04\/image014-2.png 1100w\" sizes=\"auto, (max-width: 1024px) 100vw, 1024px\" \/><\/figure>\n\n\n\n<p><strong><em>Huom.<\/em><\/strong><em>: WP-CLI-komennot toimivat vain \/wordpress-hakemistossa. Varmista, ett\u00e4 olet oikeassa kansiossa ennen komentojen suorittamista.<\/em>&nbsp;<br>&nbsp;<\/p>\n\n\n\n<div class=\"wp-block-group is-vertical is-layout-flex wp-container-core-group-is-layout-8cf370e7 wp-block-group-is-layout-flex\">\n<h3 class=\"gb-headline gb-headline-4d4c9351 gb-headline-text\">1. WordPress-ytimen p\u00e4ivitys:&nbsp;<\/h3>\n\n\n\n<p>Jos haluat p\u00e4ivitt\u00e4\u00e4 WordPress-ytimen WP-CLI:n avulla, kirjoita <strong>wp core update <\/strong>SSH-p\u00e4\u00e4tteeseen ja paina sitten Enter:&nbsp;<\/p>\n<\/div>\n\n\n\n<figure class=\"wp-block-image size-full\"><img loading=\"lazy\" decoding=\"async\" width=\"895\" height=\"170\" src=\"https:\/\/www.zoner.fi\/tuki\/wp-content\/uploads\/2024\/04\/image016-1.png\" alt=\"\" class=\"wp-image-131760\" srcset=\"https:\/\/www.zoner.fi\/tuki\/wp-content\/uploads\/2024\/04\/image016-1.png 895w, https:\/\/www.zoner.fi\/tuki\/wp-content\/uploads\/2024\/04\/image016-1-300x57.png 300w, https:\/\/www.zoner.fi\/tuki\/wp-content\/uploads\/2024\/04\/image016-1-768x146.png 768w\" sizes=\"auto, (max-width: 895px) 100vw, 895px\" \/><\/figure>\n\n\n\n<p>T\u00e4m\u00e4 komento tarkistaa WordPressin uusimman version ja p\u00e4ivitt\u00e4\u00e4 ydintiedostosi uusimpaan versioon.&nbsp;<\/p>\n\n\n\n<div class=\"wp-block-group is-vertical is-layout-flex wp-container-core-group-is-layout-8cf370e7 wp-block-group-is-layout-flex\">\n<h3 class=\"gb-headline gb-headline-5fb04738 gb-headline-text\">2. WordPress-lis\u00e4osien p\u00e4ivitys:&nbsp;<\/h3>\n\n\n\n<p>Tarkista saatavilla olevat p\u00e4ivitykset: K\u00e4ytt\u00e4m\u00e4ll\u00e4 komentoa <strong>wp plugin update &#8211;all &#8211;dry-run<\/strong> saat n\u00e4kyviin kaikki lis\u00e4osat, joille on saatavilla p\u00e4ivitys:&nbsp;<\/p>\n<\/div>\n\n\n\n<figure class=\"wp-block-image size-full\"><img loading=\"lazy\" decoding=\"async\" width=\"591\" height=\"244\" src=\"https:\/\/www.zoner.fi\/tuki\/wp-content\/uploads\/2024\/04\/image018-2.png\" alt=\"\" class=\"wp-image-131762\" srcset=\"https:\/\/www.zoner.fi\/tuki\/wp-content\/uploads\/2024\/04\/image018-2.png 591w, https:\/\/www.zoner.fi\/tuki\/wp-content\/uploads\/2024\/04\/image018-2-300x124.png 300w\" sizes=\"auto, (max-width: 591px) 100vw, 591px\" \/><\/figure>\n\n\n\n<p>Jos haluat p\u00e4ivitt\u00e4\u00e4 tietyn lis\u00e4osan, korvaa<strong> &#8211;all \u2013dry-run<\/strong> lis\u00e4osan nimell\u00e4 tai koodilla:<\/p>\n\n\n\n<figure class=\"wp-block-image size-full\"><img loading=\"lazy\" decoding=\"async\" width=\"702\" height=\"397\" src=\"https:\/\/www.zoner.fi\/tuki\/wp-content\/uploads\/2024\/04\/image020-2.png\" alt=\"\" class=\"wp-image-131764\" srcset=\"https:\/\/www.zoner.fi\/tuki\/wp-content\/uploads\/2024\/04\/image020-2.png 702w, https:\/\/www.zoner.fi\/tuki\/wp-content\/uploads\/2024\/04\/image020-2-300x170.png 300w\" sizes=\"auto, (max-width: 702px) 100vw, 702px\" \/><\/figure>\n\n\n\n<div class=\"wp-block-group is-vertical is-layout-flex wp-container-core-group-is-layout-8cf370e7 wp-block-group-is-layout-flex\">\n<h3 class=\"gb-headline gb-headline-e6baa260 gb-headline-text\">3. WordPress-teemojen p\u00e4ivitys:&nbsp;<\/h3>\n\n\n\n<p>Voit p\u00e4ivitt\u00e4\u00e4 teeman WP-CLI:n avulla seuraavasti:&nbsp;<\/p>\n\n\n\n<p>Tarkista saatavilla olevat p\u00e4ivitykset k\u00e4ytt\u00e4m\u00e4ll\u00e4 komentoa <strong>wp theme update &#8211;all &#8211;dry-run<\/strong>, joka n\u00e4ytt\u00e4\u00e4 kaikki teemat, joihin on saatavilla p\u00e4ivityksi\u00e4: &nbsp;<\/p>\n<\/div>\n\n\n\n<figure class=\"wp-block-image size-full\"><img loading=\"lazy\" decoding=\"async\" width=\"586\" height=\"241\" src=\"https:\/\/www.zoner.fi\/tuki\/wp-content\/uploads\/2024\/04\/image022-3.png\" alt=\"\" class=\"wp-image-131765\" srcset=\"https:\/\/www.zoner.fi\/tuki\/wp-content\/uploads\/2024\/04\/image022-3.png 586w, https:\/\/www.zoner.fi\/tuki\/wp-content\/uploads\/2024\/04\/image022-3-300x123.png 300w\" sizes=\"auto, (max-width: 586px) 100vw, 586px\" \/><\/figure>\n\n\n\n<p>Jos haluat p\u00e4ivitt\u00e4\u00e4 tietyn teeman, korvaa &#8212;<strong>all \u2013dry-run<\/strong> teeman nimell\u00e4 tai koodilla:&nbsp;<\/p>\n\n\n\n<figure class=\"wp-block-image size-full\"><img loading=\"lazy\" decoding=\"async\" width=\"802\" height=\"423\" src=\"https:\/\/www.zoner.fi\/tuki\/wp-content\/uploads\/2024\/04\/image024-1.png\" alt=\"\" class=\"wp-image-131766\" srcset=\"https:\/\/www.zoner.fi\/tuki\/wp-content\/uploads\/2024\/04\/image024-1.png 802w, https:\/\/www.zoner.fi\/tuki\/wp-content\/uploads\/2024\/04\/image024-1-300x158.png 300w, https:\/\/www.zoner.fi\/tuki\/wp-content\/uploads\/2024\/04\/image024-1-768x405.png 768w\" sizes=\"auto, (max-width: 802px) 100vw, 802px\" \/><\/figure>\n","protected":false},"excerpt":{"rendered":"<p>WordPress-kotisivujen toimivuuden ja turvallisuuden kannalta on t\u00e4rke\u00e4\u00e4 huolehtia siit\u00e4, ett\u00e4 WordPress-ytimen, -lis\u00e4osien ja -teemojen p\u00e4ivitykset ovat ajan tasalla. T\u00e4ss\u00e4 ohjeessa keromme, miten kotisivujen p\u00e4ivitys onnistuu niiden osalta WordPress-hallintapaneelissa tai WP-CLI: n kautta. WordPress-ytimen p\u00e4ivitt\u00e4minen:&nbsp; Jos k\u00e4yt\u00e4t WP.one-palvelua, p\u00e4\u00e4set WordPress-hallintapaneeliin helposti my\u00f6s WP.one-hallintapaneelisi kautta klikkaamalla WP Admin -painiketta:&nbsp;&nbsp; 2. Tarkista p\u00e4ivitykset: WordPress-hallintapaneelissa n\u00e4et yl\u00e4palkissa ilmoituksen, jos &#8230; <a title=\"WordPress-kotisivujen p\u00e4ivitys: ydin, teemat ja lis\u00e4osat\" class=\"read-more\" href=\"https:\/\/www.zoner.fi\/tuki\/wordpress\/wordpress-kotisivujen-paivitys-ydin-teemat-ja-lisaosat\/\" aria-label=\"Lue lis\u00e4\u00e4 aiheesta WordPress-kotisivujen p\u00e4ivitys: ydin, teemat ja lis\u00e4osat\">Lue lis\u00e4\u00e4<\/a><\/p>\n","protected":false},"author":18,"featured_media":0,"parent":740,"menu_order":0,"comment_status":"closed","ping_status":"closed","template":"","meta":{"_relevanssi_hide_post":"","_relevanssi_hide_content":"","_relevanssi_pin_for_all":"","_relevanssi_pin_keywords":"","_relevanssi_unpin_keywords":"","_relevanssi_related_keywords":"","_relevanssi_related_include_ids":"","_relevanssi_related_exclude_ids":"","_relevanssi_related_no_append":"","_relevanssi_related_not_related":"","_relevanssi_related_posts":"130935,130412,131550,130450,130440,130616","_relevanssi_noindex_reason":"","footnotes":""},"categories":[72],"tags":[100],"wf_page_folders":[],"class_list":{"0":"post-131744","1":"page","2":"type-page","3":"status-publish","5":"category-wordpress","6":"tag-wordpressin-perusohjeet"},"_links":{"self":[{"href":"https:\/\/www.zoner.fi\/tuki\/wp-json\/wp\/v2\/pages\/131744","targetHints":{"allow":["GET"]}}],"collection":[{"href":"https:\/\/www.zoner.fi\/tuki\/wp-json\/wp\/v2\/pages"}],"about":[{"href":"https:\/\/www.zoner.fi\/tuki\/wp-json\/wp\/v2\/types\/page"}],"author":[{"embeddable":true,"href":"https:\/\/www.zoner.fi\/tuki\/wp-json\/wp\/v2\/users\/18"}],"replies":[{"embeddable":true,"href":"https:\/\/www.zoner.fi\/tuki\/wp-json\/wp\/v2\/comments?post=131744"}],"version-history":[{"count":7,"href":"https:\/\/www.zoner.fi\/tuki\/wp-json\/wp\/v2\/pages\/131744\/revisions"}],"predecessor-version":[{"id":131881,"href":"https:\/\/www.zoner.fi\/tuki\/wp-json\/wp\/v2\/pages\/131744\/revisions\/131881"}],"up":[{"embeddable":true,"href":"https:\/\/www.zoner.fi\/tuki\/wp-json\/wp\/v2\/pages\/740"}],"wp:attachment":[{"href":"https:\/\/www.zoner.fi\/tuki\/wp-json\/wp\/v2\/media?parent=131744"}],"wp:term":[{"taxonomy":"category","embeddable":true,"href":"https:\/\/www.zoner.fi\/tuki\/wp-json\/wp\/v2\/categories?post=131744"},{"taxonomy":"post_tag","embeddable":true,"href":"https:\/\/www.zoner.fi\/tuki\/wp-json\/wp\/v2\/tags?post=131744"},{"taxonomy":"wf_page_folders","embeddable":true,"href":"https:\/\/www.zoner.fi\/tuki\/wp-json\/wp\/v2\/wf_page_folders?post=131744"}],"curies":[{"name":"wp","href":"https:\/\/api.w.org\/{rel}","templated":true}]}}