{"id":131820,"date":"2024-04-18T14:20:29","date_gmt":"2024-04-18T11:20:29","guid":{"rendered":"https:\/\/www.zoner.fi\/tuki\/?page_id=131820"},"modified":"2024-04-18T15:46:54","modified_gmt":"2024-04-18T12:46:54","slug":"miten-voin-lisata-kuvia-ja-videoita-wordpress-sivuilleni","status":"publish","type":"page","link":"https:\/\/www.zoner.fi\/tuki\/wordpress\/miten-voin-lisata-kuvia-ja-videoita-wordpress-sivuilleni\/","title":{"rendered":"Miten voin lis\u00e4t\u00e4 kuvia ja videoita WordPress-sivuilleni?"},"content":{"rendered":"\n<p>WordPress-mediakirjastossa voit hallita kaikkia sivustosi mediatiedostoja, kuten kuvia ja videoita. T\u00e4ss\u00e4 oppaassa n\u00e4yt\u00e4mme, miten voit lis\u00e4t\u00e4, muokata ja poistaa mediatiedostoja WordPress-mediakirjastossasi ja kuinka voit lis\u00e4t\u00e4 mediatiedostoja sivustollesi.&nbsp;<\/p>\n\n\n\n<div class=\"wp-block-group is-vertical is-layout-flex wp-container-core-group-is-layout-8cf370e7 wp-block-group-is-layout-flex\">\n<h2 class=\"gb-headline gb-headline-23e77546 gb-headline-text\">Mediatiedostojen lis\u00e4\u00e4minen mediakirjastoon&nbsp;<\/h2>\n\n\n\n<p><\/p>\n\n\n\n<h3 class=\"gb-headline gb-headline-db8e7aba gb-headline-text\">Vaihe 1: Kirjaudu sis\u00e4\u00e4n WordPress-hallintapaneeliisi\u00a0<\/h3>\n<\/div>\n\n\n\n<ul class=\"wp-block-list\">\n<li>Kirjaudu WordPress-hallintapaneeliisi. Jos k\u00e4yt\u00e4t WP.one-palvelua, voit kirjautua helposti osoitteessa app.wp.one klikkaamalla <strong>WP Admin<\/strong> -painiketta:&nbsp;<\/li>\n<\/ul>\n\n\n\n<figure class=\"wp-block-image size-large\"><img loading=\"lazy\" decoding=\"async\" width=\"1024\" height=\"476\" src=\"https:\/\/www.zoner.fi\/tuki\/wp-content\/uploads\/2024\/04\/image001-2-1024x476.png\" alt=\"\" class=\"wp-image-131841\" srcset=\"https:\/\/www.zoner.fi\/tuki\/wp-content\/uploads\/2024\/04\/image001-2-1024x476.png 1024w, https:\/\/www.zoner.fi\/tuki\/wp-content\/uploads\/2024\/04\/image001-2-300x139.png 300w, https:\/\/www.zoner.fi\/tuki\/wp-content\/uploads\/2024\/04\/image001-2-768x357.png 768w, https:\/\/www.zoner.fi\/tuki\/wp-content\/uploads\/2024\/04\/image001-2.png 1100w\" sizes=\"auto, (max-width: 1024px) 100vw, 1024px\" \/><\/figure>\n\n\n\n<ul class=\"wp-block-list\">\n<li>Voit kirjautua sis\u00e4\u00e4n my\u00f6s seuraavan osoitteen kautta, jos korvaat siihen oman verkkotunnuksesi ja sen verkkotunnusp\u00e4\u00e4tteen: <strong>verkkotunnus.com\/wp-admin<\/strong>&nbsp;<\/li>\n<\/ul>\n\n\n\n<div class=\"wp-block-group is-vertical is-layout-flex wp-container-core-group-is-layout-8cf370e7 wp-block-group-is-layout-flex\">\n<h3 class=\"gb-headline gb-headline-4e09ac44 gb-headline-text\">Vaihe 2: Siirry WordPress Media -kirjastoon:\u00a0<\/h3>\n\n\n\n<ul class=\"wp-block-list\">\n<li>P\u00e4\u00e4set mediakirjastoon klikkaamalla vasemmasta valikosta linkki\u00e4 <strong>Media<\/strong>.&nbsp;&nbsp;<\/li>\n<\/ul>\n<\/div>\n\n\n\n<figure class=\"wp-block-image size-large\"><img loading=\"lazy\" decoding=\"async\" width=\"1024\" height=\"294\" src=\"https:\/\/www.zoner.fi\/tuki\/wp-content\/uploads\/2024\/04\/image003-6-1024x294.png\" alt=\"\" class=\"wp-image-131843\" srcset=\"https:\/\/www.zoner.fi\/tuki\/wp-content\/uploads\/2024\/04\/image003-6-1024x294.png 1024w, https:\/\/www.zoner.fi\/tuki\/wp-content\/uploads\/2024\/04\/image003-6-300x86.png 300w, https:\/\/www.zoner.fi\/tuki\/wp-content\/uploads\/2024\/04\/image003-6-768x220.png 768w, https:\/\/www.zoner.fi\/tuki\/wp-content\/uploads\/2024\/04\/image003-6.png 1101w\" sizes=\"auto, (max-width: 1024px) 100vw, 1024px\" \/><\/figure>\n\n\n\n<div class=\"wp-block-group is-vertical is-layout-flex wp-container-core-group-is-layout-8cf370e7 wp-block-group-is-layout-flex\">\n<h3 class=\"gb-headline gb-headline-f0c83ab0 gb-headline-text\">Vaihe 3: Lis\u00e4\u00e4 uusi media\u00a0<\/h3>\n\n\n\n<ul class=\"wp-block-list\">\n<li>Lis\u00e4\u00e4 uusia mediatiedostoja napsauttamalla <strong>Lis\u00e4\u00e4 uusi mediatiedosto<\/strong>.&nbsp;&nbsp;<\/li>\n<\/ul>\n<\/div>\n\n\n\n<figure class=\"wp-block-image size-full\"><img loading=\"lazy\" decoding=\"async\" width=\"577\" height=\"267\" src=\"https:\/\/www.zoner.fi\/tuki\/wp-content\/uploads\/2024\/04\/image005-5.png\" alt=\"\" class=\"wp-image-131826\" srcset=\"https:\/\/www.zoner.fi\/tuki\/wp-content\/uploads\/2024\/04\/image005-5.png 577w, https:\/\/www.zoner.fi\/tuki\/wp-content\/uploads\/2024\/04\/image005-5-300x139.png 300w\" sizes=\"auto, (max-width: 577px) 100vw, 577px\" \/><\/figure>\n\n\n\n<div class=\"wp-block-group is-vertical is-layout-flex wp-container-core-group-is-layout-8cf370e7 wp-block-group-is-layout-flex\">\n<h3 class=\"gb-headline gb-headline-78b4ceea gb-headline-text\">Vaihe 4: Lataa media\u00a0<\/h3>\n\n\n\n<ul class=\"wp-block-list\">\n<li>Voit vet\u00e4\u00e4 ja pudottaa tiedostoja katkoviivalla ymp\u00e4r\u00f6ityyn laatikkoon tai klikata <strong>Valitse tiedostot<\/strong> -painiketta etsi\u00e4ksesi tiedostoja koneeltasi.&nbsp;&nbsp;<\/li>\n<\/ul>\n<\/div>\n\n\n\n<figure class=\"wp-block-image size-large\"><img loading=\"lazy\" decoding=\"async\" width=\"1024\" height=\"341\" src=\"https:\/\/www.zoner.fi\/tuki\/wp-content\/uploads\/2024\/04\/image007-6-1024x341.png\" alt=\"\" class=\"wp-image-131844\" srcset=\"https:\/\/www.zoner.fi\/tuki\/wp-content\/uploads\/2024\/04\/image007-6-1024x341.png 1024w, https:\/\/www.zoner.fi\/tuki\/wp-content\/uploads\/2024\/04\/image007-6-300x100.png 300w, https:\/\/www.zoner.fi\/tuki\/wp-content\/uploads\/2024\/04\/image007-6-768x256.png 768w, https:\/\/www.zoner.fi\/tuki\/wp-content\/uploads\/2024\/04\/image007-6.png 1134w\" sizes=\"auto, (max-width: 1024px) 100vw, 1024px\" \/><\/figure>\n\n\n\n<ul class=\"wp-block-list\">\n<li>WordPress lataa valitsemasi tiedostot mediakirjastoosi. Voit halutessasi lis\u00e4t\u00e4 mediatiedostoihin otsikoita, vaihtoehtoisia kuvauksia ja kuvatekstej\u00e4.&nbsp;&nbsp;<\/li>\n<\/ul>\n\n\n\n<figure class=\"wp-block-image size-large\"><img loading=\"lazy\" decoding=\"async\" width=\"1024\" height=\"275\" src=\"https:\/\/www.zoner.fi\/tuki\/wp-content\/uploads\/2024\/04\/image009-4-1024x275.png\" alt=\"\" class=\"wp-image-131845\" srcset=\"https:\/\/www.zoner.fi\/tuki\/wp-content\/uploads\/2024\/04\/image009-4-1024x275.png 1024w, https:\/\/www.zoner.fi\/tuki\/wp-content\/uploads\/2024\/04\/image009-4-300x81.png 300w, https:\/\/www.zoner.fi\/tuki\/wp-content\/uploads\/2024\/04\/image009-4-768x206.png 768w, https:\/\/www.zoner.fi\/tuki\/wp-content\/uploads\/2024\/04\/image009-4.png 1099w\" sizes=\"auto, (max-width: 1024px) 100vw, 1024px\" \/><\/figure>\n\n\n\n<figure class=\"wp-block-image size-large\"><img loading=\"lazy\" decoding=\"async\" width=\"1024\" height=\"476\" src=\"https:\/\/www.zoner.fi\/tuki\/wp-content\/uploads\/2024\/04\/image011-4-1024x476.png\" alt=\"\" class=\"wp-image-131846\" srcset=\"https:\/\/www.zoner.fi\/tuki\/wp-content\/uploads\/2024\/04\/image011-4-1024x476.png 1024w, https:\/\/www.zoner.fi\/tuki\/wp-content\/uploads\/2024\/04\/image011-4-300x139.png 300w, https:\/\/www.zoner.fi\/tuki\/wp-content\/uploads\/2024\/04\/image011-4-768x357.png 768w, https:\/\/www.zoner.fi\/tuki\/wp-content\/uploads\/2024\/04\/image011-4.png 1100w\" sizes=\"auto, (max-width: 1024px) 100vw, 1024px\" \/><\/figure>\n\n\n\n<div class=\"wp-block-group is-vertical is-layout-flex wp-container-core-group-is-layout-8cf370e7 wp-block-group-is-layout-flex\">\n<h2 class=\"gb-headline gb-headline-e81ab68c gb-headline-text\">Mediatiedoston lis\u00e4\u00e4minen WordPress-sivulle&nbsp;<\/h2>\n\n\n\n<ul class=\"wp-block-list\">\n<li>Jos haluat lis\u00e4t\u00e4 mediatiedostoja artikkeliin tai sivulle, avaa se ensin muokkaustilassa ja klikkaa sitten (+)-painiketta lis\u00e4t\u00e4ksesi uuden lohkon.&nbsp;&nbsp;<\/li>\n<\/ul>\n<\/div>\n\n\n\n<figure class=\"wp-block-image size-large\"><img loading=\"lazy\" decoding=\"async\" width=\"1024\" height=\"145\" src=\"https:\/\/www.zoner.fi\/tuki\/wp-content\/uploads\/2024\/04\/image013-5-1024x145.png\" alt=\"\" class=\"wp-image-131847\" srcset=\"https:\/\/www.zoner.fi\/tuki\/wp-content\/uploads\/2024\/04\/image013-5-1024x145.png 1024w, https:\/\/www.zoner.fi\/tuki\/wp-content\/uploads\/2024\/04\/image013-5-300x43.png 300w, https:\/\/www.zoner.fi\/tuki\/wp-content\/uploads\/2024\/04\/image013-5-768x109.png 768w, https:\/\/www.zoner.fi\/tuki\/wp-content\/uploads\/2024\/04\/image013-5.png 1101w\" sizes=\"auto, (max-width: 1024px) 100vw, 1024px\" \/><\/figure>\n\n\n\n<ul class=\"wp-block-list\">\n<li>Valitse lohkovalikosta &#8221;Kuva&#8221; tai &#8221;Media ja teksti&#8221; ja valitse sitten haluamasi tiedosto mediakirjastosta.&nbsp;&nbsp;<\/li>\n<\/ul>\n\n\n\n<figure class=\"wp-block-image size-large\"><img loading=\"lazy\" decoding=\"async\" width=\"1024\" height=\"399\" src=\"https:\/\/www.zoner.fi\/tuki\/wp-content\/uploads\/2024\/04\/image015-4-1024x399.png\" alt=\"\" class=\"wp-image-131848\" srcset=\"https:\/\/www.zoner.fi\/tuki\/wp-content\/uploads\/2024\/04\/image015-4-1024x399.png 1024w, https:\/\/www.zoner.fi\/tuki\/wp-content\/uploads\/2024\/04\/image015-4-300x117.png 300w, https:\/\/www.zoner.fi\/tuki\/wp-content\/uploads\/2024\/04\/image015-4-768x300.png 768w, https:\/\/www.zoner.fi\/tuki\/wp-content\/uploads\/2024\/04\/image015-4.png 1100w\" sizes=\"auto, (max-width: 1024px) 100vw, 1024px\" \/><\/figure>\n\n\n\n<figure class=\"wp-block-image size-large\"><img loading=\"lazy\" decoding=\"async\" width=\"1024\" height=\"476\" src=\"https:\/\/www.zoner.fi\/tuki\/wp-content\/uploads\/2024\/04\/image017-2-1024x476.png\" alt=\"\" class=\"wp-image-131832\" srcset=\"https:\/\/www.zoner.fi\/tuki\/wp-content\/uploads\/2024\/04\/image017-2-1024x476.png 1024w, https:\/\/www.zoner.fi\/tuki\/wp-content\/uploads\/2024\/04\/image017-2-300x139.png 300w, https:\/\/www.zoner.fi\/tuki\/wp-content\/uploads\/2024\/04\/image017-2-768x357.png 768w, https:\/\/www.zoner.fi\/tuki\/wp-content\/uploads\/2024\/04\/image017-2.png 1100w\" sizes=\"auto, (max-width: 1024px) 100vw, 1024px\" \/><\/figure>\n\n\n\n<div class=\"wp-block-group is-vertical is-layout-flex wp-container-core-group-is-layout-8cf370e7 wp-block-group-is-layout-flex\">\n<h2 class=\"gb-headline gb-headline-cc48f3fb gb-headline-text\">Mediatiedostojen muokkaaminen&nbsp;<\/h2>\n\n\n\n<div class=\"wp-block-group is-vertical is-layout-flex wp-container-core-group-is-layout-8cf370e7 wp-block-group-is-layout-flex\">\n<p><\/p>\n\n\n\n<h3 class=\"gb-headline gb-headline-633b8a05 gb-headline-text\">Vaihe 1: Avaa mediakirjasto\u00a0<\/h3>\n\n\n\n<ul class=\"wp-block-list\">\n<li>Avaa mediakirjasto WordPress-hallintapaneelissasi.&nbsp;<\/li>\n<\/ul>\n<\/div>\n<\/div>\n\n\n\n<div class=\"wp-block-group is-vertical is-layout-flex wp-container-core-group-is-layout-8cf370e7 wp-block-group-is-layout-flex\">\n<h3 class=\"gb-headline gb-headline-d24a0907 gb-headline-text\">Vaihe 2: Valitse mediatiedosto\u00a0<\/h3>\n\n\n\n<ul class=\"wp-block-list\">\n<li>Klikkaa tiedostoa, jota haluat muokata.&nbsp;<\/li>\n<\/ul>\n<\/div>\n\n\n\n<figure class=\"wp-block-image size-full\"><img loading=\"lazy\" decoding=\"async\" width=\"641\" height=\"320\" src=\"https:\/\/www.zoner.fi\/tuki\/wp-content\/uploads\/2024\/04\/image019-2.png\" alt=\"\" class=\"wp-image-131833\" srcset=\"https:\/\/www.zoner.fi\/tuki\/wp-content\/uploads\/2024\/04\/image019-2.png 641w, https:\/\/www.zoner.fi\/tuki\/wp-content\/uploads\/2024\/04\/image019-2-300x150.png 300w\" sizes=\"auto, (max-width: 641px) 100vw, 641px\" \/><\/figure>\n\n\n\n<figure class=\"wp-block-image size-large\"><img loading=\"lazy\" decoding=\"async\" width=\"1024\" height=\"476\" src=\"https:\/\/www.zoner.fi\/tuki\/wp-content\/uploads\/2024\/04\/image021-2-1024x476.png\" alt=\"\" class=\"wp-image-131834\" srcset=\"https:\/\/www.zoner.fi\/tuki\/wp-content\/uploads\/2024\/04\/image021-2-1024x476.png 1024w, https:\/\/www.zoner.fi\/tuki\/wp-content\/uploads\/2024\/04\/image021-2-300x139.png 300w, https:\/\/www.zoner.fi\/tuki\/wp-content\/uploads\/2024\/04\/image021-2-768x357.png 768w, https:\/\/www.zoner.fi\/tuki\/wp-content\/uploads\/2024\/04\/image021-2.png 1100w\" sizes=\"auto, (max-width: 1024px) 100vw, 1024px\" \/><\/figure>\n\n\n\n<div class=\"wp-block-group is-vertical is-layout-flex wp-container-core-group-is-layout-8cf370e7 wp-block-group-is-layout-flex\">\n<h3 class=\"gb-headline gb-headline-1ad97c89 gb-headline-text\">Vaihe 3: Muokkaa kuvaa tai sen tietoja\u00a0<\/h3>\n\n\n\n<ul class=\"wp-block-list\">\n<li>Kuvan oikealla puolella olevissa kentiss\u00e4 voit muuttaa sen otsikkoa, kuvateksti\u00e4, vaihtoehtoista teksti\u00e4 ja kuvausta.&nbsp;<\/li>\n<\/ul>\n<\/div>\n\n\n\n<figure class=\"wp-block-image size-large\"><img loading=\"lazy\" decoding=\"async\" width=\"1024\" height=\"476\" src=\"https:\/\/www.zoner.fi\/tuki\/wp-content\/uploads\/2024\/04\/image023-1-1024x476.png\" alt=\"\" class=\"wp-image-131835\" srcset=\"https:\/\/www.zoner.fi\/tuki\/wp-content\/uploads\/2024\/04\/image023-1-1024x476.png 1024w, https:\/\/www.zoner.fi\/tuki\/wp-content\/uploads\/2024\/04\/image023-1-300x139.png 300w, https:\/\/www.zoner.fi\/tuki\/wp-content\/uploads\/2024\/04\/image023-1-768x357.png 768w, https:\/\/www.zoner.fi\/tuki\/wp-content\/uploads\/2024\/04\/image023-1.png 1100w\" sizes=\"auto, (max-width: 1024px) 100vw, 1024px\" \/><\/figure>\n\n\n\n<ul class=\"wp-block-list\">\n<li>Voit my\u00f6s k\u00e4\u00e4nt\u00e4\u00e4 kuvaa tai pienent\u00e4\u00e4 sit\u00e4 painamalla kuvan alla olevaa <strong>Muokkaa kuvaa <\/strong>(Edit image) -painiketta. Jos muokkaat kuvaa, muista lopuksi tallentaa muutokset painamalla <strong>Tallenna muokkaukset<\/strong> (Save Edits) -painiketta.&nbsp;<\/li>\n<\/ul>\n\n\n\n<figure class=\"wp-block-image size-full\"><img loading=\"lazy\" decoding=\"async\" width=\"805\" height=\"435\" src=\"https:\/\/www.zoner.fi\/tuki\/wp-content\/uploads\/2024\/04\/image025-1.png\" alt=\"\" class=\"wp-image-131836\" srcset=\"https:\/\/www.zoner.fi\/tuki\/wp-content\/uploads\/2024\/04\/image025-1.png 805w, https:\/\/www.zoner.fi\/tuki\/wp-content\/uploads\/2024\/04\/image025-1-300x162.png 300w, https:\/\/www.zoner.fi\/tuki\/wp-content\/uploads\/2024\/04\/image025-1-768x415.png 768w\" sizes=\"auto, (max-width: 805px) 100vw, 805px\" \/><\/figure>\n\n\n\n<div class=\"wp-block-group is-vertical is-layout-flex wp-container-core-group-is-layout-8cf370e7 wp-block-group-is-layout-flex\">\n<h2 class=\"gb-headline gb-headline-8b0e5fb8 gb-headline-text\">Mediatiedostojen poistaminen&nbsp;<\/h2>\n\n\n\n<div class=\"wp-block-group is-vertical is-layout-flex wp-container-core-group-is-layout-8cf370e7 wp-block-group-is-layout-flex\">\n<p><\/p>\n\n\n\n<h3 class=\"gb-headline gb-headline-5b07ea0b gb-headline-text\">Vaihe 1: Avaa mediakirjasto\u00a0<\/h3>\n\n\n\n<ul class=\"wp-block-list\">\n<li>Mene WordPress Media -kirjastoon.&nbsp;<\/li>\n<\/ul>\n<\/div>\n<\/div>\n\n\n\n<div class=\"wp-block-group is-vertical is-layout-flex wp-container-core-group-is-layout-8cf370e7 wp-block-group-is-layout-flex\">\n<h3 class=\"gb-headline gb-headline-d8b33077 gb-headline-text\">Vaihe 2: Valitse poistettava media\u00a0<\/h3>\n\n\n\n<ul class=\"wp-block-list\">\n<li>Napsauta sit\u00e4 mediatiedostoa, jonka haluat poistaa.&nbsp;&nbsp;<\/li>\n<\/ul>\n<\/div>\n\n\n\n<figure class=\"wp-block-image size-full\"><img loading=\"lazy\" decoding=\"async\" width=\"805\" height=\"435\" src=\"https:\/\/www.zoner.fi\/tuki\/wp-content\/uploads\/2024\/04\/image025-2.png\" alt=\"\" class=\"wp-image-131838\" srcset=\"https:\/\/www.zoner.fi\/tuki\/wp-content\/uploads\/2024\/04\/image025-2.png 805w, https:\/\/www.zoner.fi\/tuki\/wp-content\/uploads\/2024\/04\/image025-2-300x162.png 300w, https:\/\/www.zoner.fi\/tuki\/wp-content\/uploads\/2024\/04\/image025-2-768x415.png 768w\" sizes=\"auto, (max-width: 805px) 100vw, 805px\" \/><\/figure>\n\n\n\n<div class=\"wp-block-group is-vertical is-layout-flex wp-container-core-group-is-layout-8cf370e7 wp-block-group-is-layout-flex\">\n<h3 class=\"gb-headline gb-headline-ae40f89c gb-headline-text\">Vaihe 3: Poista mediatiedosto\u00a0<\/h3>\n\n\n\n<ul class=\"wp-block-list\">\n<li>Napsauta <strong>Poista pysyv\u00e4sti <\/strong>(Delete permanently) -linkki\u00e4, joka l\u00f6ytyy kuvan oikealla puolella olevan laatikon alareunasta.&nbsp;<\/li>\n<\/ul>\n<\/div>\n\n\n\n<figure class=\"wp-block-image size-large\"><img loading=\"lazy\" decoding=\"async\" width=\"1024\" height=\"646\" src=\"https:\/\/www.zoner.fi\/tuki\/wp-content\/uploads\/2024\/04\/image027-1024x646.png\" alt=\"\" class=\"wp-image-131837\" srcset=\"https:\/\/www.zoner.fi\/tuki\/wp-content\/uploads\/2024\/04\/image027-1024x646.png 1024w, https:\/\/www.zoner.fi\/tuki\/wp-content\/uploads\/2024\/04\/image027-300x189.png 300w, https:\/\/www.zoner.fi\/tuki\/wp-content\/uploads\/2024\/04\/image027-768x484.png 768w, https:\/\/www.zoner.fi\/tuki\/wp-content\/uploads\/2024\/04\/image027.png 1181w\" sizes=\"auto, (max-width: 1024px) 100vw, 1024px\" \/><\/figure>\n\n\n\n<div class=\"wp-block-group is-vertical is-layout-flex wp-container-core-group-is-layout-8cf370e7 wp-block-group-is-layout-flex\">\n<h3 class=\"gb-headline gb-headline-835a0966 gb-headline-text\">Vaihe 4: Vahvista poisto\u00a0<\/h3>\n\n\n\n<ul class=\"wp-block-list\">\n<li>Ponnahdusikkuna kysyy, oletko varma, ett\u00e4 haluat poistaa kohteen pysyv\u00e4sti. Napsauta &#8221;OK&#8221;.&nbsp;<\/li>\n<\/ul>\n<\/div>\n","protected":false},"excerpt":{"rendered":"<p>WordPress-mediakirjastossa voit hallita kaikkia sivustosi mediatiedostoja, kuten kuvia ja videoita. T\u00e4ss\u00e4 oppaassa n\u00e4yt\u00e4mme, miten voit lis\u00e4t\u00e4, muokata ja poistaa mediatiedostoja WordPress-mediakirjastossasi ja kuinka voit lis\u00e4t\u00e4 mediatiedostoja sivustollesi.&nbsp; Mediatiedostojen lis\u00e4\u00e4minen mediakirjastoon&nbsp; Vaihe 1: Kirjaudu sis\u00e4\u00e4n WordPress-hallintapaneeliisi\u00a0 Vaihe 2: Siirry WordPress Media -kirjastoon:\u00a0 Vaihe 3: Lis\u00e4\u00e4 uusi media\u00a0 Vaihe 4: Lataa media\u00a0 Mediatiedoston lis\u00e4\u00e4minen WordPress-sivulle&nbsp; Mediatiedostojen muokkaaminen&nbsp; &#8230; <a title=\"Miten voin lis\u00e4t\u00e4 kuvia ja videoita WordPress-sivuilleni?\" class=\"read-more\" href=\"https:\/\/www.zoner.fi\/tuki\/wordpress\/miten-voin-lisata-kuvia-ja-videoita-wordpress-sivuilleni\/\" aria-label=\"Lue lis\u00e4\u00e4 aiheesta Miten voin lis\u00e4t\u00e4 kuvia ja videoita WordPress-sivuilleni?\">Lue lis\u00e4\u00e4<\/a><\/p>\n","protected":false},"author":18,"featured_media":0,"parent":740,"menu_order":0,"comment_status":"closed","ping_status":"closed","template":"","meta":{"_relevanssi_hide_post":"","_relevanssi_hide_content":"","_relevanssi_pin_for_all":"","_relevanssi_pin_keywords":"","_relevanssi_unpin_keywords":"","_relevanssi_related_keywords":"","_relevanssi_related_include_ids":"","_relevanssi_related_exclude_ids":"","_relevanssi_related_no_append":"","_relevanssi_related_not_related":"","_relevanssi_related_posts":"130813,130412,130455,130397,130498,130641","_relevanssi_noindex_reason":"","footnotes":""},"categories":[72],"tags":[101],"wf_page_folders":[],"class_list":{"0":"post-131820","1":"page","2":"type-page","3":"status-publish","5":"category-wordpress","6":"tag-wordpressin-ulkoasu"},"_links":{"self":[{"href":"https:\/\/www.zoner.fi\/tuki\/wp-json\/wp\/v2\/pages\/131820","targetHints":{"allow":["GET"]}}],"collection":[{"href":"https:\/\/www.zoner.fi\/tuki\/wp-json\/wp\/v2\/pages"}],"about":[{"href":"https:\/\/www.zoner.fi\/tuki\/wp-json\/wp\/v2\/types\/page"}],"author":[{"embeddable":true,"href":"https:\/\/www.zoner.fi\/tuki\/wp-json\/wp\/v2\/users\/18"}],"replies":[{"embeddable":true,"href":"https:\/\/www.zoner.fi\/tuki\/wp-json\/wp\/v2\/comments?post=131820"}],"version-history":[{"count":7,"href":"https:\/\/www.zoner.fi\/tuki\/wp-json\/wp\/v2\/pages\/131820\/revisions"}],"predecessor-version":[{"id":131875,"href":"https:\/\/www.zoner.fi\/tuki\/wp-json\/wp\/v2\/pages\/131820\/revisions\/131875"}],"up":[{"embeddable":true,"href":"https:\/\/www.zoner.fi\/tuki\/wp-json\/wp\/v2\/pages\/740"}],"wp:attachment":[{"href":"https:\/\/www.zoner.fi\/tuki\/wp-json\/wp\/v2\/media?parent=131820"}],"wp:term":[{"taxonomy":"category","embeddable":true,"href":"https:\/\/www.zoner.fi\/tuki\/wp-json\/wp\/v2\/categories?post=131820"},{"taxonomy":"post_tag","embeddable":true,"href":"https:\/\/www.zoner.fi\/tuki\/wp-json\/wp\/v2\/tags?post=131820"},{"taxonomy":"wf_page_folders","embeddable":true,"href":"https:\/\/www.zoner.fi\/tuki\/wp-json\/wp\/v2\/wf_page_folders?post=131820"}],"curies":[{"name":"wp","href":"https:\/\/api.w.org\/{rel}","templated":true}]}}