{"id":131908,"date":"2024-05-06T15:26:58","date_gmt":"2024-05-06T12:26:58","guid":{"rendered":"https:\/\/www.zoner.fi\/tuki\/?page_id=131908"},"modified":"2025-09-17T10:57:48","modified_gmt":"2025-09-17T07:57:48","slug":"miten-luon-uudelleenohjauksen-zoner-home","status":"publish","type":"page","link":"https:\/\/www.zoner.fi\/tuki\/zoner-home\/miten-luon-uudelleenohjauksen-zoner-home\/","title":{"rendered":"Miten luon uudelleenohjauksen Zoner Home -hallintapaneelissa"},"content":{"rendered":"\n<p>T\u00e4m\u00e4 ohje on tarkoitettu <a href=\"https:\/\/home.zoner.fi\/\" target=\"_blank\" rel=\"noopener\">Zoner Home<\/a> -palvelussa oleville verkkotunnuksille, joille halutaan tehd\u00e4 uudelleenohjaus (http-ohjaus).<\/p>\n\n\n\n<p>Ohjeen avulla voit tehd\u00e4 suoran ohjauksen, jossa <a href=\"https:\/\/www.zoner.fi\/verkkotunnus\/\" data-type=\"link\" data-id=\"https:\/\/www.zoner.fi\/verkkotunnus\/\">verkkotunnus<\/a> ohjaa liikenteen toiseen verkkotunnukseen (tiettyyn osoitteeseen) esim. ekadomain.fi -> tokadomain.fi.<\/p>\n\n\n\n<p>1. Kirjaudu Zoner Homeen.<br>2. Klikkaa etusivulta painiketta <strong>Verkkotunnukset<\/strong>.<\/p>\n\n\n\n<figure class=\"wp-block-image size-large\"><img loading=\"lazy\" decoding=\"async\" width=\"1024\" height=\"419\" src=\"https:\/\/www.zoner.fi\/tuki\/wp-content\/uploads\/2024\/05\/zoner010-1-1024x419.jpg\" alt=\"\" class=\"wp-image-131985\" srcset=\"https:\/\/www.zoner.fi\/tuki\/wp-content\/uploads\/2024\/05\/zoner010-1-1024x419.jpg 1024w, https:\/\/www.zoner.fi\/tuki\/wp-content\/uploads\/2024\/05\/zoner010-1-300x123.jpg 300w, https:\/\/www.zoner.fi\/tuki\/wp-content\/uploads\/2024\/05\/zoner010-1-768x314.jpg 768w, https:\/\/www.zoner.fi\/tuki\/wp-content\/uploads\/2024\/05\/zoner010-1-1536x629.jpg 1536w, https:\/\/www.zoner.fi\/tuki\/wp-content\/uploads\/2024\/05\/zoner010-1.jpg 1637w\" sizes=\"auto, (max-width: 1024px) 100vw, 1024px\" \/><\/figure>\n\n\n\n<p>3. Paina verkkotunnuksen oikealta puolelta l\u00f6ytyv\u00e4\u00e4 nuolta.<\/p>\n\n\n\n<figure class=\"wp-block-image size-large\"><img loading=\"lazy\" decoding=\"async\" width=\"1024\" height=\"296\" src=\"https:\/\/www.zoner.fi\/tuki\/wp-content\/uploads\/2024\/05\/zoner012-1024x296.jpg\" alt=\"\" class=\"wp-image-131957\" srcset=\"https:\/\/www.zoner.fi\/tuki\/wp-content\/uploads\/2024\/05\/zoner012-1024x296.jpg 1024w, https:\/\/www.zoner.fi\/tuki\/wp-content\/uploads\/2024\/05\/zoner012-300x87.jpg 300w, https:\/\/www.zoner.fi\/tuki\/wp-content\/uploads\/2024\/05\/zoner012-768x222.jpg 768w, https:\/\/www.zoner.fi\/tuki\/wp-content\/uploads\/2024\/05\/zoner012.jpg 1502w\" sizes=\"auto, (max-width: 1024px) 100vw, 1024px\" \/><\/figure>\n\n\n\n<p>4. Painamalla sivun vasemmalla puolella olevasta valikosta kohtaa<strong> Verkkotunnuksen uudelleenohjaus <\/strong>p\u00e4\u00e4set m\u00e4\u00e4ritt\u00e4m\u00e4\u00e4n uudelleenohjauksen.<br><br>Kohdeosoite kannattaa kopioida suoraan selaimen osoitepalkista.<\/p>\n\n\n\n<figure class=\"wp-block-image size-large\"><img loading=\"lazy\" decoding=\"async\" width=\"1024\" height=\"547\" src=\"https:\/\/www.zoner.fi\/tuki\/wp-content\/uploads\/2024\/05\/zoner030-1024x547.jpg\" alt=\"\" class=\"wp-image-132021\" srcset=\"https:\/\/www.zoner.fi\/tuki\/wp-content\/uploads\/2024\/05\/zoner030-1024x547.jpg 1024w, https:\/\/www.zoner.fi\/tuki\/wp-content\/uploads\/2024\/05\/zoner030-300x160.jpg 300w, https:\/\/www.zoner.fi\/tuki\/wp-content\/uploads\/2024\/05\/zoner030-768x411.jpg 768w, https:\/\/www.zoner.fi\/tuki\/wp-content\/uploads\/2024\/05\/zoner030.jpg 1461w\" sizes=\"auto, (max-width: 1024px) 100vw, 1024px\" \/><\/figure>\n\n\n\n<h2 class=\"wp-block-heading\">Uudelleenohjauksien erot<\/h2>\n\n\n\n<p><strong>Useimmat hakukoneoptimoijat suosittelevat k\u00e4ytt\u00e4m\u00e4\u00e4n sivujen uudelleenohjauksissa ensisijaisesti pysyv\u00e4\u00e4 301 uudelleenohjausta.<\/strong><\/p>\n\n\n\n<p>Vaikka kaikki uudelleenohjaukset n\u00e4ytt\u00e4v\u00e4t silm\u00e4m\u00e4\u00e4r\u00e4isesti toimivan samalla tavalla, sis\u00e4lt\u00e4v\u00e4t ne tarkoitusperilt\u00e4\u00e4n suuria eroavaisuuksia. V\u00e4\u00e4r\u00e4n uudelleenohjauksen valinnalla voi olla merkityst\u00e4 jopa sivujen hakukonen\u00e4kyvyyden kannalta.<\/p>\n\n\n\n<p>T\u00e4ss\u00e4 tietoa yleisimmist\u00e4 ohjaustavoista:<\/p>\n\n\n\n<p><strong>301 Uudelleenohjaus \u2013 pysyv\u00e4<br><\/strong>301 uudelleenohjausta k\u00e4ytet\u00e4\u00e4n l\u00e4ht\u00f6kohtaisesti silloin, kun sivustolta poistetaan jokin osoite pysyv\u00e4sti k\u00e4yt\u00f6st\u00e4 ja sinne kohdistuva liikenne halutaan ohjata johonkin toiseen osoitteeseen. T\u00e4h\u00e4n viittaa my\u00f6s sen virallinen status code 301 Moved Permanently.<\/p>\n\n\n\n<p><strong>302 Uudelleenohjaus \u2013 v\u00e4liaikainen<br><\/strong>302, eli v\u00e4liaikainen uudelleenohjaus eroaa pysyv\u00e4st\u00e4 uudelleenohjauksesta periaatteeltaan. My\u00f6s se ohjaa k\u00e4vij\u00e4n m\u00e4\u00e4ritetylle uudelle osoitteelle, mutta se samalla informoi hakukoneita siit\u00e4, ettei muutoksen ole tarkoitus olla pysyv\u00e4.<\/p>\n\n\n\n<p>K\u00e4yt\u00e4nn\u00f6ss\u00e4 se tarkoittaa, ettei esimerkiksi Google pyri siirt\u00e4m\u00e4\u00e4n uudelleenohjattavan sivun hakukonen\u00e4kyvyytt\u00e4 uudelle sivulle, kuten pysyv\u00e4n uudelleenohjauksen yhteydess\u00e4 tapahtuisi.<br><br>Lis\u00e4tietoa muista URL redirection -ohjauksista:\u00a0<a href=\"https:\/\/en.wikipedia.org\/wiki\/URL_redirection\" target=\"_blank\" rel=\"noreferrer noopener\">https:\/\/en.wikipedia.org\/wiki\/URL_redirection<\/a><\/p>\n","protected":false},"excerpt":{"rendered":"<p>T\u00e4m\u00e4 ohje on tarkoitettu Zoner Home -palvelussa oleville verkkotunnuksille, joille halutaan tehd\u00e4 uudelleenohjaus (http-ohjaus). Ohjeen avulla voit tehd\u00e4 suoran ohjauksen, jossa verkkotunnus ohjaa liikenteen toiseen verkkotunnukseen (tiettyyn osoitteeseen) esim. ekadomain.fi -> tokadomain.fi. 1. Kirjaudu Zoner Homeen.2. Klikkaa etusivulta painiketta Verkkotunnukset. 3. Paina verkkotunnuksen oikealta puolelta l\u00f6ytyv\u00e4\u00e4 nuolta. 4. Painamalla sivun vasemmalla puolella olevasta valikosta kohtaa &#8230; <a title=\"Miten luon uudelleenohjauksen Zoner Home -hallintapaneelissa\" class=\"read-more\" href=\"https:\/\/www.zoner.fi\/tuki\/zoner-home\/miten-luon-uudelleenohjauksen-zoner-home\/\" aria-label=\"Lue lis\u00e4\u00e4 aiheesta Miten luon uudelleenohjauksen Zoner Home -hallintapaneelissa\">Lue lis\u00e4\u00e4<\/a><\/p>\n","protected":false},"author":20,"featured_media":0,"parent":131930,"menu_order":0,"comment_status":"closed","ping_status":"closed","template":"","meta":{"_relevanssi_hide_post":"","_relevanssi_hide_content":"","_relevanssi_pin_for_all":"","_relevanssi_pin_keywords":"","_relevanssi_unpin_keywords":"","_relevanssi_related_keywords":"","_relevanssi_related_include_ids":"","_relevanssi_related_exclude_ids":"","_relevanssi_related_no_append":"","_relevanssi_related_not_related":"","_relevanssi_related_posts":"130935,130397,130657,131384,131892,130515","_relevanssi_noindex_reason":"","footnotes":""},"categories":[210],"tags":[158],"wf_page_folders":[],"class_list":{"0":"post-131908","1":"page","2":"type-page","3":"status-publish","5":"category-zoner-home-verkkotunnus","6":"tag-yleiset"},"_links":{"self":[{"href":"https:\/\/www.zoner.fi\/tuki\/wp-json\/wp\/v2\/pages\/131908","targetHints":{"allow":["GET"]}}],"collection":[{"href":"https:\/\/www.zoner.fi\/tuki\/wp-json\/wp\/v2\/pages"}],"about":[{"href":"https:\/\/www.zoner.fi\/tuki\/wp-json\/wp\/v2\/types\/page"}],"author":[{"embeddable":true,"href":"https:\/\/www.zoner.fi\/tuki\/wp-json\/wp\/v2\/users\/20"}],"replies":[{"embeddable":true,"href":"https:\/\/www.zoner.fi\/tuki\/wp-json\/wp\/v2\/comments?post=131908"}],"version-history":[{"count":6,"href":"https:\/\/www.zoner.fi\/tuki\/wp-json\/wp\/v2\/pages\/131908\/revisions"}],"predecessor-version":[{"id":137926,"href":"https:\/\/www.zoner.fi\/tuki\/wp-json\/wp\/v2\/pages\/131908\/revisions\/137926"}],"up":[{"embeddable":true,"href":"https:\/\/www.zoner.fi\/tuki\/wp-json\/wp\/v2\/pages\/131930"}],"wp:attachment":[{"href":"https:\/\/www.zoner.fi\/tuki\/wp-json\/wp\/v2\/media?parent=131908"}],"wp:term":[{"taxonomy":"category","embeddable":true,"href":"https:\/\/www.zoner.fi\/tuki\/wp-json\/wp\/v2\/categories?post=131908"},{"taxonomy":"post_tag","embeddable":true,"href":"https:\/\/www.zoner.fi\/tuki\/wp-json\/wp\/v2\/tags?post=131908"},{"taxonomy":"wf_page_folders","embeddable":true,"href":"https:\/\/www.zoner.fi\/tuki\/wp-json\/wp\/v2\/wf_page_folders?post=131908"}],"curies":[{"name":"wp","href":"https:\/\/api.w.org\/{rel}","templated":true}]}}