{"id":131917,"date":"2024-05-06T15:29:37","date_gmt":"2024-05-06T12:29:37","guid":{"rendered":"https:\/\/www.zoner.fi\/tuki\/?page_id=131917"},"modified":"2025-09-17T09:59:55","modified_gmt":"2025-09-17T06:59:55","slug":"miten-paivitan-yhteystietoni","status":"publish","type":"page","link":"https:\/\/www.zoner.fi\/tuki\/zoner-home\/miten-paivitan-yhteystietoni\/","title":{"rendered":"Miten p\u00e4ivit\u00e4n yhteystietoni"},"content":{"rendered":"\n<p>T\u00e4ss\u00e4 ohjeessa kerromme, miten voit p\u00e4ivitt\u00e4\u00e4 k\u00e4ytt\u00e4j\u00e4tilisi tietoja.<\/p>\n\n\n\n<p>1. Kirjaudu Zoner Homeen.<br>2. Klikkaa etusivulta painiketta <strong>Minun tilini<\/strong>.<\/p>\n\n\n\n<figure class=\"wp-block-image size-large\"><img loading=\"lazy\" decoding=\"async\" width=\"1024\" height=\"249\" src=\"https:\/\/www.zoner.fi\/tuki\/wp-content\/uploads\/2024\/11\/zoner111-1024x249.jpg\" alt=\"\" class=\"wp-image-134749\" srcset=\"https:\/\/www.zoner.fi\/tuki\/wp-content\/uploads\/2024\/11\/zoner111-1024x249.jpg 1024w, https:\/\/www.zoner.fi\/tuki\/wp-content\/uploads\/2024\/11\/zoner111-300x73.jpg 300w, https:\/\/www.zoner.fi\/tuki\/wp-content\/uploads\/2024\/11\/zoner111-768x187.jpg 768w, https:\/\/www.zoner.fi\/tuki\/wp-content\/uploads\/2024\/11\/zoner111.jpg 1469w\" sizes=\"auto, (max-width: 1024px) 100vw, 1024px\" \/><\/figure>\n\n\n\n<p>2. T\u00e4lt\u00e4 sivulta l\u00f6yd\u00e4t kohdat <strong>Yhteystiedot <\/strong>ja <strong>Asiakkaan tiedot<\/strong>, joita voit muokata napsauttamalla halutun kohdan <strong>Muokkaa<\/strong>-painiketta.<\/p>\n\n\n\n<figure class=\"wp-block-image size-large\"><img loading=\"lazy\" decoding=\"async\" width=\"1024\" height=\"579\" src=\"https:\/\/www.zoner.fi\/tuki\/wp-content\/uploads\/2024\/05\/zoner019-1024x579.jpg\" alt=\"\" class=\"wp-image-131965\" srcset=\"https:\/\/www.zoner.fi\/tuki\/wp-content\/uploads\/2024\/05\/zoner019-1024x579.jpg 1024w, https:\/\/www.zoner.fi\/tuki\/wp-content\/uploads\/2024\/05\/zoner019-300x170.jpg 300w, https:\/\/www.zoner.fi\/tuki\/wp-content\/uploads\/2024\/05\/zoner019-768x435.jpg 768w, https:\/\/www.zoner.fi\/tuki\/wp-content\/uploads\/2024\/05\/zoner019.jpg 1237w\" sizes=\"auto, (max-width: 1024px) 100vw, 1024px\" \/><\/figure>\n\n\n\n<p><strong>Huomaathan, ett\u00e4 yhteystietojen p\u00e4ivitt\u00e4minen ei siirr\u00e4 tilausta toiselle henkil\u00f6lle tai yritykselle. Jos haluat siirt\u00e4\u00e4 tilauksen, olethan yhteydess\u00e4 laskutukseemme laskutus@zoner.fi.<\/strong><\/p>\n","protected":false},"excerpt":{"rendered":"<p>T\u00e4ss\u00e4 ohjeessa kerromme, miten voit p\u00e4ivitt\u00e4\u00e4 k\u00e4ytt\u00e4j\u00e4tilisi tietoja. 1. Kirjaudu Zoner Homeen.2. Klikkaa etusivulta painiketta Minun tilini. 2. T\u00e4lt\u00e4 sivulta l\u00f6yd\u00e4t kohdat Yhteystiedot ja Asiakkaan tiedot, joita voit muokata napsauttamalla halutun kohdan Muokkaa-painiketta. Huomaathan, ett\u00e4 yhteystietojen p\u00e4ivitt\u00e4minen ei siirr\u00e4 tilausta toiselle henkil\u00f6lle tai yritykselle. Jos haluat siirt\u00e4\u00e4 tilauksen, olethan yhteydess\u00e4 laskutukseemme laskutus@zoner.fi.<\/p>\n","protected":false},"author":20,"featured_media":0,"parent":131930,"menu_order":0,"comment_status":"closed","ping_status":"closed","template":"","meta":{"_relevanssi_hide_post":"","_relevanssi_hide_content":"","_relevanssi_pin_for_all":"","_relevanssi_pin_keywords":"","_relevanssi_unpin_keywords":"","_relevanssi_related_keywords":"","_relevanssi_related_include_ids":"","_relevanssi_related_exclude_ids":"","_relevanssi_related_no_append":"","_relevanssi_related_not_related":"","_relevanssi_related_posts":"130813,130424,130269,130616,130935,130578","_relevanssi_noindex_reason":"","footnotes":""},"categories":[115],"tags":[204],"wf_page_folders":[],"class_list":{"0":"post-131917","1":"page","2":"type-page","3":"status-publish","5":"category-oma-tili-ja-tilaukset","6":"tag-omat-tiedot"},"_links":{"self":[{"href":"https:\/\/www.zoner.fi\/tuki\/wp-json\/wp\/v2\/pages\/131917","targetHints":{"allow":["GET"]}}],"collection":[{"href":"https:\/\/www.zoner.fi\/tuki\/wp-json\/wp\/v2\/pages"}],"about":[{"href":"https:\/\/www.zoner.fi\/tuki\/wp-json\/wp\/v2\/types\/page"}],"author":[{"embeddable":true,"href":"https:\/\/www.zoner.fi\/tuki\/wp-json\/wp\/v2\/users\/20"}],"replies":[{"embeddable":true,"href":"https:\/\/www.zoner.fi\/tuki\/wp-json\/wp\/v2\/comments?post=131917"}],"version-history":[{"count":8,"href":"https:\/\/www.zoner.fi\/tuki\/wp-json\/wp\/v2\/pages\/131917\/revisions"}],"predecessor-version":[{"id":137369,"href":"https:\/\/www.zoner.fi\/tuki\/wp-json\/wp\/v2\/pages\/131917\/revisions\/137369"}],"up":[{"embeddable":true,"href":"https:\/\/www.zoner.fi\/tuki\/wp-json\/wp\/v2\/pages\/131930"}],"wp:attachment":[{"href":"https:\/\/www.zoner.fi\/tuki\/wp-json\/wp\/v2\/media?parent=131917"}],"wp:term":[{"taxonomy":"category","embeddable":true,"href":"https:\/\/www.zoner.fi\/tuki\/wp-json\/wp\/v2\/categories?post=131917"},{"taxonomy":"post_tag","embeddable":true,"href":"https:\/\/www.zoner.fi\/tuki\/wp-json\/wp\/v2\/tags?post=131917"},{"taxonomy":"wf_page_folders","embeddable":true,"href":"https:\/\/www.zoner.fi\/tuki\/wp-json\/wp\/v2\/wf_page_folders?post=131917"}],"curies":[{"name":"wp","href":"https:\/\/api.w.org\/{rel}","templated":true}]}}