{"id":131924,"date":"2024-05-06T15:28:00","date_gmt":"2024-05-06T12:28:00","guid":{"rendered":"https:\/\/www.zoner.fi\/tuki\/?page_id=131924"},"modified":"2026-03-02T09:19:49","modified_gmt":"2026-03-02T07:19:49","slug":"miten-hallitsen-zoner-home-kayttajia","status":"publish","type":"page","link":"https:\/\/www.zoner.fi\/tuki\/zoner-home\/miten-hallitsen-zoner-home-kayttajia\/","title":{"rendered":"Miten hallitsen Zoner Home -k\u00e4ytt\u00e4ji\u00e4"},"content":{"rendered":"\n<p>T\u00e4ss\u00e4 ohjeessa kerromme, miten voit hallita Zoner Home -tilisi k\u00e4ytt\u00e4ji\u00e4 ja lis\u00e4t\u00e4 esimerkiksi kotisivujen tekij\u00e4n tilisi k\u00e4ytt\u00e4j\u00e4ksi.<\/p>\n\n\n\n<ul class=\"wp-block-list\">\n<li><a href=\"#1\">K\u00e4ytt\u00e4j\u00e4n lis\u00e4\u00e4minen<\/a><\/li>\n\n\n\n<li><a href=\"#2\">Miten annan toiselle henkil\u00f6lle p\u00e4\u00e4syn rakentamaan kotisivujani?<\/a><\/li>\n\n\n\n<li><a href=\"#3\">Olemassa olevan k\u00e4ytt\u00e4j\u00e4n kutsuminen<\/a><\/li>\n\n\n\n<li><a href=\"#4\">K\u00e4ytt\u00e4jien muokkaaminen<\/a><\/li>\n<\/ul>\n\n\n\n<h2 class=\"wp-block-heading\" id=\"1\">K\u00e4ytt\u00e4j\u00e4n lis\u00e4\u00e4minen<\/h2>\n\n\n\n<p>Jos haluat lis\u00e4t\u00e4 tilin k\u00e4ytt\u00e4j\u00e4ksi henkil\u00f6n, jolla ei viel\u00e4 ole omaa Zoner Home -tili\u00e4, tee n\u00e4in:<\/p>\n\n\n\n<ol class=\"wp-block-list\">\n<li>Kirjaudu <a href=\"https:\/\/home.zoner.fi\/\" target=\"_blank\" rel=\"noopener\">Zoner Homeen<\/a>.<\/li>\n\n\n\n<li>Klikkaa etusivun oikeasta yl\u00e4kulmasta l\u00f6ytyv\u00e4\u00e4 <strong>&#8221;Tili&#8221; -painiketta<\/strong>.<\/li>\n<\/ol>\n\n\n\n<figure class=\"wp-block-image size-large\"><img loading=\"lazy\" decoding=\"async\" width=\"1024\" height=\"249\" src=\"https:\/\/www.zoner.fi\/tuki\/wp-content\/uploads\/2024\/11\/zoner112-1024x249.jpg\" alt=\"\" class=\"wp-image-134754\" srcset=\"https:\/\/www.zoner.fi\/tuki\/wp-content\/uploads\/2024\/11\/zoner112-1024x249.jpg 1024w, https:\/\/www.zoner.fi\/tuki\/wp-content\/uploads\/2024\/11\/zoner112-300x73.jpg 300w, https:\/\/www.zoner.fi\/tuki\/wp-content\/uploads\/2024\/11\/zoner112-768x187.jpg 768w, https:\/\/www.zoner.fi\/tuki\/wp-content\/uploads\/2024\/11\/zoner112.jpg 1469w\" sizes=\"auto, (max-width: 1024px) 100vw, 1024px\" \/><\/figure>\n\n\n\n<p>3. Valitse aukeavasta sivuvalikosta <strong>K\u00e4ytt\u00e4jien hallinta<\/strong>.<\/p>\n\n\n\n<figure class=\"wp-block-image size-large\"><img loading=\"lazy\" decoding=\"async\" width=\"1024\" height=\"711\" src=\"https:\/\/www.zoner.fi\/tuki\/wp-content\/uploads\/2025\/05\/kayttajien-hallinta-1024x711.png\" alt=\"\" class=\"wp-image-136085\" srcset=\"https:\/\/www.zoner.fi\/tuki\/wp-content\/uploads\/2025\/05\/kayttajien-hallinta-1024x711.png 1024w, https:\/\/www.zoner.fi\/tuki\/wp-content\/uploads\/2025\/05\/kayttajien-hallinta-300x208.png 300w, https:\/\/www.zoner.fi\/tuki\/wp-content\/uploads\/2025\/05\/kayttajien-hallinta-768x533.png 768w, https:\/\/www.zoner.fi\/tuki\/wp-content\/uploads\/2025\/05\/kayttajien-hallinta.png 1389w\" sizes=\"auto, (max-width: 1024px) 100vw, 1024px\" \/><\/figure>\n\n\n\n<p>4. K\u00e4ytt\u00e4j\u00e4n luonti onnistuu <strong>Luo k\u00e4ytt\u00e4j\u00e4<\/strong>-painikkeesta. T\u00e4yt\u00e4 v\u00e4hint\u00e4\u00e4n lomakkeen vaaditut kent\u00e4t ja napsauta lopuksi <strong>Luo<\/strong>-painiketta.<\/p>\n\n\n\n<figure class=\"wp-block-image size-large\"><img loading=\"lazy\" decoding=\"async\" width=\"1024\" height=\"674\" src=\"https:\/\/www.zoner.fi\/tuki\/wp-content\/uploads\/2024\/05\/image-9-1024x674.png\" alt=\"\" class=\"wp-image-131927\" srcset=\"https:\/\/www.zoner.fi\/tuki\/wp-content\/uploads\/2024\/05\/image-9-1024x674.png 1024w, https:\/\/www.zoner.fi\/tuki\/wp-content\/uploads\/2024\/05\/image-9-300x198.png 300w, https:\/\/www.zoner.fi\/tuki\/wp-content\/uploads\/2024\/05\/image-9-768x506.png 768w, https:\/\/www.zoner.fi\/tuki\/wp-content\/uploads\/2024\/05\/image-9.png 1479w\" sizes=\"auto, (max-width: 1024px) 100vw, 1024px\" \/><\/figure>\n\n\n\n<h2 class=\"wp-block-heading\" id=\"2\">Miten annan toiselle henkil\u00f6lle p\u00e4\u00e4syn rakentamaan kotisivujani?<\/h2>\n\n\n\n<p>Tilaatko kotisivut ammattilaiselta, kuten Zonerin kumppanilta? Jotta toinen henkil\u00f6 p\u00e4\u00e4see tekem\u00e4\u00e4n kotisivujasi, luo h\u00e4nelle oma Zoner Home -k\u00e4ytt\u00e4j\u00e4, tai kutsu h\u00e4net tilillesi, jos h\u00e4nell\u00e4 on jo Zoner Home -tunnukset.<\/p>\n\n\n\n<h3 class=\"wp-block-heading\">K\u00e4ytt\u00e4jien roolit<\/h3>\n\n\n\n<figure class=\"wp-block-table\"><table class=\"has-fixed-layout\"><tbody><tr><th>Rooli<\/th><th>Oikeudet<\/th><\/tr><tr><td>P\u00e4\u00e4k\u00e4ytt\u00e4j\u00e4<\/td><td>T\u00e4ydet oikeudet hallita palveluita ja vastaa yhteyshenkil\u00f6iden ajantasaisuudesta.<\/td><\/tr><tr><td>Tekninen<\/td><td>Palveluiden tunnukset, dns-muutokset, ei saa irtisanoa palveluita. Saa kertoa kuka on p\u00e4\u00e4k\u00e4ytt\u00e4, jolta tarvitaan valtuutus.<br>Tekninen ei pysty tilaamaan laskutettavaa ty\u00f6t\u00e4 tai toimenpiteit\u00e4.<\/td><\/tr><tr><td>Laskutus<\/td><td>Laskutusasioissa ensisijainen yhteyshenkil\u00f6.<\/td><\/tr><\/tbody><\/table><\/figure>\n\n\n\n<h3 class=\"wp-block-heading\">Kutsu k\u00e4ytt\u00e4j\u00e4<\/h3>\n\n\n\n<p>Jos kotisivujen tekij\u00e4ll\u00e4 on Zoner Home -tunnukset, voit <a href=\"#3\">kutsua h\u00e4net k\u00e4ytt\u00e4j\u00e4ksi<\/a> tilillesi. Valitse t\u00e4ll\u00f6in h\u00e4nen roolikseen ainakin Tekninen.<\/p>\n\n\n\n<h3 class=\"wp-block-heading\">Luo k\u00e4ytt\u00e4j\u00e4<\/h3>\n\n\n\n<p>Jos kotisivujen tekij\u00e4ll\u00e4 ei viel\u00e4 ole Zoner Home -tunnuksia, voit luoda h\u00e4nelle k\u00e4ytt\u00e4j\u00e4n omalle tilillesi samalla tavalla kuin <a href=\"#1\">yll\u00e4 olevassa ohjeessa<\/a>. Kun luot k\u00e4ytt\u00e4j\u00e4\u00e4, muista m\u00e4\u00e4ritt\u00e4\u00e4 oikeudet n\u00e4in:<\/p>\n\n\n\n<ul class=\"wp-block-list\">\n<li><strong>Voiko t\u00e4m\u00e4 k\u00e4ytt\u00e4j\u00e4 kirjautua sis\u00e4\u00e4n?<\/strong> Rastita t\u00e4m\u00e4 valintaruutu ja m\u00e4\u00e4rit\u00e4 k\u00e4ytt\u00e4j\u00e4nimi, jolla kotisivujen rakentaja voi kirjautua Zoner Homeen.<\/li>\n<\/ul>\n\n\n\n<p>Voit lis\u00e4t\u00e4 my\u00f6s n\u00e4m\u00e4:<\/p>\n\n\n\n<ul class=\"wp-block-list\">\n<li><strong>Voiko t\u00e4m\u00e4 k\u00e4ytt\u00e4j\u00e4 ottaa yhteytt\u00e4 asiakaspalveluumme?<\/strong> Aseta PIN-koodi ja valitse aiheet, joihin liittyen k\u00e4ytt\u00e4j\u00e4 voi ottaa meihin yhteytt\u00e4. Valittavat aiheet ovat yll\u00e4pito, tekninen ja laskutus.<\/li>\n\n\n\n<li><strong>Mit\u00e4 s\u00e4hk\u00f6posteja k\u00e4ytt\u00e4j\u00e4n tulee saada?<\/strong> Valitse, mit\u00e4 s\u00e4hk\u00f6posteja t\u00e4m\u00e4 k\u00e4ytt\u00e4j\u00e4 saa. K\u00e4ytt\u00e4j\u00e4n saamien s\u00e4hk\u00f6postien valintoja voi muuttaa my\u00f6hemmin.<\/li>\n<\/ul>\n\n\n\n<h2 class=\"wp-block-heading\" id=\"3\">Olemassa olevan k\u00e4ytt\u00e4j\u00e4n kutsuminen<\/h2>\n\n\n\n<p>&#8221;Kutsu olemassa oleva k\u00e4ytt\u00e4j\u00e4&#8221;-painikkeella voit l\u00e4hett\u00e4\u00e4 kutsun jo olemassa olevalle Zoner Home -k\u00e4ytt\u00e4j\u00e4lle. L\u00e4het\u00e4 kutsu sy\u00f6tt\u00e4m\u00e4ll\u00e4 olemassa olevan k\u00e4ytt\u00e4j\u00e4n s\u00e4hk\u00f6postiosoite ja valitse k\u00e4ytt\u00e4j\u00e4n roolit.<\/p>\n\n\n\n<figure class=\"wp-block-image size-large\"><img loading=\"lazy\" decoding=\"async\" width=\"1024\" height=\"472\" src=\"https:\/\/www.zoner.fi\/tuki\/wp-content\/uploads\/2024\/05\/zoner024-1024x472.jpg\" alt=\"\" class=\"wp-image-131981\" srcset=\"https:\/\/www.zoner.fi\/tuki\/wp-content\/uploads\/2024\/05\/zoner024-1024x472.jpg 1024w, https:\/\/www.zoner.fi\/tuki\/wp-content\/uploads\/2024\/05\/zoner024-300x138.jpg 300w, https:\/\/www.zoner.fi\/tuki\/wp-content\/uploads\/2024\/05\/zoner024-768x354.jpg 768w, https:\/\/www.zoner.fi\/tuki\/wp-content\/uploads\/2024\/05\/zoner024.jpg 1227w\" sizes=\"auto, (max-width: 1024px) 100vw, 1024px\" \/><\/figure>\n\n\n\n<h2 class=\"wp-block-heading\" id=\"4\">K\u00e4ytt\u00e4jien muokkaaminen<\/h2>\n\n\n\n<p>K\u00e4ytt\u00e4jien hallinta -sivulla n\u00e4et kaikki tilin k\u00e4ytt\u00e4j\u00e4t. Klikkaamalla kolmea pistett\u00e4 rivin oikeassa reunassa voit avata k\u00e4ytt\u00e4j\u00e4n asetukset:<\/p>\n\n\n\n<ul class=\"wp-block-list\">\n<li><strong>Muokkaa<\/strong>: Voit muokata k\u00e4ytt\u00e4j\u00e4n tietoja, kuten nime\u00e4 ja s\u00e4hk\u00f6postiosoitetta.<\/li>\n\n\n\n<li><strong>Poista k\u00e4yt\u00f6st\u00e4<\/strong>: T\u00e4st\u00e4 voit poistaa k\u00e4ytt\u00e4j\u00e4n k\u00e4yt\u00f6st\u00e4 kuitenkaan poistamatta t\u00e4m\u00e4n tietoja kokonaan. K\u00e4yt\u00f6st\u00e4 poistettu k\u00e4ytt\u00e4j\u00e4 ei voi en\u00e4\u00e4 kirjautua sis\u00e4\u00e4n, ellei k\u00e4ytt\u00e4j\u00e4\u00e4 aktivoida uudelleen.<\/li>\n\n\n\n<li><strong>Valtuudet<\/strong>: T\u00e4st\u00e4 voit m\u00e4\u00e4ritt\u00e4\u00e4, onko k\u00e4ytt\u00e4j\u00e4ll\u00e4 oikeus kirjautua sis\u00e4\u00e4n.<\/li>\n\n\n\n<li><strong>Tuki<\/strong>: T\u00e4st\u00e4 voit m\u00e4\u00e4ritt\u00e4\u00e4, onko k\u00e4ytt\u00e4j\u00e4ll\u00e4 oikeus ottaa yhteytt\u00e4 asiakaspalveluun Zoner Homen kautta.<\/li>\n\n\n\n<li><strong>Poista<\/strong>: Poista k\u00e4ytt\u00e4j\u00e4 kokonaan. Jos haluat vain v\u00e4liaikaisesti poistaa k\u00e4ytt\u00f6oikeiden, k\u00e4yt\u00e4 <strong>Poista k\u00e4yt\u00f6st\u00e4<\/strong> -asetusta.<\/li>\n<\/ul>\n\n\n\n<figure class=\"wp-block-image size-large\"><img loading=\"lazy\" decoding=\"async\" width=\"1024\" height=\"588\" src=\"https:\/\/www.zoner.fi\/tuki\/wp-content\/uploads\/2025\/05\/kayttajien-hallinta-2-1024x588.png\" alt=\"\" class=\"wp-image-136088\" srcset=\"https:\/\/www.zoner.fi\/tuki\/wp-content\/uploads\/2025\/05\/kayttajien-hallinta-2-1024x588.png 1024w, https:\/\/www.zoner.fi\/tuki\/wp-content\/uploads\/2025\/05\/kayttajien-hallinta-2-300x172.png 300w, https:\/\/www.zoner.fi\/tuki\/wp-content\/uploads\/2025\/05\/kayttajien-hallinta-2-768x441.png 768w, https:\/\/www.zoner.fi\/tuki\/wp-content\/uploads\/2025\/05\/kayttajien-hallinta-2-1536x882.png 1536w, https:\/\/www.zoner.fi\/tuki\/wp-content\/uploads\/2025\/05\/kayttajien-hallinta-2.png 1847w\" sizes=\"auto, (max-width: 1024px) 100vw, 1024px\" \/><\/figure>\n","protected":false},"excerpt":{"rendered":"<p>T\u00e4ss\u00e4 ohjeessa kerromme, miten voit hallita Zoner Home -tilisi k\u00e4ytt\u00e4ji\u00e4 ja lis\u00e4t\u00e4 esimerkiksi kotisivujen tekij\u00e4n tilisi k\u00e4ytt\u00e4j\u00e4ksi. K\u00e4ytt\u00e4j\u00e4n lis\u00e4\u00e4minen Jos haluat lis\u00e4t\u00e4 tilin k\u00e4ytt\u00e4j\u00e4ksi henkil\u00f6n, jolla ei viel\u00e4 ole omaa Zoner Home -tili\u00e4, tee n\u00e4in: 3. Valitse aukeavasta sivuvalikosta K\u00e4ytt\u00e4jien hallinta. 4. K\u00e4ytt\u00e4j\u00e4n luonti onnistuu Luo k\u00e4ytt\u00e4j\u00e4-painikkeesta. T\u00e4yt\u00e4 v\u00e4hint\u00e4\u00e4n lomakkeen vaaditut kent\u00e4t ja napsauta lopuksi &#8230; <a title=\"Miten hallitsen Zoner Home -k\u00e4ytt\u00e4ji\u00e4\" class=\"read-more\" href=\"https:\/\/www.zoner.fi\/tuki\/zoner-home\/miten-hallitsen-zoner-home-kayttajia\/\" aria-label=\"Lue lis\u00e4\u00e4 aiheesta Miten hallitsen Zoner Home -k\u00e4ytt\u00e4ji\u00e4\">Lue lis\u00e4\u00e4<\/a><\/p>\n","protected":false},"author":20,"featured_media":0,"parent":131930,"menu_order":0,"comment_status":"closed","ping_status":"closed","template":"","meta":{"_relevanssi_hide_post":"","_relevanssi_hide_content":"","_relevanssi_pin_for_all":"","_relevanssi_pin_keywords":"","_relevanssi_unpin_keywords":"","_relevanssi_related_keywords":"","_relevanssi_related_include_ids":"","_relevanssi_related_exclude_ids":"","_relevanssi_related_no_append":"","_relevanssi_related_not_related":"","_relevanssi_related_posts":"130578,130273,130819,130865,130455,1076","_relevanssi_noindex_reason":"","footnotes":""},"categories":[115],"tags":[203],"wf_page_folders":[],"class_list":{"0":"post-131924","1":"page","2":"type-page","3":"status-publish","5":"category-oma-tili-ja-tilaukset","6":"tag-kirjautuminen"},"_links":{"self":[{"href":"https:\/\/www.zoner.fi\/tuki\/wp-json\/wp\/v2\/pages\/131924","targetHints":{"allow":["GET"]}}],"collection":[{"href":"https:\/\/www.zoner.fi\/tuki\/wp-json\/wp\/v2\/pages"}],"about":[{"href":"https:\/\/www.zoner.fi\/tuki\/wp-json\/wp\/v2\/types\/page"}],"author":[{"embeddable":true,"href":"https:\/\/www.zoner.fi\/tuki\/wp-json\/wp\/v2\/users\/20"}],"replies":[{"embeddable":true,"href":"https:\/\/www.zoner.fi\/tuki\/wp-json\/wp\/v2\/comments?post=131924"}],"version-history":[{"count":15,"href":"https:\/\/www.zoner.fi\/tuki\/wp-json\/wp\/v2\/pages\/131924\/revisions"}],"predecessor-version":[{"id":138613,"href":"https:\/\/www.zoner.fi\/tuki\/wp-json\/wp\/v2\/pages\/131924\/revisions\/138613"}],"up":[{"embeddable":true,"href":"https:\/\/www.zoner.fi\/tuki\/wp-json\/wp\/v2\/pages\/131930"}],"wp:attachment":[{"href":"https:\/\/www.zoner.fi\/tuki\/wp-json\/wp\/v2\/media?parent=131924"}],"wp:term":[{"taxonomy":"category","embeddable":true,"href":"https:\/\/www.zoner.fi\/tuki\/wp-json\/wp\/v2\/categories?post=131924"},{"taxonomy":"post_tag","embeddable":true,"href":"https:\/\/www.zoner.fi\/tuki\/wp-json\/wp\/v2\/tags?post=131924"},{"taxonomy":"wf_page_folders","embeddable":true,"href":"https:\/\/www.zoner.fi\/tuki\/wp-json\/wp\/v2\/wf_page_folders?post=131924"}],"curies":[{"name":"wp","href":"https:\/\/api.w.org\/{rel}","templated":true}]}}