{"id":131929,"date":"2024-05-10T14:45:12","date_gmt":"2024-05-10T11:45:12","guid":{"rendered":"https:\/\/www.zoner.fi\/tuki\/?page_id=131929"},"modified":"2025-11-13T11:50:32","modified_gmt":"2025-11-13T09:50:32","slug":"miten-vaihdan-nimipalvelimet","status":"publish","type":"page","link":"https:\/\/www.zoner.fi\/tuki\/zoner-home\/miten-vaihdan-nimipalvelimet\/","title":{"rendered":"Miten vaihdan verkkotunnukseni nimipalvelimet Zoner Homessa"},"content":{"rendered":"\n<p>T\u00e4ss\u00e4 ohjeessa kerromme, miten voit muuttaa verkkotunnuksesi nimipalvelimia Zoner Home -hallintapaneelissa. Tarkempaa tietoa nimipalvelimista ja DNS-tietueista l\u00f6yd\u00e4t <a href=\"https:\/\/www.zoner.fi\/verkkotunnus\/dns-hallinta\/\" data-type=\"link\" data-id=\"https:\/\/www.zoner.fi\/verkkotunnus\/dns-hallinta\/\">t\u00e4\u00e4lt\u00e4<\/a>.<br><br>Etsitk\u00f6 tietoa DNS-tietueiden muokkaamisesta? Katso n\u00e4m\u00e4 ohjeet:<br><a href=\"https:\/\/www.zoner.fi\/tuki\/zoner-home\/miten-muokkaan-dns-tietueita\/\">Zoner Home<br><\/a><a href=\"https:\/\/www.zoner.fi\/tuki\/webhotellit\/miten-muokkaan-dns-tietueita-webhotellissa\/\">DirectAdmin<br><\/a><a href=\"https:\/\/help.wp.one\/hc\/fi\/articles\/18285557791889-DNS-asetusten-hallinta-WP-onessa\" target=\"_blank\" rel=\"noopener\">WP.one<\/a><\/p>\n\n\n\n<p>1. Kirjaudu Zoner Homeen.<br>2. Klikkaa etusivulta painiketta <strong>Omat tuotteet<\/strong>.<\/p>\n\n\n\n<figure class=\"wp-block-image size-large\"><img loading=\"lazy\" decoding=\"async\" width=\"1024\" height=\"120\" src=\"https:\/\/www.zoner.fi\/tuki\/wp-content\/uploads\/2024\/11\/zoner117-1024x120.jpg\" alt=\"\" class=\"wp-image-134756\" srcset=\"https:\/\/www.zoner.fi\/tuki\/wp-content\/uploads\/2024\/11\/zoner117-1024x120.jpg 1024w, https:\/\/www.zoner.fi\/tuki\/wp-content\/uploads\/2024\/11\/zoner117-300x35.jpg 300w, https:\/\/www.zoner.fi\/tuki\/wp-content\/uploads\/2024\/11\/zoner117-768x90.jpg 768w, https:\/\/www.zoner.fi\/tuki\/wp-content\/uploads\/2024\/11\/zoner117.jpg 1464w\" sizes=\"auto, (max-width: 1024px) 100vw, 1024px\" \/><\/figure>\n\n\n\n<p>3. Paina verkkotunnuksen oikealta puolelta l\u00f6ytyv\u00e4\u00e4 kolmea pistett\u00e4 ja sen j\u00e4lkeen valitse <strong>Hallitse verkkotunnusta<\/strong>.<\/p>\n\n\n\n<figure class=\"wp-block-image size-large\"><img loading=\"lazy\" decoding=\"async\" width=\"1024\" height=\"511\" src=\"https:\/\/www.zoner.fi\/tuki\/wp-content\/uploads\/2024\/11\/zoner114-1024x511.jpg\" alt=\"\" class=\"wp-image-134757\" srcset=\"https:\/\/www.zoner.fi\/tuki\/wp-content\/uploads\/2024\/11\/zoner114-1024x511.jpg 1024w, https:\/\/www.zoner.fi\/tuki\/wp-content\/uploads\/2024\/11\/zoner114-300x150.jpg 300w, https:\/\/www.zoner.fi\/tuki\/wp-content\/uploads\/2024\/11\/zoner114-768x383.jpg 768w, https:\/\/www.zoner.fi\/tuki\/wp-content\/uploads\/2024\/11\/zoner114.jpg 1464w\" sizes=\"auto, (max-width: 1024px) 100vw, 1024px\" \/><\/figure>\n\n\n\n<p>4. Paina vasempaan valikkoon ilmestynytt\u00e4 <strong>Nimipalvelimet<\/strong>-kohtaa.<\/p>\n\n\n\n<figure class=\"wp-block-image size-large\"><img loading=\"lazy\" decoding=\"async\" width=\"1024\" height=\"532\" src=\"https:\/\/www.zoner.fi\/tuki\/wp-content\/uploads\/2025\/04\/nimipalvelimet-zoner-home-1024x532.png\" alt=\"\" class=\"wp-image-135720\" srcset=\"https:\/\/www.zoner.fi\/tuki\/wp-content\/uploads\/2025\/04\/nimipalvelimet-zoner-home-1024x532.png 1024w, https:\/\/www.zoner.fi\/tuki\/wp-content\/uploads\/2025\/04\/nimipalvelimet-zoner-home-300x156.png 300w, https:\/\/www.zoner.fi\/tuki\/wp-content\/uploads\/2025\/04\/nimipalvelimet-zoner-home-768x399.png 768w, https:\/\/www.zoner.fi\/tuki\/wp-content\/uploads\/2025\/04\/nimipalvelimet-zoner-home-1536x798.png 1536w, https:\/\/www.zoner.fi\/tuki\/wp-content\/uploads\/2025\/04\/nimipalvelimet-zoner-home.png 1694w\" sizes=\"auto, (max-width: 1024px) 100vw, 1024px\" \/><\/figure>\n\n\n\n<p>5. Vaihda haluamasi nimipalvelimet pyydettyihin kenttiin ja paina <strong>Tallenna<\/strong>. Zoner Homen nimipalvelimet ovat:<\/p>\n\n\n\n<ul class=\"wp-block-list\">\n<li>zoner.g1-dns.one<\/li>\n\n\n\n<li>zoner.g1-dns.com<\/li>\n<\/ul>\n\n\n\n<p>Uudet nimipalvelimet tulevat voimaan vuorokauden sis\u00e4ll\u00e4 muutoksesta. T\u00e4m\u00e4n vuorokauden aikana sivuston k\u00e4vij\u00e4liikenne ja s\u00e4hk\u00f6postit voivat ohjautua hieman sattumanvaraisesti joko vanhojen tai uusien nimipalvelimien ohjausten mukaisesti.<\/p>\n","protected":false},"excerpt":{"rendered":"<p>T\u00e4ss\u00e4 ohjeessa kerromme, miten voit muuttaa verkkotunnuksesi nimipalvelimia Zoner Home -hallintapaneelissa. Tarkempaa tietoa nimipalvelimista ja DNS-tietueista l\u00f6yd\u00e4t t\u00e4\u00e4lt\u00e4. Etsitk\u00f6 tietoa DNS-tietueiden muokkaamisesta? Katso n\u00e4m\u00e4 ohjeet:Zoner HomeDirectAdminWP.one 1. Kirjaudu Zoner Homeen.2. Klikkaa etusivulta painiketta Omat tuotteet. 3. Paina verkkotunnuksen oikealta puolelta l\u00f6ytyv\u00e4\u00e4 kolmea pistett\u00e4 ja sen j\u00e4lkeen valitse Hallitse verkkotunnusta. 4. Paina vasempaan valikkoon ilmestynytt\u00e4 Nimipalvelimet-kohtaa. &#8230; <a title=\"Miten vaihdan verkkotunnukseni nimipalvelimet Zoner Homessa\" class=\"read-more\" href=\"https:\/\/www.zoner.fi\/tuki\/zoner-home\/miten-vaihdan-nimipalvelimet\/\" aria-label=\"Lue lis\u00e4\u00e4 aiheesta Miten vaihdan verkkotunnukseni nimipalvelimet Zoner Homessa\">Lue lis\u00e4\u00e4<\/a><\/p>\n","protected":false},"author":20,"featured_media":0,"parent":131930,"menu_order":0,"comment_status":"closed","ping_status":"closed","template":"","meta":{"_relevanssi_hide_post":"","_relevanssi_hide_content":"","_relevanssi_pin_for_all":"","_relevanssi_pin_keywords":"","_relevanssi_unpin_keywords":"","_relevanssi_related_keywords":"","_relevanssi_related_include_ids":"","_relevanssi_related_exclude_ids":"","_relevanssi_related_no_append":"","_relevanssi_related_not_related":"","_relevanssi_related_posts":"130964,130819,130440,130722,131384,130667","_relevanssi_noindex_reason":"","footnotes":""},"categories":[210],"tags":[207],"wf_page_folders":[],"class_list":{"0":"post-131929","1":"page","2":"type-page","3":"status-publish","5":"category-zoner-home-verkkotunnus","6":"tag-dns"},"_links":{"self":[{"href":"https:\/\/www.zoner.fi\/tuki\/wp-json\/wp\/v2\/pages\/131929","targetHints":{"allow":["GET"]}}],"collection":[{"href":"https:\/\/www.zoner.fi\/tuki\/wp-json\/wp\/v2\/pages"}],"about":[{"href":"https:\/\/www.zoner.fi\/tuki\/wp-json\/wp\/v2\/types\/page"}],"author":[{"embeddable":true,"href":"https:\/\/www.zoner.fi\/tuki\/wp-json\/wp\/v2\/users\/20"}],"replies":[{"embeddable":true,"href":"https:\/\/www.zoner.fi\/tuki\/wp-json\/wp\/v2\/comments?post=131929"}],"version-history":[{"count":16,"href":"https:\/\/www.zoner.fi\/tuki\/wp-json\/wp\/v2\/pages\/131929\/revisions"}],"predecessor-version":[{"id":138128,"href":"https:\/\/www.zoner.fi\/tuki\/wp-json\/wp\/v2\/pages\/131929\/revisions\/138128"}],"up":[{"embeddable":true,"href":"https:\/\/www.zoner.fi\/tuki\/wp-json\/wp\/v2\/pages\/131930"}],"wp:attachment":[{"href":"https:\/\/www.zoner.fi\/tuki\/wp-json\/wp\/v2\/media?parent=131929"}],"wp:term":[{"taxonomy":"category","embeddable":true,"href":"https:\/\/www.zoner.fi\/tuki\/wp-json\/wp\/v2\/categories?post=131929"},{"taxonomy":"post_tag","embeddable":true,"href":"https:\/\/www.zoner.fi\/tuki\/wp-json\/wp\/v2\/tags?post=131929"},{"taxonomy":"wf_page_folders","embeddable":true,"href":"https:\/\/www.zoner.fi\/tuki\/wp-json\/wp\/v2\/wf_page_folders?post=131929"}],"curies":[{"name":"wp","href":"https:\/\/api.w.org\/{rel}","templated":true}]}}