{"id":131939,"date":"2024-05-06T13:33:29","date_gmt":"2024-05-06T10:33:29","guid":{"rendered":"https:\/\/www.zoner.fi\/tuki\/?page_id=131939"},"modified":"2025-09-17T10:01:31","modified_gmt":"2025-09-17T07:01:31","slug":"miten-kirjaudun-zoner-home-hallintapaneeliin","status":"publish","type":"page","link":"https:\/\/www.zoner.fi\/tuki\/zoner-home\/miten-kirjaudun-zoner-home-hallintapaneeliin\/","title":{"rendered":"Miten kirjaudun Zoner Home -hallintapaneeliin"},"content":{"rendered":"\n<ul class=\"wp-block-list\">\n<li><a href=\"#1\">Kirjautuminen Zoner Home -hallintapaneeliin<\/a><\/li>\n\n\n\n<li><a href=\"#2\">Unohtunut k\u00e4ytt\u00e4j\u00e4nimi \/ en tied\u00e4 k\u00e4ytt\u00e4j\u00e4nime\u00e4ni<\/a><\/li>\n\n\n\n<li><a href=\"#6\">M\u00e4\u00e4rit\u00e4 vaihtoehtoinen kirjautumisnimi ja kirjaudu sis\u00e4\u00e4n esim. s\u00e4hk\u00f6postiosoitteella<\/a><\/li>\n\n\n\n<li><a href=\"#3\">Unohtunut salasana<\/a><\/li>\n\n\n\n<li><a href=\"#4\">Salasanan luontilinkki vanhentunut<\/a><\/li>\n\n\n\n<li><a href=\"#5\">En saanut vahvistuskoodia tai viesti\u00e4 Zoner Home -tunnuksista<\/a><\/li>\n<\/ul>\n\n\n\n<h2 class=\"wp-block-heading\" id=\"1\">Kirjautuminen Zoner Home -hallintapaneeliin<\/h2>\n\n\n\n<ol class=\"wp-block-list\">\n<li>Siirry Zoner Homen kirjautumissivulle: <a href=\"https:\/\/home.zoner.fi\/\" target=\"_blank\" rel=\"noopener\">https:\/\/home.zoner.fi<\/a><\/li>\n\n\n\n<li>Sy\u00f6t\u00e4 kenttiin k\u00e4ytt\u00e4j\u00e4nimesi ja salasanasi, jotka olemme l\u00e4hett\u00e4neet sinulle s\u00e4hk\u00f6postilla. Jos olet palveluiden p\u00e4\u00e4k\u00e4ytt\u00e4j\u00e4, k\u00e4ytt\u00e4j\u00e4nimi on asiakasnumerosi.<\/li>\n\n\n\n<li>Paina <strong>Kirjaudu sis\u00e4\u00e4n<\/strong> -painiketta.<\/li>\n<\/ol>\n\n\n\n<figure class=\"wp-block-image size-full\"><img loading=\"lazy\" decoding=\"async\" width=\"417\" height=\"438\" src=\"https:\/\/www.zoner.fi\/tuki\/wp-content\/uploads\/2024\/05\/image-10.png\" alt=\"\" class=\"wp-image-131940\" srcset=\"https:\/\/www.zoner.fi\/tuki\/wp-content\/uploads\/2024\/05\/image-10.png 417w, https:\/\/www.zoner.fi\/tuki\/wp-content\/uploads\/2024\/05\/image-10-286x300.png 286w\" sizes=\"auto, (max-width: 417px) 100vw, 417px\" \/><\/figure>\n\n\n\n<p>4. Saat s\u00e4hk\u00f6postiisi vahvistuskoodin. Sy\u00f6t\u00e4 se Vahvistuskoodi-kentt\u00e4\u00e4n ja paina <strong>Vahvista<\/strong>.<\/p>\n\n\n\n<figure class=\"wp-block-image size-full\"><img loading=\"lazy\" decoding=\"async\" width=\"413\" height=\"405\" src=\"https:\/\/www.zoner.fi\/tuki\/wp-content\/uploads\/2024\/05\/image-11.png\" alt=\"\" class=\"wp-image-131941\" srcset=\"https:\/\/www.zoner.fi\/tuki\/wp-content\/uploads\/2024\/05\/image-11.png 413w, https:\/\/www.zoner.fi\/tuki\/wp-content\/uploads\/2024\/05\/image-11-300x294.png 300w\" sizes=\"auto, (max-width: 413px) 100vw, 413px\" \/><\/figure>\n\n\n\n<p>Jos vahvistuskoodia ei n\u00e4y, muista tarkistaa my\u00f6s s\u00e4hk\u00f6postisi roskapostikansio.<br><br>Voit l\u00e4hett\u00e4\u00e4 uuden koodin Vahvista-painikkeen alla olevasta &#8221;<strong>L\u00e4het\u00e4 koodi uudelleen<\/strong>&#8221; -linkist\u00e4.<br><br>Mik\u00e4li koodia ei l\u00f6ydy s\u00e4hk\u00f6postistasi eik\u00e4 uuden koodin l\u00e4hetys auta, otathan yhteytt\u00e4 <a href=\"https:\/\/www.zoner.fi\/tuki\/\" data-type=\"link\" data-id=\"https:\/\/www.zoner.fi\/tuki\/\">asiakaspalveluumme<\/a>.<\/p>\n\n\n\n<h2 class=\"wp-block-heading\" id=\"2\">Unohtunut k\u00e4ytt\u00e4j\u00e4nimi \/ en tied\u00e4 k\u00e4ytt\u00e4j\u00e4nime\u00e4ni<\/h2>\n\n\n\n<p>Jos olet palveluiden p\u00e4\u00e4k\u00e4ytt\u00e4j\u00e4, k\u00e4ytt\u00e4j\u00e4nimi on asiakasnumerosi. Asiakasnumero l\u00f6ytyy esimerkiksi alkuper\u00e4isest\u00e4 Zoner Home -tunnusten luomisviestist\u00e4 sek\u00e4 Zonerilta saamistasi laskuista.<\/p>\n\n\n\n<p>Unohtuneen k\u00e4ytt\u00e4j\u00e4nimen voi selvitt\u00e4\u00e4 helposti n\u00e4in:<\/p>\n\n\n\n<ol class=\"wp-block-list\">\n<li>Siirry Zoner Homen kirjautumissivulle: <a href=\"https:\/\/home.zoner.fi\/\" target=\"_blank\" rel=\"noopener\">https:\/\/home.zoner.fi<\/a><\/li>\n\n\n\n<li>Klikkaa ensin &#8221;<strong>Unohditko salasanasi?<\/strong>&#8221;<\/li>\n\n\n\n<li>Klikkaa seuraavaksi &#8221;<strong>Unohditko k\u00e4ytt\u00e4j\u00e4nimesi?<\/strong>&#8221;<\/li>\n\n\n\n<li>Sy\u00f6t\u00e4 s\u00e4hk\u00f6postiosoitteesi kentt\u00e4\u00e4n ja klikkaa sitten <strong>L\u00e4het\u00e4<\/strong>-painiketta. Saat k\u00e4ytt\u00e4j\u00e4nimen hetken p\u00e4\u00e4st\u00e4 s\u00e4hk\u00f6postiosoitteeseesi. Jos et saa s\u00e4hk\u00f6postia, tarkista my\u00f6s roskapostikansio.<\/li>\n<\/ol>\n\n\n\n<figure class=\"wp-block-image size-full is-resized\"><img loading=\"lazy\" decoding=\"async\" width=\"818\" height=\"896\" src=\"https:\/\/www.zoner.fi\/tuki\/wp-content\/uploads\/2025\/04\/kayttajanimi.gif\" alt=\"\" class=\"wp-image-135751\" style=\"width:400px\"\/><\/figure>\n\n\n\n<h2 class=\"wp-block-heading\" id=\"6\">M\u00e4\u00e4rit\u00e4 vaihtoehtoinen kirjautumisnimi ja kirjaudu sis\u00e4\u00e4n esim. s\u00e4hk\u00f6postiosoitteella<\/h2>\n\n\n<div class=\"gb-container gb-container-79e30912\">\n\n<p>Zoner Homessa voit m\u00e4\u00e4ritt\u00e4\u00e4 vaihtoehtoisen kirjautumisnimen, jolla voit kirjautua sis\u00e4\u00e4n varsinaisen k\u00e4ytt\u00e4j\u00e4tunnuksesi lis\u00e4ksi. Vaihtoehtoinen kirjautumisnimi voi olla esim. s\u00e4hk\u00f6postiosoite.<\/p>\n\n\n\n<p>1. Kirjaudu Zoner Homeen ja klikkaa etusivulla <strong>Minun tilini<\/strong>.<\/p>\n\n\n\n<ol class=\"wp-block-list\">\n<li><\/li>\n<\/ol>\n\n<\/div>\n\n\n<figure class=\"wp-block-image size-large\"><img loading=\"lazy\" decoding=\"async\" width=\"1024\" height=\"618\" src=\"https:\/\/www.zoner.fi\/tuki\/wp-content\/uploads\/2025\/06\/zoner-home-kirjautumisnimi-1-1024x618.png\" alt=\"\" class=\"wp-image-136411\" srcset=\"https:\/\/www.zoner.fi\/tuki\/wp-content\/uploads\/2025\/06\/zoner-home-kirjautumisnimi-1-1024x618.png 1024w, https:\/\/www.zoner.fi\/tuki\/wp-content\/uploads\/2025\/06\/zoner-home-kirjautumisnimi-1-300x181.png 300w, https:\/\/www.zoner.fi\/tuki\/wp-content\/uploads\/2025\/06\/zoner-home-kirjautumisnimi-1-768x464.png 768w, https:\/\/www.zoner.fi\/tuki\/wp-content\/uploads\/2025\/06\/zoner-home-kirjautumisnimi-1-1536x927.png 1536w, https:\/\/www.zoner.fi\/tuki\/wp-content\/uploads\/2025\/06\/zoner-home-kirjautumisnimi-1.png 1681w\" sizes=\"auto, (max-width: 1024px) 100vw, 1024px\" \/><\/figure>\n\n\n\n<p>2. Klikkaa vasemmassa valikossa <strong>Kirjautumistiedot<\/strong> ja sen j\u00e4lkeen &#8221;Kirjautumisnimi&#8221;-kohdan alla <strong>Muokkaa<\/strong>.<\/p>\n\n\n\n<figure class=\"wp-block-image size-large\"><img loading=\"lazy\" decoding=\"async\" width=\"1024\" height=\"618\" src=\"https:\/\/www.zoner.fi\/tuki\/wp-content\/uploads\/2025\/06\/zoner-home-kirjautumisnimi-2-1024x618.png\" alt=\"\" class=\"wp-image-136412\" srcset=\"https:\/\/www.zoner.fi\/tuki\/wp-content\/uploads\/2025\/06\/zoner-home-kirjautumisnimi-2-1024x618.png 1024w, https:\/\/www.zoner.fi\/tuki\/wp-content\/uploads\/2025\/06\/zoner-home-kirjautumisnimi-2-300x181.png 300w, https:\/\/www.zoner.fi\/tuki\/wp-content\/uploads\/2025\/06\/zoner-home-kirjautumisnimi-2-768x464.png 768w, https:\/\/www.zoner.fi\/tuki\/wp-content\/uploads\/2025\/06\/zoner-home-kirjautumisnimi-2-1536x927.png 1536w, https:\/\/www.zoner.fi\/tuki\/wp-content\/uploads\/2025\/06\/zoner-home-kirjautumisnimi-2.png 1681w\" sizes=\"auto, (max-width: 1024px) 100vw, 1024px\" \/><\/figure>\n\n\n\n<p>3. Kirjoita kentt\u00e4\u00e4n haluamasi kirjautumisnimi, esim. s\u00e4hk\u00f6postiosoitteesi, ja klikkaa sen j\u00e4lkeen <strong>Tallenna<\/strong>.<\/p>\n\n\n\n<p>Jatkossa voit kirjautua sis\u00e4\u00e4n Zoner Homeen sy\u00f6tt\u00e4m\u00e4ll\u00e4 K\u00e4ytt\u00e4j\u00e4nimi-kohtaan t\u00e4ss\u00e4 m\u00e4\u00e4ritt\u00e4m\u00e4si kirjautumisnimen tai varsinaisen k\u00e4ytt\u00e4j\u00e4nimesi.<\/p>\n\n\n\n<figure class=\"wp-block-image size-large\"><img loading=\"lazy\" decoding=\"async\" width=\"1024\" height=\"618\" src=\"https:\/\/www.zoner.fi\/tuki\/wp-content\/uploads\/2025\/06\/zoner-home-kirjautumisnimi-3-1024x618.png\" alt=\"\" class=\"wp-image-136413\" srcset=\"https:\/\/www.zoner.fi\/tuki\/wp-content\/uploads\/2025\/06\/zoner-home-kirjautumisnimi-3-1024x618.png 1024w, https:\/\/www.zoner.fi\/tuki\/wp-content\/uploads\/2025\/06\/zoner-home-kirjautumisnimi-3-300x181.png 300w, https:\/\/www.zoner.fi\/tuki\/wp-content\/uploads\/2025\/06\/zoner-home-kirjautumisnimi-3-768x464.png 768w, https:\/\/www.zoner.fi\/tuki\/wp-content\/uploads\/2025\/06\/zoner-home-kirjautumisnimi-3-1536x927.png 1536w, https:\/\/www.zoner.fi\/tuki\/wp-content\/uploads\/2025\/06\/zoner-home-kirjautumisnimi-3.png 1681w\" sizes=\"auto, (max-width: 1024px) 100vw, 1024px\" \/><\/figure>\n\n\n\n<h2 class=\"wp-block-heading\" id=\"3\">Unohtunut salasana<\/h2>\n\n\n\n<ol class=\"wp-block-list\">\n<li>Siirry Zoner Homen kirjautumissivulle: <a href=\"https:\/\/home.zoner.fi\/\" target=\"_blank\" rel=\"noopener\">https:\/\/home.zoner.fi<\/a><\/li>\n\n\n\n<li>Klikkaa &#8221;<strong>Unohditko salasanasi?<\/strong>&#8221;<\/li>\n\n\n\n<li>Sy\u00f6t\u00e4 k\u00e4ytt\u00e4j\u00e4nimesi kentt\u00e4\u00e4n ja klikkaa sitten <strong>L\u00e4het\u00e4<\/strong>-painiketta. Saat hetken p\u00e4\u00e4st\u00e4 s\u00e4hk\u00f6postiisi viestin, jonka sis\u00e4lt\u00e4m\u00e4ll\u00e4 linkill\u00e4 voit luoda uuden salasanan.<\/li>\n<\/ol>\n\n\n\n<p><strong>Huom<\/strong>: Jos et muista k\u00e4ytt\u00e4j\u00e4nime\u00e4si, palauta se ensin <a href=\"#2\">yll\u00e4 olevan ohjeen mukaisesti<\/a>.<\/p>\n\n\n\n<figure class=\"wp-block-image size-full is-resized\"><img loading=\"lazy\" decoding=\"async\" width=\"818\" height=\"896\" src=\"https:\/\/www.zoner.fi\/tuki\/wp-content\/uploads\/2025\/04\/salasana.gif\" alt=\"\" class=\"wp-image-135752\" style=\"width:400px\"\/><\/figure>\n\n\n\n<h2 class=\"wp-block-heading\" id=\"4\">Salasanan luontilinkki vanhentunut<\/h2>\n\n\n\n<p>Jos s\u00e4hk\u00f6postiviestin Zoner Home -salasanan luontilinkki on ehtinyt vanhentua, voit l\u00e4hett\u00e4\u00e4 uuden linkin s\u00e4hk\u00f6postiisi helposti samalla tavalla, kuin ylemm\u00e4ss\u00e4 &#8221;<a href=\"#3\">Unohtunut salasana<\/a>&#8221; -ohjeessa. Jos et tied\u00e4 k\u00e4ytt\u00e4j\u00e4nime\u00e4si, voit ensin palauttaa sen kuten kohdassa <a href=\"#2\">Unohtunut k\u00e4ytt\u00e4j\u00e4nimi<\/a>.<\/p>\n\n\n\n<h2 class=\"wp-block-heading\">En saanut vahvistuskoodia tai viesti\u00e4 Zoner Home -tunnuksista<\/h2>\n\n\n\n<p>Jos vahvistuskoodia ei n\u00e4y, muista tarkistaa my\u00f6s s\u00e4hk\u00f6postisi roskapostikansio.<br>Voit l\u00e4hett\u00e4\u00e4 uuden koodin Vahvista-painikkeen alla olevasta &#8221;<strong>L\u00e4het\u00e4 koodi uudelleen<\/strong>&#8221; -linkist\u00e4.<\/p>\n\n\n\n<p id=\"5\">Jos et ole saanut s\u00e4hk\u00f6postiisi viesti\u00e4 Zoner Home -tunnusten luomisesta, tarkista aluksi, l\u00f6ytyyk\u00f6 se roskapostikansiosta. Sen j\u00e4lkeen:<\/p>\n\n\n\n<ul class=\"wp-block-list\">\n<li><strong>Jos olet palveluiden p\u00e4\u00e4k\u00e4ytt\u00e4j\u00e4<\/strong>, ota yhteytt\u00e4 asiakaspalveluumme saadaksesi linkin Zoner Home -tunnusten luomiseen.<\/li>\n\n\n\n<li><strong>Muussa tapauksessa<\/strong> pyyd\u00e4 palveluiden p\u00e4\u00e4k\u00e4ytt\u00e4j\u00e4\u00e4 luomaan sinulle <a href=\"https:\/\/www.zoner.fi\/tuki\/zoner-home\/miten-hallitsen-zoner-home-kayttajia\/\">Zoner Home -k\u00e4ytt\u00e4j\u00e4<\/a>. <\/li>\n<\/ul>\n\n\n\n<h2 class=\"wp-block-heading\">Lue my\u00f6s:<\/h2>\n\n\n\n<ul class=\"wp-block-list\">\n<li><a href=\"https:\/\/www.zoner.fi\/tuki\/zoner-home\/miten-kirjaudun-webhotelliini-zoner-homen-kautta\/\">Miten kirjaudun webhotelliin Zoner Homen kautta?<\/a><\/li>\n\n\n\n<li><a href=\"https:\/\/www.zoner.fi\/tuki\/zoner-home\/miten-vaihdan-zoner-home-salasanan\/\">Miten vaihdan Zoner Home -salasanan?<\/a><\/li>\n\n\n\n<li><a href=\"https:\/\/www.zoner.fi\/tuki\/zoner-home\/miten-otan-kayttoon-kaksivaiheisen-tunnistautumisen-zoner-homessa\/\">Miten otan k\u00e4ytt\u00f6\u00f6n kaksivaiheisen tunnistautumisen Zoner Homessa?<\/a><\/li>\n<\/ul>\n","protected":false},"excerpt":{"rendered":"<p>Kirjautuminen Zoner Home -hallintapaneeliin 4. Saat s\u00e4hk\u00f6postiisi vahvistuskoodin. Sy\u00f6t\u00e4 se Vahvistuskoodi-kentt\u00e4\u00e4n ja paina Vahvista. Jos vahvistuskoodia ei n\u00e4y, muista tarkistaa my\u00f6s s\u00e4hk\u00f6postisi roskapostikansio. Voit l\u00e4hett\u00e4\u00e4 uuden koodin Vahvista-painikkeen alla olevasta &#8221;L\u00e4het\u00e4 koodi uudelleen&#8221; -linkist\u00e4. Mik\u00e4li koodia ei l\u00f6ydy s\u00e4hk\u00f6postistasi eik\u00e4 uuden koodin l\u00e4hetys auta, otathan yhteytt\u00e4 asiakaspalveluumme. Unohtunut k\u00e4ytt\u00e4j\u00e4nimi \/ en tied\u00e4 k\u00e4ytt\u00e4j\u00e4nime\u00e4ni Jos olet &#8230; <a title=\"Miten kirjaudun Zoner Home -hallintapaneeliin\" class=\"read-more\" href=\"https:\/\/www.zoner.fi\/tuki\/zoner-home\/miten-kirjaudun-zoner-home-hallintapaneeliin\/\" aria-label=\"Lue lis\u00e4\u00e4 aiheesta Miten kirjaudun Zoner Home -hallintapaneeliin\">Lue lis\u00e4\u00e4<\/a><\/p>\n","protected":false},"author":20,"featured_media":0,"parent":131930,"menu_order":0,"comment_status":"closed","ping_status":"closed","template":"","meta":{"_relevanssi_hide_post":"","_relevanssi_hide_content":"","_relevanssi_pin_for_all":"","_relevanssi_pin_keywords":"","_relevanssi_unpin_keywords":"","_relevanssi_related_keywords":"","_relevanssi_related_include_ids":"","_relevanssi_related_exclude_ids":"","_relevanssi_related_no_append":"","_relevanssi_related_not_related":"","_relevanssi_related_posts":"130657,130722,130424,130498,130684,130935","_relevanssi_noindex_reason":"","footnotes":""},"categories":[115],"tags":[203],"wf_page_folders":[],"class_list":{"0":"post-131939","1":"page","2":"type-page","3":"status-publish","5":"category-oma-tili-ja-tilaukset","6":"tag-kirjautuminen"},"_links":{"self":[{"href":"https:\/\/www.zoner.fi\/tuki\/wp-json\/wp\/v2\/pages\/131939","targetHints":{"allow":["GET"]}}],"collection":[{"href":"https:\/\/www.zoner.fi\/tuki\/wp-json\/wp\/v2\/pages"}],"about":[{"href":"https:\/\/www.zoner.fi\/tuki\/wp-json\/wp\/v2\/types\/page"}],"author":[{"embeddable":true,"href":"https:\/\/www.zoner.fi\/tuki\/wp-json\/wp\/v2\/users\/20"}],"replies":[{"embeddable":true,"href":"https:\/\/www.zoner.fi\/tuki\/wp-json\/wp\/v2\/comments?post=131939"}],"version-history":[{"count":20,"href":"https:\/\/www.zoner.fi\/tuki\/wp-json\/wp\/v2\/pages\/131939\/revisions"}],"predecessor-version":[{"id":137371,"href":"https:\/\/www.zoner.fi\/tuki\/wp-json\/wp\/v2\/pages\/131939\/revisions\/137371"}],"up":[{"embeddable":true,"href":"https:\/\/www.zoner.fi\/tuki\/wp-json\/wp\/v2\/pages\/131930"}],"wp:attachment":[{"href":"https:\/\/www.zoner.fi\/tuki\/wp-json\/wp\/v2\/media?parent=131939"}],"wp:term":[{"taxonomy":"category","embeddable":true,"href":"https:\/\/www.zoner.fi\/tuki\/wp-json\/wp\/v2\/categories?post=131939"},{"taxonomy":"post_tag","embeddable":true,"href":"https:\/\/www.zoner.fi\/tuki\/wp-json\/wp\/v2\/tags?post=131939"},{"taxonomy":"wf_page_folders","embeddable":true,"href":"https:\/\/www.zoner.fi\/tuki\/wp-json\/wp\/v2\/wf_page_folders?post=131939"}],"curies":[{"name":"wp","href":"https:\/\/api.w.org\/{rel}","templated":true}]}}