{"id":131944,"date":"2024-05-10T14:46:22","date_gmt":"2024-05-10T11:46:22","guid":{"rendered":"https:\/\/www.zoner.fi\/tuki\/?page_id=131944"},"modified":"2025-09-17T09:59:30","modified_gmt":"2025-09-17T06:59:30","slug":"miten-vaihdan-zoner-home-salasanan","status":"publish","type":"page","link":"https:\/\/www.zoner.fi\/tuki\/zoner-home\/miten-vaihdan-zoner-home-salasanan\/","title":{"rendered":"Miten vaihdan Zoner Home -salasanan"},"content":{"rendered":"\n<p>T\u00e4ss\u00e4 ohjeessa kerromme, miten voit vaihtaa <a href=\"https:\/\/home.zoner.fi\/\" data-type=\"link\" data-id=\"https:\/\/home.zoner.fi\/\" target=\"_blank\" rel=\"noopener\">Zoner Home<\/a> -k\u00e4ytt\u00e4j\u00e4n salasanan.<\/p>\n\n\n\n<ul class=\"wp-block-list\">\n<li><a href=\"#1\">Salasanan vaihtaminen, kun vanha salasana on tiedossa<\/a><\/li>\n\n\n\n<li><a href=\"#2\">Salasanan vaihtaminen, kun vanha salasana ei ole tiedossa<\/a><\/li>\n\n\n\n<li><a href=\"#3\">K\u00e4ytt\u00e4j\u00e4nimi ei tiedossa<\/a><\/li>\n<\/ul>\n\n\n\n<h2 class=\"wp-block-heading\" id=\"1\">Salasanan vaihtaminen, kun vanha salasana on tiedossa<\/h2>\n\n\n\n<p>1. Kirjaudu Zoner Home -hallintapaneeliin osoitteessa <a href=\"https:\/\/home.zoner.fi\/\" target=\"_blank\" rel=\"noreferrer noopener\">https:\/\/home.zoner.fi<\/a>.<br>2. Klikkaa etusivun oikeasta yl\u00e4kulmasta l\u00f6ytyv\u00e4\u00e4 <strong>&#8221;Tili&#8221; -painiketta<\/strong>.<\/p>\n\n\n\n<figure class=\"wp-block-image size-large\"><img loading=\"lazy\" decoding=\"async\" width=\"1024\" height=\"249\" src=\"https:\/\/www.zoner.fi\/tuki\/wp-content\/uploads\/2024\/11\/zoner112-1024x249.jpg\" alt=\"\" class=\"wp-image-134754\" srcset=\"https:\/\/www.zoner.fi\/tuki\/wp-content\/uploads\/2024\/11\/zoner112-1024x249.jpg 1024w, https:\/\/www.zoner.fi\/tuki\/wp-content\/uploads\/2024\/11\/zoner112-300x73.jpg 300w, https:\/\/www.zoner.fi\/tuki\/wp-content\/uploads\/2024\/11\/zoner112-768x187.jpg 768w, https:\/\/www.zoner.fi\/tuki\/wp-content\/uploads\/2024\/11\/zoner112.jpg 1469w\" sizes=\"auto, (max-width: 1024px) 100vw, 1024px\" \/><\/figure>\n\n\n\n<p>3. Valitse aukeavasta sivuvalikosta <strong>Turvallisuus<\/strong>.<\/p>\n\n\n\n<figure class=\"wp-block-image size-full is-resized\"><img loading=\"lazy\" decoding=\"async\" width=\"372\" height=\"767\" src=\"https:\/\/www.zoner.fi\/tuki\/wp-content\/uploads\/2024\/05\/zoner005.jpg\" alt=\"\" class=\"wp-image-131947\" style=\"width:223px;height:auto\" srcset=\"https:\/\/www.zoner.fi\/tuki\/wp-content\/uploads\/2024\/05\/zoner005.jpg 372w, https:\/\/www.zoner.fi\/tuki\/wp-content\/uploads\/2024\/05\/zoner005-146x300.jpg 146w\" sizes=\"auto, (max-width: 372px) 100vw, 372px\" \/><\/figure>\n\n\n\n<p>4. T\u00e4yt\u00e4 vaaditut kent\u00e4t ja paina <strong>Tallenna <\/strong>ottaaksesi uuden salasanan k\u00e4ytt\u00f6\u00f6n.<\/p>\n\n\n\n<figure class=\"wp-block-image size-large\"><img loading=\"lazy\" decoding=\"async\" width=\"1024\" height=\"388\" src=\"https:\/\/www.zoner.fi\/tuki\/wp-content\/uploads\/2024\/05\/zoner006-1024x388.jpg\" alt=\"\" class=\"wp-image-131948\" srcset=\"https:\/\/www.zoner.fi\/tuki\/wp-content\/uploads\/2024\/05\/zoner006-1024x388.jpg 1024w, https:\/\/www.zoner.fi\/tuki\/wp-content\/uploads\/2024\/05\/zoner006-300x114.jpg 300w, https:\/\/www.zoner.fi\/tuki\/wp-content\/uploads\/2024\/05\/zoner006-768x291.jpg 768w, https:\/\/www.zoner.fi\/tuki\/wp-content\/uploads\/2024\/05\/zoner006.jpg 1288w\" sizes=\"auto, (max-width: 1024px) 100vw, 1024px\" \/><\/figure>\n\n\n\n<h2 class=\"wp-block-heading\" id=\"2\">Salasanan vaihtaminen, kun vanha salasana ei ole tiedossa<\/h2>\n\n\n\n<p>1. Mene Zoner Homen kirjautumissivulle: <a href=\"https:\/\/home.zoner.fi\/\" target=\"_blank\" rel=\"noreferrer noopener\">https:\/\/home.zoner.fi<\/a>.<br>2. Klikkaa linkki\u00e4 <strong>Unohditko salasanasi?<\/strong>.<\/p>\n\n\n\n<figure class=\"wp-block-image size-full\"><img loading=\"lazy\" decoding=\"async\" width=\"413\" height=\"444\" src=\"https:\/\/www.zoner.fi\/tuki\/wp-content\/uploads\/2024\/05\/zoner007.jpg\" alt=\"\" class=\"wp-image-131949\" srcset=\"https:\/\/www.zoner.fi\/tuki\/wp-content\/uploads\/2024\/05\/zoner007.jpg 413w, https:\/\/www.zoner.fi\/tuki\/wp-content\/uploads\/2024\/05\/zoner007-279x300.jpg 279w\" sizes=\"auto, (max-width: 413px) 100vw, 413px\" \/><\/figure>\n\n\n\n<p>Kirjoita k\u00e4ytt\u00e4j\u00e4nimesi, niin l\u00e4het\u00e4mme s\u00e4hk\u00f6postiisi salasanan palautuslinkin, jolla voit valita uuden salasanan.<\/p>\n\n\n\n<h2 class=\"wp-block-heading\" id=\"3\">K\u00e4ytt\u00e4j\u00e4nimi ei tiedossa<\/h2>\n\n\n\n<p>Mene Zoner Homen kirjautumissivulle: <a href=\"https:\/\/home.zoner.fi\/\" target=\"_blank\" rel=\"noreferrer noopener\">https:\/\/home.zoner.fi<\/a>.<br>Klikkaa ensin &#8221;<strong>Unohditko salasanasi?<\/strong>&#8221;.<br>Seuraavalla sivulla klikkaa painiketta <strong>Unohditko k\u00e4ytt\u00e4j\u00e4nimesi?<\/strong><\/p>\n\n\n\n<figure class=\"wp-block-image size-full\"><img loading=\"lazy\" decoding=\"async\" width=\"412\" height=\"412\" src=\"https:\/\/www.zoner.fi\/tuki\/wp-content\/uploads\/2024\/05\/zoner008.jpg\" alt=\"\" class=\"wp-image-131950\" srcset=\"https:\/\/www.zoner.fi\/tuki\/wp-content\/uploads\/2024\/05\/zoner008.jpg 412w, https:\/\/www.zoner.fi\/tuki\/wp-content\/uploads\/2024\/05\/zoner008-300x300.jpg 300w, https:\/\/www.zoner.fi\/tuki\/wp-content\/uploads\/2024\/05\/zoner008-150x150.jpg 150w\" sizes=\"auto, (max-width: 412px) 100vw, 412px\" \/><\/figure>\n\n\n\n<p>Kirjoita s\u00e4hk\u00f6postiosoitteesi, niin l\u00e4het\u00e4mme sinulle s\u00e4hk\u00f6postitse k\u00e4ytt\u00e4j\u00e4nimesi.<\/p>\n","protected":false},"excerpt":{"rendered":"<p>T\u00e4ss\u00e4 ohjeessa kerromme, miten voit vaihtaa Zoner Home -k\u00e4ytt\u00e4j\u00e4n salasanan. Salasanan vaihtaminen, kun vanha salasana on tiedossa 1. Kirjaudu Zoner Home -hallintapaneeliin osoitteessa https:\/\/home.zoner.fi.2. Klikkaa etusivun oikeasta yl\u00e4kulmasta l\u00f6ytyv\u00e4\u00e4 &#8221;Tili&#8221; -painiketta. 3. Valitse aukeavasta sivuvalikosta Turvallisuus. 4. T\u00e4yt\u00e4 vaaditut kent\u00e4t ja paina Tallenna ottaaksesi uuden salasanan k\u00e4ytt\u00f6\u00f6n. Salasanan vaihtaminen, kun vanha salasana ei ole tiedossa &#8230; <a title=\"Miten vaihdan Zoner Home -salasanan\" class=\"read-more\" href=\"https:\/\/www.zoner.fi\/tuki\/zoner-home\/miten-vaihdan-zoner-home-salasanan\/\" aria-label=\"Lue lis\u00e4\u00e4 aiheesta Miten vaihdan Zoner Home -salasanan\">Lue lis\u00e4\u00e4<\/a><\/p>\n","protected":false},"author":20,"featured_media":0,"parent":131930,"menu_order":0,"comment_status":"closed","ping_status":"closed","template":"","meta":{"_relevanssi_hide_post":"","_relevanssi_hide_content":"","_relevanssi_pin_for_all":"","_relevanssi_pin_keywords":"","_relevanssi_unpin_keywords":"","_relevanssi_related_keywords":"","_relevanssi_related_include_ids":"","_relevanssi_related_exclude_ids":"","_relevanssi_related_no_append":"","_relevanssi_related_not_related":"","_relevanssi_related_posts":"130464,130553,130526,130498,131892,131506","_relevanssi_noindex_reason":"","footnotes":""},"categories":[115],"tags":[203,204],"wf_page_folders":[],"class_list":{"0":"post-131944","1":"page","2":"type-page","3":"status-publish","5":"category-oma-tili-ja-tilaukset","6":"tag-kirjautuminen","7":"tag-omat-tiedot"},"_links":{"self":[{"href":"https:\/\/www.zoner.fi\/tuki\/wp-json\/wp\/v2\/pages\/131944","targetHints":{"allow":["GET"]}}],"collection":[{"href":"https:\/\/www.zoner.fi\/tuki\/wp-json\/wp\/v2\/pages"}],"about":[{"href":"https:\/\/www.zoner.fi\/tuki\/wp-json\/wp\/v2\/types\/page"}],"author":[{"embeddable":true,"href":"https:\/\/www.zoner.fi\/tuki\/wp-json\/wp\/v2\/users\/20"}],"replies":[{"embeddable":true,"href":"https:\/\/www.zoner.fi\/tuki\/wp-json\/wp\/v2\/comments?post=131944"}],"version-history":[{"count":8,"href":"https:\/\/www.zoner.fi\/tuki\/wp-json\/wp\/v2\/pages\/131944\/revisions"}],"predecessor-version":[{"id":137368,"href":"https:\/\/www.zoner.fi\/tuki\/wp-json\/wp\/v2\/pages\/131944\/revisions\/137368"}],"up":[{"embeddable":true,"href":"https:\/\/www.zoner.fi\/tuki\/wp-json\/wp\/v2\/pages\/131930"}],"wp:attachment":[{"href":"https:\/\/www.zoner.fi\/tuki\/wp-json\/wp\/v2\/media?parent=131944"}],"wp:term":[{"taxonomy":"category","embeddable":true,"href":"https:\/\/www.zoner.fi\/tuki\/wp-json\/wp\/v2\/categories?post=131944"},{"taxonomy":"post_tag","embeddable":true,"href":"https:\/\/www.zoner.fi\/tuki\/wp-json\/wp\/v2\/tags?post=131944"},{"taxonomy":"wf_page_folders","embeddable":true,"href":"https:\/\/www.zoner.fi\/tuki\/wp-json\/wp\/v2\/wf_page_folders?post=131944"}],"curies":[{"name":"wp","href":"https:\/\/api.w.org\/{rel}","templated":true}]}}