{"id":131968,"date":"2024-05-06T15:22:27","date_gmt":"2024-05-06T12:22:27","guid":{"rendered":"https:\/\/www.zoner.fi\/tuki\/?page_id=131968"},"modified":"2025-09-17T10:01:07","modified_gmt":"2025-09-17T07:01:07","slug":"miten-irtisanon-palveluni","status":"publish","type":"page","link":"https:\/\/www.zoner.fi\/tuki\/zoner-home\/miten-irtisanon-palveluni\/","title":{"rendered":"Miten irtisanon palveluni"},"content":{"rendered":"\n<p>T\u00e4ss\u00e4 ohjeessa kerromme, miten voit irtisanoa palvelusi <a href=\"https:\/\/home.zoner.fi\/\" data-type=\"link\" data-id=\"https:\/\/home.zoner.fi\/\" target=\"_blank\" rel=\"noopener\">Zoner Homessa<\/a>.<\/p>\n\n\n\n<h2 class=\"wp-block-heading\">Irtisanominen<\/h2>\n\n\n\n<p>1. Kirjaudu Zoner Homeen.<br>2. Klikkaa etusivun oikeasta yl\u00e4kulmasta l\u00f6ytyv\u00e4\u00e4 profiilipainiketta.<\/p>\n\n\n\n<figure class=\"wp-block-image size-large\"><img loading=\"lazy\" decoding=\"async\" width=\"1024\" height=\"419\" src=\"https:\/\/www.zoner.fi\/tuki\/wp-content\/uploads\/2024\/05\/zoner003-1-1024x419.jpg\" alt=\"\" class=\"wp-image-131969\" srcset=\"https:\/\/www.zoner.fi\/tuki\/wp-content\/uploads\/2024\/05\/zoner003-1-1024x419.jpg 1024w, https:\/\/www.zoner.fi\/tuki\/wp-content\/uploads\/2024\/05\/zoner003-1-300x123.jpg 300w, https:\/\/www.zoner.fi\/tuki\/wp-content\/uploads\/2024\/05\/zoner003-1-768x314.jpg 768w, https:\/\/www.zoner.fi\/tuki\/wp-content\/uploads\/2024\/05\/zoner003-1-1536x629.jpg 1536w, https:\/\/www.zoner.fi\/tuki\/wp-content\/uploads\/2024\/05\/zoner003-1.jpg 1637w\" sizes=\"auto, (max-width: 1024px) 100vw, 1024px\" \/><\/figure>\n\n\n\n<p>3. Valitse aukeavasta sivuvalikosta <strong>Sopimukset<\/strong>.<\/p>\n\n\n\n<figure class=\"wp-block-image size-full is-resized\"><img loading=\"lazy\" decoding=\"async\" width=\"372\" height=\"767\" src=\"https:\/\/www.zoner.fi\/tuki\/wp-content\/uploads\/2024\/05\/zoner020.jpg\" alt=\"\" class=\"wp-image-131970\" style=\"width:225px\" srcset=\"https:\/\/www.zoner.fi\/tuki\/wp-content\/uploads\/2024\/05\/zoner020.jpg 372w, https:\/\/www.zoner.fi\/tuki\/wp-content\/uploads\/2024\/05\/zoner020-146x300.jpg 146w\" sizes=\"auto, (max-width: 372px) 100vw, 372px\" \/><\/figure>\n\n\n\n<p>4. Valitse sopimus, jonka haluat irtisanoa, ja valitse sen kohdalta <strong>Irtisano sopimus<\/strong>.<\/p>\n\n\n\n<figure class=\"wp-block-image size-large\"><img loading=\"lazy\" decoding=\"async\" width=\"1024\" height=\"446\" src=\"https:\/\/www.zoner.fi\/tuki\/wp-content\/uploads\/2024\/05\/zoner022-1024x446.jpg\" alt=\"\" class=\"wp-image-131971\" srcset=\"https:\/\/www.zoner.fi\/tuki\/wp-content\/uploads\/2024\/05\/zoner022-1024x446.jpg 1024w, https:\/\/www.zoner.fi\/tuki\/wp-content\/uploads\/2024\/05\/zoner022-300x131.jpg 300w, https:\/\/www.zoner.fi\/tuki\/wp-content\/uploads\/2024\/05\/zoner022-768x334.jpg 768w, https:\/\/www.zoner.fi\/tuki\/wp-content\/uploads\/2024\/05\/zoner022.jpg 1482w\" sizes=\"auto, (max-width: 1024px) 100vw, 1024px\" \/><\/figure>\n\n\n\n<p>5. Irtisanomissivulla valitse pudotusvalikosta sopimuksen p\u00e4\u00e4ttymisp\u00e4iv\u00e4 sek\u00e4 irtisanomisen syy. Kommenttikentt\u00e4\u00e4n voit kirjoittaa lis\u00e4tietoa irtisanomisesta tai antaa meille palautetta.<br><br>T\u00e4ytetty\u00e4si kent\u00e4t voit vahvistaa irtisanomisen napsauttamalla <strong>Vahvista<\/strong>-painiketta.<\/p>\n\n\n\n<figure class=\"wp-block-image size-large\"><img loading=\"lazy\" decoding=\"async\" width=\"1024\" height=\"328\" src=\"https:\/\/www.zoner.fi\/tuki\/wp-content\/uploads\/2024\/05\/zoner023-1024x328.jpg\" alt=\"\" class=\"wp-image-131972\" srcset=\"https:\/\/www.zoner.fi\/tuki\/wp-content\/uploads\/2024\/05\/zoner023-1024x328.jpg 1024w, https:\/\/www.zoner.fi\/tuki\/wp-content\/uploads\/2024\/05\/zoner023-300x96.jpg 300w, https:\/\/www.zoner.fi\/tuki\/wp-content\/uploads\/2024\/05\/zoner023-768x246.jpg 768w, https:\/\/www.zoner.fi\/tuki\/wp-content\/uploads\/2024\/05\/zoner023.jpg 1143w\" sizes=\"auto, (max-width: 1024px) 100vw, 1024px\" \/><\/figure>\n\n\n\n<p>Kun irtisanot hosting-palvelun, siihen sis\u00e4ltyv\u00e4 verkkotunnus irtisanotaan samalla. Mik\u00e4li haluat pit\u00e4\u00e4 verkkotunnustilauksen aktiivisena, ota yhteytt\u00e4 <a href=\"https:\/\/www.zoner.fi\/tuki\/\" data-type=\"link\" data-id=\"https:\/\/www.zoner.fi\/tuki\/\">asiakaspalveluumme<\/a>.<\/p>\n\n\n\n<h2 class=\"wp-block-heading\">Tyytyv\u00e4isyystakuu<\/h2>\n\n\n\n<p>Mik\u00e4li haluat perua tilauksesi tyytyv\u00e4isyystakuun nojalla, ota yhteytt\u00e4 laskutukseemme s\u00e4hk\u00f6postitse laskutus@zoner.fi.<br><br>Tarkempaa tietoa peruutusoikeudesta l\u00f6yd\u00e4t <a href=\"https:\/\/www.zoner.fi\/meista\/sopimusehdot\/\">sopimusehdoistamme<\/a>.<br><\/p>\n","protected":false},"excerpt":{"rendered":"<p>T\u00e4ss\u00e4 ohjeessa kerromme, miten voit irtisanoa palvelusi Zoner Homessa. Irtisanominen 1. Kirjaudu Zoner Homeen.2. Klikkaa etusivun oikeasta yl\u00e4kulmasta l\u00f6ytyv\u00e4\u00e4 profiilipainiketta. 3. Valitse aukeavasta sivuvalikosta Sopimukset. 4. Valitse sopimus, jonka haluat irtisanoa, ja valitse sen kohdalta Irtisano sopimus. 5. Irtisanomissivulla valitse pudotusvalikosta sopimuksen p\u00e4\u00e4ttymisp\u00e4iv\u00e4 sek\u00e4 irtisanomisen syy. Kommenttikentt\u00e4\u00e4n voit kirjoittaa lis\u00e4tietoa irtisanomisesta tai antaa meille palautetta. &#8230; <a title=\"Miten irtisanon palveluni\" class=\"read-more\" href=\"https:\/\/www.zoner.fi\/tuki\/zoner-home\/miten-irtisanon-palveluni\/\" aria-label=\"Lue lis\u00e4\u00e4 aiheesta Miten irtisanon palveluni\">Lue lis\u00e4\u00e4<\/a><\/p>\n","protected":false},"author":20,"featured_media":0,"parent":131930,"menu_order":0,"comment_status":"closed","ping_status":"closed","template":"","meta":{"_relevanssi_hide_post":"","_relevanssi_hide_content":"","_relevanssi_pin_for_all":"","_relevanssi_pin_keywords":"","_relevanssi_unpin_keywords":"","_relevanssi_related_keywords":"","_relevanssi_related_include_ids":"","_relevanssi_related_exclude_ids":"","_relevanssi_related_no_append":"","_relevanssi_related_not_related":"","_relevanssi_related_posts":"130667,130964,131888,130498,130657,130397","_relevanssi_noindex_reason":"","footnotes":""},"categories":[115],"tags":[205],"wf_page_folders":[],"class_list":{"0":"post-131968","1":"page","2":"type-page","3":"status-publish","5":"category-oma-tili-ja-tilaukset","6":"tag-tilaukset"},"_links":{"self":[{"href":"https:\/\/www.zoner.fi\/tuki\/wp-json\/wp\/v2\/pages\/131968","targetHints":{"allow":["GET"]}}],"collection":[{"href":"https:\/\/www.zoner.fi\/tuki\/wp-json\/wp\/v2\/pages"}],"about":[{"href":"https:\/\/www.zoner.fi\/tuki\/wp-json\/wp\/v2\/types\/page"}],"author":[{"embeddable":true,"href":"https:\/\/www.zoner.fi\/tuki\/wp-json\/wp\/v2\/users\/20"}],"replies":[{"embeddable":true,"href":"https:\/\/www.zoner.fi\/tuki\/wp-json\/wp\/v2\/comments?post=131968"}],"version-history":[{"count":11,"href":"https:\/\/www.zoner.fi\/tuki\/wp-json\/wp\/v2\/pages\/131968\/revisions"}],"predecessor-version":[{"id":137370,"href":"https:\/\/www.zoner.fi\/tuki\/wp-json\/wp\/v2\/pages\/131968\/revisions\/137370"}],"up":[{"embeddable":true,"href":"https:\/\/www.zoner.fi\/tuki\/wp-json\/wp\/v2\/pages\/131930"}],"wp:attachment":[{"href":"https:\/\/www.zoner.fi\/tuki\/wp-json\/wp\/v2\/media?parent=131968"}],"wp:term":[{"taxonomy":"category","embeddable":true,"href":"https:\/\/www.zoner.fi\/tuki\/wp-json\/wp\/v2\/categories?post=131968"},{"taxonomy":"post_tag","embeddable":true,"href":"https:\/\/www.zoner.fi\/tuki\/wp-json\/wp\/v2\/tags?post=131968"},{"taxonomy":"wf_page_folders","embeddable":true,"href":"https:\/\/www.zoner.fi\/tuki\/wp-json\/wp\/v2\/wf_page_folders?post=131968"}],"curies":[{"name":"wp","href":"https:\/\/api.w.org\/{rel}","templated":true}]}}