{"id":131999,"date":"2024-05-06T15:02:12","date_gmt":"2024-05-06T12:02:12","guid":{"rendered":"https:\/\/www.zoner.fi\/tuki\/?page_id=131999"},"modified":"2025-10-24T12:03:39","modified_gmt":"2025-10-24T09:03:39","slug":"miten-muokkaan-dns-tietueita","status":"publish","type":"page","link":"https:\/\/www.zoner.fi\/tuki\/zoner-home\/miten-muokkaan-dns-tietueita\/","title":{"rendered":"Miten muokkaan DNS-tietueita Zoner Homessa"},"content":{"rendered":"\n<p>T\u00e4ss\u00e4 ohjeessa kerromme, miten voit muokata DNS-tietueita <a href=\"https:\/\/home.zoner.fi\/\" data-type=\"link\" data-id=\"https:\/\/home.zoner.fi\/\" target=\"_blank\" rel=\"noopener\">Zoner Homessa<\/a>.<\/p>\n\n\n\n<p>1. Kirjaudu Zoner Homeen.<br>2. Klikkaa etusivun yl\u00e4reunassa linkki\u00e4 <strong>Omat tuotteet<\/strong>.<\/p>\n\n\n\n<figure class=\"wp-block-image size-large\"><img loading=\"lazy\" decoding=\"async\" width=\"1024\" height=\"724\" src=\"https:\/\/www.zoner.fi\/tuki\/wp-content\/uploads\/2025\/01\/dns-1-1-1024x724.png\" alt=\"Kuvakaappaus Zoner Home -hallintapaneelista\" class=\"wp-image-135007\" srcset=\"https:\/\/www.zoner.fi\/tuki\/wp-content\/uploads\/2025\/01\/dns-1-1-1024x724.png 1024w, https:\/\/www.zoner.fi\/tuki\/wp-content\/uploads\/2025\/01\/dns-1-1-300x212.png 300w, https:\/\/www.zoner.fi\/tuki\/wp-content\/uploads\/2025\/01\/dns-1-1-768x543.png 768w, https:\/\/www.zoner.fi\/tuki\/wp-content\/uploads\/2025\/01\/dns-1-1.png 1504w\" sizes=\"auto, (max-width: 1024px) 100vw, 1024px\" \/><\/figure>\n\n\n\n<p>3. Paina verkkotunnuksen oikealta puolelta l\u00f6ytyv\u00e4\u00e4 painiketta, jossa on kolme pistett\u00e4.<\/p>\n\n\n\n<figure class=\"wp-block-image size-large\"><img loading=\"lazy\" decoding=\"async\" width=\"1024\" height=\"724\" src=\"https:\/\/www.zoner.fi\/tuki\/wp-content\/uploads\/2025\/01\/dns-2-1024x724.png\" alt=\"Kuvakaappaus Zoner Home -hallintapaneelista\" class=\"wp-image-135009\" srcset=\"https:\/\/www.zoner.fi\/tuki\/wp-content\/uploads\/2025\/01\/dns-2-1024x724.png 1024w, https:\/\/www.zoner.fi\/tuki\/wp-content\/uploads\/2025\/01\/dns-2-300x212.png 300w, https:\/\/www.zoner.fi\/tuki\/wp-content\/uploads\/2025\/01\/dns-2-768x543.png 768w, https:\/\/www.zoner.fi\/tuki\/wp-content\/uploads\/2025\/01\/dns-2.png 1504w\" sizes=\"auto, (max-width: 1024px) 100vw, 1024px\" \/><\/figure>\n\n\n\n<p>4. Napsauta vasempaan valikkoon ilmestynytt\u00e4 kohtaa <strong>DNS<\/strong>.<\/p>\n\n\n\n<figure class=\"wp-block-image size-large\"><img loading=\"lazy\" decoding=\"async\" width=\"1024\" height=\"724\" src=\"https:\/\/www.zoner.fi\/tuki\/wp-content\/uploads\/2025\/01\/dns-3-1024x724.png\" alt=\"Kuvakaappaus Zoner Home -hallintapaneelista\" class=\"wp-image-135010\" srcset=\"https:\/\/www.zoner.fi\/tuki\/wp-content\/uploads\/2025\/01\/dns-3-1024x724.png 1024w, https:\/\/www.zoner.fi\/tuki\/wp-content\/uploads\/2025\/01\/dns-3-300x212.png 300w, https:\/\/www.zoner.fi\/tuki\/wp-content\/uploads\/2025\/01\/dns-3-768x543.png 768w, https:\/\/www.zoner.fi\/tuki\/wp-content\/uploads\/2025\/01\/dns-3.png 1504w\" sizes=\"auto, (max-width: 1024px) 100vw, 1024px\" \/><\/figure>\n\n\n\n<p>5. Voit lis\u00e4t\u00e4 uuden tietueen <strong>+ Uusi tietue<\/strong> -painikkeesta. Kun olet tehnyt haluamasi muutokset, paina <strong>Tallenna<\/strong>.<br><br><strong>Kun lis\u00e4\u00e4t uuden tietueen, tulee Nimi-kentt\u00e4 tulee j\u00e4tt\u00e4\u00e4 tyhj\u00e4ksi.<\/strong> On mahdollista, ett\u00e4 olet saanut ohjeistuksen k\u00e4ytt\u00e4\u00e4 @ -merkki\u00e4 viittamaan juuridomainiin, j\u00e4t\u00e4 kuitenkin Zonerin DNS palvelussa Nimi-kentt\u00e4 tyhj\u00e4ksi, jotta ohjaus muodostuu oikein.<br><br>Jos Nimi-kent\u00e4\u00e4n kirjoittaa domainin (esim. zoner.fi), niin tietueen nimeksi tulee &#8221;zoner.fi.zoner.fi&#8221;<\/p>\n\n\n\n<p>Olemassa olevan tietueen oikealta puolelta l\u00f6ytyv\u00e4st\u00e4 valikosta voit muokata tai poistaa tietueen.<\/p>\n\n\n\n<figure class=\"wp-block-image size-large\"><img loading=\"lazy\" decoding=\"async\" width=\"1024\" height=\"134\" src=\"https:\/\/www.zoner.fi\/tuki\/wp-content\/uploads\/2024\/05\/zoner028-1024x134.jpg\" alt=\"Kuvakaappaus Zoner Home -hallintapaneelista\" class=\"wp-image-132017\" srcset=\"https:\/\/www.zoner.fi\/tuki\/wp-content\/uploads\/2024\/05\/zoner028-1024x134.jpg 1024w, https:\/\/www.zoner.fi\/tuki\/wp-content\/uploads\/2024\/05\/zoner028-300x39.jpg 300w, https:\/\/www.zoner.fi\/tuki\/wp-content\/uploads\/2024\/05\/zoner028-768x101.jpg 768w, https:\/\/www.zoner.fi\/tuki\/wp-content\/uploads\/2024\/05\/zoner028.jpg 1044w\" sizes=\"auto, (max-width: 1024px) 100vw, 1024px\" \/><\/figure>\n\n\n\n<p><strong>Aliverkkotunnusta lis\u00e4tt\u00e4ess\u00e4 Nimi-kentt\u00e4\u00e4n tulee m\u00e4\u00e4ritt\u00e4\u00e4 aliverkkotunnus ilman juuriosoitetta, esim. jos aliverkkotunnus olisi ali.zoner.fi tulisi kentt\u00e4\u00e4n &#8221;ali&#8221; ilman &#8221;.zoner.fi&#8221;-loppuosaa.<\/strong><\/p>\n\n\n\n<p><strong>Tietueet, joiden kohdalla ei ole valikkopainiketta, ovat oletustietueita, joita ei voi muokata tai poistaa.<\/strong><\/p>\n\n\n\n<p><\/p>\n\n\n\n<p><strong>Yleisi\u00e4 tietueita<\/strong><\/p>\n\n\n\n<p><strong>A tietue&nbsp;<\/strong>(Address record)<\/p>\n\n\n\n<p>A tietueella ohjataan verkkotunnuksen, tai sen alidomainin, liikenne haluttuun&nbsp;<strong>IP-osoitteeseen<\/strong>.<\/p>\n\n\n\n<p><strong>CNAME<\/strong>&nbsp;(Canonical Name record)<br>CNAME ohjaa verkkotunnuksen alidomainin liikenteen johonkin toiseen verkkotunnukseen tai sen alidomainiin.<br>Huomionarvoista on, ett\u00e4 esimerkiksi www. (esim. www.omadomain.fi) lasketaan aliverkkotunnukseksi, jonka liikenteen voisi ohjata vaikkapa yrityksendomain.fi osoitteeseen, mutta omadomain.fi verkkotunnuksen liikennett\u00e4, ilman www -etuliitett\u00e4, ei pysty ohjaamaan CNAME tietueella.<br>Toisin kuin A-tietueet, CNAME-tietue ei voi ohjata suoraan johonkin IP-osoitteeseen.<\/p>\n\n\n\n<p><strong>MX-tietue<\/strong>&nbsp;(Mail Exchanger record)<br>MX-tietueet liittyv\u00e4t oleellisesti verkkotunnukseen liitettyihin s\u00e4hk\u00f6posteihin. MX-tietueiden tarkoitus on siis ohjata s\u00e4hk\u00f6postiliikenne haluttuun palveluun.<br>Hyvin yleinen harhaluulo on, ett\u00e4 verkkotunnuksen s\u00e4hk\u00f6postipalveluiden t\u00e4ytyy sijaita samalla palveluntarjoajalla, kuin verkkotunnus tai esimerkiksi muu webhotelli. N\u00e4in ei kuitenkaan ole, ja MX-tietueiden avulla on mahdollista hankkia s\u00e4hk\u00f6postipalvelut mist\u00e4 tahansa halutusta palvelusta.<\/p>\n\n\n\n<p><strong>TXT tietue<\/strong>&nbsp;(Text record)<br>TXT tietue on nimenomaisesti teksti\u00e4, joka voidaan lis\u00e4t\u00e4 verkkotunnuksen DNS tietoihin. T\u00e4m\u00e4n lis\u00e4tyn tekstin pohjalta voidaan hy\u00f6dynt\u00e4\u00e4 esimerkiksi erilaisia varmennuksia ulkoisista palveluista. Tekstitietue kirjoitetaan usein \u201d \u201d eli lainausmerkkien v\u00e4liin, erityisesti mik\u00e4li sen sis\u00e4ll\u00e4 on v\u00e4lily\u00f6ntej\u00e4. Verkkotunnuksella voi olla samanaikaisesti useampia eri TXT tietueita k\u00e4yt\u00f6ss\u00e4.<\/p>\n","protected":false},"excerpt":{"rendered":"<p>T\u00e4ss\u00e4 ohjeessa kerromme, miten voit muokata DNS-tietueita Zoner Homessa. 1. Kirjaudu Zoner Homeen.2. Klikkaa etusivun yl\u00e4reunassa linkki\u00e4 Omat tuotteet. 3. Paina verkkotunnuksen oikealta puolelta l\u00f6ytyv\u00e4\u00e4 painiketta, jossa on kolme pistett\u00e4. 4. Napsauta vasempaan valikkoon ilmestynytt\u00e4 kohtaa DNS. 5. Voit lis\u00e4t\u00e4 uuden tietueen + Uusi tietue -painikkeesta. Kun olet tehnyt haluamasi muutokset, paina Tallenna. Kun lis\u00e4\u00e4t &#8230; <a title=\"Miten muokkaan DNS-tietueita Zoner Homessa\" class=\"read-more\" href=\"https:\/\/www.zoner.fi\/tuki\/zoner-home\/miten-muokkaan-dns-tietueita\/\" aria-label=\"Lue lis\u00e4\u00e4 aiheesta Miten muokkaan DNS-tietueita Zoner Homessa\">Lue lis\u00e4\u00e4<\/a><\/p>\n","protected":false},"author":20,"featured_media":0,"parent":131930,"menu_order":0,"comment_status":"closed","ping_status":"closed","template":"","meta":{"_relevanssi_hide_post":"","_relevanssi_hide_content":"","_relevanssi_pin_for_all":"","_relevanssi_pin_keywords":"","_relevanssi_unpin_keywords":"","_relevanssi_related_keywords":"","_relevanssi_related_include_ids":"","_relevanssi_related_exclude_ids":"","_relevanssi_related_no_append":"","_relevanssi_related_not_related":"","_relevanssi_related_posts":"131384,130397,131506,130515,1076,131550","_relevanssi_noindex_reason":"","footnotes":""},"categories":[210],"tags":[207],"wf_page_folders":[],"class_list":{"0":"post-131999","1":"page","2":"type-page","3":"status-publish","5":"category-zoner-home-verkkotunnus","6":"tag-dns"},"_links":{"self":[{"href":"https:\/\/www.zoner.fi\/tuki\/wp-json\/wp\/v2\/pages\/131999","targetHints":{"allow":["GET"]}}],"collection":[{"href":"https:\/\/www.zoner.fi\/tuki\/wp-json\/wp\/v2\/pages"}],"about":[{"href":"https:\/\/www.zoner.fi\/tuki\/wp-json\/wp\/v2\/types\/page"}],"author":[{"embeddable":true,"href":"https:\/\/www.zoner.fi\/tuki\/wp-json\/wp\/v2\/users\/20"}],"replies":[{"embeddable":true,"href":"https:\/\/www.zoner.fi\/tuki\/wp-json\/wp\/v2\/comments?post=131999"}],"version-history":[{"count":12,"href":"https:\/\/www.zoner.fi\/tuki\/wp-json\/wp\/v2\/pages\/131999\/revisions"}],"predecessor-version":[{"id":137884,"href":"https:\/\/www.zoner.fi\/tuki\/wp-json\/wp\/v2\/pages\/131999\/revisions\/137884"}],"up":[{"embeddable":true,"href":"https:\/\/www.zoner.fi\/tuki\/wp-json\/wp\/v2\/pages\/131930"}],"wp:attachment":[{"href":"https:\/\/www.zoner.fi\/tuki\/wp-json\/wp\/v2\/media?parent=131999"}],"wp:term":[{"taxonomy":"category","embeddable":true,"href":"https:\/\/www.zoner.fi\/tuki\/wp-json\/wp\/v2\/categories?post=131999"},{"taxonomy":"post_tag","embeddable":true,"href":"https:\/\/www.zoner.fi\/tuki\/wp-json\/wp\/v2\/tags?post=131999"},{"taxonomy":"wf_page_folders","embeddable":true,"href":"https:\/\/www.zoner.fi\/tuki\/wp-json\/wp\/v2\/wf_page_folders?post=131999"}],"curies":[{"name":"wp","href":"https:\/\/api.w.org\/{rel}","templated":true}]}}