{"id":132103,"date":"2024-05-16T14:27:02","date_gmt":"2024-05-16T11:27:02","guid":{"rendered":"https:\/\/www.zoner.fi\/tuki\/?page_id=132103"},"modified":"2025-11-12T15:37:23","modified_gmt":"2025-11-12T13:37:23","slug":"miten-lisaan-spf-tietueen-zoner-homessa","status":"publish","type":"page","link":"https:\/\/www.zoner.fi\/tuki\/sahkopostiohjeet\/zoner-home\/miten-lisaan-spf-tietueen-zoner-homessa\/","title":{"rendered":"Miten lis\u00e4\u00e4n SPF-tietueen Zoner Homessa"},"content":{"rendered":"\n<p>T\u00e4ss\u00e4 ohjeessa kerromme, miten voit lis\u00e4t\u00e4 SPF-tietueen verkkotunnuksellesi Zoner Home -hallintapaneelissa. Tarkempaa tietoa nimipalvelimista ja DNS-tietueista l\u00f6yd\u00e4t <a href=\"https:\/\/www.zoner.fi\/verkkotunnus\/dns-hallinta\/\" data-type=\"link\" data-id=\"https:\/\/www.zoner.fi\/verkkotunnus\/dns-hallinta\/\">t\u00e4\u00e4lt\u00e4<\/a>.<\/p>\n\n\n\n<p><strong>Lue my\u00f6s: <\/strong><a href=\"https:\/\/www.zoner.fi\/tuki\/sahkopostiohjeet\/zoner-home\/miten-lisaan-dmarc-tietueen-zoner-homessa\/\">Miten lis\u00e4\u00e4n DMARC-tietueen Zoner Homessa?<\/a><\/p>\n\n\n\n<h2 class=\"wp-block-heading\">SPF-tietueen lis\u00e4\u00e4minen<\/h2>\n\n\n\n<ol class=\"wp-block-list\">\n<li>Kirjaudu Zoner Home -hallintapaneeliin osoitteessa <a href=\"https:\/\/home.zoner.fi\/\" target=\"_blank\" rel=\"noreferrer noopener\">https:\/\/home.zoner.fi<\/a><br>Ohje: <a href=\"https:\/\/www.zoner.fi\/tuki\/zoner-home\/miten-kirjaudun-zoner-home-hallintapaneeliin\/\">Miten kirjaudun Zoner Home -hallintapaneeliin?<\/a><\/li>\n\n\n\n<li>Klikkaa yl\u00e4reunan valikossa <strong>Omat tuotteet<\/strong>.<\/li>\n\n\n\n<li>Vierit\u00e4 Omat tuotteet sivulla alas kohtaan Verkkotunnukset. Klikkaa kolmea pistett\u00e4 sen verkkotunnuksen oikeassa reunassa, jolle haluat lis\u00e4t\u00e4 SPF-tietueen, ja valitse avautuneesta valikosta <strong>Hallitse verkkotunnusta<\/strong>.<\/li>\n<\/ol>\n\n\n\n<figure class=\"wp-block-image size-large\"><img loading=\"lazy\" decoding=\"async\" width=\"1024\" height=\"718\" src=\"https:\/\/www.zoner.fi\/tuki\/wp-content\/uploads\/2025\/04\/zoner-home-hallitse-verkkotunnusta-1024x718.png\" alt=\"\" class=\"wp-image-135820\" srcset=\"https:\/\/www.zoner.fi\/tuki\/wp-content\/uploads\/2025\/04\/zoner-home-hallitse-verkkotunnusta-1024x718.png 1024w, https:\/\/www.zoner.fi\/tuki\/wp-content\/uploads\/2025\/04\/zoner-home-hallitse-verkkotunnusta-300x210.png 300w, https:\/\/www.zoner.fi\/tuki\/wp-content\/uploads\/2025\/04\/zoner-home-hallitse-verkkotunnusta-768x539.png 768w, https:\/\/www.zoner.fi\/tuki\/wp-content\/uploads\/2025\/04\/zoner-home-hallitse-verkkotunnusta-1536x1077.png 1536w, https:\/\/www.zoner.fi\/tuki\/wp-content\/uploads\/2025\/04\/zoner-home-hallitse-verkkotunnusta.png 1620w\" sizes=\"auto, (max-width: 1024px) 100vw, 1024px\" \/><\/figure>\n\n\n\n<p>4. Paina vasempaan valikkoon ilmestynytt\u00e4 <strong>DNS<\/strong>-kohtaa ja sitten <strong>Uusi tietue <\/strong>-painiketta.<\/p>\n\n\n\n<figure class=\"wp-block-image size-large\"><img loading=\"lazy\" decoding=\"async\" width=\"1024\" height=\"718\" src=\"https:\/\/www.zoner.fi\/tuki\/wp-content\/uploads\/2025\/04\/zoner-home-hallitse-verkkotunnusta-2-1024x718.png\" alt=\"\" class=\"wp-image-135821\" srcset=\"https:\/\/www.zoner.fi\/tuki\/wp-content\/uploads\/2025\/04\/zoner-home-hallitse-verkkotunnusta-2-1024x718.png 1024w, https:\/\/www.zoner.fi\/tuki\/wp-content\/uploads\/2025\/04\/zoner-home-hallitse-verkkotunnusta-2-300x210.png 300w, https:\/\/www.zoner.fi\/tuki\/wp-content\/uploads\/2025\/04\/zoner-home-hallitse-verkkotunnusta-2-768x539.png 768w, https:\/\/www.zoner.fi\/tuki\/wp-content\/uploads\/2025\/04\/zoner-home-hallitse-verkkotunnusta-2-1536x1077.png 1536w, https:\/\/www.zoner.fi\/tuki\/wp-content\/uploads\/2025\/04\/zoner-home-hallitse-verkkotunnusta-2.png 1620w\" sizes=\"auto, (max-width: 1024px) 100vw, 1024px\" \/><\/figure>\n\n\n\n<p>M\u00e4\u00e4rit\u00e4 SPF-tietueeseen kaikki s\u00e4hk\u00f6postipalvelimet, joilta l\u00e4hett\u00e4misen haluat verkkotunnuksen osalta sallia. Alla olevassa esimerkiss\u00e4 on m\u00e4\u00e4ritettyn\u00e4 vain Zonerin SPF-tietue.<\/p>\n\n\n\n<pre class=\"wp-block-preformatted\">v=spf1 include:spf.zoner.fi ~all<\/pre>\n\n\n\n<figure class=\"wp-block-image size-full is-resized\"><img loading=\"lazy\" decoding=\"async\" width=\"700\" height=\"650\" src=\"https:\/\/www.zoner.fi\/tuki\/wp-content\/uploads\/2024\/05\/zoner031.jpg\" alt=\"\" class=\"wp-image-132104\" style=\"width:494px;height:auto\" srcset=\"https:\/\/www.zoner.fi\/tuki\/wp-content\/uploads\/2024\/05\/zoner031.jpg 700w, https:\/\/www.zoner.fi\/tuki\/wp-content\/uploads\/2024\/05\/zoner031-300x279.jpg 300w\" sizes=\"auto, (max-width: 700px) 100vw, 700px\" \/><\/figure>\n\n\n\n<p>L\u00e4hett\u00e4vien palvelinten tiedot tulee lis\u00e4t\u00e4 samaan tietueeseen. Alla olevassa esimerkiss\u00e4 on sis\u00e4llytettyn\u00e4 sek\u00e4 Zonerin ett\u00e4 Microsoft 365 -palvelun SPF-tiedot.<\/p>\n\n\n\n<pre class=\"wp-block-preformatted\">v=spf1 include:spf.zoner.fi include:spf.protection.outlook.com ~all<\/pre>\n\n\n\n<p>Google Workspace s\u00e4hk\u00f6postipalvelu vaatii toimiakseen Googlen SPF-tietueen:<\/p>\n\n\n\n<pre class=\"wp-block-preformatted\">v=spf1 include:_spf.google.com ~all<\/pre>\n\n\n\n<h2 class=\"wp-block-heading\">Lue my\u00f6s:<\/h2>\n\n\n\n<ul class=\"wp-block-list\">\n<li><a href=\"https:\/\/www.zoner.fi\/tuki\/sahkopostiohjeet\/zoner-home\/miten-lisaan-dmarc-tietueen-zoner-homessa\/\">Miten lis\u00e4\u00e4n DMARC-tietueen Zoner Homessa?<\/a><\/li>\n<\/ul>\n","protected":false},"excerpt":{"rendered":"<p>T\u00e4ss\u00e4 ohjeessa kerromme, miten voit lis\u00e4t\u00e4 SPF-tietueen verkkotunnuksellesi Zoner Home -hallintapaneelissa. Tarkempaa tietoa nimipalvelimista ja DNS-tietueista l\u00f6yd\u00e4t t\u00e4\u00e4lt\u00e4. Lue my\u00f6s: Miten lis\u00e4\u00e4n DMARC-tietueen Zoner Homessa? SPF-tietueen lis\u00e4\u00e4minen 4. Paina vasempaan valikkoon ilmestynytt\u00e4 DNS-kohtaa ja sitten Uusi tietue -painiketta. M\u00e4\u00e4rit\u00e4 SPF-tietueeseen kaikki s\u00e4hk\u00f6postipalvelimet, joilta l\u00e4hett\u00e4misen haluat verkkotunnuksen osalta sallia. Alla olevassa esimerkiss\u00e4 on m\u00e4\u00e4ritettyn\u00e4 vain Zonerin &#8230; <a title=\"Miten lis\u00e4\u00e4n SPF-tietueen Zoner Homessa\" class=\"read-more\" href=\"https:\/\/www.zoner.fi\/tuki\/sahkopostiohjeet\/zoner-home\/miten-lisaan-spf-tietueen-zoner-homessa\/\" aria-label=\"Lue lis\u00e4\u00e4 aiheesta Miten lis\u00e4\u00e4n SPF-tietueen Zoner Homessa\">Lue lis\u00e4\u00e4<\/a><\/p>\n","protected":false},"author":20,"featured_media":0,"parent":137087,"menu_order":0,"comment_status":"closed","ping_status":"closed","template":"","meta":{"_relevanssi_hide_post":"","_relevanssi_hide_content":"","_relevanssi_pin_for_all":"","_relevanssi_pin_keywords":"","_relevanssi_unpin_keywords":"","_relevanssi_related_keywords":"","_relevanssi_related_include_ids":"","_relevanssi_related_exclude_ids":"","_relevanssi_related_no_append":"","_relevanssi_related_not_related":"","_relevanssi_related_posts":"130412,130641,130273,130819,131888,130722","_relevanssi_noindex_reason":"","footnotes":""},"categories":[194,210],"tags":[207,214],"wf_page_folders":[],"class_list":{"0":"post-132103","1":"page","2":"type-page","3":"status-publish","5":"category-zoner-home","6":"category-zoner-home-verkkotunnus","7":"tag-dns","8":"tag-sahkopostin-hallinta"},"_links":{"self":[{"href":"https:\/\/www.zoner.fi\/tuki\/wp-json\/wp\/v2\/pages\/132103","targetHints":{"allow":["GET"]}}],"collection":[{"href":"https:\/\/www.zoner.fi\/tuki\/wp-json\/wp\/v2\/pages"}],"about":[{"href":"https:\/\/www.zoner.fi\/tuki\/wp-json\/wp\/v2\/types\/page"}],"author":[{"embeddable":true,"href":"https:\/\/www.zoner.fi\/tuki\/wp-json\/wp\/v2\/users\/20"}],"replies":[{"embeddable":true,"href":"https:\/\/www.zoner.fi\/tuki\/wp-json\/wp\/v2\/comments?post=132103"}],"version-history":[{"count":10,"href":"https:\/\/www.zoner.fi\/tuki\/wp-json\/wp\/v2\/pages\/132103\/revisions"}],"predecessor-version":[{"id":138057,"href":"https:\/\/www.zoner.fi\/tuki\/wp-json\/wp\/v2\/pages\/132103\/revisions\/138057"}],"up":[{"embeddable":true,"href":"https:\/\/www.zoner.fi\/tuki\/wp-json\/wp\/v2\/pages\/137087"}],"wp:attachment":[{"href":"https:\/\/www.zoner.fi\/tuki\/wp-json\/wp\/v2\/media?parent=132103"}],"wp:term":[{"taxonomy":"category","embeddable":true,"href":"https:\/\/www.zoner.fi\/tuki\/wp-json\/wp\/v2\/categories?post=132103"},{"taxonomy":"post_tag","embeddable":true,"href":"https:\/\/www.zoner.fi\/tuki\/wp-json\/wp\/v2\/tags?post=132103"},{"taxonomy":"wf_page_folders","embeddable":true,"href":"https:\/\/www.zoner.fi\/tuki\/wp-json\/wp\/v2\/wf_page_folders?post=132103"}],"curies":[{"name":"wp","href":"https:\/\/api.w.org\/{rel}","templated":true}]}}