{"id":132110,"date":"2024-05-16T15:20:58","date_gmt":"2024-05-16T12:20:58","guid":{"rendered":"https:\/\/www.zoner.fi\/tuki\/?page_id=132110"},"modified":"2025-11-13T11:51:16","modified_gmt":"2025-11-13T09:51:16","slug":"miten-otan-kayttoon-tumman-teeman-zoner-homessa","status":"publish","type":"page","link":"https:\/\/www.zoner.fi\/tuki\/zoner-home\/miten-otan-kayttoon-tumman-teeman-zoner-homessa\/","title":{"rendered":"Miten otan k\u00e4ytt\u00f6\u00f6n tumman teeman Zoner Homessa"},"content":{"rendered":"\n<p>T\u00e4ss\u00e4 ohjeessa n\u00e4yt\u00e4mme, miten voit ottaa k\u00e4ytt\u00f6\u00f6n vaalean (light mode) tai tumman (dark mode) teeman Zoner Home -hallintapaneelissa.<\/p>\n\n\n\n<ol class=\"wp-block-list\">\n<li><a href=\"https:\/\/www.zoner.fi\/tuki\/zoner-home\/miten-kirjaudun-zoner-home-hallintapaneeliin\/\">Kirjaudu Zoner Homeen<\/a>.<\/li>\n\n\n\n<li>Klikkaa etusivulta painiketta <strong>Minun tilini<\/strong>.<\/li>\n<\/ol>\n\n\n\n<figure class=\"wp-block-image size-large\"><img loading=\"lazy\" decoding=\"async\" width=\"1024\" height=\"249\" src=\"https:\/\/www.zoner.fi\/tuki\/wp-content\/uploads\/2024\/11\/zoner111-1024x249.jpg\" alt=\"\" class=\"wp-image-134749\" srcset=\"https:\/\/www.zoner.fi\/tuki\/wp-content\/uploads\/2024\/11\/zoner111-1024x249.jpg 1024w, https:\/\/www.zoner.fi\/tuki\/wp-content\/uploads\/2024\/11\/zoner111-300x73.jpg 300w, https:\/\/www.zoner.fi\/tuki\/wp-content\/uploads\/2024\/11\/zoner111-768x187.jpg 768w, https:\/\/www.zoner.fi\/tuki\/wp-content\/uploads\/2024\/11\/zoner111.jpg 1469w\" sizes=\"auto, (max-width: 1024px) 100vw, 1024px\" \/><\/figure>\n\n\n\n<p>3. Valitse <strong>Teema<\/strong>-kohdasta vaalea tai tumma teema.<\/p>\n\n\n\n<figure class=\"wp-block-image size-large\"><img loading=\"lazy\" decoding=\"async\" width=\"1024\" height=\"865\" src=\"https:\/\/www.zoner.fi\/tuki\/wp-content\/uploads\/2024\/05\/zoner036-1024x865.jpg\" alt=\"\" class=\"wp-image-132111\" srcset=\"https:\/\/www.zoner.fi\/tuki\/wp-content\/uploads\/2024\/05\/zoner036-1024x865.jpg 1024w, https:\/\/www.zoner.fi\/tuki\/wp-content\/uploads\/2024\/05\/zoner036-300x253.jpg 300w, https:\/\/www.zoner.fi\/tuki\/wp-content\/uploads\/2024\/05\/zoner036-768x649.jpg 768w, https:\/\/www.zoner.fi\/tuki\/wp-content\/uploads\/2024\/05\/zoner036.jpg 1247w\" sizes=\"auto, (max-width: 1024px) 100vw, 1024px\" \/><\/figure>\n\n\n\n<p>Teema vaihtuu automaattisesti, kun valinta on tehty, eik\u00e4 muutosta tarvitse erikseen tallentaa.<br><br>Teeman valinta on k\u00e4ytt\u00e4j\u00e4kohtainen, eli jokainen k\u00e4ytt\u00e4j\u00e4 voi itse valita k\u00e4ytt\u00e4m\u00e4ns\u00e4 teeman. Valinta s\u00e4ilyy selainten ja laitteiden v\u00e4lill\u00e4.<\/p>\n","protected":false},"excerpt":{"rendered":"<p>T\u00e4ss\u00e4 ohjeessa n\u00e4yt\u00e4mme, miten voit ottaa k\u00e4ytt\u00f6\u00f6n vaalean (light mode) tai tumman (dark mode) teeman Zoner Home -hallintapaneelissa. 3. Valitse Teema-kohdasta vaalea tai tumma teema. Teema vaihtuu automaattisesti, kun valinta on tehty, eik\u00e4 muutosta tarvitse erikseen tallentaa. Teeman valinta on k\u00e4ytt\u00e4j\u00e4kohtainen, eli jokainen k\u00e4ytt\u00e4j\u00e4 voi itse valita k\u00e4ytt\u00e4m\u00e4ns\u00e4 teeman. Valinta s\u00e4ilyy selainten ja laitteiden v\u00e4lill\u00e4.<\/p>\n","protected":false},"author":20,"featured_media":0,"parent":131930,"menu_order":0,"comment_status":"closed","ping_status":"closed","template":"","meta":{"_relevanssi_hide_post":"","_relevanssi_hide_content":"","_relevanssi_pin_for_all":"","_relevanssi_pin_keywords":"","_relevanssi_unpin_keywords":"","_relevanssi_related_keywords":"","_relevanssi_related_include_ids":"","_relevanssi_related_exclude_ids":"","_relevanssi_related_no_append":"","_relevanssi_related_not_related":"","_relevanssi_related_posts":"130273,130455,130779,130526,130722,131888","_relevanssi_noindex_reason":"","footnotes":""},"categories":[115],"tags":[204],"wf_page_folders":[],"class_list":{"0":"post-132110","1":"page","2":"type-page","3":"status-publish","5":"category-oma-tili-ja-tilaukset","6":"tag-omat-tiedot"},"_links":{"self":[{"href":"https:\/\/www.zoner.fi\/tuki\/wp-json\/wp\/v2\/pages\/132110","targetHints":{"allow":["GET"]}}],"collection":[{"href":"https:\/\/www.zoner.fi\/tuki\/wp-json\/wp\/v2\/pages"}],"about":[{"href":"https:\/\/www.zoner.fi\/tuki\/wp-json\/wp\/v2\/types\/page"}],"author":[{"embeddable":true,"href":"https:\/\/www.zoner.fi\/tuki\/wp-json\/wp\/v2\/users\/20"}],"replies":[{"embeddable":true,"href":"https:\/\/www.zoner.fi\/tuki\/wp-json\/wp\/v2\/comments?post=132110"}],"version-history":[{"count":8,"href":"https:\/\/www.zoner.fi\/tuki\/wp-json\/wp\/v2\/pages\/132110\/revisions"}],"predecessor-version":[{"id":138129,"href":"https:\/\/www.zoner.fi\/tuki\/wp-json\/wp\/v2\/pages\/132110\/revisions\/138129"}],"up":[{"embeddable":true,"href":"https:\/\/www.zoner.fi\/tuki\/wp-json\/wp\/v2\/pages\/131930"}],"wp:attachment":[{"href":"https:\/\/www.zoner.fi\/tuki\/wp-json\/wp\/v2\/media?parent=132110"}],"wp:term":[{"taxonomy":"category","embeddable":true,"href":"https:\/\/www.zoner.fi\/tuki\/wp-json\/wp\/v2\/categories?post=132110"},{"taxonomy":"post_tag","embeddable":true,"href":"https:\/\/www.zoner.fi\/tuki\/wp-json\/wp\/v2\/tags?post=132110"},{"taxonomy":"wf_page_folders","embeddable":true,"href":"https:\/\/www.zoner.fi\/tuki\/wp-json\/wp\/v2\/wf_page_folders?post=132110"}],"curies":[{"name":"wp","href":"https:\/\/api.w.org\/{rel}","templated":true}]}}