{"id":132148,"date":"2024-06-07T13:07:05","date_gmt":"2024-06-07T10:07:05","guid":{"rendered":"https:\/\/www.zoner.fi\/tuki\/?page_id=132148"},"modified":"2025-04-15T10:03:36","modified_gmt":"2025-04-15T07:03:36","slug":"miten-aloitan-wp-one-palvelun-kayttamisen","status":"publish","type":"page","link":"https:\/\/www.zoner.fi\/tuki\/wp-one\/miten-aloitan-wp-one-palvelun-kayttamisen\/","title":{"rendered":"Miten aloitan WP.one-palvelun k\u00e4ytt\u00e4misen?"},"content":{"rendered":"\n<p>WP.one on tehokas hosting-palvelu WordPress-sivustoille. Sen automaattisten varmuuskopioiden ja p\u00e4ivitysten ansiosta voit helpommin huolehtia WordPress-sivustosi turvallisuudesta ja suorituskyvyst\u00e4 ja s\u00e4\u00e4st\u00e4\u00e4 omaa aikaasi. Sen mukana tulee my\u00f6s WP.one-lis\u00e4osa, jolla voit k\u00e4tev\u00e4sti hallita sivustosi v\u00e4limuistia, lokeja, p\u00e4ivityksi\u00e4 ja kehitysymp\u00e4rist\u00f6\u00e4.<\/p>\n\n\n\n<h2 class=\"wp-block-heading\">WP.one-hallintapaneeliin kirjautuminen<\/h2>\n\n\n\n<p>Tilattuasi WP.one-palvelun voit kirjautua hallintapaneeliin n\u00e4in:<\/p>\n\n\n\n<ol class=\"wp-block-list\">\n<li>Mene osoitteeseen <a href=\"https:\/\/app.wp.one\/\" target=\"_blank\" rel=\"noopener\">app.wp.one<\/a><\/li>\n\n\n\n<li>Anna se s\u00e4hk\u00f6postiosoite, jonka annoit WP.one-tilausta tehdess\u00e4si.<\/li>\n\n\n\n<li>Klikkaa <strong>Vahvista s\u00e4hk\u00f6postiosoite<\/strong>.<\/li>\n\n\n\n<li>Saat s\u00e4hk\u00f6postiisi viestin WP.onelta. Viesti sis\u00e4lt\u00e4\u00e4 painikkeen, jossa lukee <strong>Siirry WP.oneen<\/strong> \u2013 kun klikkaat t\u00e4t\u00e4 painiketta, sinut kirjataan automaattisesti sis\u00e4\u00e4n WP.one-hallintapaneeliin, joka avautuu uudessa ikkunassa.<\/li>\n<\/ol>\n\n\n\n<figure class=\"wp-block-image size-large\"><img loading=\"lazy\" decoding=\"async\" width=\"1024\" height=\"732\" src=\"https:\/\/www.zoner.fi\/tuki\/wp-content\/uploads\/2025\/04\/wp.one-login-1024x732.png\" alt=\"\" class=\"wp-image-135804\" srcset=\"https:\/\/www.zoner.fi\/tuki\/wp-content\/uploads\/2025\/04\/wp.one-login-1024x732.png 1024w, https:\/\/www.zoner.fi\/tuki\/wp-content\/uploads\/2025\/04\/wp.one-login-300x214.png 300w, https:\/\/www.zoner.fi\/tuki\/wp-content\/uploads\/2025\/04\/wp.one-login-768x549.png 768w, https:\/\/www.zoner.fi\/tuki\/wp-content\/uploads\/2025\/04\/wp.one-login-1536x1098.png 1536w, https:\/\/www.zoner.fi\/tuki\/wp-content\/uploads\/2025\/04\/wp.one-login.png 1584w\" sizes=\"auto, (max-width: 1024px) 100vw, 1024px\" \/><\/figure>\n\n\n\n<h2 class=\"wp-block-heading\">Sivuston luominen tai siirt\u00e4minen WP.one-palveluun<\/h2>\n\n\n\n<p>Aloita luomalla uusi WordPress-sivusto tai siirt\u00e4m\u00e4ll\u00e4 olemassa oleva sivustosi WP.oneen. Huomaa, ett\u00e4 jokainen sivusto tarvitsee oman paketin.<\/p>\n\n\n\n<h3 class=\"wp-block-heading\">Sivuston luominen<\/h3>\n\n\n\n<p>Kirjaudu sis\u00e4\u00e4n WP.one-hallintapaneeliin. Valitse <strong>Sivut<\/strong>-v\u00e4lilehti ja klikkaa <strong>Lis\u00e4\u00e4 sivusto <\/strong>-painiketta.<\/p>\n\n\n\n<figure class=\"wp-block-image size-large\"><img loading=\"lazy\" decoding=\"async\" width=\"1024\" height=\"323\" src=\"https:\/\/www.zoner.fi\/tuki\/wp-content\/uploads\/2024\/06\/WP.one_aloitus1-1024x323.png\" alt=\"\" class=\"wp-image-132149\" srcset=\"https:\/\/www.zoner.fi\/tuki\/wp-content\/uploads\/2024\/06\/WP.one_aloitus1-1024x323.png 1024w, https:\/\/www.zoner.fi\/tuki\/wp-content\/uploads\/2024\/06\/WP.one_aloitus1-300x95.png 300w, https:\/\/www.zoner.fi\/tuki\/wp-content\/uploads\/2024\/06\/WP.one_aloitus1-768x243.png 768w, https:\/\/www.zoner.fi\/tuki\/wp-content\/uploads\/2024\/06\/WP.one_aloitus1.png 1507w\" sizes=\"auto, (max-width: 1024px) 100vw, 1024px\" \/><\/figure>\n\n\n\n<h3 class=\"wp-block-heading\">Sivuston siirt\u00e4minen<\/h3>\n\n\n\n<p>&nbsp;<a href=\"https:\/\/www.zoner.fi\/tuki\/wp-one\/miten-siirran-sivuston-wp-one-palveluun\/\">T\u00e4\u00e4lt\u00e4<\/a> l\u00f6yd\u00e4t ohjeet siit\u00e4, miten voit siirt\u00e4\u00e4 WordPress-sivuston WP.one-palveluun.<\/p>\n\n\n\n<h2 class=\"wp-block-heading\">Mit\u00e4 WP.one-hallintapaneelissa voi tehd\u00e4?<\/h2>\n\n\n\n<p>WP.one-hallintapaneelissa voit helposti <a href=\"https:\/\/www.zoner.fi\/tuki\/wp-one\/miten-hallitsen-kayttajia-wp-one-hallintapaneelissa\/\">hallita k\u00e4ytt\u00e4ji\u00e4<\/a>, muuttaa DNS-asetuksia ja <a href=\"https:\/\/www.zoner.fi\/tuki\/wp-one\/miten-valitsen-php-version-wp-onessa\/\">PHP-versiota<\/a> ja katsoa sivuston suorituskykypisteet.<\/p>\n\n\n\n<h2 class=\"wp-block-heading\">Mit\u00e4 ominaisuuksia on WP.one-lis\u00e4osalla?<\/h2>\n\n\n\n<p>WP.one-lis\u00e4osa asennetaan WP.one-palvelussa oleville WordPress-sivustoille automaattisesti. Se sis\u00e4lt\u00e4\u00e4 seuraavat ominaisuudet:<\/p>\n\n\n\n<ul class=\"wp-block-list\">\n<li><strong><a href=\"https:\/\/www.zoner.fi\/tuki\/wp-one\/miten-hallitsen-wp-onen-valimuistia\/\">Helppo v\u00e4limuistin hallinta<\/a>: <\/strong>WP.one optimoi sivuston suorituskyvyn tehokkaan v\u00e4limuistin avulla. Hallitse v\u00e4limuistia WP.one-lis\u00e4osan asetuksissa.<\/li>\n\n\n\n<li><strong><a href=\"https:\/\/www.zoner.fi\/tuki\/wp-one\/miten-luen-wp-one-lokeja\/\">Kattavat lokit<\/a><\/strong>: Lokeista l\u00f6yd\u00e4t tietoa sivustosi suorituskyvyst\u00e4, mahdollisista virheist\u00e4, k\u00e4ytt\u00e4jist\u00e4 ja s\u00e4hk\u00f6posteista.<\/li>\n\n\n\n<li><strong><a href=\"https:\/\/www.zoner.fi\/tuki\/wp-one\/miten-hallitsen-wp-one-paivityksia\/\">Automaattiset p\u00e4ivitykset<\/a><\/strong>: WP.one-lis\u00e4osa p\u00e4ivitt\u00e4\u00e4 WordPress-ytimesi, -lis\u00e4osasi ja -teemasi automaattisesti. P\u00e4ivitysten tekeminen on t\u00e4rke\u00e4\u00e4 sivuston turvallisuuden ja suorituskyvyn kannalta. Voit valita, mitk\u00e4 p\u00e4ivitykset haluat automatisoida.<\/li>\n\n\n\n<li><strong><a href=\"https:\/\/www.zoner.fi\/tuki\/wp-one\/miten-wp-onen-varmuuskopiointi-toimii\/\">P\u00e4ivitt\u00e4iset varmuuskopiot<\/a><\/strong>: WP.one tekee sivustostasi p\u00e4ivitt\u00e4iset varmuuskopiot, joista jokaista s\u00e4ilytet\u00e4\u00e4n 30 p\u00e4iv\u00e4n ajan. Varmuuskopioiden ansiosta sivustosi on turvassa, sill\u00e4 voit aina tarvittaessa palauttaa aikaisemman varmuuskopion sivustostasi.<\/li>\n\n\n\n<li><strong><a href=\"https:\/\/www.zoner.fi\/tuki\/wp-one\/miten-otan-kayttoon-sivuston-kehitysympariston\/\">Kehitysymp\u00e4rist\u00f6<\/a><\/strong>: Kehitysymp\u00e4rist\u00f6n avulla voit testata esimerkiksi uusia lis\u00e4osia tai muita muutoksia ilman sit\u00e4 vaaraa, ett\u00e4 ne aiheuttavat ongelmia varsinaisella sivustollasi.<\/li>\n<\/ul>\n\n\n\n<h2 class=\"wp-block-heading\">Tarvitsetko apua WP.one-palvelun kanssa?<\/h2>\n\n\n\n<p>Asiakaspalvelumme auttaa mielell\u00e4\u00e4n WP.onea koskevissa kysymyksiss\u00e4! Voit ottaa yhteytt\u00e4 asiakaspalveluumme WP.one-hallintapaneelin oikeasta alakulmasta l\u00f6ytyv\u00e4n <strong>Chatti<\/strong>-painikkeen kautta.<\/p>\n\n\n\n<p><\/p>\n","protected":false},"excerpt":{"rendered":"<p>WP.one on tehokas hosting-palvelu WordPress-sivustoille. Sen automaattisten varmuuskopioiden ja p\u00e4ivitysten ansiosta voit helpommin huolehtia WordPress-sivustosi turvallisuudesta ja suorituskyvyst\u00e4 ja s\u00e4\u00e4st\u00e4\u00e4 omaa aikaasi. Sen mukana tulee my\u00f6s WP.one-lis\u00e4osa, jolla voit k\u00e4tev\u00e4sti hallita sivustosi v\u00e4limuistia, lokeja, p\u00e4ivityksi\u00e4 ja kehitysymp\u00e4rist\u00f6\u00e4. WP.one-hallintapaneeliin kirjautuminen Tilattuasi WP.one-palvelun voit kirjautua hallintapaneeliin n\u00e4in: Sivuston luominen tai siirt\u00e4minen WP.one-palveluun Aloita luomalla uusi WordPress-sivusto tai &#8230; <a title=\"Miten aloitan WP.one-palvelun k\u00e4ytt\u00e4misen?\" class=\"read-more\" href=\"https:\/\/www.zoner.fi\/tuki\/wp-one\/miten-aloitan-wp-one-palvelun-kayttamisen\/\" aria-label=\"Lue lis\u00e4\u00e4 aiheesta Miten aloitan WP.one-palvelun k\u00e4ytt\u00e4misen?\">Lue lis\u00e4\u00e4<\/a><\/p>\n","protected":false},"author":18,"featured_media":0,"parent":434,"menu_order":0,"comment_status":"closed","ping_status":"closed","template":"","meta":{"_relevanssi_hide_post":"","_relevanssi_hide_content":"","_relevanssi_pin_for_all":"","_relevanssi_pin_keywords":"","_relevanssi_unpin_keywords":"","_relevanssi_related_keywords":"","_relevanssi_related_include_ids":"","_relevanssi_related_exclude_ids":"","_relevanssi_related_no_append":"","_relevanssi_related_not_related":"","_relevanssi_related_posts":"130424,130722,131541,130553,130813,131535","_relevanssi_noindex_reason":"","footnotes":""},"categories":[48],"tags":[104],"wf_page_folders":[],"class_list":{"0":"post-132148","1":"page","2":"type-page","3":"status-publish","5":"category-wp-one","6":"tag-hallintapaneeli"},"_links":{"self":[{"href":"https:\/\/www.zoner.fi\/tuki\/wp-json\/wp\/v2\/pages\/132148","targetHints":{"allow":["GET"]}}],"collection":[{"href":"https:\/\/www.zoner.fi\/tuki\/wp-json\/wp\/v2\/pages"}],"about":[{"href":"https:\/\/www.zoner.fi\/tuki\/wp-json\/wp\/v2\/types\/page"}],"author":[{"embeddable":true,"href":"https:\/\/www.zoner.fi\/tuki\/wp-json\/wp\/v2\/users\/18"}],"replies":[{"embeddable":true,"href":"https:\/\/www.zoner.fi\/tuki\/wp-json\/wp\/v2\/comments?post=132148"}],"version-history":[{"count":4,"href":"https:\/\/www.zoner.fi\/tuki\/wp-json\/wp\/v2\/pages\/132148\/revisions"}],"predecessor-version":[{"id":135806,"href":"https:\/\/www.zoner.fi\/tuki\/wp-json\/wp\/v2\/pages\/132148\/revisions\/135806"}],"up":[{"embeddable":true,"href":"https:\/\/www.zoner.fi\/tuki\/wp-json\/wp\/v2\/pages\/434"}],"wp:attachment":[{"href":"https:\/\/www.zoner.fi\/tuki\/wp-json\/wp\/v2\/media?parent=132148"}],"wp:term":[{"taxonomy":"category","embeddable":true,"href":"https:\/\/www.zoner.fi\/tuki\/wp-json\/wp\/v2\/categories?post=132148"},{"taxonomy":"post_tag","embeddable":true,"href":"https:\/\/www.zoner.fi\/tuki\/wp-json\/wp\/v2\/tags?post=132148"},{"taxonomy":"wf_page_folders","embeddable":true,"href":"https:\/\/www.zoner.fi\/tuki\/wp-json\/wp\/v2\/wf_page_folders?post=132148"}],"curies":[{"name":"wp","href":"https:\/\/api.w.org\/{rel}","templated":true}]}}