{"id":132152,"date":"2024-06-07T13:01:29","date_gmt":"2024-06-07T10:01:29","guid":{"rendered":"https:\/\/www.zoner.fi\/tuki\/?page_id=132152"},"modified":"2025-04-15T12:36:11","modified_gmt":"2025-04-15T09:36:11","slug":"miten-muutan-dns-asetuksia-wp-one-palvelussa","status":"publish","type":"page","link":"https:\/\/www.zoner.fi\/tuki\/wp-one\/miten-muutan-dns-asetuksia-wp-one-palvelussa\/","title":{"rendered":"Miten muutan DNS-asetuksia WP.one-palvelussa?"},"content":{"rendered":"\n<p>WP.one-hallintapaneelissa voit helposti hallita DNS-asetuksiasi. Niiden avulla voit esimerkiksi ohjata verkkotunnuksesi valitsemaasi kohteeseen, kuten toiseen verkkotunnukseen tai aliverkkotunnukseen.<\/p>\n\n\n\n<ul class=\"wp-block-list\">\n<li><a href=\"#1\">DNS-asetukset WP.one-hallintapaneelissa<\/a><\/li>\n\n\n\n<li><a href=\"#2\">DNS-tietueiden tuominen<\/a><\/li>\n\n\n\n<li><a href=\"#3\">DNS-tietueen lis\u00e4\u00e4minen<\/a><\/li>\n\n\n\n<li><a href=\"#4\">DNS-tietueiden muokkaaminen ja poistaminen<\/a><\/li>\n<\/ul>\n\n\n\n<h2 class=\"wp-block-heading\" id=\"1\">DNS-asetukset WP.one-hallintapaneelissa<\/h2>\n\n\n\n<p>Voit tarkastella ja muuttaa DNS-asetuksia WP.one-hallintapaneelin DNS-tietueet-sivulla. L\u00f6yd\u00e4t sen n\u00e4in:<\/p>\n\n\n\n<ol class=\"wp-block-list\">\n<li>Kirjaudu WP.one-hallintapaneeliin osoitteessa <a href=\"https:\/\/app.wp.one\/\" target=\"_blank\" rel=\"noopener\">app.wp.one<\/a>.<\/li>\n\n\n\n<li>Valitse <strong>DNS<\/strong>-v\u00e4lilehti sivun yl\u00e4reunasta.<\/li>\n\n\n\n<li>Valitse sivuston nimi.<\/li>\n\n\n\n<li>N\u00e4et nyt kaikki sivuston DNS-tietueet.<\/li>\n<\/ol>\n\n\n\n<figure class=\"wp-block-image size-large\"><img loading=\"lazy\" decoding=\"async\" width=\"1024\" height=\"745\" src=\"https:\/\/www.zoner.fi\/tuki\/wp-content\/uploads\/2025\/04\/wp.one-dns-suomi-1024x745.png\" alt=\"\" class=\"wp-image-135808\" srcset=\"https:\/\/www.zoner.fi\/tuki\/wp-content\/uploads\/2025\/04\/wp.one-dns-suomi-1024x745.png 1024w, https:\/\/www.zoner.fi\/tuki\/wp-content\/uploads\/2025\/04\/wp.one-dns-suomi-300x218.png 300w, https:\/\/www.zoner.fi\/tuki\/wp-content\/uploads\/2025\/04\/wp.one-dns-suomi-768x559.png 768w, https:\/\/www.zoner.fi\/tuki\/wp-content\/uploads\/2025\/04\/wp.one-dns-suomi-1536x1118.png 1536w, https:\/\/www.zoner.fi\/tuki\/wp-content\/uploads\/2025\/04\/wp.one-dns-suomi.png 1591w\" sizes=\"auto, (max-width: 1024px) 100vw, 1024px\" \/><\/figure>\n\n\n\n<h2 class=\"wp-block-heading\" id=\"2\">DNS-tietueiden tuominen<\/h2>\n\n\n\n<p>Voit tuoda tietueita klikkaamalla <strong>Tuo DNS-tietueet<\/strong> -painiketta. Avautuneessa ikkunassa voit ladata DNS-tietueet sis\u00e4lt\u00e4v\u00e4n .txt-tiedoston koneeltasi. Odota, ett\u00e4 prosessi valmistuu, ennen kuin suljet ikkunan.<\/p>\n\n\n\n<figure class=\"wp-block-image size-large\"><img loading=\"lazy\" decoding=\"async\" width=\"1024\" height=\"745\" src=\"https:\/\/www.zoner.fi\/tuki\/wp-content\/uploads\/2025\/04\/tuo-tietueet-gif-1-1024x745.gif\" alt=\"\" class=\"wp-image-135812\" srcset=\"https:\/\/www.zoner.fi\/tuki\/wp-content\/uploads\/2025\/04\/tuo-tietueet-gif-1-1024x745.gif 1024w, https:\/\/www.zoner.fi\/tuki\/wp-content\/uploads\/2025\/04\/tuo-tietueet-gif-1-300x218.gif 300w, https:\/\/www.zoner.fi\/tuki\/wp-content\/uploads\/2025\/04\/tuo-tietueet-gif-1-768x559.gif 768w, https:\/\/www.zoner.fi\/tuki\/wp-content\/uploads\/2025\/04\/tuo-tietueet-gif-1-1536x1118.gif 1536w\" sizes=\"auto, (max-width: 1024px) 100vw, 1024px\" \/><\/figure>\n\n\n\n<h2 class=\"wp-block-heading\" id=\"3\">DNS-tietueen lis\u00e4\u00e4minen<\/h2>\n\n\n\n<p>Lis\u00e4\u00e4 tietue painamalla <strong>Lis\u00e4\u00e4 DNS-tietue<\/strong> -painiketta. Avautuneessa ikkunassa voit lis\u00e4t\u00e4 tietueen. Valitse tietueen tyyppi pudotusvalikosta, anna sen tiedot ja paina lopuksi <strong>Lis\u00e4\u00e4 DNS-tietue<\/strong> -painiketta. Alta l\u00f6yd\u00e4t tarkemmat ohjeet eri tietueiden lis\u00e4\u00e4miseen.<\/p>\n\n\n\n<figure class=\"wp-block-image size-full\"><img loading=\"lazy\" decoding=\"async\" width=\"1587\" height=\"1156\" src=\"https:\/\/www.zoner.fi\/tuki\/wp-content\/uploads\/2025\/04\/wp.one-dns-lisaa-tietue.png\" alt=\"\" class=\"wp-image-135810\" srcset=\"https:\/\/www.zoner.fi\/tuki\/wp-content\/uploads\/2025\/04\/wp.one-dns-lisaa-tietue.png 1587w, https:\/\/www.zoner.fi\/tuki\/wp-content\/uploads\/2025\/04\/wp.one-dns-lisaa-tietue-300x219.png 300w, https:\/\/www.zoner.fi\/tuki\/wp-content\/uploads\/2025\/04\/wp.one-dns-lisaa-tietue-1024x746.png 1024w, https:\/\/www.zoner.fi\/tuki\/wp-content\/uploads\/2025\/04\/wp.one-dns-lisaa-tietue-768x559.png 768w, https:\/\/www.zoner.fi\/tuki\/wp-content\/uploads\/2025\/04\/wp.one-dns-lisaa-tietue-1536x1119.png 1536w\" sizes=\"auto, (max-width: 1587px) 100vw, 1587px\" \/><\/figure>\n\n\n\n<h3 class=\"wp-block-heading\">Miten eri tietueet lis\u00e4t\u00e4\u00e4n?<\/h3>\n\n\n\n<h4 class=\"wp-block-heading\">A-tietue:<\/h4>\n\n\n\n<ul class=\"wp-block-list\">\n<li><strong>Verkkotunnus<\/strong>: J\u00e4t\u00e4 tyhj\u00e4ksi p\u00e4\u00e4verkkotunnukselle tai anna aliverkkotunnus.<\/li>\n\n\n\n<li><strong>IPv4-osoite<\/strong>: Sy\u00f6t\u00e4 kohteen IP-osoite.<\/li>\n\n\n\n<li><strong>TTL<\/strong>: Valitse pudotusvalikosta aika-arvo tai <em>Automaattinen<\/em>,&nbsp;jos haluat k\u00e4ytt\u00e4\u00e4 3 600 sekunnin oletusarvoa.<\/li>\n\n\n\n<li>Halutessasi voit ottaa CDN\/WAF-integraation k\u00e4ytt\u00f6\u00f6n.<\/li>\n<\/ul>\n\n\n\n<h4 class=\"wp-block-heading\">&nbsp;AAAA-tietue:<\/h4>\n\n\n\n<ul class=\"wp-block-list\">\n<li><strong>Verkkotunnus<\/strong>: J\u00e4t\u00e4 tyhj\u00e4ksi p\u00e4\u00e4verkkotunnukselle tai anna aliverkkotunnus.<\/li>\n\n\n\n<li><strong>IPv6-osoite<\/strong>: Sy\u00f6t\u00e4 kohteen IP-osoite.<\/li>\n\n\n\n<li><strong>TTL<\/strong>: Valitse pudotusvalikosta aika-arvo tai <em>Automaattinen<\/em>,&nbsp;jos haluat k\u00e4ytt\u00e4\u00e4 3 600 sekunnin oletusarvoa.<\/li>\n<\/ul>\n\n\n\n<h4 class=\"wp-block-heading\">CNAME-tietue:<\/h4>\n\n\n\n<ul class=\"wp-block-list\">\n<li><strong>Verkkotunnus<\/strong>: J\u00e4t\u00e4 tyhj\u00e4ksi p\u00e4\u00e4verkkotunnukselle tai anna aliverkkotunnus.<\/li>\n\n\n\n<li><strong>Ohjaa t\u00e4nne<\/strong>: Verkkotunnus, johon haluat ohjata. T\u00e4m\u00e4 ei voi olla IP-osoite.<\/li>\n\n\n\n<li><strong>TTL<\/strong>: Valitse pudotusvalikosta aika-arvo tai <em>Automaattinen<\/em>,&nbsp;jos haluat k\u00e4ytt\u00e4\u00e4 3 600 sekunnin oletusarvoa.<\/li>\n\n\n\n<li>Halutessasi voit ottaa CDN\/WAF-integraation k\u00e4ytt\u00f6\u00f6n.<\/li>\n<\/ul>\n\n\n\n<h4 class=\"wp-block-heading\">MX-tietue:<\/h4>\n\n\n\n<p>Valitse jonkin esiasetetuista MX-tietueista (esim. Zoner S\u00e4hk\u00f6posti, Microsoft 365) tai <em>Mukautettu<\/em>,&nbsp;jos haluat itse m\u00e4\u00e4ritt\u00e4\u00e4 MX-tietueen.<br><br>Mukautettu&nbsp;MX-tietue:<\/p>\n\n\n\n<ul class=\"wp-block-list\">\n<li><strong>Verkkotunnus<\/strong>: J\u00e4t\u00e4 tyhj\u00e4ksi p\u00e4\u00e4verkkotunnukselle tai anna aliverkkotunnus.<\/li>\n\n\n\n<li><strong>Ohjaa t\u00e4nne<\/strong>: Lis\u00e4\u00e4 t\u00e4h\u00e4n s\u00e4hk\u00f6postipalveluntarjoajasi s\u00e4hk\u00f6postipalvelin.<\/li>\n\n\n\n<li><strong>Prioriteetti<\/strong>: Mit\u00e4 pienempi numero, sit\u00e4 korkeampi prioriteetti.<\/li>\n\n\n\n<li><strong>TTL<\/strong>: Valitse pudotusvalikosta aika-arvo tai <em>Automaattinen<\/em>,&nbsp;jos haluat k\u00e4ytt\u00e4\u00e4 3 600 sekunnin oletusarvoa.<\/li>\n<\/ul>\n\n\n\n<h4 class=\"wp-block-heading\">SRV- tietue:<\/h4>\n\n\n\n<ul class=\"wp-block-list\">\n<li><strong>Verkkotunnus<\/strong>: J\u00e4t\u00e4 tyhj\u00e4ksi p\u00e4\u00e4verkkotunnukselle tai anna aliverkkotunnus.<\/li>\n\n\n\n<li><strong>Kohdekent\u00e4n<\/strong> j\u00e4rjestyksen pit\u00e4\u00e4 olla service.protocol.hostname<\/li>\n\n\n\n<li><strong>Prioriteetti<\/strong>: Mit\u00e4 pienempi numero, sit\u00e4 korkeampi prioriteetti.<\/li>\n\n\n\n<li>Sy\u00f6t\u00e4 arvoihin <strong>Paino<\/strong> ja <strong>Portti<\/strong>.<\/li>\n\n\n\n<li><strong>TTL<\/strong>: Valitse pudotusvalikosta aika-arvo tai <em>Automaattinen<\/em>,&nbsp;jos haluat k\u00e4ytt\u00e4\u00e4 3 600 sekunnin oletusarvoa.<\/li>\n<\/ul>\n\n\n\n<h4 class=\"wp-block-heading\">TXT-tietue:<\/h4>\n\n\n\n<ul class=\"wp-block-list\">\n<li><strong>Verkkotunnus<\/strong>: J\u00e4t\u00e4 tyhj\u00e4ksi p\u00e4\u00e4verkkotunnukselle tai anna aliverkkotunnus.<\/li>\n\n\n\n<li><strong>TTL<\/strong>: Valitse pudotusvalikosta aika-arvo tai <em>Automaattinen<\/em>,&nbsp;jos haluat k\u00e4ytt\u00e4\u00e4 3 600 sekunnin oletusarvoa.<\/li>\n\n\n\n<li><strong>Sis\u00e4lt\u00f6<\/strong>: Sy\u00f6t\u00e4 TXT-merkkijono.<br><\/li>\n<\/ul>\n\n\n\n<p>Tallenna tietue klikkaamalla lopuksi\u00a0<strong>Lis\u00e4\u00e4 DNS-tietue<\/strong> -painiketta.<\/p>\n\n\n\n<h2 class=\"wp-block-heading\" id=\"4\">DNS-tietueiden muokkaaminen ja poistaminen<\/h2>\n\n\n\n<p>Voit muokata DNS-tietuetta klikkaamalla rivin oikeassa reunassa olevaa kolmen pisteen kuvaketta ja valitsemalla avautuneesta valikosta <strong>Muokkaa DNS-tietuetta<\/strong> tai <strong>Poista DNS-tietue<\/strong>.<\/p>\n\n\n\n<figure class=\"wp-block-image size-large is-resized\"><img loading=\"lazy\" decoding=\"async\" width=\"1024\" height=\"746\" src=\"https:\/\/www.zoner.fi\/tuki\/wp-content\/uploads\/2025\/04\/wp.one-dns-muokkaa-tietuetta-1024x746.png\" alt=\"\" class=\"wp-image-135811\" style=\"width:928px;height:auto\" srcset=\"https:\/\/www.zoner.fi\/tuki\/wp-content\/uploads\/2025\/04\/wp.one-dns-muokkaa-tietuetta-1024x746.png 1024w, https:\/\/www.zoner.fi\/tuki\/wp-content\/uploads\/2025\/04\/wp.one-dns-muokkaa-tietuetta-300x219.png 300w, https:\/\/www.zoner.fi\/tuki\/wp-content\/uploads\/2025\/04\/wp.one-dns-muokkaa-tietuetta-768x559.png 768w, https:\/\/www.zoner.fi\/tuki\/wp-content\/uploads\/2025\/04\/wp.one-dns-muokkaa-tietuetta-1536x1119.png 1536w, https:\/\/www.zoner.fi\/tuki\/wp-content\/uploads\/2025\/04\/wp.one-dns-muokkaa-tietuetta.png 1587w\" sizes=\"auto, (max-width: 1024px) 100vw, 1024px\" \/><\/figure>\n\n\n\n<p><\/p>\n","protected":false},"excerpt":{"rendered":"<p>WP.one-hallintapaneelissa voit helposti hallita DNS-asetuksiasi. Niiden avulla voit esimerkiksi ohjata verkkotunnuksesi valitsemaasi kohteeseen, kuten toiseen verkkotunnukseen tai aliverkkotunnukseen. DNS-asetukset WP.one-hallintapaneelissa Voit tarkastella ja muuttaa DNS-asetuksia WP.one-hallintapaneelin DNS-tietueet-sivulla. L\u00f6yd\u00e4t sen n\u00e4in: DNS-tietueiden tuominen Voit tuoda tietueita klikkaamalla Tuo DNS-tietueet -painiketta. Avautuneessa ikkunassa voit ladata DNS-tietueet sis\u00e4lt\u00e4v\u00e4n .txt-tiedoston koneeltasi. Odota, ett\u00e4 prosessi valmistuu, ennen kuin suljet ikkunan. &#8230; <a title=\"Miten muutan DNS-asetuksia WP.one-palvelussa?\" class=\"read-more\" href=\"https:\/\/www.zoner.fi\/tuki\/wp-one\/miten-muutan-dns-asetuksia-wp-one-palvelussa\/\" aria-label=\"Lue lis\u00e4\u00e4 aiheesta Miten muutan DNS-asetuksia WP.one-palvelussa?\">Lue lis\u00e4\u00e4<\/a><\/p>\n","protected":false},"author":18,"featured_media":0,"parent":434,"menu_order":0,"comment_status":"closed","ping_status":"closed","template":"","meta":{"_relevanssi_hide_post":"","_relevanssi_hide_content":"","_relevanssi_pin_for_all":"","_relevanssi_pin_keywords":"","_relevanssi_unpin_keywords":"","_relevanssi_related_keywords":"","_relevanssi_related_include_ids":"","_relevanssi_related_exclude_ids":"","_relevanssi_related_no_append":"","_relevanssi_related_not_related":"","_relevanssi_related_posts":"130779,131888,130424,131550,130498,130865","_relevanssi_noindex_reason":"","footnotes":""},"categories":[48],"tags":[104],"wf_page_folders":[],"class_list":{"0":"post-132152","1":"page","2":"type-page","3":"status-publish","5":"category-wp-one","6":"tag-hallintapaneeli"},"_links":{"self":[{"href":"https:\/\/www.zoner.fi\/tuki\/wp-json\/wp\/v2\/pages\/132152","targetHints":{"allow":["GET"]}}],"collection":[{"href":"https:\/\/www.zoner.fi\/tuki\/wp-json\/wp\/v2\/pages"}],"about":[{"href":"https:\/\/www.zoner.fi\/tuki\/wp-json\/wp\/v2\/types\/page"}],"author":[{"embeddable":true,"href":"https:\/\/www.zoner.fi\/tuki\/wp-json\/wp\/v2\/users\/18"}],"replies":[{"embeddable":true,"href":"https:\/\/www.zoner.fi\/tuki\/wp-json\/wp\/v2\/comments?post=132152"}],"version-history":[{"count":3,"href":"https:\/\/www.zoner.fi\/tuki\/wp-json\/wp\/v2\/pages\/132152\/revisions"}],"predecessor-version":[{"id":135813,"href":"https:\/\/www.zoner.fi\/tuki\/wp-json\/wp\/v2\/pages\/132152\/revisions\/135813"}],"up":[{"embeddable":true,"href":"https:\/\/www.zoner.fi\/tuki\/wp-json\/wp\/v2\/pages\/434"}],"wp:attachment":[{"href":"https:\/\/www.zoner.fi\/tuki\/wp-json\/wp\/v2\/media?parent=132152"}],"wp:term":[{"taxonomy":"category","embeddable":true,"href":"https:\/\/www.zoner.fi\/tuki\/wp-json\/wp\/v2\/categories?post=132152"},{"taxonomy":"post_tag","embeddable":true,"href":"https:\/\/www.zoner.fi\/tuki\/wp-json\/wp\/v2\/tags?post=132152"},{"taxonomy":"wf_page_folders","embeddable":true,"href":"https:\/\/www.zoner.fi\/tuki\/wp-json\/wp\/v2\/wf_page_folders?post=132152"}],"curies":[{"name":"wp","href":"https:\/\/api.w.org\/{rel}","templated":true}]}}