{"id":132158,"date":"2024-06-07T13:08:56","date_gmt":"2024-06-07T10:08:56","guid":{"rendered":"https:\/\/www.zoner.fi\/tuki\/?page_id=132158"},"modified":"2025-09-11T16:58:18","modified_gmt":"2025-09-11T13:58:18","slug":"wp-one-palvelun-verkkosivusto-ja-palvelintilastot","status":"publish","type":"page","link":"https:\/\/www.zoner.fi\/tuki\/wp-one\/wp-one-palvelun-verkkosivusto-ja-palvelintilastot\/","title":{"rendered":"WP.one-palvelun verkkosivusto- ja palvelintilastot"},"content":{"rendered":"\n<p>WP.one-hallintapaneelista l\u00f6yd\u00e4t tilastoja sivustosi suorituskyvyst\u00e4 ja k\u00e4ytett\u00e4vyydest\u00e4, sek\u00e4 palvelimen levytilan k\u00e4yt\u00f6st\u00e4. Tilastojen avulla voit helposti seurata sivustosi toimintaa. Tilastot tarjoaa Google Lighthouse.<\/p>\n\n\n\n<h2 class=\"wp-block-heading\">L\u00f6yd\u00e4t tilastot n\u00e4in:<\/h2>\n\n\n\n<ol class=\"wp-block-list\">\n<li>Kirjaudu <a href=\"https:\/\/app.wp.one\/\" target=\"_blank\" rel=\"noopener\">WP.one-hallintapaneeliin<\/a>.<\/li>\n\n\n\n<li>Valitse <strong>Sivustot<\/strong>-v\u00e4lilehdell\u00e4 se sivusto, jonka tilastot haluat n\u00e4hd\u00e4.<\/li>\n\n\n\n<li>Valitse <strong>Tilastot<\/strong>-v\u00e4lilehti. T\u00e4ll\u00e4 sivulla n\u00e4et kaikki sivuston tilastot:<\/li>\n<\/ol>\n\n\n\n<figure class=\"wp-block-image size-large\"><img loading=\"lazy\" decoding=\"async\" width=\"1024\" height=\"617\" src=\"https:\/\/www.zoner.fi\/tuki\/wp-content\/uploads\/2024\/06\/WP.one_sivustot_tilastot-1-1024x617.png\" alt=\"Kuvakaappaus WP.onesta\" class=\"wp-image-132160\" srcset=\"https:\/\/www.zoner.fi\/tuki\/wp-content\/uploads\/2024\/06\/WP.one_sivustot_tilastot-1-1024x617.png 1024w, https:\/\/www.zoner.fi\/tuki\/wp-content\/uploads\/2024\/06\/WP.one_sivustot_tilastot-1-300x181.png 300w, https:\/\/www.zoner.fi\/tuki\/wp-content\/uploads\/2024\/06\/WP.one_sivustot_tilastot-1-768x463.png 768w, https:\/\/www.zoner.fi\/tuki\/wp-content\/uploads\/2024\/06\/WP.one_sivustot_tilastot-1.png 1505w\" sizes=\"auto, (max-width: 1024px) 100vw, 1024px\" \/><\/figure>\n\n\n\n<h2 class=\"wp-block-heading\">Mit\u00e4 eri mittarit kertovat?<\/h2>\n\n\n\n<h3 class=\"wp-block-heading\">Suorituskyky<\/h3>\n\n\n\n<p>Suorituskykymittari antaa kokonaisarvosanan sivustosi latausnopeudesta. Se perustuu mittareihin FCP,&nbsp;LCP,&nbsp;CLS, Estoaika&nbsp;ja&nbsp;Nopeusindeksi, joista voit lukea lis\u00e4\u00e4 alta. Suorituskykypisteet n\u00e4ytet\u00e4\u00e4n prosentteina: mit\u00e4 suurempi prosenttiosuus, sit\u00e4 parempi on sivustosi suorituskyky.<\/p>\n\n\n\n<h3 class=\"wp-block-heading\">Saavutettavuus<\/h3>\n\n\n\n<p>Saavutettavuusmittari kertoo, kuinka hyvin toimintarajoitteiset henkil\u00f6t voivat k\u00e4ytt\u00e4\u00e4 verkkosivustoasi. Saavutettavuutta edist\u00e4v\u00e4t esimerkiksi painiketekstit, linkkitekstit ja vaihtoehtoiset tekstit. Saavutettavuus n\u00e4ytet\u00e4\u00e4n prosentteina: mit\u00e4 suurempi prosenttiosuus, sit\u00e4 parempi on sivustosi saavutettavuus.<\/p>\n\n\n\n<h3 class=\"wp-block-heading\">SEO eli hakukoneoptimointi<\/h3>\n\n\n\n<p>SEO-pisteet kertovat, kuinka hyvin hakukoneet, kuten Google, voivat indeksoida verkkosivustosi ja kuinka hyvin se sijoittuu hakukoneissa. N\u00e4m\u00e4 pisteet perustuvat teknisiin SEO-elementteihin, joita ovat esimerkiksi sivustosi mobiilik\u00e4ytett\u00e4vyys, metakuvaukset ja linkkien kuvaukset. Mit\u00e4 korkeampi pistem\u00e4\u00e4r\u00e4, sit\u00e4 parempi.<\/p>\n\n\n\n<h3 class=\"wp-block-heading\">Parhaat k\u00e4yt\u00e4nn\u00f6t<\/h3>\n\n\n\n<p>T\u00e4m\u00e4 mittari arvioi, noudattaako sivustosi nykyaikaisia verkkokehitysstandardeja. Se kertoo sivustosi yleisest\u00e4 kunnosta ja turvallisuudesta. Parhaita k\u00e4yt\u00e4nt\u00f6j\u00e4 ovat esimerkiksi suojattu HTTPS-yhteys, sopiva kuvien tarkkuus ja turvalliset JavaScript-kirjastot, ja niit\u00e4 kannattaa aina k\u00e4ytt\u00e4\u00e4. T\u00e4m\u00e4 pistem\u00e4\u00e4r\u00e4 n\u00e4ytet\u00e4\u00e4n prosentteina: mit\u00e4 suurempi prosenttiosuus, sit\u00e4 parempi.<\/p>\n\n\n\n<h3 class=\"wp-block-heading\">PWA (Progressiiviset verkkosovellukset)<\/h3>\n\n\n\n<p>PWA-mittari kertoo verkkosovellustesi laadusta ja k\u00e4ytt\u00f6kokemuksesta. N\u00e4ihin pisteisiin vaikuttavat erityisesti sovelluksen nopeus, offline-toiminnot, push-ilmoitukset ja vakaus. Mit\u00e4 korkeampi pistem\u00e4\u00e4r\u00e4, sit\u00e4 parempi on verkkosovellustesi laatu.<\/p>\n\n\n\n<h3 class=\"wp-block-heading\">First Contentful Paint (FCP)<\/h3>\n\n\n\n<p>FCP ilmaisee, kuinka kauan kest\u00e4\u00e4, ennen kuin sivusi ensimm\u00e4inen teksti tai kuva n\u00e4kyy k\u00e4ytt\u00e4jille. FCP-pisteet n\u00e4ytet\u00e4\u00e4n millisekunteina. Lyhyt FCP-aika tarkoittaa parempaa k\u00e4ytt\u00e4j\u00e4kokemusta.<\/p>\n\n\n\n<h3 class=\"wp-block-heading\">Nopeusindeksi<\/h3>\n\n\n\n<p>Nopeusindeksi mittaa sivun n\u00e4kyv\u00e4n sis\u00e4ll\u00f6n latausnopeutta, ja se on keskeinen mittari sivun k\u00e4ytt\u00e4j\u00e4kokemuksen kannalta. Nopeusindeksi n\u00e4ytet\u00e4\u00e4n millisekunteina. Alhainen nopeusindeksi tarkoittaa, ett\u00e4 sivusi latautuu nopeasti, mik\u00e4 on hyv\u00e4 sen k\u00e4ytt\u00f6kokemuksen kannalta.<\/p>\n\n\n\n<h3 class=\"wp-block-heading\">Largest Contentful Paint (LCP)<\/h3>\n\n\n\n<p>LCP-mittari kertoo, kuinka kauan suurimman n\u00e4kyv\u00e4n elementin latautuminen kest\u00e4\u00e4. T\u00e4m\u00e4 mittari koskee vain sivun n\u00e4yt\u00f6ll\u00e4 n\u00e4kyv\u00e4\u00e4 aluetta, eli mukana on vain sis\u00e4lt\u00f6\u00e4, joka n\u00e4kyy vieritt\u00e4m\u00e4tt\u00e4 sivua alasp\u00e4in. LCP n\u00e4ytet\u00e4\u00e4n millisekunneissa ja sekin kertoo sivun k\u00e4ytt\u00f6kokemuksesta.<\/p>\n\n\n\n<h3 class=\"wp-block-heading\">Aika interaktiivisuuteen<\/h3>\n\n\n\n<p>T\u00e4m\u00e4 mittari kertoo, kuinka nopeasti k\u00e4ytt\u00e4j\u00e4 voi olla vuorovaikutuksessa sivun ja sen sis\u00e4ll\u00f6n kanssa. T\u00e4ll\u00f6in sis\u00e4lt\u00f6 ei siis pelk\u00e4st\u00e4\u00e4n n\u00e4y, vaan voit k\u00e4ytt\u00e4\u00e4 sit\u00e4 esimerkiksi napsauttamalla painikkeita tai kirjoittamalla teksti\u00e4 lomakkeisiin. Interaktiivinen aika n\u00e4ytet\u00e4\u00e4n millisekunteina.<\/p>\n\n\n\n<h3 class=\"wp-block-heading\">Estoaika<\/h3>\n\n\n\n<p>T\u00e4m\u00e4 mittaa aikaa, joka kuluu sellaisten pitkien teht\u00e4vien suorittamiseen, jotka est\u00e4v\u00e4t k\u00e4ytt\u00e4j\u00e4\u00e4 olemasta vuorovaikutuksessa sivuston kanssa. Pitk\u00e4n\u00e4 teht\u00e4v\u00e4n\u00e4 pidet\u00e4\u00e4n mit\u00e4 tahansa teht\u00e4v\u00e4\u00e4, joka kest\u00e4\u00e4 yli 50 millisekuntia. Mit\u00e4 lyhyempi estoaika, sit\u00e4 parempi k\u00e4ytt\u00f6kokemus.<\/p>\n\n\n\n<h3 class=\"wp-block-heading\">Cumulative Layout Shift (CLS)&nbsp;<\/h3>\n\n\n\n<p>CLS mittaa verkkoelementtien liikkumista sivua ladattaessa. Sivulle toi esimerkiksi ilmesty\u00e4 ponnahdusikkuna, tai sen kuvat latautuvat hitaasti. CLS-pisteet ovat v\u00e4lilt\u00e4 0\u20131. Pienempi pistem\u00e4\u00e4r\u00e4 on parempi.<\/p>\n\n\n\n<h3 class=\"wp-block-heading\">Palvelintilastot<\/h3>\n\n\n\n<ul class=\"wp-block-list\">\n<li><strong>Levytilan k\u00e4ytt\u00f6<\/strong><\/li>\n<\/ul>\n\n\n\n<p>Levytilan k\u00e4ytt\u00f6 kertoo, kuinka paljon tilaa WordPress-sivustosi tiedostot viev\u00e4t. Jos tarvitset lis\u00e4\u00e4 levytilaa, voit helposti p\u00e4ivitt\u00e4\u00e4 suurempaan pakettiin.<\/p>\n\n\n\n<ul class=\"wp-block-list\">\n<li><strong>Tietokannan koko<\/strong><\/li>\n<\/ul>\n\n\n\n<p>Tietokannan koko kertoo, kuinka paljon tilaa WordPress-sivustosi tietokanta vie. <strong>T\u00e4rke\u00e4\u00e4<\/strong>: jos tietokantasi t\u00e4yttyy, sivustosi ei ehk\u00e4 ole k\u00e4ytett\u00e4viss\u00e4 tai tililt\u00e4si voidaan veloittaa lis\u00e4maksuja.<\/p>\n","protected":false},"excerpt":{"rendered":"<p>WP.one-hallintapaneelista l\u00f6yd\u00e4t tilastoja sivustosi suorituskyvyst\u00e4 ja k\u00e4ytett\u00e4vyydest\u00e4, sek\u00e4 palvelimen levytilan k\u00e4yt\u00f6st\u00e4. Tilastojen avulla voit helposti seurata sivustosi toimintaa. Tilastot tarjoaa Google Lighthouse. L\u00f6yd\u00e4t tilastot n\u00e4in: Mit\u00e4 eri mittarit kertovat? Suorituskyky Suorituskykymittari antaa kokonaisarvosanan sivustosi latausnopeudesta. Se perustuu mittareihin FCP,&nbsp;LCP,&nbsp;CLS, Estoaika&nbsp;ja&nbsp;Nopeusindeksi, joista voit lukea lis\u00e4\u00e4 alta. Suorituskykypisteet n\u00e4ytet\u00e4\u00e4n prosentteina: mit\u00e4 suurempi prosenttiosuus, sit\u00e4 parempi on sivustosi &#8230; <a title=\"WP.one-palvelun verkkosivusto- ja palvelintilastot\" class=\"read-more\" href=\"https:\/\/www.zoner.fi\/tuki\/wp-one\/wp-one-palvelun-verkkosivusto-ja-palvelintilastot\/\" aria-label=\"Lue lis\u00e4\u00e4 aiheesta WP.one-palvelun verkkosivusto- ja palvelintilastot\">Lue lis\u00e4\u00e4<\/a><\/p>\n","protected":false},"author":18,"featured_media":0,"parent":434,"menu_order":0,"comment_status":"closed","ping_status":"closed","template":"","meta":{"_relevanssi_hide_post":"","_relevanssi_hide_content":"","_relevanssi_pin_for_all":"","_relevanssi_pin_keywords":"","_relevanssi_unpin_keywords":"","_relevanssi_related_keywords":"","_relevanssi_related_include_ids":"","_relevanssi_related_exclude_ids":"","_relevanssi_related_no_append":"","_relevanssi_related_not_related":"","_relevanssi_related_posts":"130779,130397,130498,130515,131535,130526","_relevanssi_noindex_reason":"","footnotes":""},"categories":[48],"tags":[104],"wf_page_folders":[],"class_list":{"0":"post-132158","1":"page","2":"type-page","3":"status-publish","5":"category-wp-one","6":"tag-hallintapaneeli"},"_links":{"self":[{"href":"https:\/\/www.zoner.fi\/tuki\/wp-json\/wp\/v2\/pages\/132158","targetHints":{"allow":["GET"]}}],"collection":[{"href":"https:\/\/www.zoner.fi\/tuki\/wp-json\/wp\/v2\/pages"}],"about":[{"href":"https:\/\/www.zoner.fi\/tuki\/wp-json\/wp\/v2\/types\/page"}],"author":[{"embeddable":true,"href":"https:\/\/www.zoner.fi\/tuki\/wp-json\/wp\/v2\/users\/18"}],"replies":[{"embeddable":true,"href":"https:\/\/www.zoner.fi\/tuki\/wp-json\/wp\/v2\/comments?post=132158"}],"version-history":[{"count":3,"href":"https:\/\/www.zoner.fi\/tuki\/wp-json\/wp\/v2\/pages\/132158\/revisions"}],"predecessor-version":[{"id":137307,"href":"https:\/\/www.zoner.fi\/tuki\/wp-json\/wp\/v2\/pages\/132158\/revisions\/137307"}],"up":[{"embeddable":true,"href":"https:\/\/www.zoner.fi\/tuki\/wp-json\/wp\/v2\/pages\/434"}],"wp:attachment":[{"href":"https:\/\/www.zoner.fi\/tuki\/wp-json\/wp\/v2\/media?parent=132158"}],"wp:term":[{"taxonomy":"category","embeddable":true,"href":"https:\/\/www.zoner.fi\/tuki\/wp-json\/wp\/v2\/categories?post=132158"},{"taxonomy":"post_tag","embeddable":true,"href":"https:\/\/www.zoner.fi\/tuki\/wp-json\/wp\/v2\/tags?post=132158"},{"taxonomy":"wf_page_folders","embeddable":true,"href":"https:\/\/www.zoner.fi\/tuki\/wp-json\/wp\/v2\/wf_page_folders?post=132158"}],"curies":[{"name":"wp","href":"https:\/\/api.w.org\/{rel}","templated":true}]}}