{"id":132166,"date":"2024-06-07T12:21:41","date_gmt":"2024-06-07T09:21:41","guid":{"rendered":"https:\/\/www.zoner.fi\/tuki\/?page_id=132166"},"modified":"2024-06-20T13:49:49","modified_gmt":"2024-06-20T10:49:49","slug":"miten-lisaan-kayttajia-wp-oneen","status":"publish","type":"page","link":"https:\/\/www.zoner.fi\/tuki\/wp-one\/miten-lisaan-kayttajia-wp-oneen\/","title":{"rendered":"Miten lis\u00e4\u00e4n k\u00e4ytt\u00e4ji\u00e4 WP.oneen?\u00a0"},"content":{"rendered":"\n<ol class=\"wp-block-list\" start=\"1\">\n<li>Kirjaudu <a href=\"https:\/\/app.wp.one\" data-type=\"link\" data-id=\"https:\/\/app.wp.one\" target=\"_blank\" rel=\"noopener\">WP.one-hallintapaneeliin<\/a>.<\/li>\n<\/ol>\n\n\n\n<ol class=\"wp-block-list\" start=\"2\">\n<li>Valitse <strong>Sivustot<\/strong>-v\u00e4lilehdell\u00e4 sen sivuston nimi, jolle haluat lis\u00e4t\u00e4 k\u00e4ytt\u00e4ji\u00e4:&nbsp;<\/li>\n<\/ol>\n\n\n\n<figure class=\"wp-block-image size-large\"><img loading=\"lazy\" decoding=\"async\" width=\"1024\" height=\"427\" src=\"https:\/\/www.zoner.fi\/tuki\/wp-content\/uploads\/2024\/06\/WP.one_Sivustot-1024x427.png\" alt=\"\" class=\"wp-image-132170\" srcset=\"https:\/\/www.zoner.fi\/tuki\/wp-content\/uploads\/2024\/06\/WP.one_Sivustot-1024x427.png 1024w, https:\/\/www.zoner.fi\/tuki\/wp-content\/uploads\/2024\/06\/WP.one_Sivustot-300x125.png 300w, https:\/\/www.zoner.fi\/tuki\/wp-content\/uploads\/2024\/06\/WP.one_Sivustot-768x320.png 768w, https:\/\/www.zoner.fi\/tuki\/wp-content\/uploads\/2024\/06\/WP.one_Sivustot.png 1513w\" sizes=\"auto, (max-width: 1024px) 100vw, 1024px\" \/><\/figure>\n\n\n\n<ol class=\"wp-block-list\" start=\"3\">\n<li>Valitse <strong>K\u00e4ytt\u00e4j\u00e4t<\/strong>-v\u00e4lilehti ja napsauta <strong>Lis\u00e4\u00e4 k\u00e4ytt\u00e4j\u00e4<\/strong>:&nbsp;<\/li>\n<\/ol>\n\n\n\n<figure class=\"wp-block-image size-large\"><img loading=\"lazy\" decoding=\"async\" width=\"1024\" height=\"374\" src=\"https:\/\/www.zoner.fi\/tuki\/wp-content\/uploads\/2024\/06\/wpone-kayttajanlisays-1024x374.png\" alt=\"\" class=\"wp-image-132171\" srcset=\"https:\/\/www.zoner.fi\/tuki\/wp-content\/uploads\/2024\/06\/wpone-kayttajanlisays-1024x374.png 1024w, https:\/\/www.zoner.fi\/tuki\/wp-content\/uploads\/2024\/06\/wpone-kayttajanlisays-300x110.png 300w, https:\/\/www.zoner.fi\/tuki\/wp-content\/uploads\/2024\/06\/wpone-kayttajanlisays-768x280.png 768w, https:\/\/www.zoner.fi\/tuki\/wp-content\/uploads\/2024\/06\/wpone-kayttajanlisays.png 1443w\" sizes=\"auto, (max-width: 1024px) 100vw, 1024px\" \/><\/figure>\n\n\n\n<ol class=\"wp-block-list\" start=\"4\">\n<li>Anna uuden k\u00e4ytt\u00e4j\u00e4n s\u00e4hk\u00f6postiosoite ja valitse rooli, ja paina lopuksi <strong>Lis\u00e4\u00e4 k\u00e4ytt\u00e4j\u00e4<\/strong>:&nbsp;<\/li>\n<\/ol>\n\n\n\n<figure class=\"wp-block-image size-full\"><img loading=\"lazy\" decoding=\"async\" width=\"695\" height=\"368\" src=\"https:\/\/www.zoner.fi\/tuki\/wp-content\/uploads\/2024\/06\/wpone-kayttajanlisays-2.png\" alt=\"\" class=\"wp-image-132172\" srcset=\"https:\/\/www.zoner.fi\/tuki\/wp-content\/uploads\/2024\/06\/wpone-kayttajanlisays-2.png 695w, https:\/\/www.zoner.fi\/tuki\/wp-content\/uploads\/2024\/06\/wpone-kayttajanlisays-2-300x159.png 300w\" sizes=\"auto, (max-width: 695px) 100vw, 695px\" \/><\/figure>\n\n\n\n<ol class=\"wp-block-list\" start=\"5\">\n<li>Uusi k\u00e4ytt\u00e4j\u00e4 voi nyt kirjautua WP.oneen s\u00e4hk\u00f6postiosoitteensa avulla osoitteessa app.wp.one.&nbsp;<\/li>\n<\/ol>\n","protected":false},"excerpt":{"rendered":"","protected":false},"author":18,"featured_media":0,"parent":434,"menu_order":0,"comment_status":"closed","ping_status":"closed","template":"","meta":{"_relevanssi_hide_post":"","_relevanssi_hide_content":"","_relevanssi_pin_for_all":"","_relevanssi_pin_keywords":"","_relevanssi_unpin_keywords":"","_relevanssi_related_keywords":"","_relevanssi_related_include_ids":"","_relevanssi_related_exclude_ids":"","_relevanssi_related_no_append":"","_relevanssi_related_not_related":"","_relevanssi_related_posts":"130578,131535,132140,130964,130455,130440","_relevanssi_noindex_reason":"","footnotes":""},"categories":[48],"tags":[104],"wf_page_folders":[],"class_list":{"0":"post-132166","1":"page","2":"type-page","3":"status-publish","5":"category-wp-one","6":"tag-hallintapaneeli"},"_links":{"self":[{"href":"https:\/\/www.zoner.fi\/tuki\/wp-json\/wp\/v2\/pages\/132166","targetHints":{"allow":["GET"]}}],"collection":[{"href":"https:\/\/www.zoner.fi\/tuki\/wp-json\/wp\/v2\/pages"}],"about":[{"href":"https:\/\/www.zoner.fi\/tuki\/wp-json\/wp\/v2\/types\/page"}],"author":[{"embeddable":true,"href":"https:\/\/www.zoner.fi\/tuki\/wp-json\/wp\/v2\/users\/18"}],"replies":[{"embeddable":true,"href":"https:\/\/www.zoner.fi\/tuki\/wp-json\/wp\/v2\/comments?post=132166"}],"version-history":[{"count":3,"href":"https:\/\/www.zoner.fi\/tuki\/wp-json\/wp\/v2\/pages\/132166\/revisions"}],"predecessor-version":[{"id":132322,"href":"https:\/\/www.zoner.fi\/tuki\/wp-json\/wp\/v2\/pages\/132166\/revisions\/132322"}],"up":[{"embeddable":true,"href":"https:\/\/www.zoner.fi\/tuki\/wp-json\/wp\/v2\/pages\/434"}],"wp:attachment":[{"href":"https:\/\/www.zoner.fi\/tuki\/wp-json\/wp\/v2\/media?parent=132166"}],"wp:term":[{"taxonomy":"category","embeddable":true,"href":"https:\/\/www.zoner.fi\/tuki\/wp-json\/wp\/v2\/categories?post=132166"},{"taxonomy":"post_tag","embeddable":true,"href":"https:\/\/www.zoner.fi\/tuki\/wp-json\/wp\/v2\/tags?post=132166"},{"taxonomy":"wf_page_folders","embeddable":true,"href":"https:\/\/www.zoner.fi\/tuki\/wp-json\/wp\/v2\/wf_page_folders?post=132166"}],"curies":[{"name":"wp","href":"https:\/\/api.w.org\/{rel}","templated":true}]}}