{"id":132174,"date":"2024-06-07T12:29:18","date_gmt":"2024-06-07T09:29:18","guid":{"rendered":"https:\/\/www.zoner.fi\/tuki\/?page_id=132174"},"modified":"2024-06-07T12:29:18","modified_gmt":"2024-06-07T09:29:18","slug":"miten-paivitan-wp-one-pakettini","status":"publish","type":"page","link":"https:\/\/www.zoner.fi\/tuki\/wp-one\/miten-paivitan-wp-one-pakettini\/","title":{"rendered":"Miten p\u00e4ivit\u00e4n WP.one-pakettini?\u00a0"},"content":{"rendered":"\n<p>Voit helposti p\u00e4ivitt\u00e4\u00e4 sivustosi suurempaan WP.one-pakettiin hallintapaneelissasi.\u00a0\u00a0<\/p>\n\n\n\n<ol class=\"wp-block-list\" start=\"1\">\n<li>Kirjaudu WP.one-hallintapaneeliisi.&nbsp;<\/li>\n<\/ol>\n\n\n\n<ol class=\"wp-block-list\" start=\"2\">\n<li>Valitse <strong>Sivustot<\/strong>-v\u00e4lilehdell\u00e4 sen sivuston nimi, jolle haluat p\u00e4ivitt\u00e4\u00e4 suuremman paketin:&nbsp;<\/li>\n<\/ol>\n\n\n\n<figure class=\"wp-block-image size-large\"><img loading=\"lazy\" decoding=\"async\" width=\"1024\" height=\"427\" src=\"https:\/\/www.zoner.fi\/tuki\/wp-content\/uploads\/2024\/06\/WP.one_Sivustot-1024x427.png\" alt=\"\" class=\"wp-image-132170\" srcset=\"https:\/\/www.zoner.fi\/tuki\/wp-content\/uploads\/2024\/06\/WP.one_Sivustot-1024x427.png 1024w, https:\/\/www.zoner.fi\/tuki\/wp-content\/uploads\/2024\/06\/WP.one_Sivustot-300x125.png 300w, https:\/\/www.zoner.fi\/tuki\/wp-content\/uploads\/2024\/06\/WP.one_Sivustot-768x320.png 768w, https:\/\/www.zoner.fi\/tuki\/wp-content\/uploads\/2024\/06\/WP.one_Sivustot.png 1513w\" sizes=\"auto, (max-width: 1024px) 100vw, 1024px\" \/><\/figure>\n\n\n\n<ol class=\"wp-block-list\" start=\"3\">\n<li>Valitse <strong>Paketti<\/strong>-v\u00e4lilehti ja paina p\u00e4ivitett\u00e4v\u00e4n paketin oikeasta reunasta l\u00f6ytyv\u00e4\u00e4 kolmea pistett\u00e4:&nbsp;<\/li>\n<\/ol>\n\n\n\n<figure class=\"wp-block-image size-large\"><img loading=\"lazy\" decoding=\"async\" width=\"1024\" height=\"416\" src=\"https:\/\/www.zoner.fi\/tuki\/wp-content\/uploads\/2024\/06\/wpone-paketinkorotus-1024x416.png\" alt=\"\" class=\"wp-image-132176\" srcset=\"https:\/\/www.zoner.fi\/tuki\/wp-content\/uploads\/2024\/06\/wpone-paketinkorotus-1024x416.png 1024w, https:\/\/www.zoner.fi\/tuki\/wp-content\/uploads\/2024\/06\/wpone-paketinkorotus-300x122.png 300w, https:\/\/www.zoner.fi\/tuki\/wp-content\/uploads\/2024\/06\/wpone-paketinkorotus-768x312.png 768w, https:\/\/www.zoner.fi\/tuki\/wp-content\/uploads\/2024\/06\/wpone-paketinkorotus.png 1115w\" sizes=\"auto, (max-width: 1024px) 100vw, 1024px\" \/><\/figure>\n\n\n\n<ol class=\"wp-block-list\" start=\"4\">\n<li>Valitse uusi paketti sivustollesi:&nbsp;<\/li>\n<\/ol>\n\n\n\n<figure class=\"wp-block-image size-large\"><img loading=\"lazy\" decoding=\"async\" width=\"1024\" height=\"591\" src=\"https:\/\/www.zoner.fi\/tuki\/wp-content\/uploads\/2024\/06\/wpone-paketinvalinta-1024x591.png\" alt=\"\" class=\"wp-image-132177\" srcset=\"https:\/\/www.zoner.fi\/tuki\/wp-content\/uploads\/2024\/06\/wpone-paketinvalinta-1024x591.png 1024w, https:\/\/www.zoner.fi\/tuki\/wp-content\/uploads\/2024\/06\/wpone-paketinvalinta-300x173.png 300w, https:\/\/www.zoner.fi\/tuki\/wp-content\/uploads\/2024\/06\/wpone-paketinvalinta-768x443.png 768w, https:\/\/www.zoner.fi\/tuki\/wp-content\/uploads\/2024\/06\/wpone-paketinvalinta.png 1446w\" sizes=\"auto, (max-width: 1024px) 100vw, 1024px\" \/><\/figure>\n\n\n\n<ol class=\"wp-block-list\" start=\"5\">\n<li>Vahvista p\u00e4ivitys ponnahdusikkunassa painamalla <strong>Vaihda nyt, <\/strong>niin saat suuremman paketin k\u00e4ytt\u00f6\u00f6si heti. Paketin p\u00e4ivityksen j\u00e4lkeen saat laskun uuden ja vanhan paketin hintojen erotuksesta kuluvan laskutuskauden osalta. <\/li>\n<\/ol>\n\n\n\n<figure class=\"wp-block-image size-full\"><img loading=\"lazy\" decoding=\"async\" width=\"694\" height=\"295\" src=\"https:\/\/www.zoner.fi\/tuki\/wp-content\/uploads\/2024\/06\/wpone-paketinvaihdon-vahvistus.png\" alt=\"\" class=\"wp-image-132178\" srcset=\"https:\/\/www.zoner.fi\/tuki\/wp-content\/uploads\/2024\/06\/wpone-paketinvaihdon-vahvistus.png 694w, https:\/\/www.zoner.fi\/tuki\/wp-content\/uploads\/2024\/06\/wpone-paketinvaihdon-vahvistus-300x128.png 300w\" sizes=\"auto, (max-width: 694px) 100vw, 694px\" \/><\/figure>\n","protected":false},"excerpt":{"rendered":"<p>Voit helposti p\u00e4ivitt\u00e4\u00e4 sivustosi suurempaan WP.one-pakettiin hallintapaneelissasi.\u00a0\u00a0<\/p>\n","protected":false},"author":18,"featured_media":0,"parent":434,"menu_order":0,"comment_status":"closed","ping_status":"closed","template":"","meta":{"_relevanssi_hide_post":"","_relevanssi_hide_content":"","_relevanssi_pin_for_all":"","_relevanssi_pin_keywords":"","_relevanssi_unpin_keywords":"","_relevanssi_related_keywords":"","_relevanssi_related_include_ids":"","_relevanssi_related_exclude_ids":"","_relevanssi_related_no_append":"","_relevanssi_related_not_related":"","_relevanssi_related_posts":"130455,130515,130779,130722,130813,131888","_relevanssi_noindex_reason":"","footnotes":""},"categories":[48],"tags":[104],"wf_page_folders":[],"class_list":{"0":"post-132174","1":"page","2":"type-page","3":"status-publish","5":"category-wp-one","6":"tag-hallintapaneeli"},"_links":{"self":[{"href":"https:\/\/www.zoner.fi\/tuki\/wp-json\/wp\/v2\/pages\/132174","targetHints":{"allow":["GET"]}}],"collection":[{"href":"https:\/\/www.zoner.fi\/tuki\/wp-json\/wp\/v2\/pages"}],"about":[{"href":"https:\/\/www.zoner.fi\/tuki\/wp-json\/wp\/v2\/types\/page"}],"author":[{"embeddable":true,"href":"https:\/\/www.zoner.fi\/tuki\/wp-json\/wp\/v2\/users\/18"}],"replies":[{"embeddable":true,"href":"https:\/\/www.zoner.fi\/tuki\/wp-json\/wp\/v2\/comments?post=132174"}],"version-history":[{"count":2,"href":"https:\/\/www.zoner.fi\/tuki\/wp-json\/wp\/v2\/pages\/132174\/revisions"}],"predecessor-version":[{"id":132180,"href":"https:\/\/www.zoner.fi\/tuki\/wp-json\/wp\/v2\/pages\/132174\/revisions\/132180"}],"up":[{"embeddable":true,"href":"https:\/\/www.zoner.fi\/tuki\/wp-json\/wp\/v2\/pages\/434"}],"wp:attachment":[{"href":"https:\/\/www.zoner.fi\/tuki\/wp-json\/wp\/v2\/media?parent=132174"}],"wp:term":[{"taxonomy":"category","embeddable":true,"href":"https:\/\/www.zoner.fi\/tuki\/wp-json\/wp\/v2\/categories?post=132174"},{"taxonomy":"post_tag","embeddable":true,"href":"https:\/\/www.zoner.fi\/tuki\/wp-json\/wp\/v2\/tags?post=132174"},{"taxonomy":"wf_page_folders","embeddable":true,"href":"https:\/\/www.zoner.fi\/tuki\/wp-json\/wp\/v2\/wf_page_folders?post=132174"}],"curies":[{"name":"wp","href":"https:\/\/api.w.org\/{rel}","templated":true}]}}