{"id":132182,"date":"2024-06-07T12:42:13","date_gmt":"2024-06-07T09:42:13","guid":{"rendered":"https:\/\/www.zoner.fi\/tuki\/?page_id=132182"},"modified":"2024-06-07T12:42:13","modified_gmt":"2024-06-07T09:42:13","slug":"miten-lisaan-uuden-sivuston-wp-oneen","status":"publish","type":"page","link":"https:\/\/www.zoner.fi\/tuki\/wp-one\/miten-lisaan-uuden-sivuston-wp-oneen\/","title":{"rendered":"Miten lis\u00e4\u00e4n uuden sivuston WP.oneen?\u00a0"},"content":{"rendered":"\n<p>Voit helposti luoda uusia WordPress-sivustoja WP.onessa tai siirt\u00e4\u00e4 sinne olemassa olevia WordPress-sivustojasi. Huomaa, ett\u00e4 jokainen sivusto tarvitsee oman WP.one-paketin.&nbsp;&nbsp;<\/p>\n\n\n\n<h2 class=\"wp-block-heading\">Lis\u00e4\u00e4 uusi sivusto n\u00e4in:\u00a0<\/h2>\n\n\n\n<ol class=\"wp-block-list\" start=\"1\">\n<li>Kirjaudu WP.one-hallintapaneeliisi.\u00a0<\/li>\n<\/ol>\n\n\n\n<ol class=\"wp-block-list\" start=\"2\">\n<li>Valitse <strong>Sivustot<\/strong>-v\u00e4lilehdell\u00e4 <strong>Lis\u00e4\u00e4 sivusto<\/strong>:\u00a0<\/li>\n<\/ol>\n\n\n\n<figure class=\"wp-block-image size-large\"><img loading=\"lazy\" decoding=\"async\" width=\"1024\" height=\"237\" src=\"https:\/\/www.zoner.fi\/tuki\/wp-content\/uploads\/2024\/06\/wpone-sivustonlisays-1024x237.png\" alt=\"\" class=\"wp-image-132187\" srcset=\"https:\/\/www.zoner.fi\/tuki\/wp-content\/uploads\/2024\/06\/wpone-sivustonlisays-1024x237.png 1024w, https:\/\/www.zoner.fi\/tuki\/wp-content\/uploads\/2024\/06\/wpone-sivustonlisays-300x69.png 300w, https:\/\/www.zoner.fi\/tuki\/wp-content\/uploads\/2024\/06\/wpone-sivustonlisays-768x178.png 768w, https:\/\/www.zoner.fi\/tuki\/wp-content\/uploads\/2024\/06\/wpone-sivustonlisays.png 1466w\" sizes=\"auto, (max-width: 1024px) 100vw, 1024px\" \/><\/figure>\n\n\n\n<ol class=\"wp-block-list\" start=\"3\">\n<li>Valitse, haluatko luoda uuden WordPress-sivuston vai siirt\u00e4\u00e4 olemassa olevan sivuston:&nbsp;<\/li>\n<\/ol>\n\n\n\n<figure class=\"wp-block-image size-full\"><img loading=\"lazy\" decoding=\"async\" width=\"694\" height=\"452\" src=\"https:\/\/www.zoner.fi\/tuki\/wp-content\/uploads\/2024\/06\/wpone-sivustonlisays-valinta.png\" alt=\"\" class=\"wp-image-132188\" srcset=\"https:\/\/www.zoner.fi\/tuki\/wp-content\/uploads\/2024\/06\/wpone-sivustonlisays-valinta.png 694w, https:\/\/www.zoner.fi\/tuki\/wp-content\/uploads\/2024\/06\/wpone-sivustonlisays-valinta-300x195.png 300w\" sizes=\"auto, (max-width: 694px) 100vw, 694px\" \/><\/figure>\n\n\n\n<ol class=\"wp-block-list\" start=\"4\">\n<li>Valitse sivustollesi paketti:&nbsp;<\/li>\n<\/ol>\n\n\n\n<figure class=\"wp-block-image size-large\"><img loading=\"lazy\" decoding=\"async\" width=\"1024\" height=\"607\" src=\"https:\/\/www.zoner.fi\/tuki\/wp-content\/uploads\/2024\/06\/wpone-paketinvalinta_uusisivusto-1024x607.png\" alt=\"\" class=\"wp-image-132189\" srcset=\"https:\/\/www.zoner.fi\/tuki\/wp-content\/uploads\/2024\/06\/wpone-paketinvalinta_uusisivusto-1024x607.png 1024w, https:\/\/www.zoner.fi\/tuki\/wp-content\/uploads\/2024\/06\/wpone-paketinvalinta_uusisivusto-300x178.png 300w, https:\/\/www.zoner.fi\/tuki\/wp-content\/uploads\/2024\/06\/wpone-paketinvalinta_uusisivusto-768x455.png 768w, https:\/\/www.zoner.fi\/tuki\/wp-content\/uploads\/2024\/06\/wpone-paketinvalinta_uusisivusto.png 1535w\" sizes=\"auto, (max-width: 1024px) 100vw, 1024px\" \/><\/figure>\n\n\n\n<ol class=\"wp-block-list\" start=\"5\">\n<li>Anna uuden sivustosi verkkotunnus ja sen yll\u00e4pit\u00e4j\u00e4n s\u00e4hk\u00f6postiosoite. Voit k\u00e4ytt\u00e4\u00e4 jo olemassa olevaa verkkotunnustasi tai lis\u00e4t\u00e4 uuden verkkotunnuksen. Kaikkiin WP.one-paketteihin sis\u00e4ltyy yksi normaalihintainen verkkotunnus \u2013 voit tilata sen my\u00f6hemmin Zonerin sivuilta.&nbsp;<\/li>\n<\/ol>\n\n\n\n<figure class=\"wp-block-image size-full\"><img loading=\"lazy\" decoding=\"async\" width=\"696\" height=\"454\" src=\"https:\/\/www.zoner.fi\/tuki\/wp-content\/uploads\/2024\/06\/wpone-sivustonlisays-tunnus.png\" alt=\"\" class=\"wp-image-132190\" srcset=\"https:\/\/www.zoner.fi\/tuki\/wp-content\/uploads\/2024\/06\/wpone-sivustonlisays-tunnus.png 696w, https:\/\/www.zoner.fi\/tuki\/wp-content\/uploads\/2024\/06\/wpone-sivustonlisays-tunnus-300x196.png 300w\" sizes=\"auto, (max-width: 696px) 100vw, 696px\" \/><\/figure>\n\n\n\n<ol class=\"wp-block-list\" start=\"6\">\n<li>Saat pian k\u00e4ytt\u00f6\u00f6si v\u00e4liaikaisen verkkotunnuksen, jolla voit aloittaa uuden WordPress-sivustosi rakentamisen.&nbsp;&nbsp;<\/li>\n<\/ol>\n","protected":false},"excerpt":{"rendered":"<p>Voit helposti luoda uusia WordPress-sivustoja WP.onessa tai siirt\u00e4\u00e4 sinne olemassa olevia WordPress-sivustojasi. Huomaa, ett\u00e4 jokainen sivusto tarvitsee oman WP.one-paketin.&nbsp;&nbsp; Lis\u00e4\u00e4 uusi sivusto n\u00e4in:\u00a0<\/p>\n","protected":false},"author":18,"featured_media":0,"parent":434,"menu_order":0,"comment_status":"closed","ping_status":"closed","template":"","meta":{"_relevanssi_hide_post":"","_relevanssi_hide_content":"","_relevanssi_pin_for_all":"","_relevanssi_pin_keywords":"","_relevanssi_unpin_keywords":"","_relevanssi_related_keywords":"","_relevanssi_related_include_ids":"","_relevanssi_related_exclude_ids":"","_relevanssi_related_no_append":"","_relevanssi_related_not_related":"","_relevanssi_related_posts":"130450,130722,1066,131892,130412,130269","_relevanssi_noindex_reason":"","footnotes":""},"categories":[48],"tags":[104],"wf_page_folders":[],"class_list":{"0":"post-132182","1":"page","2":"type-page","3":"status-publish","5":"category-wp-one","6":"tag-hallintapaneeli"},"_links":{"self":[{"href":"https:\/\/www.zoner.fi\/tuki\/wp-json\/wp\/v2\/pages\/132182","targetHints":{"allow":["GET"]}}],"collection":[{"href":"https:\/\/www.zoner.fi\/tuki\/wp-json\/wp\/v2\/pages"}],"about":[{"href":"https:\/\/www.zoner.fi\/tuki\/wp-json\/wp\/v2\/types\/page"}],"author":[{"embeddable":true,"href":"https:\/\/www.zoner.fi\/tuki\/wp-json\/wp\/v2\/users\/18"}],"replies":[{"embeddable":true,"href":"https:\/\/www.zoner.fi\/tuki\/wp-json\/wp\/v2\/comments?post=132182"}],"version-history":[{"count":3,"href":"https:\/\/www.zoner.fi\/tuki\/wp-json\/wp\/v2\/pages\/132182\/revisions"}],"predecessor-version":[{"id":132192,"href":"https:\/\/www.zoner.fi\/tuki\/wp-json\/wp\/v2\/pages\/132182\/revisions\/132192"}],"up":[{"embeddable":true,"href":"https:\/\/www.zoner.fi\/tuki\/wp-json\/wp\/v2\/pages\/434"}],"wp:attachment":[{"href":"https:\/\/www.zoner.fi\/tuki\/wp-json\/wp\/v2\/media?parent=132182"}],"wp:term":[{"taxonomy":"category","embeddable":true,"href":"https:\/\/www.zoner.fi\/tuki\/wp-json\/wp\/v2\/categories?post=132182"},{"taxonomy":"post_tag","embeddable":true,"href":"https:\/\/www.zoner.fi\/tuki\/wp-json\/wp\/v2\/tags?post=132182"},{"taxonomy":"wf_page_folders","embeddable":true,"href":"https:\/\/www.zoner.fi\/tuki\/wp-json\/wp\/v2\/wf_page_folders?post=132182"}],"curies":[{"name":"wp","href":"https:\/\/api.w.org\/{rel}","templated":true}]}}