{"id":132193,"date":"2024-06-07T12:47:30","date_gmt":"2024-06-07T09:47:30","guid":{"rendered":"https:\/\/www.zoner.fi\/tuki\/?page_id=132193"},"modified":"2024-06-07T12:47:30","modified_gmt":"2024-06-07T09:47:30","slug":"miten-palautan-varmuuskopion-wp-onessa","status":"publish","type":"page","link":"https:\/\/www.zoner.fi\/tuki\/wp-one\/miten-palautan-varmuuskopion-wp-onessa\/","title":{"rendered":"Miten palautan varmuuskopion WP.onessa?\u00a0"},"content":{"rendered":"\n<p>WP.one-palvelussa sivustosi turvataan p\u00e4ivitt\u00e4isill\u00e4 automaattisilla varmuuskopioilla. Jos sivustollasi ilmenee ongelmia, voit aina korjata ne palauttamalla aikaisemman varmuuskopion. Jokaista varmuuskopiota s\u00e4ilytet\u00e4\u00e4n 30 p\u00e4iv\u00e4\u00e4. Voit ladata ja palauttaa varmuuskopioita WP.one-hallintapaneelissasi.&nbsp;<\/p>\n\n\n\n<h2 class=\"wp-block-heading\">Palauta varmuuskopio n\u00e4in:&nbsp;<\/h2>\n\n\n\n<ol class=\"wp-block-list\" start=\"1\">\n<li>Kirjaudu WP.one-hallintapaneeliisi.&nbsp;<\/li>\n<\/ol>\n\n\n\n<ol class=\"wp-block-list\" start=\"2\">\n<li>Valitse <strong>Sivustot<\/strong>-v\u00e4lilehdell\u00e4 sivusto, jonka varmuuskopion haluat palauttaa:&nbsp;<\/li>\n<\/ol>\n\n\n\n<figure class=\"wp-block-image size-large\"><img loading=\"lazy\" decoding=\"async\" width=\"1024\" height=\"342\" src=\"https:\/\/www.zoner.fi\/tuki\/wp-content\/uploads\/2024\/06\/wpone-varmuuskopio-sivulistaus-1024x342.png\" alt=\"\" class=\"wp-image-132198\" srcset=\"https:\/\/www.zoner.fi\/tuki\/wp-content\/uploads\/2024\/06\/wpone-varmuuskopio-sivulistaus-1024x342.png 1024w, https:\/\/www.zoner.fi\/tuki\/wp-content\/uploads\/2024\/06\/wpone-varmuuskopio-sivulistaus-300x100.png 300w, https:\/\/www.zoner.fi\/tuki\/wp-content\/uploads\/2024\/06\/wpone-varmuuskopio-sivulistaus-768x256.png 768w, https:\/\/www.zoner.fi\/tuki\/wp-content\/uploads\/2024\/06\/wpone-varmuuskopio-sivulistaus.png 1447w\" sizes=\"auto, (max-width: 1024px) 100vw, 1024px\" \/><\/figure>\n\n\n\n<ol class=\"wp-block-list\" start=\"3\">\n<li>Avaa <strong>Varmuuskopiot<\/strong>-v\u00e4lilehti. Napsauta kolmea pistett\u00e4 rivin oikeassa reunassa sen p\u00e4iv\u00e4m\u00e4\u00e4r\u00e4n kohdalla, jonka varmuuskopion haluat palauttaa:&nbsp;<\/li>\n<\/ol>\n\n\n\n<figure class=\"wp-block-image size-large\"><img loading=\"lazy\" decoding=\"async\" width=\"1024\" height=\"376\" src=\"https:\/\/www.zoner.fi\/tuki\/wp-content\/uploads\/2024\/06\/wpone-varmuuskopio-listaus-1024x376.png\" alt=\"\" class=\"wp-image-132199\" srcset=\"https:\/\/www.zoner.fi\/tuki\/wp-content\/uploads\/2024\/06\/wpone-varmuuskopio-listaus-1024x376.png 1024w, https:\/\/www.zoner.fi\/tuki\/wp-content\/uploads\/2024\/06\/wpone-varmuuskopio-listaus-300x110.png 300w, https:\/\/www.zoner.fi\/tuki\/wp-content\/uploads\/2024\/06\/wpone-varmuuskopio-listaus-768x282.png 768w, https:\/\/www.zoner.fi\/tuki\/wp-content\/uploads\/2024\/06\/wpone-varmuuskopio-listaus.png 1442w\" sizes=\"auto, (max-width: 1024px) 100vw, 1024px\" \/><\/figure>\n\n\n\n<ol class=\"wp-block-list\" start=\"4\">\n<li>Valitse, haluatko palauttaa varmuuskopion tuotantoymp\u00e4rist\u00f6\u00f6n (eli varsinaiselle sivustollesi), kehitysymp\u00e4rist\u00f6\u00f6n vai ladata sen laitteellesi:&nbsp;<\/li>\n<\/ol>\n\n\n\n<figure class=\"wp-block-image size-full\"><img loading=\"lazy\" decoding=\"async\" width=\"384\" height=\"223\" src=\"https:\/\/www.zoner.fi\/tuki\/wp-content\/uploads\/2024\/06\/wpone-varmuuskopio-valikko.png\" alt=\"\" class=\"wp-image-132200\" srcset=\"https:\/\/www.zoner.fi\/tuki\/wp-content\/uploads\/2024\/06\/wpone-varmuuskopio-valikko.png 384w, https:\/\/www.zoner.fi\/tuki\/wp-content\/uploads\/2024\/06\/wpone-varmuuskopio-valikko-300x174.png 300w\" sizes=\"auto, (max-width: 384px) 100vw, 384px\" \/><\/figure>\n\n\n\n<ol class=\"wp-block-list\" start=\"5\">\n<li>Valitse ponnahdusikkunasta, haluatko palauttaa tietokannan, tiedostot vai kummatkin. <strong>Huomaa, ett\u00e4 kaikki valitsemasi tiedot ylikirjoitetaan varmuuskopion sis\u00e4lt\u00e4mill\u00e4 tiedoilla. <\/strong>Vahvista palautus kirjoittamalla sivustosi p\u00e4\u00e4verkkotunnus ja klikkaamalla <strong>Palauta<\/strong>:&nbsp;<\/li>\n<\/ol>\n\n\n\n<figure class=\"wp-block-image size-full\"><img loading=\"lazy\" decoding=\"async\" width=\"695\" height=\"729\" src=\"https:\/\/www.zoner.fi\/tuki\/wp-content\/uploads\/2024\/06\/wpone-varmuuskopio-varmistus.png\" alt=\"\" class=\"wp-image-132201\" srcset=\"https:\/\/www.zoner.fi\/tuki\/wp-content\/uploads\/2024\/06\/wpone-varmuuskopio-varmistus.png 695w, https:\/\/www.zoner.fi\/tuki\/wp-content\/uploads\/2024\/06\/wpone-varmuuskopio-varmistus-286x300.png 286w\" sizes=\"auto, (max-width: 695px) 100vw, 695px\" \/><\/figure>\n","protected":false},"excerpt":{"rendered":"<p>WP.one-palvelussa sivustosi turvataan p\u00e4ivitt\u00e4isill\u00e4 automaattisilla varmuuskopioilla. Jos sivustollasi ilmenee ongelmia, voit aina korjata ne palauttamalla aikaisemman varmuuskopion. Jokaista varmuuskopiota s\u00e4ilytet\u00e4\u00e4n 30 p\u00e4iv\u00e4\u00e4. Voit ladata ja palauttaa varmuuskopioita WP.one-hallintapaneelissasi.&nbsp; Palauta varmuuskopio n\u00e4in:&nbsp;<\/p>\n","protected":false},"author":18,"featured_media":0,"parent":434,"menu_order":0,"comment_status":"closed","ping_status":"closed","template":"","meta":{"_relevanssi_hide_post":"","_relevanssi_hide_content":"","_relevanssi_pin_for_all":"","_relevanssi_pin_keywords":"","_relevanssi_unpin_keywords":"","_relevanssi_related_keywords":"","_relevanssi_related_include_ids":"","_relevanssi_related_exclude_ids":"","_relevanssi_related_no_append":"","_relevanssi_related_not_related":"","_relevanssi_related_posts":"130779,130450,130273,130498,130964,130553","_relevanssi_noindex_reason":"","footnotes":""},"categories":[48],"tags":[104],"wf_page_folders":[],"class_list":{"0":"post-132193","1":"page","2":"type-page","3":"status-publish","5":"category-wp-one","6":"tag-hallintapaneeli"},"_links":{"self":[{"href":"https:\/\/www.zoner.fi\/tuki\/wp-json\/wp\/v2\/pages\/132193","targetHints":{"allow":["GET"]}}],"collection":[{"href":"https:\/\/www.zoner.fi\/tuki\/wp-json\/wp\/v2\/pages"}],"about":[{"href":"https:\/\/www.zoner.fi\/tuki\/wp-json\/wp\/v2\/types\/page"}],"author":[{"embeddable":true,"href":"https:\/\/www.zoner.fi\/tuki\/wp-json\/wp\/v2\/users\/18"}],"replies":[{"embeddable":true,"href":"https:\/\/www.zoner.fi\/tuki\/wp-json\/wp\/v2\/comments?post=132193"}],"version-history":[{"count":2,"href":"https:\/\/www.zoner.fi\/tuki\/wp-json\/wp\/v2\/pages\/132193\/revisions"}],"predecessor-version":[{"id":132203,"href":"https:\/\/www.zoner.fi\/tuki\/wp-json\/wp\/v2\/pages\/132193\/revisions\/132203"}],"up":[{"embeddable":true,"href":"https:\/\/www.zoner.fi\/tuki\/wp-json\/wp\/v2\/pages\/434"}],"wp:attachment":[{"href":"https:\/\/www.zoner.fi\/tuki\/wp-json\/wp\/v2\/media?parent=132193"}],"wp:term":[{"taxonomy":"category","embeddable":true,"href":"https:\/\/www.zoner.fi\/tuki\/wp-json\/wp\/v2\/categories?post=132193"},{"taxonomy":"post_tag","embeddable":true,"href":"https:\/\/www.zoner.fi\/tuki\/wp-json\/wp\/v2\/tags?post=132193"},{"taxonomy":"wf_page_folders","embeddable":true,"href":"https:\/\/www.zoner.fi\/tuki\/wp-json\/wp\/v2\/wf_page_folders?post=132193"}],"curies":[{"name":"wp","href":"https:\/\/api.w.org\/{rel}","templated":true}]}}