{"id":132204,"date":"2024-06-07T12:55:11","date_gmt":"2024-06-07T09:55:11","guid":{"rendered":"https:\/\/www.zoner.fi\/tuki\/?page_id=132204"},"modified":"2025-04-15T12:43:26","modified_gmt":"2025-04-15T09:43:26","slug":"miten-vaihdan-ssh-sftp-salasanan-wp-onessa","status":"publish","type":"page","link":"https:\/\/www.zoner.fi\/tuki\/wp-one\/miten-vaihdan-ssh-sftp-salasanan-wp-onessa\/","title":{"rendered":"Miten vaihdan SSH\/SFTP-salasanan WP.onessa?\u00a0"},"content":{"rendered":"\n<p>WP.one-hallintapaneelin asetuksista l\u00f6yd\u00e4t palvelimesi SSH\/SFTP-tiedot ja luot helposti uuden SSH\/SFTP-salasanan.&nbsp;<\/p>\n\n\n\n<h2 class=\"wp-block-heading\">Luo uusi SSH\/SFTP-salasana n\u00e4in:&nbsp;<\/h2>\n\n\n\n<ol start=\"1\" class=\"wp-block-list\">\n<li>Kirjaudu WP.one-hallintapaneeliin osoitteessa <a href=\"https:\/\/app.wp.one\/\" target=\"_blank\" rel=\"noopener\">app.wp.one<\/a>.<\/li>\n<\/ol>\n\n\n\n<ol start=\"2\" class=\"wp-block-list\">\n<li>Klikkaa <strong>Sivustot<\/strong>-v\u00e4lilehdell\u00e4 sit\u00e4 sivustoa, jonka SSH\/SFTP-salasanaa haluat vaihtaa.<\/li>\n<\/ol>\n\n\n\n<ol start=\"3\" class=\"wp-block-list\">\n<li>Klikkaa <strong>Asetukset<\/strong> vasemmalla olevassa valikossa. Vierit\u00e4 alas kohtaan <strong>SSH \/ SFTP<\/strong>, jossa n\u00e4et palvelimesi SSH\/SFTP-tiedot.<\/li>\n<\/ol>\n\n\n\n<figure class=\"wp-block-image size-large\"><img loading=\"lazy\" decoding=\"async\" width=\"1024\" height=\"745\" src=\"https:\/\/www.zoner.fi\/tuki\/wp-content\/uploads\/2025\/04\/wp.one-ssh-1024x745.png\" alt=\"\" class=\"wp-image-135815\" srcset=\"https:\/\/www.zoner.fi\/tuki\/wp-content\/uploads\/2025\/04\/wp.one-ssh-1024x745.png 1024w, https:\/\/www.zoner.fi\/tuki\/wp-content\/uploads\/2025\/04\/wp.one-ssh-300x218.png 300w, https:\/\/www.zoner.fi\/tuki\/wp-content\/uploads\/2025\/04\/wp.one-ssh-768x559.png 768w, https:\/\/www.zoner.fi\/tuki\/wp-content\/uploads\/2025\/04\/wp.one-ssh-1536x1118.png 1536w, https:\/\/www.zoner.fi\/tuki\/wp-content\/uploads\/2025\/04\/wp.one-ssh.png 1591w\" sizes=\"auto, (max-width: 1024px) 100vw, 1024px\" \/><\/figure>\n\n\n\n<ol start=\"4\" class=\"wp-block-list\">\n<li>Luo uusi salasana painamalla <strong>Luo uusi salasana<\/strong> -nappia. Voit kopioida salasanan klikkaamalla paperiarkin kuvaa Salasana-kent\u00e4ss\u00e4 tai n\u00e4hd\u00e4 sen klikkaamalla silm\u00e4kuvaketta.<\/li>\n<\/ol>\n\n\n\n<figure class=\"wp-block-image size-large\"><img loading=\"lazy\" decoding=\"async\" width=\"1024\" height=\"376\" src=\"https:\/\/www.zoner.fi\/tuki\/wp-content\/uploads\/2025\/04\/wp.one-ssh-salasana-1024x376.png\" alt=\"\" class=\"wp-image-135816\" srcset=\"https:\/\/www.zoner.fi\/tuki\/wp-content\/uploads\/2025\/04\/wp.one-ssh-salasana-1024x376.png 1024w, https:\/\/www.zoner.fi\/tuki\/wp-content\/uploads\/2025\/04\/wp.one-ssh-salasana-300x110.png 300w, https:\/\/www.zoner.fi\/tuki\/wp-content\/uploads\/2025\/04\/wp.one-ssh-salasana-768x282.png 768w, https:\/\/www.zoner.fi\/tuki\/wp-content\/uploads\/2025\/04\/wp.one-ssh-salasana.png 1154w\" sizes=\"auto, (max-width: 1024px) 100vw, 1024px\" \/><\/figure>\n","protected":false},"excerpt":{"rendered":"<p>WP.one-hallintapaneelin asetuksista l\u00f6yd\u00e4t palvelimesi SSH\/SFTP-tiedot ja luot helposti uuden SSH\/SFTP-salasanan.&nbsp; Luo uusi SSH\/SFTP-salasana n\u00e4in:&nbsp;<\/p>\n","protected":false},"author":18,"featured_media":0,"parent":434,"menu_order":0,"comment_status":"closed","ping_status":"closed","template":"","meta":{"_relevanssi_hide_post":"","_relevanssi_hide_content":"","_relevanssi_pin_for_all":"","_relevanssi_pin_keywords":"","_relevanssi_unpin_keywords":"","_relevanssi_related_keywords":"","_relevanssi_related_include_ids":"","_relevanssi_related_exclude_ids":"","_relevanssi_related_no_append":"","_relevanssi_related_not_related":"","_relevanssi_related_posts":"130899,132144,130865,130553,131550,130498","_relevanssi_noindex_reason":"","footnotes":""},"categories":[48],"tags":[104],"wf_page_folders":[],"class_list":{"0":"post-132204","1":"page","2":"type-page","3":"status-publish","5":"category-wp-one","6":"tag-hallintapaneeli"},"_links":{"self":[{"href":"https:\/\/www.zoner.fi\/tuki\/wp-json\/wp\/v2\/pages\/132204","targetHints":{"allow":["GET"]}}],"collection":[{"href":"https:\/\/www.zoner.fi\/tuki\/wp-json\/wp\/v2\/pages"}],"about":[{"href":"https:\/\/www.zoner.fi\/tuki\/wp-json\/wp\/v2\/types\/page"}],"author":[{"embeddable":true,"href":"https:\/\/www.zoner.fi\/tuki\/wp-json\/wp\/v2\/users\/18"}],"replies":[{"embeddable":true,"href":"https:\/\/www.zoner.fi\/tuki\/wp-json\/wp\/v2\/comments?post=132204"}],"version-history":[{"count":3,"href":"https:\/\/www.zoner.fi\/tuki\/wp-json\/wp\/v2\/pages\/132204\/revisions"}],"predecessor-version":[{"id":135818,"href":"https:\/\/www.zoner.fi\/tuki\/wp-json\/wp\/v2\/pages\/132204\/revisions\/135818"}],"up":[{"embeddable":true,"href":"https:\/\/www.zoner.fi\/tuki\/wp-json\/wp\/v2\/pages\/434"}],"wp:attachment":[{"href":"https:\/\/www.zoner.fi\/tuki\/wp-json\/wp\/v2\/media?parent=132204"}],"wp:term":[{"taxonomy":"category","embeddable":true,"href":"https:\/\/www.zoner.fi\/tuki\/wp-json\/wp\/v2\/categories?post=132204"},{"taxonomy":"post_tag","embeddable":true,"href":"https:\/\/www.zoner.fi\/tuki\/wp-json\/wp\/v2\/tags?post=132204"},{"taxonomy":"wf_page_folders","embeddable":true,"href":"https:\/\/www.zoner.fi\/tuki\/wp-json\/wp\/v2\/wf_page_folders?post=132204"}],"curies":[{"name":"wp","href":"https:\/\/api.w.org\/{rel}","templated":true}]}}