{"id":132211,"date":"2024-06-07T13:04:15","date_gmt":"2024-06-07T10:04:15","guid":{"rendered":"https:\/\/www.zoner.fi\/tuki\/?page_id=132211"},"modified":"2024-06-07T13:04:15","modified_gmt":"2024-06-07T10:04:15","slug":"miten-lisaan-lisaverkkotunnuksen-wp-oneen","status":"publish","type":"page","link":"https:\/\/www.zoner.fi\/tuki\/wp-one\/miten-lisaan-lisaverkkotunnuksen-wp-oneen\/","title":{"rendered":"Miten lis\u00e4\u00e4n lis\u00e4verkkotunnuksen WP.oneen?\u00a0"},"content":{"rendered":"\n<p>Voit lis\u00e4t\u00e4 WP.onessa sijaitsevalle sivustollesi lis\u00e4verkkotunnuksia. Verkkotunnusten DNS-asetukset on p\u00e4ivitett\u00e4v\u00e4 osoittamaan WP.oneen, jotta ne ohjautuvat sivustollesi.&nbsp;<\/p>\n\n\n\n<h2 class=\"wp-block-heading\">Lis\u00e4\u00e4 verkkotunnus n\u00e4in:&nbsp;<\/h2>\n\n\n\n<ol class=\"wp-block-list\" start=\"1\">\n<li>Kirjaudu WP.one-hallintapaneeliisi.&nbsp;<\/li>\n<\/ol>\n\n\n\n<ol class=\"wp-block-list\" start=\"2\">\n<li>Valitse <strong>Sivustot<\/strong>-v\u00e4lilehdell\u00e4 sivusto, jolle haluat lis\u00e4t\u00e4 verkkotunnuksen:&nbsp;<\/li>\n<\/ol>\n\n\n\n<figure class=\"wp-block-image size-large\"><img loading=\"lazy\" decoding=\"async\" width=\"1024\" height=\"427\" src=\"https:\/\/www.zoner.fi\/tuki\/wp-content\/uploads\/2024\/06\/image-1024x427.png\" alt=\"\" class=\"wp-image-132167\" srcset=\"https:\/\/www.zoner.fi\/tuki\/wp-content\/uploads\/2024\/06\/image-1024x427.png 1024w, https:\/\/www.zoner.fi\/tuki\/wp-content\/uploads\/2024\/06\/image-300x125.png 300w, https:\/\/www.zoner.fi\/tuki\/wp-content\/uploads\/2024\/06\/image-768x320.png 768w, https:\/\/www.zoner.fi\/tuki\/wp-content\/uploads\/2024\/06\/image.png 1513w\" sizes=\"auto, (max-width: 1024px) 100vw, 1024px\" \/><\/figure>\n\n\n\n<ol class=\"wp-block-list\" start=\"3\">\n<li>Valitse <strong>Verkkotunnukset<\/strong>-v\u00e4lilehti. T\u00e4lt\u00e4 sivulta l\u00f6yd\u00e4t sivustoosi liitetyt verkkotunnukset. Napsauta sinist\u00e4 <strong>Lis\u00e4\u00e4 verkkotunnus<\/strong> -painiketta.&nbsp;<\/li>\n<\/ol>\n\n\n\n<figure class=\"wp-block-image size-large\"><img loading=\"lazy\" decoding=\"async\" width=\"1024\" height=\"549\" src=\"https:\/\/www.zoner.fi\/tuki\/wp-content\/uploads\/2024\/06\/wpone-lisaverkkotunnus-tab-1024x549.png\" alt=\"\" class=\"wp-image-132216\" srcset=\"https:\/\/www.zoner.fi\/tuki\/wp-content\/uploads\/2024\/06\/wpone-lisaverkkotunnus-tab-1024x549.png 1024w, https:\/\/www.zoner.fi\/tuki\/wp-content\/uploads\/2024\/06\/wpone-lisaverkkotunnus-tab-300x161.png 300w, https:\/\/www.zoner.fi\/tuki\/wp-content\/uploads\/2024\/06\/wpone-lisaverkkotunnus-tab-768x412.png 768w, https:\/\/www.zoner.fi\/tuki\/wp-content\/uploads\/2024\/06\/wpone-lisaverkkotunnus-tab.png 1464w\" sizes=\"auto, (max-width: 1024px) 100vw, 1024px\" \/><\/figure>\n\n\n\n<ol class=\"wp-block-list\" start=\"4\">\n<li>Kirjoita ponnahdusikkunaan verkkotunnuksesi ja napsauta <strong>Lis\u00e4\u00e4 verkkotunnus<\/strong>:&nbsp;<\/li>\n<\/ol>\n\n\n\n<figure class=\"wp-block-image size-full\"><img loading=\"lazy\" decoding=\"async\" width=\"693\" height=\"376\" src=\"https:\/\/www.zoner.fi\/tuki\/wp-content\/uploads\/2024\/06\/wpone-lisaverkkotunnus-lisays.png\" alt=\"\" class=\"wp-image-132217\" srcset=\"https:\/\/www.zoner.fi\/tuki\/wp-content\/uploads\/2024\/06\/wpone-lisaverkkotunnus-lisays.png 693w, https:\/\/www.zoner.fi\/tuki\/wp-content\/uploads\/2024\/06\/wpone-lisaverkkotunnus-lisays-300x163.png 300w\" sizes=\"auto, (max-width: 693px) 100vw, 693px\" \/><\/figure>\n\n\n\n<ol class=\"wp-block-list\" start=\"5\">\n<li>Siirry sen j\u00e4lkeen <strong>DNS<\/strong>-v\u00e4lilehdelle sivun yl\u00e4reunasta. Napsauta sitten listasta lis\u00e4\u00e4m\u00e4si verkkotunnuksen nime\u00e4:&nbsp;<\/li>\n<\/ol>\n\n\n\n<figure class=\"wp-block-image size-large\"><img loading=\"lazy\" decoding=\"async\" width=\"1024\" height=\"322\" src=\"https:\/\/www.zoner.fi\/tuki\/wp-content\/uploads\/2024\/06\/wpone-lisaverkkotunnus-dns-1024x322.png\" alt=\"\" class=\"wp-image-132218\" srcset=\"https:\/\/www.zoner.fi\/tuki\/wp-content\/uploads\/2024\/06\/wpone-lisaverkkotunnus-dns-1024x322.png 1024w, https:\/\/www.zoner.fi\/tuki\/wp-content\/uploads\/2024\/06\/wpone-lisaverkkotunnus-dns-300x94.png 300w, https:\/\/www.zoner.fi\/tuki\/wp-content\/uploads\/2024\/06\/wpone-lisaverkkotunnus-dns-768x242.png 768w, https:\/\/www.zoner.fi\/tuki\/wp-content\/uploads\/2024\/06\/wpone-lisaverkkotunnus-dns.png 1450w\" sizes=\"auto, (max-width: 1024px) 100vw, 1024px\" \/><\/figure>\n\n\n\n<ol class=\"wp-block-list\" start=\"6\">\n<li>Avautuneella sivulla voit muokata verkkotunnuksen DNS-tietueita. <a href=\"https:\/\/www.zoner.fi\/tuki\/wp-one\/miten-muutan-dns-asetuksia-wp-one-palvelussa\/\">T\u00e4\u00e4lt\u00e4<\/a> voit lukea ohjeet DNS-tietueiden muokkaamiseen WP.onessa. DNS-tietueisiin tehdyt muutokset tulevat voimaan 24 tunnin sis\u00e4ll\u00e4.\u00a0<\/li>\n<\/ol>\n","protected":false},"excerpt":{"rendered":"<p>Voit lis\u00e4t\u00e4 WP.onessa sijaitsevalle sivustollesi lis\u00e4verkkotunnuksia. Verkkotunnusten DNS-asetukset on p\u00e4ivitett\u00e4v\u00e4 osoittamaan WP.oneen, jotta ne ohjautuvat sivustollesi.&nbsp; Lis\u00e4\u00e4 verkkotunnus n\u00e4in:&nbsp;<\/p>\n","protected":false},"author":18,"featured_media":0,"parent":434,"menu_order":0,"comment_status":"closed","ping_status":"closed","template":"","meta":{"_relevanssi_hide_post":"","_relevanssi_hide_content":"","_relevanssi_pin_for_all":"","_relevanssi_pin_keywords":"","_relevanssi_unpin_keywords":"","_relevanssi_related_keywords":"","_relevanssi_related_include_ids":"","_relevanssi_related_exclude_ids":"","_relevanssi_related_no_append":"","_relevanssi_related_not_related":"","_relevanssi_related_posts":"130515,132072,130684,130899,130273,130578","_relevanssi_noindex_reason":"","footnotes":""},"categories":[48],"tags":[104],"wf_page_folders":[],"class_list":{"0":"post-132211","1":"page","2":"type-page","3":"status-publish","5":"category-wp-one","6":"tag-hallintapaneeli"},"_links":{"self":[{"href":"https:\/\/www.zoner.fi\/tuki\/wp-json\/wp\/v2\/pages\/132211","targetHints":{"allow":["GET"]}}],"collection":[{"href":"https:\/\/www.zoner.fi\/tuki\/wp-json\/wp\/v2\/pages"}],"about":[{"href":"https:\/\/www.zoner.fi\/tuki\/wp-json\/wp\/v2\/types\/page"}],"author":[{"embeddable":true,"href":"https:\/\/www.zoner.fi\/tuki\/wp-json\/wp\/v2\/users\/18"}],"replies":[{"embeddable":true,"href":"https:\/\/www.zoner.fi\/tuki\/wp-json\/wp\/v2\/comments?post=132211"}],"version-history":[{"count":2,"href":"https:\/\/www.zoner.fi\/tuki\/wp-json\/wp\/v2\/pages\/132211\/revisions"}],"predecessor-version":[{"id":132221,"href":"https:\/\/www.zoner.fi\/tuki\/wp-json\/wp\/v2\/pages\/132211\/revisions\/132221"}],"up":[{"embeddable":true,"href":"https:\/\/www.zoner.fi\/tuki\/wp-json\/wp\/v2\/pages\/434"}],"wp:attachment":[{"href":"https:\/\/www.zoner.fi\/tuki\/wp-json\/wp\/v2\/media?parent=132211"}],"wp:term":[{"taxonomy":"category","embeddable":true,"href":"https:\/\/www.zoner.fi\/tuki\/wp-json\/wp\/v2\/categories?post=132211"},{"taxonomy":"post_tag","embeddable":true,"href":"https:\/\/www.zoner.fi\/tuki\/wp-json\/wp\/v2\/tags?post=132211"},{"taxonomy":"wf_page_folders","embeddable":true,"href":"https:\/\/www.zoner.fi\/tuki\/wp-json\/wp\/v2\/wf_page_folders?post=132211"}],"curies":[{"name":"wp","href":"https:\/\/api.w.org\/{rel}","templated":true}]}}