{"id":132224,"date":"2024-06-07T14:26:31","date_gmt":"2024-06-07T11:26:31","guid":{"rendered":"https:\/\/www.zoner.fi\/tuki\/?page_id=132224"},"modified":"2024-06-07T14:27:01","modified_gmt":"2024-06-07T11:27:01","slug":"miten-luon-alidomainsivuja-wp-onessa","status":"publish","type":"page","link":"https:\/\/www.zoner.fi\/tuki\/wp-one\/miten-luon-alidomainsivuja-wp-onessa\/","title":{"rendered":"Miten luon alidomainsivuja WP.onessa?"},"content":{"rendered":"\n<p>Voit luoda WP.onessa uuden WordPress-sivuston alidomainilla tai lis\u00e4t\u00e4 alidomaineja WP.onessa jo sijaitseviin WordPress-sivustoihisi.&nbsp;<\/p>\n\n\n\n<h2 class=\"wp-block-heading\">Mik\u00e4 on aliverkkotunnus?&nbsp;<\/h2>\n\n\n\n<p>Aliverkkotunnus eli alidomain on etuliite, jonka voit liitt\u00e4\u00e4 verkkotunnukseesi: jos verkkotunnuksesi olisi domaintesti.fi, sen aliverkkotunnuksia voisivat olla esimerkiksi kauppa.domaintesti.fi ja blogi.domaintesti.fi.&nbsp;<\/p>\n\n\n\n<p>Aliverkkotunnuksilla voit j\u00e4sent\u00e4\u00e4 sivustoasi erottamalla sen eri osioita omiin aliverkkotunnuksiinsa. Aliverkkotunnuksia luodaan yleens\u00e4 esimerkiksi verkkokaupoille, blogeille, intranetille ja muille toiminnanohjausj\u00e4rjestelmille. Eri aliverkkotunnukset voidaan my\u00f6s ohjata omille palvelimilleen tai ulkoisiin palveluihin, kun taas kaikki p\u00e4\u00e4verkkotunnuksen alla olevat sis\u00e4ll\u00f6t ja alikansiot, kuten domaintesti.fi\/kauppa, ohjautuvat aina yhteen ja samaan palveluun.&nbsp;<\/p>\n\n\n\n<p>Aliverkkotunnuksia voi luoda ilmaiseksi DNS-asetusten kautta, mutta <strong>jos haluat luoda uuden sivuston aliverkkotunnuksellasi, sille pit\u00e4\u00e4 tilata oma WP.one-pakettinsa.\u00a0<\/strong><\/p>\n\n\n\n<h2 class=\"wp-block-heading\">Lis\u00e4\u00e4 uusi sivusto WP.oneen alidomainilla n\u00e4in:&nbsp;<\/h2>\n\n\n\n<ol class=\"wp-block-list\" start=\"1\">\n<li>Kirjaudu WP.one-hallintapaneeliisi.&nbsp;<\/li>\n<\/ol>\n\n\n\n<ol class=\"wp-block-list\" start=\"2\">\n<li>Valitse <strong>Sivustot<\/strong>-v\u00e4lilehdell\u00e4 <strong>Lis\u00e4\u00e4 sivusto<\/strong>:&nbsp;<\/li>\n<\/ol>\n\n\n\n<figure class=\"wp-block-image size-large\"><img loading=\"lazy\" decoding=\"async\" width=\"1024\" height=\"342\" src=\"https:\/\/www.zoner.fi\/tuki\/wp-content\/uploads\/2024\/06\/image-7-1024x342.png\" alt=\"\" class=\"wp-image-132194\" srcset=\"https:\/\/www.zoner.fi\/tuki\/wp-content\/uploads\/2024\/06\/image-7-1024x342.png 1024w, https:\/\/www.zoner.fi\/tuki\/wp-content\/uploads\/2024\/06\/image-7-300x100.png 300w, https:\/\/www.zoner.fi\/tuki\/wp-content\/uploads\/2024\/06\/image-7-768x256.png 768w, https:\/\/www.zoner.fi\/tuki\/wp-content\/uploads\/2024\/06\/image-7.png 1447w\" sizes=\"auto, (max-width: 1024px) 100vw, 1024px\" \/><\/figure>\n\n\n\n<ol class=\"wp-block-list\" start=\"3\">\n<li>Valitse <strong>Luo uusi sivusto<\/strong>.&nbsp;<\/li>\n<\/ol>\n\n\n\n<figure class=\"wp-block-image size-full\"><img loading=\"lazy\" decoding=\"async\" width=\"694\" height=\"452\" src=\"https:\/\/www.zoner.fi\/tuki\/wp-content\/uploads\/2024\/06\/image-4.png\" alt=\"\" class=\"wp-image-132183\" srcset=\"https:\/\/www.zoner.fi\/tuki\/wp-content\/uploads\/2024\/06\/image-4.png 694w, https:\/\/www.zoner.fi\/tuki\/wp-content\/uploads\/2024\/06\/image-4-300x195.png 300w\" sizes=\"auto, (max-width: 694px) 100vw, 694px\" \/><\/figure>\n\n\n\n<ol class=\"wp-block-list\" start=\"4\">\n<li>Valitse sivustollesi paketti:&nbsp;<\/li>\n<\/ol>\n\n\n\n<figure class=\"wp-block-image size-large\"><img loading=\"lazy\" decoding=\"async\" width=\"1024\" height=\"607\" src=\"https:\/\/www.zoner.fi\/tuki\/wp-content\/uploads\/2024\/06\/wpone-paketinvalinta_uusisivusto-1024x607.png\" alt=\"\" class=\"wp-image-132189\" srcset=\"https:\/\/www.zoner.fi\/tuki\/wp-content\/uploads\/2024\/06\/wpone-paketinvalinta_uusisivusto-1024x607.png 1024w, https:\/\/www.zoner.fi\/tuki\/wp-content\/uploads\/2024\/06\/wpone-paketinvalinta_uusisivusto-300x178.png 300w, https:\/\/www.zoner.fi\/tuki\/wp-content\/uploads\/2024\/06\/wpone-paketinvalinta_uusisivusto-768x455.png 768w, https:\/\/www.zoner.fi\/tuki\/wp-content\/uploads\/2024\/06\/wpone-paketinvalinta_uusisivusto.png 1535w\" sizes=\"auto, (max-width: 1024px) 100vw, 1024px\" \/><\/figure>\n\n\n\n<ol class=\"wp-block-list\" start=\"5\">\n<li>Anna uuden sivustosi alidomain ja sen yll\u00e4pit\u00e4j\u00e4n s\u00e4hk\u00f6postiosoite. Voit k\u00e4ytt\u00e4\u00e4 jo WP.oneen lis\u00e4\u00e4m\u00e4\u00e4si alidomainia tai lis\u00e4t\u00e4 sen vasta sivuston luomisen j\u00e4lkeen:&nbsp;<\/li>\n<\/ol>\n\n\n\n<figure class=\"wp-block-image size-full\"><img loading=\"lazy\" decoding=\"async\" width=\"696\" height=\"454\" src=\"https:\/\/www.zoner.fi\/tuki\/wp-content\/uploads\/2024\/06\/wpone-sivustonlisays-tunnus.png\" alt=\"\" class=\"wp-image-132190\" srcset=\"https:\/\/www.zoner.fi\/tuki\/wp-content\/uploads\/2024\/06\/wpone-sivustonlisays-tunnus.png 696w, https:\/\/www.zoner.fi\/tuki\/wp-content\/uploads\/2024\/06\/wpone-sivustonlisays-tunnus-300x196.png 300w\" sizes=\"auto, (max-width: 696px) 100vw, 696px\" \/><\/figure>\n\n\n\n<h2 class=\"wp-block-heading\">Yhdist\u00e4 alidomain WP.one-sivustoon&nbsp;<\/h2>\n\n\n\n<p>Alidomaineja voi lis\u00e4t\u00e4 samalla tavalla kuin muitakin lis\u00e4verkkotunnuksia. Voit lukea <a href=\"https:\/\/www.zoner.fi\/tuki\/wp-one\/miten-lisaan-lisaverkkotunnuksen-wp-oneen\/\" target=\"_blank\" rel=\"noreferrer noopener\">ohjeet verkkotunnusten lis\u00e4\u00e4miseen t\u00e4\u00e4lt\u00e4<\/a>.&nbsp;&nbsp;<\/p>\n","protected":false},"excerpt":{"rendered":"<p>Voit luoda WP.onessa uuden WordPress-sivuston alidomainilla tai lis\u00e4t\u00e4 alidomaineja WP.onessa jo sijaitseviin WordPress-sivustoihisi.&nbsp; Mik\u00e4 on aliverkkotunnus?&nbsp; Aliverkkotunnus eli alidomain on etuliite, jonka voit liitt\u00e4\u00e4 verkkotunnukseesi: jos verkkotunnuksesi olisi domaintesti.fi, sen aliverkkotunnuksia voisivat olla esimerkiksi kauppa.domaintesti.fi ja blogi.domaintesti.fi.&nbsp; Aliverkkotunnuksilla voit j\u00e4sent\u00e4\u00e4 sivustoasi erottamalla sen eri osioita omiin aliverkkotunnuksiinsa. Aliverkkotunnuksia luodaan yleens\u00e4 esimerkiksi verkkokaupoille, blogeille, intranetille ja &#8230; <a title=\"Miten luon alidomainsivuja WP.onessa?\" class=\"read-more\" href=\"https:\/\/www.zoner.fi\/tuki\/wp-one\/miten-luon-alidomainsivuja-wp-onessa\/\" aria-label=\"Lue lis\u00e4\u00e4 aiheesta Miten luon alidomainsivuja WP.onessa?\">Lue lis\u00e4\u00e4<\/a><\/p>\n","protected":false},"author":18,"featured_media":0,"parent":434,"menu_order":0,"comment_status":"closed","ping_status":"closed","template":"","meta":{"_relevanssi_hide_post":"","_relevanssi_hide_content":"","_relevanssi_pin_for_all":"","_relevanssi_pin_keywords":"","_relevanssi_unpin_keywords":"","_relevanssi_related_keywords":"","_relevanssi_related_include_ids":"","_relevanssi_related_exclude_ids":"","_relevanssi_related_no_append":"","_relevanssi_related_not_related":"","_relevanssi_related_posts":"130464,130657,130515,132072,130455,130684","_relevanssi_noindex_reason":"","footnotes":""},"categories":[48],"tags":[104],"wf_page_folders":[],"class_list":{"0":"post-132224","1":"page","2":"type-page","3":"status-publish","5":"category-wp-one","6":"tag-hallintapaneeli"},"_links":{"self":[{"href":"https:\/\/www.zoner.fi\/tuki\/wp-json\/wp\/v2\/pages\/132224","targetHints":{"allow":["GET"]}}],"collection":[{"href":"https:\/\/www.zoner.fi\/tuki\/wp-json\/wp\/v2\/pages"}],"about":[{"href":"https:\/\/www.zoner.fi\/tuki\/wp-json\/wp\/v2\/types\/page"}],"author":[{"embeddable":true,"href":"https:\/\/www.zoner.fi\/tuki\/wp-json\/wp\/v2\/users\/18"}],"replies":[{"embeddable":true,"href":"https:\/\/www.zoner.fi\/tuki\/wp-json\/wp\/v2\/comments?post=132224"}],"version-history":[{"count":4,"href":"https:\/\/www.zoner.fi\/tuki\/wp-json\/wp\/v2\/pages\/132224\/revisions"}],"predecessor-version":[{"id":132230,"href":"https:\/\/www.zoner.fi\/tuki\/wp-json\/wp\/v2\/pages\/132224\/revisions\/132230"}],"up":[{"embeddable":true,"href":"https:\/\/www.zoner.fi\/tuki\/wp-json\/wp\/v2\/pages\/434"}],"wp:attachment":[{"href":"https:\/\/www.zoner.fi\/tuki\/wp-json\/wp\/v2\/media?parent=132224"}],"wp:term":[{"taxonomy":"category","embeddable":true,"href":"https:\/\/www.zoner.fi\/tuki\/wp-json\/wp\/v2\/categories?post=132224"},{"taxonomy":"post_tag","embeddable":true,"href":"https:\/\/www.zoner.fi\/tuki\/wp-json\/wp\/v2\/tags?post=132224"},{"taxonomy":"wf_page_folders","embeddable":true,"href":"https:\/\/www.zoner.fi\/tuki\/wp-json\/wp\/v2\/wf_page_folders?post=132224"}],"curies":[{"name":"wp","href":"https:\/\/api.w.org\/{rel}","templated":true}]}}