{"id":132266,"date":"2024-06-17T13:47:50","date_gmt":"2024-06-17T10:47:50","guid":{"rendered":"https:\/\/www.zoner.fi\/tuki\/?page_id=132266"},"modified":"2025-09-17T12:06:07","modified_gmt":"2025-09-17T09:06:07","slug":"miten-lahettaa-salattu-sahkoposti","status":"publish","type":"page","link":"https:\/\/www.zoner.fi\/tuki\/sahkopostiohjeet\/directadmin\/miten-lahettaa-salattu-sahkoposti\/","title":{"rendered":"Miten l\u00e4hett\u00e4\u00e4 salattu s\u00e4hk\u00f6posti?\u00a0"},"content":{"rendered":"\n<p>Salattu s\u00e4hk\u00f6posti on hy\u00f6dyllinen tilanteissa, joissa sinun t\u00e4ytyy l\u00e4hett\u00e4\u00e4 s\u00e4hk\u00f6postilla t\u00e4rkeit\u00e4 tietoja, kuten henkil\u00f6tunnuksia tai muita asiakas- tai henkil\u00f6tietoja.\u00a0<\/p>\n\n\n\n<p>Voit l\u00e4hett\u00e4\u00e4 salattuja s\u00e4hk\u00f6posteja kaikilla suosituimmilla s\u00e4hk\u00f6postiohjelmilla, kuten Outlookilla, Gmaililla ja iOS-s\u00e4hk\u00f6postiohjelmalla.&nbsp;<\/p>\n\n\n\n<h2 class=\"wp-block-heading\">Mik\u00e4 on salattu s\u00e4hk\u00f6posti?&nbsp;<\/h2>\n\n\n\n<p>Salatun s\u00e4hk\u00f6postin sis\u00e4lt\u00f6 on sen nimen mukaisesti salattu, eli se on muunnettu er\u00e4\u00e4nlaiseksi salakirjoitukseksi, jonka vain viestin vastaanottaja pystyy lukemaan. Salaus est\u00e4\u00e4 mahdollisia hakkereita lukemasta viestin tietoja.<\/p>\n\n\n\n<h2 class=\"wp-block-heading\">Salaustyypit: S\/MIME ja PGP\/MIME<\/h2>\n\n\n\n<p class=\"gb-headline gb-headline-dea03f60 gb-headline-text\">S\u00e4hk\u00f6postisalauksen p\u00e4\u00e4tyypit ovat S\/MIME ja PGP\/MIME. S\u00e4hk\u00f6postiohjelmat tukevat yleens\u00e4 vain toista niist\u00e4.\u00a0<\/p>\n\n\n\n<h3 class=\"wp-block-heading\">S\/MIME&nbsp;<\/h3>\n\n\n\n<p>Moniin suosittuihin s\u00e4hk\u00f6postiohjelmiin sis\u00e4ltyy S\/MIME-suojausvaihtoehto. Sit\u00e4 k\u00e4ytt\u00e4v\u00e4t esimerkiksi Gmail, Outlook ja iOS-laitteet. S\/MIME suojauksella voit salata viestin lis\u00e4ksi my\u00f6s sen liitetiedostot.&nbsp;<\/p>\n\n\n\n<h3 class=\"wp-block-heading\">PGP\/MIME&nbsp;<\/h3>\n\n\n\n<p>PGP\/MIME-suojaus vaatii kolmannen osapuolen ohjelman k\u00e4ytt\u00e4mist\u00e4 \u2013 sit\u00e4 ei siis ole sis\u00e4\u00e4nrakennettu s\u00e4hk\u00f6postiohjelmiin, mutta se on yhteensopiva muun muassa Android-laitteiden kanssa. PGP\/MIMEn avulla voit my\u00f6s valita suojauksen vahvuuden, ja sit\u00e4 k\u00e4ytet\u00e4\u00e4n usein esimerkiksi organisaatioiden sis\u00e4ll\u00e4. PGP:n avulla voit suojata viestin tekstisis\u00e4ll\u00f6n, mutta et liitteit\u00e4.&nbsp;<\/p>\n\n\n\n<h2 class=\"wp-block-heading\">Miten l\u00e4hett\u00e4\u00e4 salattu s\u00e4hk\u00f6posti?&nbsp;<\/h2>\n\n\n\n<p>Salatun s\u00e4hk\u00f6postin l\u00e4hett\u00e4minen tapahtuu eri tavoilla sen mukaan, mit\u00e4 s\u00e4hk\u00f6postiohjelmaa k\u00e4yt\u00e4t.&nbsp;&nbsp;<\/p>\n\n\n\n<p>Jos haluat l\u00e4hett\u00e4\u00e4 salattuja s\u00e4hk\u00f6posteja, on suositeltavaa salata kaikki s\u00e4hk\u00f6postit, eik\u00e4 vain niit\u00e4, jotka sis\u00e4lt\u00e4v\u00e4t t\u00e4rkeit\u00e4 tietoja. Muuten salaus saattaa itse asiassa heikent\u00e4\u00e4 s\u00e4hk\u00f6postiesi turvallisuutta, sill\u00e4 se osoittaa hakkereille, mitk\u00e4 viestit sis\u00e4lt\u00e4v\u00e4t salaisia tietoja, jolloin he voivat kohdistaa hakkerointiyrityksens\u00e4 juuri niihin.&nbsp;<\/p>\n\n\n\n<p>Suosituilta s\u00e4hk\u00f6postiohjelmilta l\u00f6ytyv\u00e4t omat ohjeet salatun s\u00e4hk\u00f6postin l\u00e4hett\u00e4miseen:&nbsp;<\/p>\n\n\n\n<ul class=\"wp-block-list\">\n<li><a href=\"https:\/\/support.microsoft.com\/fi-fi\/office\/s%C3%A4hk%C3%B6postiviestien-salaaminen-373339cb-bf1a-4509-b296-802a39d801dc\" target=\"_blank\" rel=\"noreferrer noopener\">Outlook<\/a>&nbsp;<\/li>\n\n\n\n<li><a href=\"https:\/\/support.apple.com\/fi-fi\/102245\" target=\"_blank\" rel=\"noreferrer noopener\">iOS<\/a>&nbsp;<\/li>\n\n\n\n<li><a href=\"https:\/\/support.google.com\/mail\/answer\/7674059?hl=fi&amp;co=GENIE.Platform%3DDesktop\" target=\"_blank\" rel=\"noreferrer noopener\">Gmail<\/a>&nbsp;<\/li>\n<\/ul>\n","protected":false},"excerpt":{"rendered":"<p>Salattu s\u00e4hk\u00f6posti on hy\u00f6dyllinen tilanteissa, joissa sinun t\u00e4ytyy l\u00e4hett\u00e4\u00e4 s\u00e4hk\u00f6postilla t\u00e4rkeit\u00e4 tietoja, kuten henkil\u00f6tunnuksia tai muita asiakas- tai henkil\u00f6tietoja.\u00a0 Voit l\u00e4hett\u00e4\u00e4 salattuja s\u00e4hk\u00f6posteja kaikilla suosituimmilla s\u00e4hk\u00f6postiohjelmilla, kuten Outlookilla, Gmaililla ja iOS-s\u00e4hk\u00f6postiohjelmalla.&nbsp; Mik\u00e4 on salattu s\u00e4hk\u00f6posti?&nbsp; Salatun s\u00e4hk\u00f6postin sis\u00e4lt\u00f6 on sen nimen mukaisesti salattu, eli se on muunnettu er\u00e4\u00e4nlaiseksi salakirjoitukseksi, jonka vain viestin vastaanottaja pystyy lukemaan. &#8230; <a title=\"Miten l\u00e4hett\u00e4\u00e4 salattu s\u00e4hk\u00f6posti?\u00a0\" class=\"read-more\" href=\"https:\/\/www.zoner.fi\/tuki\/sahkopostiohjeet\/directadmin\/miten-lahettaa-salattu-sahkoposti\/\" aria-label=\"Lue lis\u00e4\u00e4 aiheesta Miten l\u00e4hett\u00e4\u00e4 salattu s\u00e4hk\u00f6posti?\u00a0\">Lue lis\u00e4\u00e4<\/a><\/p>\n","protected":false},"author":18,"featured_media":0,"parent":137084,"menu_order":0,"comment_status":"closed","ping_status":"closed","template":"","meta":{"_relevanssi_hide_post":"","_relevanssi_hide_content":"","_relevanssi_pin_for_all":"","_relevanssi_pin_keywords":"","_relevanssi_unpin_keywords":"","_relevanssi_related_keywords":"","_relevanssi_related_include_ids":"","_relevanssi_related_exclude_ids":"","_relevanssi_related_no_append":"","_relevanssi_related_not_related":"","_relevanssi_related_posts":"130722,130865,131506,130450,132080,130964","_relevanssi_noindex_reason":"","footnotes":""},"categories":[213,195,193,198,197,194,196],"tags":[214],"wf_page_folders":[],"class_list":{"0":"post-132266","1":"page","2":"type-page","3":"status-publish","5":"category-cpanel-webhotelli-fi-sahkoposti","6":"category-cpanel-wepardi-sahkoposti","7":"category-directadmin-sahkoposti","8":"category-google-workspace","9":"category-microsoft-365","10":"category-zoner-home","11":"category-zoner-sahkoposti","12":"tag-sahkopostin-hallinta"},"_links":{"self":[{"href":"https:\/\/www.zoner.fi\/tuki\/wp-json\/wp\/v2\/pages\/132266","targetHints":{"allow":["GET"]}}],"collection":[{"href":"https:\/\/www.zoner.fi\/tuki\/wp-json\/wp\/v2\/pages"}],"about":[{"href":"https:\/\/www.zoner.fi\/tuki\/wp-json\/wp\/v2\/types\/page"}],"author":[{"embeddable":true,"href":"https:\/\/www.zoner.fi\/tuki\/wp-json\/wp\/v2\/users\/18"}],"replies":[{"embeddable":true,"href":"https:\/\/www.zoner.fi\/tuki\/wp-json\/wp\/v2\/comments?post=132266"}],"version-history":[{"count":5,"href":"https:\/\/www.zoner.fi\/tuki\/wp-json\/wp\/v2\/pages\/132266\/revisions"}],"predecessor-version":[{"id":137170,"href":"https:\/\/www.zoner.fi\/tuki\/wp-json\/wp\/v2\/pages\/132266\/revisions\/137170"}],"up":[{"embeddable":true,"href":"https:\/\/www.zoner.fi\/tuki\/wp-json\/wp\/v2\/pages\/137084"}],"wp:attachment":[{"href":"https:\/\/www.zoner.fi\/tuki\/wp-json\/wp\/v2\/media?parent=132266"}],"wp:term":[{"taxonomy":"category","embeddable":true,"href":"https:\/\/www.zoner.fi\/tuki\/wp-json\/wp\/v2\/categories?post=132266"},{"taxonomy":"post_tag","embeddable":true,"href":"https:\/\/www.zoner.fi\/tuki\/wp-json\/wp\/v2\/tags?post=132266"},{"taxonomy":"wf_page_folders","embeddable":true,"href":"https:\/\/www.zoner.fi\/tuki\/wp-json\/wp\/v2\/wf_page_folders?post=132266"}],"curies":[{"name":"wp","href":"https:\/\/api.w.org\/{rel}","templated":true}]}}