{"id":132272,"date":"2024-06-18T12:27:11","date_gmt":"2024-06-18T09:27:11","guid":{"rendered":"https:\/\/www.zoner.fi\/tuki\/?page_id=132272"},"modified":"2025-09-22T10:21:47","modified_gmt":"2025-09-22T07:21:47","slug":"mika-on-ssh","status":"publish","type":"page","link":"https:\/\/www.zoner.fi\/tuki\/webhotellit\/mika-on-ssh\/","title":{"rendered":"Mik\u00e4 on SSH?\u00a0"},"content":{"rendered":"\n<p>SSH on salattu yhteys, jolla voidaan turvallisesti ottaa et\u00e4yhteys toiseen tietokoneeseen. SSH-yhteydell\u00e4 voit my\u00f6s esimerkiksi hallita WordPress-sivustosi tiedostoja ja asetuksia p\u00e4\u00e4teohjelman kautta.&nbsp;&nbsp;<\/p>\n\n\n\n<h2 class=\"wp-block-heading\">Mihin SSH-yhteytt\u00e4 k\u00e4ytet\u00e4\u00e4n?&nbsp;<\/h2>\n\n\n\n<p>SSH- eli Secure Shell -protokollalla voit ottaa salatun et\u00e4yhteyden palvelimeen ja k\u00e4ytt\u00e4\u00e4 sit\u00e4 aivan kuten omaa konettasi. Usein sit\u00e4 k\u00e4ytet\u00e4\u00e4nkin juuri palvelinten et\u00e4hallintaan.&nbsp;<\/p>\n\n\n\n<p>SSH-yhteyden salauksen ansiosta voit sen avulla my\u00f6s siirt\u00e4\u00e4 tiedostoja turvallisesti palvelimelta toiseen.&nbsp;<\/p>\n\n\n\n<p>Jos k\u00e4yt\u00e4t WordPressi\u00e4, voit p\u00e4\u00e4teohjelman ja SSH-yhteyden avulla hallita WordPress-sivustosi taustarakenteita ja esimerkiksi p\u00e4ivitt\u00e4\u00e4 WordPress-asennuksesi. My\u00f6s WP-CLI-komentorivin k\u00e4ytt\u00e4minen edellytt\u00e4\u00e4 SSH-kirjautumista.&nbsp;<\/p>\n\n\n\n<p>P\u00e4\u00e4teohjelman ja SSH-yhteyden k\u00e4ytt\u00e4minen vaatii jonkin verran teknist\u00e4 osaamista. Yleens\u00e4 niit\u00e4 ei kuitenkaan ole tarvetta k\u00e4ytt\u00e4\u00e4 esimerkiksi kotisivujen rakentamisessa ja yll\u00e4pit\u00e4misess\u00e4.&nbsp;<\/p>\n\n\n\n<h2 class=\"wp-block-heading\">Miten k\u00e4yt\u00e4n SSH-yhteytt\u00e4?\u00a0<\/h2>\n\n\n\n<p>SSH-yhteyden k\u00e4ytt\u00e4miseen tarvitset p\u00e4\u00e4teohjelman sek\u00e4 SSH-tunnukset.&nbsp;<\/p>\n\n\n\n<p>SSH-ohjelmia ovat esimerkiksi ilmainen PuTTy ja Mac-tietokoneiden mukana tuleva Terminal.&nbsp;<\/p>\n","protected":false},"excerpt":{"rendered":"<p>Mik\u00e4 on SSH yhteys ja mihin sit\u00e4 k\u00e4ytet\u00e4\u00e4n? Salattu SSH yhteys on turvallinen tapa ottaa et\u00e4yhteys toiseen tietokoneeseen. <\/p>\n","protected":false},"author":18,"featured_media":0,"parent":129010,"menu_order":0,"comment_status":"closed","ping_status":"closed","template":"","meta":{"_relevanssi_hide_post":"","_relevanssi_hide_content":"","_relevanssi_pin_for_all":"","_relevanssi_pin_keywords":"","_relevanssi_unpin_keywords":"","_relevanssi_related_keywords":"","_relevanssi_related_include_ids":"","_relevanssi_related_exclude_ids":"","_relevanssi_related_no_append":"","_relevanssi_related_not_related":"","_relevanssi_related_posts":"132254,131888,130657,130667,131535,130616","_relevanssi_noindex_reason":"","footnotes":""},"categories":[218,190,192,217],"tags":[99],"wf_page_folders":[],"class_list":{"0":"post-132272","1":"page","2":"type-page","3":"status-publish","5":"category-cpanel-webhotelli-fi-webhotellit","6":"category-cpanel-wepardi","7":"category-directadmin","8":"category-zoner-home-webhotellit","9":"tag-tietokannat"},"_links":{"self":[{"href":"https:\/\/www.zoner.fi\/tuki\/wp-json\/wp\/v2\/pages\/132272","targetHints":{"allow":["GET"]}}],"collection":[{"href":"https:\/\/www.zoner.fi\/tuki\/wp-json\/wp\/v2\/pages"}],"about":[{"href":"https:\/\/www.zoner.fi\/tuki\/wp-json\/wp\/v2\/types\/page"}],"author":[{"embeddable":true,"href":"https:\/\/www.zoner.fi\/tuki\/wp-json\/wp\/v2\/users\/18"}],"replies":[{"embeddable":true,"href":"https:\/\/www.zoner.fi\/tuki\/wp-json\/wp\/v2\/comments?post=132272"}],"version-history":[{"count":5,"href":"https:\/\/www.zoner.fi\/tuki\/wp-json\/wp\/v2\/pages\/132272\/revisions"}],"predecessor-version":[{"id":137534,"href":"https:\/\/www.zoner.fi\/tuki\/wp-json\/wp\/v2\/pages\/132272\/revisions\/137534"}],"up":[{"embeddable":true,"href":"https:\/\/www.zoner.fi\/tuki\/wp-json\/wp\/v2\/pages\/129010"}],"wp:attachment":[{"href":"https:\/\/www.zoner.fi\/tuki\/wp-json\/wp\/v2\/media?parent=132272"}],"wp:term":[{"taxonomy":"category","embeddable":true,"href":"https:\/\/www.zoner.fi\/tuki\/wp-json\/wp\/v2\/categories?post=132272"},{"taxonomy":"post_tag","embeddable":true,"href":"https:\/\/www.zoner.fi\/tuki\/wp-json\/wp\/v2\/tags?post=132272"},{"taxonomy":"wf_page_folders","embeddable":true,"href":"https:\/\/www.zoner.fi\/tuki\/wp-json\/wp\/v2\/wf_page_folders?post=132272"}],"curies":[{"name":"wp","href":"https:\/\/api.w.org\/{rel}","templated":true}]}}