{"id":132280,"date":"2024-06-17T21:21:34","date_gmt":"2024-06-17T18:21:34","guid":{"rendered":"https:\/\/www.zoner.fi\/tuki\/?page_id=132280"},"modified":"2025-09-25T17:12:51","modified_gmt":"2025-09-25T14:12:51","slug":"muut-ohjeet","status":"publish","type":"page","link":"https:\/\/www.zoner.fi\/tuki\/muut-ohjeet\/","title":{"rendered":"Muut ohjeet"},"content":{"rendered":"<div class=\"gb-container gb-container-2d9fdd11 alignfull\">\n<div class=\"gb-container gb-container-6a55b7b0\" id=\"termly\">\n<div class=\"gb-grid-wrapper gb-grid-wrapper-28ef970c\">\n<div class=\"gb-grid-column gb-grid-column-3b1a2cfc\"><div class=\"gb-container gb-container-3b1a2cfc\">\n\n<h2 class=\"gb-headline gb-headline-ba08c3e3 gb-headline-text\">Termly<\/h2>\n\n<\/div><\/div>\n\n<div class=\"gb-grid-column gb-grid-column-d04d73a3\"><div class=\"gb-container gb-container-d04d73a3\">\n\n<div class=\"gb-grid-wrapper gb-grid-wrapper-dd553327 gb-query-loop-wrapper\">\n<div class=\"gb-grid-column gb-grid-column-56733ae2 gb-query-loop-item post-131896 page type-page status-publish category-termly tag-termly\"><div class=\"gb-container gb-container-56733ae2\">\n<h3 class=\"gb-headline gb-headline-effbdb09\"><span class=\"gb-icon\"><svg aria-hidden=\"true\" role=\"img\" height=\"1em\" width=\"1em\" viewbox=\"0 0 256 512\" xmlns=\"http:\/\/www.w3.org\/2000\/svg\"><path fill=\"currentColor\" d=\"M224.3 273l-136 136c-9.4 9.4-24.6 9.4-33.9 0l-22.6-22.6c-9.4-9.4-9.4-24.6 0-33.9l96.4-96.4-96.4-96.4c-9.4-9.4-9.4-24.6 0-33.9L54.3 103c9.4-9.4 24.6-9.4 33.9 0l136 136c9.5 9.4 9.5 24.6.1 34z\"><\/path><\/svg><\/span><span class=\"gb-headline-text\"><a href=\"https:\/\/www.zoner.fi\/tuki\/muut-ohjeet\/termly-evastebannerin-muokkaus\/\">N\u00e4in voit muokata Termly-ev\u00e4stebanneriasi<\/a><\/span><\/h3>\n<\/div><\/div>\n<\/div>\n\n<\/div><\/div>\n<\/div>\n<\/div>\n<\/div>\n\n<div class=\"gb-container gb-container-2b95ede7 alignfull\">\n<div class=\"gb-container gb-container-6a979e36\" id=\"wprocket\">\n<div class=\"gb-grid-wrapper gb-grid-wrapper-7d3429c5\">\n<div class=\"gb-grid-column gb-grid-column-0bb694a2\"><div class=\"gb-container gb-container-0bb694a2\">\n\n<h2 class=\"gb-headline gb-headline-33bb7291 gb-headline-text\">WP Rocket<\/h2>\n\n<\/div><\/div>\n\n<div class=\"gb-grid-column gb-grid-column-705b4237\"><div class=\"gb-container gb-container-705b4237\">\n\n<div class=\"gb-grid-wrapper gb-grid-wrapper-a167430d gb-query-loop-wrapper\">\n<div class=\"gb-grid-column gb-grid-column-5c214158 gb-query-loop-item post-439 page type-page status-publish has-post-thumbnail category-wp-rocket tag-wp-rocket tag-wp-one-lisaosa\"><div class=\"gb-container gb-container-5c214158\">\n<h2 class=\"gb-headline gb-headline-1018b807\"><span class=\"gb-icon\"><svg aria-hidden=\"true\" role=\"img\" height=\"1em\" width=\"1em\" viewbox=\"0 0 256 512\" xmlns=\"http:\/\/www.w3.org\/2000\/svg\"><path fill=\"currentColor\" d=\"M224.3 273l-136 136c-9.4 9.4-24.6 9.4-33.9 0l-22.6-22.6c-9.4-9.4-9.4-24.6 0-33.9l96.4-96.4-96.4-96.4c-9.4-9.4-9.4-24.6 0-33.9L54.3 103c9.4-9.4 24.6-9.4 33.9 0l136 136c9.5 9.4 9.5 24.6.1 34z\"><\/path><\/svg><\/span><span class=\"gb-headline-text\"><a href=\"https:\/\/www.zoner.fi\/tuki\/wp-one\/miten-otan-kayttoon-wp-rocket-valimuistin-wp-onessa\/\">Miten otan k\u00e4ytt\u00f6\u00f6n WP Rocket -v\u00e4limuistin WP.onessa?<\/a><\/span><\/h2>\n<\/div><\/div>\n<\/div>\n\n<\/div><\/div>\n<\/div>\n<\/div>\n<\/div>\n\n<div class=\"gb-container gb-container-93f4f3ab alignfull\">\n<div class=\"gb-container gb-container-82f7e492\" id=\"selaimet\">\n<div class=\"gb-grid-wrapper gb-grid-wrapper-eb0b0e07\">\n<div class=\"gb-grid-column gb-grid-column-1ac3cf94\"><div class=\"gb-container gb-container-1ac3cf94\">\n\n<h2 class=\"gb-headline gb-headline-9a61f6a4 gb-headline-text\">Selain ja ev\u00e4steet<\/h2>\n\n<\/div><\/div>\n\n<div class=\"gb-grid-column gb-grid-column-250e509f\"><div class=\"gb-container gb-container-250e509f\">\n\n<div class=\"gb-grid-wrapper gb-grid-wrapper-90c33752 gb-query-loop-wrapper\">\n<div class=\"gb-grid-column gb-grid-column-434e7ac9 gb-query-loop-item post-528 page type-page status-publish category-selain-ja-evasteet tag-selain-ja-evasteet\"><div class=\"gb-container gb-container-434e7ac9\">\n<h3 class=\"gb-headline gb-headline-359cb94e\"><span class=\"gb-icon\"><svg aria-hidden=\"true\" role=\"img\" height=\"1em\" width=\"1em\" viewbox=\"0 0 256 512\" xmlns=\"http:\/\/www.w3.org\/2000\/svg\"><path fill=\"currentColor\" d=\"M224.3 273l-136 136c-9.4 9.4-24.6 9.4-33.9 0l-22.6-22.6c-9.4-9.4-9.4-24.6 0-33.9l96.4-96.4-96.4-96.4c-9.4-9.4-9.4-24.6 0-33.9L54.3 103c9.4-9.4 24.6-9.4 33.9 0l136 136c9.5 9.4 9.5 24.6.1 34z\"><\/path><\/svg><\/span><span class=\"gb-headline-text\"><a href=\"https:\/\/www.zoner.fi\/tuki\/muut-ohjeet\/miten-tyhjennan-selaimen-valimuistin\/\">Miten tyhjenn\u00e4n selaimen v\u00e4limuistin?<\/a><\/span><\/h3>\n<\/div><\/div>\n<\/div>\n\n<\/div><\/div>\n<\/div>\n<\/div>\n<\/div>","protected":false},"excerpt":{"rendered":"","protected":false},"author":1,"featured_media":0,"parent":0,"menu_order":0,"comment_status":"closed","ping_status":"closed","template":"","meta":{"_relevanssi_hide_post":"","_relevanssi_hide_content":"","_relevanssi_pin_for_all":"","_relevanssi_pin_keywords":"","_relevanssi_unpin_keywords":"","_relevanssi_related_keywords":"","_relevanssi_related_include_ids":"","_relevanssi_related_exclude_ids":"","_relevanssi_related_no_append":"","_relevanssi_related_not_related":"","_relevanssi_related_posts":"130641,130440,130779,130667,130819,130964","_relevanssi_noindex_reason":"","footnotes":""},"categories":[],"tags":[],"wf_page_folders":[],"class_list":["post-132280","page","type-page","status-publish"],"_links":{"self":[{"href":"https:\/\/www.zoner.fi\/tuki\/wp-json\/wp\/v2\/pages\/132280","targetHints":{"allow":["GET"]}}],"collection":[{"href":"https:\/\/www.zoner.fi\/tuki\/wp-json\/wp\/v2\/pages"}],"about":[{"href":"https:\/\/www.zoner.fi\/tuki\/wp-json\/wp\/v2\/types\/page"}],"author":[{"embeddable":true,"href":"https:\/\/www.zoner.fi\/tuki\/wp-json\/wp\/v2\/users\/1"}],"replies":[{"embeddable":true,"href":"https:\/\/www.zoner.fi\/tuki\/wp-json\/wp\/v2\/comments?post=132280"}],"version-history":[{"count":15,"href":"https:\/\/www.zoner.fi\/tuki\/wp-json\/wp\/v2\/pages\/132280\/revisions"}],"predecessor-version":[{"id":137751,"href":"https:\/\/www.zoner.fi\/tuki\/wp-json\/wp\/v2\/pages\/132280\/revisions\/137751"}],"wp:attachment":[{"href":"https:\/\/www.zoner.fi\/tuki\/wp-json\/wp\/v2\/media?parent=132280"}],"wp:term":[{"taxonomy":"category","embeddable":true,"href":"https:\/\/www.zoner.fi\/tuki\/wp-json\/wp\/v2\/categories?post=132280"},{"taxonomy":"post_tag","embeddable":true,"href":"https:\/\/www.zoner.fi\/tuki\/wp-json\/wp\/v2\/tags?post=132280"},{"taxonomy":"wf_page_folders","embeddable":true,"href":"https:\/\/www.zoner.fi\/tuki\/wp-json\/wp\/v2\/wf_page_folders?post=132280"}],"curies":[{"name":"wp","href":"https:\/\/api.w.org\/{rel}","templated":true}]}}