{"id":132312,"date":"2024-06-18T12:47:16","date_gmt":"2024-06-18T09:47:16","guid":{"rendered":"https:\/\/www.zoner.fi\/tuki\/?page_id=132312"},"modified":"2024-06-18T12:51:04","modified_gmt":"2024-06-18T09:51:04","slug":"filezilla-wordpress-sivuston-tiedostojen-siirrossa","status":"publish","type":"page","link":"https:\/\/www.zoner.fi\/tuki\/wordpress\/filezilla-wordpress-sivuston-tiedostojen-siirrossa\/","title":{"rendered":"FileZilla WordPress sivuston tiedostojen siirrossa\u00a0"},"content":{"rendered":"\n<p><a href=\"https:\/\/filezilla-project.org\/\" target=\"_blank\" rel=\"noreferrer noopener\">FileZilla<\/a> on ilmainen ja helppok\u00e4ytt\u00f6inen FTP-ohjelma, jolla voit siirt\u00e4\u00e4 tiedostoja WordPress-sivustosi palvelimelle. Kotisivujen tiedostot siirret\u00e4\u00e4nkin palvelimelle yleens\u00e4 juuri FTP-yhteydell\u00e4, mutta voit k\u00e4ytt\u00e4\u00e4 my\u00f6s turvallisempaa, salattua SFTP yhteytt\u00e4. Jos sivustosi sijaitsee <a href=\"https:\/\/www.zoner.fi\/wordpress\/wp-one\/\" target=\"_blank\" rel=\"noreferrer noopener\">WP.one-palvelussa<\/a>, voit k\u00e4ytt\u00e4\u00e4 salattua SFTP-yhteytt\u00e4 FileZillan kanssa.&nbsp;&nbsp;<\/p>\n\n\n\n<h2 class=\"wp-block-heading\">Mik\u00e4 on FileZilla?\u00a0<\/h2>\n\n\n\n<p>FileZilla on ilmainen FTP-ohjelma, jolla voit siirt\u00e4\u00e4 tiedostoja omalta laitteeltasi kotisivujesi palvelimelle. Se on nopea ja helppo k\u00e4ytt\u00e4\u00e4, ja se on saatavilla eri k\u00e4ytt\u00f6j\u00e4rjestelmille. FTP:n lis\u00e4ksi se tukee my\u00f6s muita tiedostonsiirtoprotokollia, kuten turvallisempaa SFTP:t\u00e4.&nbsp;<\/p>\n\n\n\n<h2 class=\"wp-block-heading\">FileZilla WordPress sivuston tiedostojen siirrossa&nbsp;<\/h2>\n\n\n\n<p>FileZillalla voit siirt\u00e4\u00e4 tiedostoja my\u00f6s WordPress-sivustosi palvelimelle. Sen avulla voit esimerkiksi p\u00e4ivitt\u00e4\u00e4 WordPress-asennuksesi. Jos k\u00e4yt\u00e4t WP.one-palvelua, voit siirt\u00e4\u00e4 tiedostoja palvelimellesi FileZillalla SFTP-yhteydell\u00e4.&nbsp;<\/p>\n\n\n\n<h2 class=\"wp-block-heading\">Miten voin k\u00e4ytt\u00e4\u00e4 FileZillaa?\u00a0<\/h2>\n\n\n\n<h3 class=\"wp-block-heading\">1.FileZillan asentaminen&nbsp;<\/h3>\n\n\n\n<p>Lataa FileZilla-ohjelma koneellesi <a href=\"https:\/\/filezilla-project.org\/\" target=\"_blank\" rel=\"noreferrer noopener\">FileZillan kotisivuilta<\/a> ja seuraa <a href=\"https:\/\/www.zoner.fi\/tuki\/webhotellit\/miten-kaytan-ftp-ohjelmaa-webhotellissa\/\" target=\"_blank\" rel=\"noreferrer noopener\">t\u00e4m\u00e4n artikkelin<\/a> vaiheita asentaaksesi sen.&nbsp;<\/p>\n\n\n\n<h3 class=\"wp-block-heading\">2. Yhteyden muodostaminen\u00a0<\/h3>\n\n\n\n<p>Kun olet asentanut FileZillan, seuraa saman artikkelin ohjeita m\u00e4\u00e4ritt\u00e4\u00e4ksesi FTP-yhteyden, mik\u00e4li WordPress-sivustosi sijaitsee webhotellissa.&nbsp;<\/p>\n\n\n\n<p><strong>Jos WordPress-sivustosi sijaitsee WP.one-palvelussamme<\/strong>, voit muodostaa palvelimeen salatun SFTP-yhteyden. M\u00e4\u00e4rit\u00e4 yhteys FileZillan vasemman yl\u00e4kulman kohdassa <strong>Tiedosto<\/strong> -&gt; <strong>Sivustonhallinta<\/strong>.&nbsp;<\/p>\n\n\n\n<p>Klikkaa <strong>Uusi sivusto<\/strong> ja valitse Protokolla-kohdan valikosta <strong>SFTP \u2013 SSH File Transter Protocol:<\/strong>&nbsp;<\/p>\n\n\n\n<figure class=\"wp-block-image size-full\"><img loading=\"lazy\" decoding=\"async\" width=\"956\" height=\"580\" src=\"https:\/\/www.zoner.fi\/tuki\/wp-content\/uploads\/2024\/06\/filezilla_yhteyden_muodostaminen.png\" alt=\"\" class=\"wp-image-132316\" srcset=\"https:\/\/www.zoner.fi\/tuki\/wp-content\/uploads\/2024\/06\/filezilla_yhteyden_muodostaminen.png 956w, https:\/\/www.zoner.fi\/tuki\/wp-content\/uploads\/2024\/06\/filezilla_yhteyden_muodostaminen-300x182.png 300w, https:\/\/www.zoner.fi\/tuki\/wp-content\/uploads\/2024\/06\/filezilla_yhteyden_muodostaminen-768x466.png 768w\" sizes=\"auto, (max-width: 956px) 100vw, 956px\" \/><\/figure>\n\n\n\n<p>Anna yhteyden muodostamiseen vaadittavat tiedot: l\u00f6yd\u00e4t ne WP.one-hallintapaneelisi <strong>Asetukset<\/strong>-sivun kohdasta <strong>SFTP\/SSH<\/strong>:&nbsp;<\/p>\n\n\n\n<figure class=\"wp-block-image size-large\"><img loading=\"lazy\" decoding=\"async\" width=\"1024\" height=\"225\" src=\"https:\/\/www.zoner.fi\/tuki\/wp-content\/uploads\/2024\/06\/image-22-1024x225.png\" alt=\"\" class=\"wp-image-132314\" srcset=\"https:\/\/www.zoner.fi\/tuki\/wp-content\/uploads\/2024\/06\/image-22-1024x225.png 1024w, https:\/\/www.zoner.fi\/tuki\/wp-content\/uploads\/2024\/06\/image-22-300x66.png 300w, https:\/\/www.zoner.fi\/tuki\/wp-content\/uploads\/2024\/06\/image-22-768x169.png 768w, https:\/\/www.zoner.fi\/tuki\/wp-content\/uploads\/2024\/06\/image-22.png 1402w\" sizes=\"auto, (max-width: 1024px) 100vw, 1024px\" \/><\/figure>\n\n\n\n<p>Liit\u00e4 FileZillan <strong>Is\u00e4nt\u00e4<\/strong>-kentt\u00e4\u00e4n WP.one-hallintapaneelin <strong>Palveluntarjoaja<\/strong>-kent\u00e4ss\u00e4 oleva osoite. Kopioi vastaaviin kenttiin my\u00f6s k\u00e4ytt\u00e4j\u00e4tunnus, salasana ja portti. Paina lopuksi <strong>Yhdist\u00e4<\/strong>.&nbsp;<\/p>\n\n\n\n<h3 class=\"wp-block-heading\">3. Tiedostojen siirt\u00e4minen&nbsp;<\/h3>\n\n\n\n<p>Kun yhteys palvelimeen on muodostettu, n\u00e4et ruudun vasemmalla puolella tietokoneesi tiedostot ja oikealla puolella palvelimen tiedostot:&nbsp;<\/p>\n\n\n\n<figure class=\"wp-block-image size-large\"><img loading=\"lazy\" decoding=\"async\" width=\"1024\" height=\"494\" src=\"https:\/\/www.zoner.fi\/tuki\/wp-content\/uploads\/2024\/06\/filezilla_tiedostojen_siirtaminen-1024x494.png\" alt=\"\" class=\"wp-image-132317\" srcset=\"https:\/\/www.zoner.fi\/tuki\/wp-content\/uploads\/2024\/06\/filezilla_tiedostojen_siirtaminen-1024x494.png 1024w, https:\/\/www.zoner.fi\/tuki\/wp-content\/uploads\/2024\/06\/filezilla_tiedostojen_siirtaminen-300x145.png 300w, https:\/\/www.zoner.fi\/tuki\/wp-content\/uploads\/2024\/06\/filezilla_tiedostojen_siirtaminen-768x370.png 768w, https:\/\/www.zoner.fi\/tuki\/wp-content\/uploads\/2024\/06\/filezilla_tiedostojen_siirtaminen.png 1143w\" sizes=\"auto, (max-width: 1024px) 100vw, 1024px\" \/><\/figure>\n\n\n\n<p>Voit siirt\u00e4\u00e4 tiedostoja vet\u00e4m\u00e4ll\u00e4 ne koneeltasi oikeaan kansioon palvelimellasi.&nbsp;<\/p>\n","protected":false},"excerpt":{"rendered":"<p>Miten toimii Filezilla WordPress sivuston tiedostojen siirrossa? Lue ohjeet FileZillan k\u00e4ytt\u00e4miseen WordPress-sivuston kanssa.<\/p>\n","protected":false},"author":18,"featured_media":0,"parent":740,"menu_order":0,"comment_status":"closed","ping_status":"closed","template":"","meta":{"_relevanssi_hide_post":"","_relevanssi_hide_content":"","_relevanssi_pin_for_all":"","_relevanssi_pin_keywords":"","_relevanssi_unpin_keywords":"","_relevanssi_related_keywords":"","_relevanssi_related_include_ids":"","_relevanssi_related_exclude_ids":"","_relevanssi_related_no_append":"","_relevanssi_related_not_related":"","_relevanssi_related_posts":"130813,132140,130684,131550,130819,130424","_relevanssi_noindex_reason":"","footnotes":""},"categories":[72],"tags":[100],"wf_page_folders":[],"class_list":{"0":"post-132312","1":"page","2":"type-page","3":"status-publish","5":"category-wordpress","6":"tag-wordpressin-perusohjeet"},"_links":{"self":[{"href":"https:\/\/www.zoner.fi\/tuki\/wp-json\/wp\/v2\/pages\/132312","targetHints":{"allow":["GET"]}}],"collection":[{"href":"https:\/\/www.zoner.fi\/tuki\/wp-json\/wp\/v2\/pages"}],"about":[{"href":"https:\/\/www.zoner.fi\/tuki\/wp-json\/wp\/v2\/types\/page"}],"author":[{"embeddable":true,"href":"https:\/\/www.zoner.fi\/tuki\/wp-json\/wp\/v2\/users\/18"}],"replies":[{"embeddable":true,"href":"https:\/\/www.zoner.fi\/tuki\/wp-json\/wp\/v2\/comments?post=132312"}],"version-history":[{"count":1,"href":"https:\/\/www.zoner.fi\/tuki\/wp-json\/wp\/v2\/pages\/132312\/revisions"}],"predecessor-version":[{"id":132318,"href":"https:\/\/www.zoner.fi\/tuki\/wp-json\/wp\/v2\/pages\/132312\/revisions\/132318"}],"up":[{"embeddable":true,"href":"https:\/\/www.zoner.fi\/tuki\/wp-json\/wp\/v2\/pages\/740"}],"wp:attachment":[{"href":"https:\/\/www.zoner.fi\/tuki\/wp-json\/wp\/v2\/media?parent=132312"}],"wp:term":[{"taxonomy":"category","embeddable":true,"href":"https:\/\/www.zoner.fi\/tuki\/wp-json\/wp\/v2\/categories?post=132312"},{"taxonomy":"post_tag","embeddable":true,"href":"https:\/\/www.zoner.fi\/tuki\/wp-json\/wp\/v2\/tags?post=132312"},{"taxonomy":"wf_page_folders","embeddable":true,"href":"https:\/\/www.zoner.fi\/tuki\/wp-json\/wp\/v2\/wf_page_folders?post=132312"}],"curies":[{"name":"wp","href":"https:\/\/api.w.org\/{rel}","templated":true}]}}