{"id":132380,"date":"2024-08-07T13:01:49","date_gmt":"2024-08-07T10:01:49","guid":{"rendered":"https:\/\/www.zoner.fi\/tuki\/?page_id=132380"},"modified":"2025-11-12T15:32:31","modified_gmt":"2025-11-12T13:32:31","slug":"miten-onnistuu-outlook-salasanan-vaihto","status":"publish","type":"page","link":"https:\/\/www.zoner.fi\/tuki\/sahkopostiohjeet\/microsoft-365\/miten-onnistuu-outlook-salasanan-vaihto\/","title":{"rendered":"Miten onnistuu Outlook salasanan vaihto?\u00a0"},"content":{"rendered":"\n<p>K\u00e4yt\u00e4tk\u00f6 s\u00e4hk\u00f6postiohjelmana Microsoft Outlook -sovellusta? S\u00e4hk\u00f6postin salasanan vaihto onnistuu Outlookissa n\u00e4ill\u00e4 ohjeilla.&nbsp;&nbsp;<\/p>\n\n\n\n<h2 class=\"wp-block-heading\">Outlook salasanan vaihto tarkoittaa Microsoft-salasanan vaihtamista&nbsp;<\/h2>\n\n\n\n<p>Outlook-salasana on sama kuin Microsoft-tilisi salasana, jolla kirjaudut kaikkiin Microsoft-palveluihisi.&nbsp;<\/p>\n\n\n\n<h2 class=\"wp-block-heading\">S\u00e4hk\u00f6postin salasanan vaihto &#8211; miksi se kannattaa?&nbsp;<\/h2>\n\n\n\n<p>S\u00e4hk\u00f6postin salasana on nyky\u00e4\u00e4n erityisen t\u00e4rke\u00e4, sill\u00e4 s\u00e4hk\u00f6postin kautta kirjaudutaan moniin muihinkin palveluihin ja sen avulla voidaan usein palauttaa muiden tilien salasanoja. Siksi s\u00e4hk\u00f6postin salasanan on t\u00e4rke\u00e4\u00e4 olla erityisen vahva, ja se kannattaa my\u00f6s vaihtaa s\u00e4\u00e4nn\u00f6llisesti. S\u00e4hk\u00f6postin salasanan vaihto kannattaa tehd\u00e4 varsinkin, jos&nbsp;<\/p>\n\n\n\n<ul class=\"wp-block-list\">\n<li><strong>Olet saanut Microsoftilta viestin, ett\u00e4 tilillesi on yritetty kirjautua vieraalta laitteelta tai sijainnista, eik\u00e4 kyseess\u00e4 ole oma kirjautumisesi.<\/strong> Vaihda salasana varmistaaksesi, ett\u00e4 tilisi on turvassa. \u00c4l\u00e4 kuitenkaan klikkaa edell\u00e4 mainittujen viestien sis\u00e4lt\u00e4mi\u00e4 linkkej\u00e4, ellet ole varma siit\u00e4, ett\u00e4 ne eiv\u00e4t ole huijauksia.<\/li>\n<\/ul>\n\n\n\n<ul class=\"wp-block-list\">\n<li><strong>Olet k\u00e4ytt\u00e4nyt samaa salasanaa useilla eri tileill\u00e4, ja jokin niist\u00e4 on vaarantunut tietomurrossa<\/strong>. Valitse tileille erilaiset salasanat ehk\u00e4ist\u00e4ksesi tietomurroista aiheutuvia riskej\u00e4.&nbsp;<\/li>\n<\/ul>\n\n\n\n<ul class=\"wp-block-list\">\n<li><strong>Edellisest\u00e4 salasanan vaihdosta on pitk\u00e4 aika.<\/strong> Salasanan vaihto s\u00e4hk\u00f6postiin kannattaa tehd\u00e4 s\u00e4\u00e4nn\u00f6llisesti &#8211; n\u00e4in voit suojata tili\u00e4si, jos salasanasi olisikin paljastunut tiet\u00e4m\u00e4tt\u00e4si. Outlook salasanan vaihto korjaa my\u00f6s sen, jos olet kirjautunut muiden omistamilla laitteilla s\u00e4hk\u00f6postiisi ja unohtanut kirjautua niilt\u00e4 ulos, jolloin muut laitteita k\u00e4ytt\u00e4v\u00e4t voivat p\u00e4\u00e4st\u00e4 n\u00e4kem\u00e4\u00e4n s\u00e4hk\u00f6postisi.&nbsp;<\/li>\n<\/ul>\n\n\n\n<h2 class=\"wp-block-heading\">Microsoft Outlook salasanan vaihto onnistuu n\u00e4in&nbsp;<\/h2>\n\n\n\n<ol start=\"1\" class=\"wp-block-list\">\n<li>Kirjaudu Outlook-s\u00e4hk\u00f6postiisi selaimella tai avaa se sovelluksessa&nbsp;<\/li>\n<\/ol>\n\n\n\n<ol start=\"2\" class=\"wp-block-list\">\n<li>Napsauta nime\u00e4si ruudun oikeassa yl\u00e4reunassa&nbsp;<\/li>\n<\/ol>\n\n\n\n<ol start=\"3\" class=\"wp-block-list\">\n<li>Napsauta <strong>N\u00e4yt\u00e4 tili<\/strong>.&nbsp;<\/li>\n<\/ol>\n\n\n\n<ol start=\"4\" class=\"wp-block-list\">\n<li>Valitse avautuneella sivulla <strong>Salasana<\/strong>-kohdan alta <strong>Vaihda salasana<\/strong>.&nbsp;<\/li>\n<\/ol>\n\n\n\n<ol start=\"5\" class=\"wp-block-list\">\n<li>Noudata ohjeita vaihtaaksesi salasanan.&nbsp;<\/li>\n<\/ol>\n\n\n\n<h2 class=\"wp-block-heading\">Outlook s\u00e4hk\u00f6postin salasana unohtunut &#8211; mit\u00e4 tehd\u00e4&nbsp;<\/h2>\n\n\n\n<p>Jos Microsoft-salasanasi on unohtunut, voit palauttaa sen esimerkiksi Outlookin kirjautumissivulla. Kirjautumissivun Salasana-kohdan alta l\u00f6yd\u00e4t linkin \u201d<strong>Unohditko salasanan?<\/strong>\u201d, jota napsauttamalla voit vahvistaa henkil\u00f6llisyytesi esimerkiksi tekstiviestill\u00e4 ja valita uuden salasanan.&nbsp;<\/p>\n\n\n\n<h3 class=\"wp-block-heading\">Aiheeseen liittyvi\u00e4 ohjeita:&nbsp;<\/h3>\n\n\n\n<p><a href=\"https:\/\/www.zoner.fi\/tuki\/sahkopostiohjeet\/zoner-sahkoposti\/miten-vaihdan-zoner-sahkoposti-salasanan\/\">Miten vaihdan Zoner-s\u00e4hk\u00f6postin salasanan?\u00a0<\/a><\/p>\n\n\n\n<p><a href=\"https:\/\/www.zoner.fi\/tuki\/sahkopostiohjeet\/directadmin\/miten-vaihdan-webhotellin-sahkopostin-salasanan\/\">Miten vaihdan webhotellin s\u00e4hk\u00f6postin salasanan?\u00a0<\/a><\/p>\n","protected":false},"excerpt":{"rendered":"<p>K\u00e4yt\u00e4tk\u00f6 s\u00e4hk\u00f6postiohjelmana Microsoft Outlook -sovellusta? S\u00e4hk\u00f6postin salasanan vaihto onnistuu Outlookissa n\u00e4ill\u00e4 ohjeilla.&nbsp;&nbsp; Outlook salasanan vaihto tarkoittaa Microsoft-salasanan vaihtamista&nbsp; Outlook-salasana on sama kuin Microsoft-tilisi salasana, jolla kirjaudut kaikkiin Microsoft-palveluihisi.&nbsp; S\u00e4hk\u00f6postin salasanan vaihto &#8211; miksi se kannattaa?&nbsp; S\u00e4hk\u00f6postin salasana on nyky\u00e4\u00e4n erityisen t\u00e4rke\u00e4, sill\u00e4 s\u00e4hk\u00f6postin kautta kirjaudutaan moniin muihinkin palveluihin ja sen avulla voidaan usein palauttaa muiden &#8230; <a title=\"Miten onnistuu Outlook salasanan vaihto?\u00a0\" class=\"read-more\" href=\"https:\/\/www.zoner.fi\/tuki\/sahkopostiohjeet\/microsoft-365\/miten-onnistuu-outlook-salasanan-vaihto\/\" aria-label=\"Lue lis\u00e4\u00e4 aiheesta Miten onnistuu Outlook salasanan vaihto?\u00a0\">Lue lis\u00e4\u00e4<\/a><\/p>\n","protected":false},"author":18,"featured_media":0,"parent":137093,"menu_order":0,"comment_status":"closed","ping_status":"closed","template":"","meta":{"_relevanssi_hide_post":"","_relevanssi_hide_content":"","_relevanssi_pin_for_all":"","_relevanssi_pin_keywords":"","_relevanssi_unpin_keywords":"","_relevanssi_related_keywords":"","_relevanssi_related_include_ids":"","_relevanssi_related_exclude_ids":"","_relevanssi_related_no_append":"","_relevanssi_related_not_related":"","_relevanssi_related_posts":"132278,132325,130779,131888,132254,131550","_relevanssi_noindex_reason":"","footnotes":""},"categories":[197],"tags":[110],"wf_page_folders":[],"class_list":{"0":"post-132380","1":"page","2":"type-page","3":"status-publish","5":"category-microsoft-365","6":"tag-microsoft-365"},"_links":{"self":[{"href":"https:\/\/www.zoner.fi\/tuki\/wp-json\/wp\/v2\/pages\/132380","targetHints":{"allow":["GET"]}}],"collection":[{"href":"https:\/\/www.zoner.fi\/tuki\/wp-json\/wp\/v2\/pages"}],"about":[{"href":"https:\/\/www.zoner.fi\/tuki\/wp-json\/wp\/v2\/types\/page"}],"author":[{"embeddable":true,"href":"https:\/\/www.zoner.fi\/tuki\/wp-json\/wp\/v2\/users\/18"}],"replies":[{"embeddable":true,"href":"https:\/\/www.zoner.fi\/tuki\/wp-json\/wp\/v2\/comments?post=132380"}],"version-history":[{"count":5,"href":"https:\/\/www.zoner.fi\/tuki\/wp-json\/wp\/v2\/pages\/132380\/revisions"}],"predecessor-version":[{"id":138052,"href":"https:\/\/www.zoner.fi\/tuki\/wp-json\/wp\/v2\/pages\/132380\/revisions\/138052"}],"up":[{"embeddable":true,"href":"https:\/\/www.zoner.fi\/tuki\/wp-json\/wp\/v2\/pages\/137093"}],"wp:attachment":[{"href":"https:\/\/www.zoner.fi\/tuki\/wp-json\/wp\/v2\/media?parent=132380"}],"wp:term":[{"taxonomy":"category","embeddable":true,"href":"https:\/\/www.zoner.fi\/tuki\/wp-json\/wp\/v2\/categories?post=132380"},{"taxonomy":"post_tag","embeddable":true,"href":"https:\/\/www.zoner.fi\/tuki\/wp-json\/wp\/v2\/tags?post=132380"},{"taxonomy":"wf_page_folders","embeddable":true,"href":"https:\/\/www.zoner.fi\/tuki\/wp-json\/wp\/v2\/wf_page_folders?post=132380"}],"curies":[{"name":"wp","href":"https:\/\/api.w.org\/{rel}","templated":true}]}}