{"id":132596,"date":"2024-10-07T11:07:36","date_gmt":"2024-10-07T08:07:36","guid":{"rendered":"https:\/\/www.zoner.fi\/tuki\/?page_id=132596"},"modified":"2025-09-25T17:59:37","modified_gmt":"2025-09-25T14:59:37","slug":"tunnetut-rajoitukset","status":"publish","type":"page","link":"https:\/\/www.zoner.fi\/tuki\/kotisivukone\/basekit\/tunnetut-rajoitukset\/","title":{"rendered":"Kotisivu: Tunnetut rajoitukset"},"content":{"rendered":"\n<p><strong>Tiedostojen muoto, m\u00e4\u00e4r\u00e4 ja koko<\/strong><\/p>\n\n\n\n<p>Kotisivu-palvelua ei ole tarkoitettu k\u00e4ytett\u00e4v\u00e4ksi tuhansien kuvien tai videoiden tallennukseen.<\/p>\n\n\n\n<p>Tiedostoille ei ole m\u00e4\u00e4r\u00e4rajoitusta, mutta mik\u00e4li tarkoituksena on tallentaa isoja m\u00e4\u00e4ri\u00e4 kuvia tai videoita, tulisi sit\u00e4 varten etsi\u00e4 sopivampi palvelu.<\/p>\n\n\n\n<p>\u2022 Maksimikoko kuvatiedostoille on 10 MB<\/p>\n\n\n\n<p>Suosittelemme videoiden tallentamista esimerkiksi YouTubeen tai vastaavaan palveluun, jonka j\u00e4lkeen niit\u00e4 voi liitt\u00e4\u00e4 sivustolle sulauta-ominaisuudella.<\/p>\n\n\n\n<p>Tuetut tiedostomuodot:<br>\u2022 JPG \/ JPEG<br>\u2022 PNG<br>\u2022&nbsp;GIF<br>\u2022 PDF<\/p>\n\n\n\n<p><strong>Sivum\u00e4\u00e4r\u00e4<\/strong><\/p>\n\n\n\n<p>Sivujen m\u00e4\u00e4r\u00e4lle ei ole maksimirajoitusta, mutta emme takaa t\u00e4ytt\u00e4 toimivuutta yli 50 sivun sivustoilla.<\/p>\n\n\n\n<p><strong>Sivut kansiossa<\/strong><\/p>\n\n\n\n<p>Yksi kansio voi pit\u00e4\u00e4 sis\u00e4ll\u00e4\u00e4n jopa 20 sivua.<\/p>\n\n\n\n<p><strong>Sis\u00e4ll\u00f6n m\u00e4\u00e4r\u00e4 sivulla<\/strong><\/p>\n\n\n\n<p>Emme suosittele yli 30 sis\u00e4ll\u00f6n\/widgetin lis\u00e4\u00e4mist\u00e4 yksitt\u00e4iselle sivulle. Runsas m\u00e4\u00e4r\u00e4 voi hidastaa sivun latautumista.<\/p>\n\n\n\n<p><strong>Kuvien m\u00e4\u00e4r\u00e4<\/strong><\/p>\n\n\n\n<p>Kuvien m\u00e4\u00e4r\u00e4lle ei ole rajoitusta, mutta emme suosittele yli 100 kuvan lis\u00e4\u00e4mist\u00e4.<\/p>\n\n\n\n<p><strong>Kuvien koko<\/strong><\/p>\n\n\n\n<p>Minimikoko: 10 x 10 px<\/p>\n\n\n\n<p>Maksimikoko: maksimipikselim\u00e4\u00e4r\u00e4\u00e4 ei ole, mutta kuvatiedostot eiv\u00e4t voi olla yli 10 MB.<\/p>\n\n\n\n<p><strong>Kuvaesitys ja Galleria<\/strong><\/p>\n\n\n\n<p>Kuvaesityksille tuemme maksimissaan 10 kuvaa per kuvaesitys ja yhdell\u00e4 sivulla maksimissaan 3 kuvaesityst\u00e4. Useampi kuvaesitys todenn\u00e4k\u00f6isesti hidastaa sivun latautumista. Gallerioille suosittelemme maksimissaan 75 pient\u00e4 kuvaa (noin 10 KB per kuva) tai 20 isoa kuvaa (noin 9 MB per kuva).<\/p>\n\n\n\n<p><strong>Esikatselu<\/strong><\/p>\n\n\n\n<p>Palvelu sis\u00e4lt\u00e4\u00e4 mahdollisuuden esikatsella sivua sek\u00e4 puhelin- ett\u00e4 tablettin\u00e4kym\u00e4ss\u00e4. Esikatselu on asettelun testausta varten, emmek\u00e4 takaa, ett\u00e4 se vastaa t\u00e4ydellisesti lopullista n\u00e4kym\u00e4\u00e4 eri laitteilla katsottuna.<\/p>\n","protected":false},"excerpt":{"rendered":"<p>Tiedostojen muoto, m\u00e4\u00e4r\u00e4 ja koko Kotisivu-palvelua ei ole tarkoitettu k\u00e4ytett\u00e4v\u00e4ksi tuhansien kuvien tai videoiden tallennukseen. Tiedostoille ei ole m\u00e4\u00e4r\u00e4rajoitusta, mutta mik\u00e4li tarkoituksena on tallentaa isoja m\u00e4\u00e4ri\u00e4 kuvia tai videoita, tulisi sit\u00e4 varten etsi\u00e4 sopivampi palvelu. \u2022 Maksimikoko kuvatiedostoille on 10 MB Suosittelemme videoiden tallentamista esimerkiksi YouTubeen tai vastaavaan palveluun, jonka j\u00e4lkeen niit\u00e4 voi liitt\u00e4\u00e4 sivustolle &#8230; <a title=\"Kotisivu: Tunnetut rajoitukset\" class=\"read-more\" href=\"https:\/\/www.zoner.fi\/tuki\/kotisivukone\/basekit\/tunnetut-rajoitukset\/\" aria-label=\"Lue lis\u00e4\u00e4 aiheesta Kotisivu: Tunnetut rajoitukset\">Lue lis\u00e4\u00e4<\/a><\/p>\n","protected":false},"author":48,"featured_media":0,"parent":137592,"menu_order":0,"comment_status":"closed","ping_status":"closed","template":"","meta":{"_relevanssi_hide_post":"","_relevanssi_hide_content":"","_relevanssi_pin_for_all":"","_relevanssi_pin_keywords":"","_relevanssi_unpin_keywords":"","_relevanssi_related_keywords":"","_relevanssi_related_include_ids":"","_relevanssi_related_exclude_ids":"","_relevanssi_related_no_append":"","_relevanssi_related_not_related":"","_relevanssi_related_posts":"130397,130964,130498,132261,131541,132080","_relevanssi_noindex_reason":"","footnotes":""},"categories":[222],"tags":[158],"wf_page_folders":[],"class_list":{"0":"post-132596","1":"page","2":"type-page","3":"status-publish","5":"category-basekit","6":"tag-yleiset"},"_links":{"self":[{"href":"https:\/\/www.zoner.fi\/tuki\/wp-json\/wp\/v2\/pages\/132596","targetHints":{"allow":["GET"]}}],"collection":[{"href":"https:\/\/www.zoner.fi\/tuki\/wp-json\/wp\/v2\/pages"}],"about":[{"href":"https:\/\/www.zoner.fi\/tuki\/wp-json\/wp\/v2\/types\/page"}],"author":[{"embeddable":true,"href":"https:\/\/www.zoner.fi\/tuki\/wp-json\/wp\/v2\/users\/48"}],"replies":[{"embeddable":true,"href":"https:\/\/www.zoner.fi\/tuki\/wp-json\/wp\/v2\/comments?post=132596"}],"version-history":[{"count":3,"href":"https:\/\/www.zoner.fi\/tuki\/wp-json\/wp\/v2\/pages\/132596\/revisions"}],"predecessor-version":[{"id":137619,"href":"https:\/\/www.zoner.fi\/tuki\/wp-json\/wp\/v2\/pages\/132596\/revisions\/137619"}],"up":[{"embeddable":true,"href":"https:\/\/www.zoner.fi\/tuki\/wp-json\/wp\/v2\/pages\/137592"}],"wp:attachment":[{"href":"https:\/\/www.zoner.fi\/tuki\/wp-json\/wp\/v2\/media?parent=132596"}],"wp:term":[{"taxonomy":"category","embeddable":true,"href":"https:\/\/www.zoner.fi\/tuki\/wp-json\/wp\/v2\/categories?post=132596"},{"taxonomy":"post_tag","embeddable":true,"href":"https:\/\/www.zoner.fi\/tuki\/wp-json\/wp\/v2\/tags?post=132596"},{"taxonomy":"wf_page_folders","embeddable":true,"href":"https:\/\/www.zoner.fi\/tuki\/wp-json\/wp\/v2\/wf_page_folders?post=132596"}],"curies":[{"name":"wp","href":"https:\/\/api.w.org\/{rel}","templated":true}]}}