{"id":132600,"date":"2024-10-07T10:18:56","date_gmt":"2024-10-07T07:18:56","guid":{"rendered":"https:\/\/www.zoner.fi\/tuki\/?page_id=132600"},"modified":"2025-09-25T17:50:03","modified_gmt":"2025-09-25T14:50:03","slug":"ajanvarauskalenteri-pikaopas","status":"publish","type":"page","link":"https:\/\/www.zoner.fi\/tuki\/kotisivukone\/basekit\/ajanvarauskalenteri-pikaopas\/","title":{"rendered":"Kotisivu Ajanvarauskalenteri: Pikaopas"},"content":{"rendered":"\n<h2 class=\"wp-block-heading\"><strong>Mist\u00e4 l\u00f6yd\u00e4n varauskalenterin?<\/strong><\/h2>\n\n\n\n<p>P\u00e4\u00e4set Varauskalenteriin klikkaamalla vasemmassa yl\u00e4kulmassa olevaa p\u00e4\u00e4valikkoa, jonka j\u00e4lkeen valitse <strong>Ajanvaraukset<\/strong>.<br><br><\/p>\n\n\n\n<figure class=\"wp-block-image size-full\"><img loading=\"lazy\" decoding=\"async\" width=\"643\" height=\"205\" src=\"https:\/\/www.zoner.fi\/tuki\/wp-content\/uploads\/2024\/10\/Pikaopas-1.png\" alt=\"\" class=\"wp-image-133989\" srcset=\"https:\/\/www.zoner.fi\/tuki\/wp-content\/uploads\/2024\/10\/Pikaopas-1.png 643w, https:\/\/www.zoner.fi\/tuki\/wp-content\/uploads\/2024\/10\/Pikaopas-1-300x96.png 300w\" sizes=\"auto, (max-width: 643px) 100vw, 643px\" \/><\/figure>\n\n\n\n<h2 class=\"wp-block-heading\"><strong>Asennus<\/strong><\/h2>\n\n\n\n<p>Asennusprosessi varmistaa, ett\u00e4 kaikki tarpeellinen tieto on lis\u00e4tty. Asennuksen valmistuttua voit aloittaa varauksien vastaanottamisen.<\/p>\n\n\n\n<figure class=\"wp-block-image size-full\"><img loading=\"lazy\" decoding=\"async\" width=\"186\" height=\"200\" src=\"https:\/\/www.zoner.fi\/tuki\/wp-content\/uploads\/2024\/10\/Pikaopas-2.png\" alt=\"\" class=\"wp-image-133990\"\/><\/figure>\n\n\n\n<h2 class=\"wp-block-heading\"><strong>Kalenterin yhdist\u00e4minen<\/strong><\/h2>\n\n\n\n<p>T\u00e4ss\u00e4 kohdassa voit yhdist\u00e4\u00e4 kalenterisi sovellukseen. Voit my\u00f6s ohittaa t\u00e4m\u00e4n kohdan ja yhdist\u00e4\u00e4 kalenterin my\u00f6hemmin.<\/p>\n\n\n\n<p>Kun yhdist\u00e4t ajanvaraussovelluksen kalenteriisi:<\/p>\n\n\n\n<ul class=\"wp-block-list\">\n<li>J\u00e4rjestelm\u00e4 voi luoda uusia kalenteritapahtumia<\/li>\n\n\n\n<li>Voit poistaa j\u00e4rjestelm\u00e4n luomia kalenteritapahtumia<\/li>\n\n\n\n<li>Voit lukea kalenterin tapahtumia<\/li>\n<\/ul>\n\n\n\n<p>Tuetut kalenterit ovat: iCloud, Google, Office365, Exchange, ja Outlook.com<\/p>\n\n\n\n<figure class=\"wp-block-image size-full\"><img loading=\"lazy\" decoding=\"async\" width=\"643\" height=\"334\" src=\"https:\/\/www.zoner.fi\/tuki\/wp-content\/uploads\/2024\/10\/Pikaopas-3.png\" alt=\"\" class=\"wp-image-133991\" srcset=\"https:\/\/www.zoner.fi\/tuki\/wp-content\/uploads\/2024\/10\/Pikaopas-3.png 643w, https:\/\/www.zoner.fi\/tuki\/wp-content\/uploads\/2024\/10\/Pikaopas-3-300x156.png 300w\" sizes=\"auto, (max-width: 643px) 100vw, 643px\" \/><\/figure>\n\n\n\n<h2 class=\"wp-block-heading\"><strong>Aukioloajat<\/strong><\/h2>\n\n\n\n<p>Asiakkaat voivat tehd\u00e4 varauksia aukioloaikojesi mukaisesti. Voit my\u00f6s lis\u00e4t\u00e4 taukoja p\u00e4iv\u00e4n aukioloaikojen sis\u00e4lle painamalla + -painiketta aukioloaikojen vieress\u00e4.<\/p>\n\n\n\n<figure class=\"wp-block-image size-full\"><img loading=\"lazy\" decoding=\"async\" width=\"643\" height=\"417\" src=\"https:\/\/www.zoner.fi\/tuki\/wp-content\/uploads\/2024\/10\/Pikaopas-4.png\" alt=\"\" class=\"wp-image-133992\" srcset=\"https:\/\/www.zoner.fi\/tuki\/wp-content\/uploads\/2024\/10\/Pikaopas-4.png 643w, https:\/\/www.zoner.fi\/tuki\/wp-content\/uploads\/2024\/10\/Pikaopas-4-300x195.png 300w\" sizes=\"auto, (max-width: 643px) 100vw, 643px\" \/><\/figure>\n\n\n\n<p>Aukioloaikojen lis\u00e4ksi tarvitaan my\u00f6s yrityksen nimi ja s\u00e4hk\u00f6postiosoite. Kaikki t\u00e4m\u00e4n kohdan aikana lis\u00e4tyt tiedot ovat muokattavissa my\u00f6hemmin.<\/p>\n\n\n\n<figure class=\"wp-block-image size-full\"><img loading=\"lazy\" decoding=\"async\" width=\"643\" height=\"490\" src=\"https:\/\/www.zoner.fi\/tuki\/wp-content\/uploads\/2024\/10\/Pikaopas-5.png\" alt=\"\" class=\"wp-image-133993\" srcset=\"https:\/\/www.zoner.fi\/tuki\/wp-content\/uploads\/2024\/10\/Pikaopas-5.png 643w, https:\/\/www.zoner.fi\/tuki\/wp-content\/uploads\/2024\/10\/Pikaopas-5-300x229.png 300w\" sizes=\"auto, (max-width: 643px) 100vw, 643px\" \/><\/figure>\n\n\n\n<h2 class=\"wp-block-heading\"><strong>Maksutavan lis\u00e4\u00e4minen<\/strong><\/h2>\n\n\n\n<p>Lis\u00e4\u00e4 seuraavaksi haluamasi maksutapa. Voit my\u00f6s ohittaa t\u00e4m\u00e4n kohdan ja lis\u00e4t\u00e4 maksutavan my\u00f6hemmin.<\/p>\n\n\n\n<figure class=\"wp-block-image size-full\"><img loading=\"lazy\" decoding=\"async\" width=\"643\" height=\"296\" src=\"https:\/\/www.zoner.fi\/tuki\/wp-content\/uploads\/2024\/10\/Pikaopas-6.png\" alt=\"\" class=\"wp-image-133994\" srcset=\"https:\/\/www.zoner.fi\/tuki\/wp-content\/uploads\/2024\/10\/Pikaopas-6.png 643w, https:\/\/www.zoner.fi\/tuki\/wp-content\/uploads\/2024\/10\/Pikaopas-6-300x138.png 300w\" sizes=\"auto, (max-width: 643px) 100vw, 643px\" \/><\/figure>\n\n\n\n<p>Tarjolla olevat maksupalveluntarjoajat:<\/p>\n\n\n\n<figure class=\"wp-block-image size-full\"><img loading=\"lazy\" decoding=\"async\" width=\"643\" height=\"451\" src=\"https:\/\/www.zoner.fi\/tuki\/wp-content\/uploads\/2024\/10\/Pikaopas-7.png\" alt=\"\" class=\"wp-image-133995\" srcset=\"https:\/\/www.zoner.fi\/tuki\/wp-content\/uploads\/2024\/10\/Pikaopas-7.png 643w, https:\/\/www.zoner.fi\/tuki\/wp-content\/uploads\/2024\/10\/Pikaopas-7-300x210.png 300w\" sizes=\"auto, (max-width: 643px) 100vw, 643px\" \/><\/figure>\n\n\n\n<h2 class=\"wp-block-heading\"><strong>Palveluiden lis\u00e4\u00e4minen<\/strong><\/h2>\n\n\n\n<p>Ensimm\u00e4ist\u00e4 palvelua lis\u00e4tt\u00e4ess\u00e4 tulee valita, onko kyseess\u00e4 yksitt\u00e4inen aika vai tapahtuma.<\/p>\n\n\n\n<p>T\u00e4ss\u00e4 esimerkiss\u00e4 lis\u00e4\u00e4mme yksitt\u00e4isen ajan vaadituilla tiedoilla:<\/p>\n\n\n\n<ol style=\"list-style-type:1\" class=\"wp-block-list\">\n<li>Palvelun nimi<\/li>\n\n\n\n<li>Kuvaus<\/li>\n\n\n\n<li>Kesto<\/li>\n<\/ol>\n\n\n\n<figure class=\"wp-block-image size-full\"><img loading=\"lazy\" decoding=\"async\" width=\"643\" height=\"450\" src=\"https:\/\/www.zoner.fi\/tuki\/wp-content\/uploads\/2024\/10\/Pikaopas-8.png\" alt=\"\" class=\"wp-image-133996\" srcset=\"https:\/\/www.zoner.fi\/tuki\/wp-content\/uploads\/2024\/10\/Pikaopas-8.png 643w, https:\/\/www.zoner.fi\/tuki\/wp-content\/uploads\/2024\/10\/Pikaopas-8-300x210.png 300w\" sizes=\"auto, (max-width: 643px) 100vw, 643px\" \/><\/figure>\n\n\n\n<p>4. Hinta<\/p>\n\n\n\n<figure class=\"wp-block-image size-full\"><img loading=\"lazy\" decoding=\"async\" width=\"643\" height=\"341\" src=\"https:\/\/www.zoner.fi\/tuki\/wp-content\/uploads\/2024\/10\/Pikaopas-9.png\" alt=\"\" class=\"wp-image-133997\" srcset=\"https:\/\/www.zoner.fi\/tuki\/wp-content\/uploads\/2024\/10\/Pikaopas-9.png 643w, https:\/\/www.zoner.fi\/tuki\/wp-content\/uploads\/2024\/10\/Pikaopas-9-300x159.png 300w\" sizes=\"auto, (max-width: 643px) 100vw, 643px\" \/><\/figure>\n\n\n\n<h2 class=\"wp-block-heading\"><strong>Sivuston julkaiseminen<\/strong><\/h2>\n\n\n\n<p>Asennus on nyt valmis ja voit aloittaa varauksien vastaanottamisen, kun sivusto on julkaistu.<\/p>\n\n\n\n<figure class=\"wp-block-image size-full\"><img loading=\"lazy\" decoding=\"async\" width=\"643\" height=\"297\" src=\"https:\/\/www.zoner.fi\/tuki\/wp-content\/uploads\/2024\/10\/Pikaopas-10.png\" alt=\"\" class=\"wp-image-133998\" srcset=\"https:\/\/www.zoner.fi\/tuki\/wp-content\/uploads\/2024\/10\/Pikaopas-10.png 643w, https:\/\/www.zoner.fi\/tuki\/wp-content\/uploads\/2024\/10\/Pikaopas-10-300x139.png 300w\" sizes=\"auto, (max-width: 643px) 100vw, 643px\" \/><\/figure>\n\n\n\n<h2 class=\"wp-block-heading\"><strong>Valmiin palvelun sivu<\/strong><\/h2>\n\n\n\n<p>N\u00e4in palvelu n\u00e4kyy sivustolla. Asiakas n\u00e4kee vapaana olevat ajat klikkaamalla haluamaansa p\u00e4iv\u00e4\u00e4.<\/p>\n\n\n\n<figure class=\"wp-block-image size-full\"><img loading=\"lazy\" decoding=\"async\" width=\"643\" height=\"397\" src=\"https:\/\/www.zoner.fi\/tuki\/wp-content\/uploads\/2024\/10\/Pikaopas-11.png\" alt=\"\" class=\"wp-image-133999\" srcset=\"https:\/\/www.zoner.fi\/tuki\/wp-content\/uploads\/2024\/10\/Pikaopas-11.png 643w, https:\/\/www.zoner.fi\/tuki\/wp-content\/uploads\/2024\/10\/Pikaopas-11-300x185.png 300w\" sizes=\"auto, (max-width: 643px) 100vw, 643px\" \/><\/figure>\n","protected":false},"excerpt":{"rendered":"<p>Mist\u00e4 l\u00f6yd\u00e4n varauskalenterin? P\u00e4\u00e4set Varauskalenteriin klikkaamalla vasemmassa yl\u00e4kulmassa olevaa p\u00e4\u00e4valikkoa, jonka j\u00e4lkeen valitse Ajanvaraukset. Asennus Asennusprosessi varmistaa, ett\u00e4 kaikki tarpeellinen tieto on lis\u00e4tty. Asennuksen valmistuttua voit aloittaa varauksien vastaanottamisen. Kalenterin yhdist\u00e4minen T\u00e4ss\u00e4 kohdassa voit yhdist\u00e4\u00e4 kalenterisi sovellukseen. Voit my\u00f6s ohittaa t\u00e4m\u00e4n kohdan ja yhdist\u00e4\u00e4 kalenterin my\u00f6hemmin. Kun yhdist\u00e4t ajanvaraussovelluksen kalenteriisi: Tuetut kalenterit ovat: iCloud, Google, &#8230; <a title=\"Kotisivu Ajanvarauskalenteri: Pikaopas\" class=\"read-more\" href=\"https:\/\/www.zoner.fi\/tuki\/kotisivukone\/basekit\/ajanvarauskalenteri-pikaopas\/\" aria-label=\"Lue lis\u00e4\u00e4 aiheesta Kotisivu Ajanvarauskalenteri: Pikaopas\">Lue lis\u00e4\u00e4<\/a><\/p>\n","protected":false},"author":48,"featured_media":0,"parent":137592,"menu_order":0,"comment_status":"closed","ping_status":"closed","template":"","meta":{"_relevanssi_hide_post":"","_relevanssi_hide_content":"","_relevanssi_pin_for_all":"","_relevanssi_pin_keywords":"","_relevanssi_unpin_keywords":"","_relevanssi_related_keywords":"","_relevanssi_related_include_ids":"","_relevanssi_related_exclude_ids":"","_relevanssi_related_no_append":"","_relevanssi_related_not_related":"","_relevanssi_related_posts":"130498,131506,132278,130964,131888,130779","_relevanssi_noindex_reason":"","footnotes":""},"categories":[222],"tags":[224],"wf_page_folders":[],"class_list":{"0":"post-132600","1":"page","2":"type-page","3":"status-publish","5":"category-basekit","6":"tag-ajanvarauskalenteri"},"_links":{"self":[{"href":"https:\/\/www.zoner.fi\/tuki\/wp-json\/wp\/v2\/pages\/132600","targetHints":{"allow":["GET"]}}],"collection":[{"href":"https:\/\/www.zoner.fi\/tuki\/wp-json\/wp\/v2\/pages"}],"about":[{"href":"https:\/\/www.zoner.fi\/tuki\/wp-json\/wp\/v2\/types\/page"}],"author":[{"embeddable":true,"href":"https:\/\/www.zoner.fi\/tuki\/wp-json\/wp\/v2\/users\/48"}],"replies":[{"embeddable":true,"href":"https:\/\/www.zoner.fi\/tuki\/wp-json\/wp\/v2\/comments?post=132600"}],"version-history":[{"count":4,"href":"https:\/\/www.zoner.fi\/tuki\/wp-json\/wp\/v2\/pages\/132600\/revisions"}],"predecessor-version":[{"id":137636,"href":"https:\/\/www.zoner.fi\/tuki\/wp-json\/wp\/v2\/pages\/132600\/revisions\/137636"}],"up":[{"embeddable":true,"href":"https:\/\/www.zoner.fi\/tuki\/wp-json\/wp\/v2\/pages\/137592"}],"wp:attachment":[{"href":"https:\/\/www.zoner.fi\/tuki\/wp-json\/wp\/v2\/media?parent=132600"}],"wp:term":[{"taxonomy":"category","embeddable":true,"href":"https:\/\/www.zoner.fi\/tuki\/wp-json\/wp\/v2\/categories?post=132600"},{"taxonomy":"post_tag","embeddable":true,"href":"https:\/\/www.zoner.fi\/tuki\/wp-json\/wp\/v2\/tags?post=132600"},{"taxonomy":"wf_page_folders","embeddable":true,"href":"https:\/\/www.zoner.fi\/tuki\/wp-json\/wp\/v2\/wf_page_folders?post=132600"}],"curies":[{"name":"wp","href":"https:\/\/api.w.org\/{rel}","templated":true}]}}