{"id":132602,"date":"2024-10-07T10:15:07","date_gmt":"2024-10-07T07:15:07","guid":{"rendered":"https:\/\/www.zoner.fi\/tuki\/?page_id=132602"},"modified":"2025-09-25T17:49:37","modified_gmt":"2025-09-25T14:49:37","slug":"ajanvarauskalenteri-palvelun-lisaaminen","status":"publish","type":"page","link":"https:\/\/www.zoner.fi\/tuki\/kotisivukone\/basekit\/ajanvarauskalenteri-palvelun-lisaaminen\/","title":{"rendered":"Kotisivu Ajanvarauskalenteri: Palvelun lis\u00e4\u00e4minen"},"content":{"rendered":"\n<p>T\u00e4ss\u00e4 ohjeessa kerromme, miten voit lis\u00e4t\u00e4 sivustollesi ajanvarauskalenterin, jonka kautta asiakkaat voivat helposti varata aikoja palveluusi. Ajan voi varata joko verkossa tapahtuvaan palveluun tai m\u00e4\u00e4rittelem\u00e4\u00e4si toimipisteeseen.<\/p>\n\n\n\n<h2 class=\"wp-block-heading\"><strong>Avaa ajanvaraukset<\/strong><\/h2>\n\n\n\n<p>P\u00e4\u00e4set varauskalenteriin klikkaamalla vasemmassa yl\u00e4kulmassa olevaa p\u00e4\u00e4valikkoa, jonka j\u00e4lkeen valitse sivuvalikosta kohta <strong>Ajanvaraukset<\/strong>.<\/p>\n\n\n\n<figure class=\"wp-block-image size-full\"><img loading=\"lazy\" decoding=\"async\" width=\"643\" height=\"205\" src=\"https:\/\/www.zoner.fi\/tuki\/wp-content\/uploads\/2024\/10\/Palvelun-lisaaminen-1.png\" alt=\"\" class=\"wp-image-133977\" srcset=\"https:\/\/www.zoner.fi\/tuki\/wp-content\/uploads\/2024\/10\/Palvelun-lisaaminen-1.png 643w, https:\/\/www.zoner.fi\/tuki\/wp-content\/uploads\/2024\/10\/Palvelun-lisaaminen-1-300x96.png 300w\" sizes=\"auto, (max-width: 643px) 100vw, 643px\" \/><\/figure>\n\n\n\n<h2 class=\"wp-block-heading\"><strong>Lis\u00e4\u00e4 uusi palvelu<\/strong><\/h2>\n\n\n\n<p>1. Klikkaa <strong>Palvelut<\/strong><\/p>\n\n\n\n<p>2. Klikkaa <strong>Lis\u00e4\u00e4 palvelu<\/strong><\/p>\n\n\n\n<figure class=\"wp-block-image size-full\"><img loading=\"lazy\" decoding=\"async\" width=\"643\" height=\"294\" src=\"https:\/\/www.zoner.fi\/tuki\/wp-content\/uploads\/2024\/10\/Palvelun-lisaaminen-2.png\" alt=\"\" class=\"wp-image-133978\" srcset=\"https:\/\/www.zoner.fi\/tuki\/wp-content\/uploads\/2024\/10\/Palvelun-lisaaminen-2.png 643w, https:\/\/www.zoner.fi\/tuki\/wp-content\/uploads\/2024\/10\/Palvelun-lisaaminen-2-300x137.png 300w\" sizes=\"auto, (max-width: 643px) 100vw, 643px\" \/><\/figure>\n\n\n\n<p>Varattava palvelu voi olla julkinen, jolloin ajan voi varata kuka tahansa, tai piilotettu, jolloin varauksia p\u00e4\u00e4sev\u00e4t tekem\u00e4\u00e4n vain valitsemasi henkil\u00f6t.<\/p>\n\n\n\n<h2 class=\"wp-block-heading\"><strong>Palvelutyyppi<\/strong><\/h2>\n\n\n\n<p>Kun valitset palvelutyypiksi &#8217;<strong>Aika<\/strong>&#8217;, voivat asiakkaasi varata ajan palveluusi kalenterista.<\/p>\n\n\n\n<figure class=\"wp-block-image size-full\"><img loading=\"lazy\" decoding=\"async\" width=\"643\" height=\"194\" src=\"https:\/\/www.zoner.fi\/tuki\/wp-content\/uploads\/2024\/10\/Palvelun-lisaaminen-3.png\" alt=\"\" class=\"wp-image-133979\" srcset=\"https:\/\/www.zoner.fi\/tuki\/wp-content\/uploads\/2024\/10\/Palvelun-lisaaminen-3.png 643w, https:\/\/www.zoner.fi\/tuki\/wp-content\/uploads\/2024\/10\/Palvelun-lisaaminen-3-300x91.png 300w\" sizes=\"auto, (max-width: 643px) 100vw, 643px\" \/><\/figure>\n\n\n\n<h2 class=\"wp-block-heading\"><strong>Palvelun tiedot<\/strong><\/h2>\n\n\n\n<p>Lis\u00e4\u00e4 palvelulle nimi, kuvaus, kuva ja kesto. N\u00e4m\u00e4 tiedot ovat pakollisia.<\/p>\n\n\n\n<figure class=\"wp-block-image size-full\"><img loading=\"lazy\" decoding=\"async\" width=\"643\" height=\"450\" src=\"https:\/\/www.zoner.fi\/tuki\/wp-content\/uploads\/2024\/10\/Palvelun-lisaaminen-4.png\" alt=\"\" class=\"wp-image-133980\" srcset=\"https:\/\/www.zoner.fi\/tuki\/wp-content\/uploads\/2024\/10\/Palvelun-lisaaminen-4.png 643w, https:\/\/www.zoner.fi\/tuki\/wp-content\/uploads\/2024\/10\/Palvelun-lisaaminen-4-300x210.png 300w\" sizes=\"auto, (max-width: 643px) 100vw, 643px\" \/><\/figure>\n\n\n\n<h2 class=\"wp-block-heading\"><strong>Asiakastietotiedosto<\/strong><\/h2>\n\n\n\n<p>Halutessasi voit liitt\u00e4\u00e4 varausvahvistukseen PDF-tiedoston asiakkaalle. Tiedosto tulee ladattavaksi varausvahvistusviestiin.<\/p>\n\n\n\n<figure class=\"wp-block-image size-full\"><img loading=\"lazy\" decoding=\"async\" width=\"643\" height=\"300\" src=\"https:\/\/www.zoner.fi\/tuki\/wp-content\/uploads\/2024\/10\/Palvelun-lisaaminen-5.png\" alt=\"\" class=\"wp-image-133981\" srcset=\"https:\/\/www.zoner.fi\/tuki\/wp-content\/uploads\/2024\/10\/Palvelun-lisaaminen-5.png 643w, https:\/\/www.zoner.fi\/tuki\/wp-content\/uploads\/2024\/10\/Palvelun-lisaaminen-5-300x140.png 300w\" sizes=\"auto, (max-width: 643px) 100vw, 643px\" \/><\/figure>\n\n\n\n<h2 class=\"wp-block-heading\"><strong>Palvelun tarjoaminen<\/strong><\/h2>\n\n\n\n<p>Palvelun tapahtumapaikan voi valita kolmesta eri tyypist\u00e4:<\/p>\n\n\n\n<ul class=\"wp-block-list\">\n<li><strong>Verkossa<\/strong>: asiakas saa m\u00e4\u00e4rittelem\u00e4si osallistumislinkin varausvahvistuksen yhteydess\u00e4.<\/li>\n\n\n\n<li><strong>Yrityksen sijainnissa<\/strong>: yrityksen sijainti n\u00e4ytet\u00e4\u00e4n maksutapahtuman yhteydess\u00e4, sek\u00e4 varausvahvistuksessa.<\/li>\n\n\n\n<li><strong>Muu<\/strong>: voit kirjoittaa oman viestin, joka n\u00e4ytet\u00e4\u00e4n maksutapahtuman yhteydess\u00e4 sek\u00e4 varausvahvistuksessa.<\/li>\n<\/ul>\n\n\n\n<p>Kaikissa vaihtoehdoissa my\u00f6s sivuston omistaja saa vahvistusviestin, kun varaus on tehty. Voit tarkistaa tiedot my\u00f6s sivustosi <strong>Ajanvaraukset<\/strong>-osiosta.<\/p>\n\n\n\n<figure class=\"wp-block-image size-full\"><img loading=\"lazy\" decoding=\"async\" width=\"643\" height=\"463\" src=\"https:\/\/www.zoner.fi\/tuki\/wp-content\/uploads\/2024\/10\/Palvelun-lisaaminen-6.png\" alt=\"\" class=\"wp-image-133982\" srcset=\"https:\/\/www.zoner.fi\/tuki\/wp-content\/uploads\/2024\/10\/Palvelun-lisaaminen-6.png 643w, https:\/\/www.zoner.fi\/tuki\/wp-content\/uploads\/2024\/10\/Palvelun-lisaaminen-6-300x216.png 300w\" sizes=\"auto, (max-width: 643px) 100vw, 643px\" \/><\/figure>\n\n\n\n<h2 class=\"wp-block-heading\"><strong>N\u00e4kyvyys<\/strong><\/h2>\n\n\n\n<p>Palvelu voi olla <strong>Julkinen<\/strong> tai <strong>Ei julkinen<\/strong>. <strong>Ei julkinen<\/strong> -tyyppinen palvelu ei n\u00e4y sivustollasi, mutta asiakkaat voivat varata ajan toimittamasi linkin kautta.<\/p>\n\n\n\n<figure class=\"wp-block-image size-full\"><img loading=\"lazy\" decoding=\"async\" width=\"643\" height=\"184\" src=\"https:\/\/www.zoner.fi\/tuki\/wp-content\/uploads\/2024\/10\/Palvelun-lisaaminen-7.png\" alt=\"\" class=\"wp-image-133983\" srcset=\"https:\/\/www.zoner.fi\/tuki\/wp-content\/uploads\/2024\/10\/Palvelun-lisaaminen-7.png 643w, https:\/\/www.zoner.fi\/tuki\/wp-content\/uploads\/2024\/10\/Palvelun-lisaaminen-7-300x86.png 300w\" sizes=\"auto, (max-width: 643px) 100vw, 643px\" \/><\/figure>\n\n\n\n<h2 class=\"wp-block-heading\"><strong>Maksu<\/strong><\/h2>\n\n\n\n<p>Palvelun m\u00e4\u00e4rittelemiseen tarvitaan perustietojen lis\u00e4ksi my\u00f6s hintatiedot.<\/p>\n\n\n\n<p>Voit asettaa palvelun ilmaiseksi tai m\u00e4\u00e4ritt\u00e4\u00e4 sille haluamasi hinnan.<\/p>\n\n\n\n<figure class=\"wp-block-image size-full\"><img loading=\"lazy\" decoding=\"async\" width=\"643\" height=\"341\" src=\"https:\/\/www.zoner.fi\/tuki\/wp-content\/uploads\/2024\/10\/Palvelun-lisaaminen-8.png\" alt=\"\" class=\"wp-image-133984\" srcset=\"https:\/\/www.zoner.fi\/tuki\/wp-content\/uploads\/2024\/10\/Palvelun-lisaaminen-8.png 643w, https:\/\/www.zoner.fi\/tuki\/wp-content\/uploads\/2024\/10\/Palvelun-lisaaminen-8-300x159.png 300w\" sizes=\"auto, (max-width: 643px) 100vw, 643px\" \/><\/figure>\n\n\n\n<h2 class=\"wp-block-heading\"><strong>Ajanvaraustieto<\/strong><\/h2>\n\n\n\n<p>Jos haluat sis\u00e4llytt\u00e4\u00e4 lis\u00e4tietoa varausvahvistusviestiin, voit lis\u00e4t\u00e4 sen t\u00e4h\u00e4n.<\/p>\n\n\n\n<figure class=\"wp-block-image size-full\"><img loading=\"lazy\" decoding=\"async\" width=\"643\" height=\"178\" src=\"https:\/\/www.zoner.fi\/tuki\/wp-content\/uploads\/2024\/10\/Palvelun-lisaaminen-9.png\" alt=\"\" class=\"wp-image-133985\" srcset=\"https:\/\/www.zoner.fi\/tuki\/wp-content\/uploads\/2024\/10\/Palvelun-lisaaminen-9.png 643w, https:\/\/www.zoner.fi\/tuki\/wp-content\/uploads\/2024\/10\/Palvelun-lisaaminen-9-300x83.png 300w\" sizes=\"auto, (max-width: 643px) 100vw, 643px\" \/><\/figure>\n\n\n\n<h2 class=\"wp-block-heading\"><strong>Aikataulutus<\/strong><\/h2>\n\n\n\n<p>Voit m\u00e4\u00e4ritt\u00e4\u00e4, kuinka paljon etuk\u00e4teen varaus t\u00e4ytyy tehd\u00e4. N\u00e4in saat varauksille esimerkiksi vuorokauden varoitusajan.<\/p>\n\n\n\n<p>Puskuriaika lis\u00e4\u00e4 kalenteriin automaattisesti halutun m\u00e4\u00e4r\u00e4n aikaa ennen seuraavaa vapaata aikaa. N\u00e4in sinulle j\u00e4\u00e4 aikaa valmistautua seuraavaan varaukseen.<\/p>\n\n\n\n<figure class=\"wp-block-image size-full\"><img loading=\"lazy\" decoding=\"async\" width=\"643\" height=\"327\" src=\"https:\/\/www.zoner.fi\/tuki\/wp-content\/uploads\/2024\/10\/Palvelun-lisaaminen-10.png\" alt=\"\" class=\"wp-image-133986\" srcset=\"https:\/\/www.zoner.fi\/tuki\/wp-content\/uploads\/2024\/10\/Palvelun-lisaaminen-10.png 643w, https:\/\/www.zoner.fi\/tuki\/wp-content\/uploads\/2024\/10\/Palvelun-lisaaminen-10-300x153.png 300w\" sizes=\"auto, (max-width: 643px) 100vw, 643px\" \/><\/figure>\n\n\n\n<h2 class=\"wp-block-heading\"><strong>Tallenna ja julkaise<\/strong><\/h2>\n\n\n\n<p>Uusi palvelu on nyt n\u00e4kyviss\u00e4 <strong>Palvelut<\/strong>-sivulla ja asiakkaat voivat tehd\u00e4 varauksia siihen.<\/p>\n\n\n\n<figure class=\"wp-block-image size-full\"><img loading=\"lazy\" decoding=\"async\" width=\"643\" height=\"443\" src=\"https:\/\/www.zoner.fi\/tuki\/wp-content\/uploads\/2024\/10\/Palvelun-lisaaminen-11.png\" alt=\"\" class=\"wp-image-133987\" srcset=\"https:\/\/www.zoner.fi\/tuki\/wp-content\/uploads\/2024\/10\/Palvelun-lisaaminen-11.png 643w, https:\/\/www.zoner.fi\/tuki\/wp-content\/uploads\/2024\/10\/Palvelun-lisaaminen-11-300x207.png 300w\" sizes=\"auto, (max-width: 643px) 100vw, 643px\" \/><\/figure>\n","protected":false},"excerpt":{"rendered":"<p>T\u00e4ss\u00e4 ohjeessa kerromme, miten voit lis\u00e4t\u00e4 sivustollesi ajanvarauskalenterin, jonka kautta asiakkaat voivat helposti varata aikoja palveluusi. Ajan voi varata joko verkossa tapahtuvaan palveluun tai m\u00e4\u00e4rittelem\u00e4\u00e4si toimipisteeseen. Avaa ajanvaraukset P\u00e4\u00e4set varauskalenteriin klikkaamalla vasemmassa yl\u00e4kulmassa olevaa p\u00e4\u00e4valikkoa, jonka j\u00e4lkeen valitse sivuvalikosta kohta Ajanvaraukset. Lis\u00e4\u00e4 uusi palvelu 1. Klikkaa Palvelut 2. Klikkaa Lis\u00e4\u00e4 palvelu Varattava palvelu voi olla &#8230; <a title=\"Kotisivu Ajanvarauskalenteri: Palvelun lis\u00e4\u00e4minen\" class=\"read-more\" href=\"https:\/\/www.zoner.fi\/tuki\/kotisivukone\/basekit\/ajanvarauskalenteri-palvelun-lisaaminen\/\" aria-label=\"Lue lis\u00e4\u00e4 aiheesta Kotisivu Ajanvarauskalenteri: Palvelun lis\u00e4\u00e4minen\">Lue lis\u00e4\u00e4<\/a><\/p>\n","protected":false},"author":48,"featured_media":0,"parent":137592,"menu_order":0,"comment_status":"closed","ping_status":"closed","template":"","meta":{"_relevanssi_hide_post":"on","_relevanssi_hide_content":"","_relevanssi_pin_for_all":"","_relevanssi_pin_keywords":"","_relevanssi_unpin_keywords":"","_relevanssi_related_keywords":"","_relevanssi_related_include_ids":"","_relevanssi_related_exclude_ids":"","_relevanssi_related_no_append":"","_relevanssi_related_not_related":"","_relevanssi_related_posts":"132278,130865,130464,132244,131384,132254","_relevanssi_noindex_reason":"Rank Math Relevanssin indeksointiesto","footnotes":""},"categories":[222],"tags":[224],"wf_page_folders":[],"class_list":{"0":"post-132602","1":"page","2":"type-page","3":"status-publish","5":"category-basekit","6":"tag-ajanvarauskalenteri"},"_links":{"self":[{"href":"https:\/\/www.zoner.fi\/tuki\/wp-json\/wp\/v2\/pages\/132602","targetHints":{"allow":["GET"]}}],"collection":[{"href":"https:\/\/www.zoner.fi\/tuki\/wp-json\/wp\/v2\/pages"}],"about":[{"href":"https:\/\/www.zoner.fi\/tuki\/wp-json\/wp\/v2\/types\/page"}],"author":[{"embeddable":true,"href":"https:\/\/www.zoner.fi\/tuki\/wp-json\/wp\/v2\/users\/48"}],"replies":[{"embeddable":true,"href":"https:\/\/www.zoner.fi\/tuki\/wp-json\/wp\/v2\/comments?post=132602"}],"version-history":[{"count":4,"href":"https:\/\/www.zoner.fi\/tuki\/wp-json\/wp\/v2\/pages\/132602\/revisions"}],"predecessor-version":[{"id":137638,"href":"https:\/\/www.zoner.fi\/tuki\/wp-json\/wp\/v2\/pages\/132602\/revisions\/137638"}],"up":[{"embeddable":true,"href":"https:\/\/www.zoner.fi\/tuki\/wp-json\/wp\/v2\/pages\/137592"}],"wp:attachment":[{"href":"https:\/\/www.zoner.fi\/tuki\/wp-json\/wp\/v2\/media?parent=132602"}],"wp:term":[{"taxonomy":"category","embeddable":true,"href":"https:\/\/www.zoner.fi\/tuki\/wp-json\/wp\/v2\/categories?post=132602"},{"taxonomy":"post_tag","embeddable":true,"href":"https:\/\/www.zoner.fi\/tuki\/wp-json\/wp\/v2\/tags?post=132602"},{"taxonomy":"wf_page_folders","embeddable":true,"href":"https:\/\/www.zoner.fi\/tuki\/wp-json\/wp\/v2\/wf_page_folders?post=132602"}],"curies":[{"name":"wp","href":"https:\/\/api.w.org\/{rel}","templated":true}]}}