{"id":132604,"date":"2024-10-07T10:17:30","date_gmt":"2024-10-07T07:17:30","guid":{"rendered":"https:\/\/www.zoner.fi\/tuki\/?page_id=132604"},"modified":"2025-09-25T17:50:15","modified_gmt":"2025-09-25T14:50:15","slug":"ajanvarauskalenteri-tapahtuman-lisaaminen","status":"publish","type":"page","link":"https:\/\/www.zoner.fi\/tuki\/kotisivukone\/basekit\/ajanvarauskalenteri-tapahtuman-lisaaminen\/","title":{"rendered":"Kotisivu Ajanvarauskalenteri: Tapahtuman lis\u00e4\u00e4minen"},"content":{"rendered":"\n<p>Ajanvarauskalenterin avulla voit vastaanottaa kotisivujesi kautta varauksia j\u00e4rjest\u00e4miisi tapahtumiin.<\/p>\n\n\n\n<p>Tapahtumalle m\u00e4\u00e4ritell\u00e4\u00e4n aika ja tapahtumapaikka. Ajan ei tarvitse olla yrityksen aukioloaikojen sis\u00e4ll\u00e4. Asiakkaat voivat ilmoittautua tapahtumaan kalenterin kautta.<\/p>\n\n\n\n<p>Tapahtuman voi m\u00e4\u00e4ritell\u00e4 pidett\u00e4v\u00e4ksi fyysisess\u00e4 sijainnissa tai verkossa.<\/p>\n\n\n\n<h2 class=\"wp-block-heading\"><strong>Avaa ajanvaraukset<\/strong><\/h2>\n\n\n\n<p>P\u00e4\u00e4set Varauskalenteriin klikkaamalla vasemmassa yl\u00e4kulmassa olevaa p\u00e4\u00e4valikkoa, jonka j\u00e4lkeen valitse Ajanvaraukset.<\/p>\n\n\n\n<figure class=\"wp-block-image size-full\"><img loading=\"lazy\" decoding=\"async\" width=\"643\" height=\"205\" src=\"https:\/\/www.zoner.fi\/tuki\/wp-content\/uploads\/2024\/10\/Tapahtuman-lisaaminen-1.png\" alt=\"\" class=\"wp-image-134008\" srcset=\"https:\/\/www.zoner.fi\/tuki\/wp-content\/uploads\/2024\/10\/Tapahtuman-lisaaminen-1.png 643w, https:\/\/www.zoner.fi\/tuki\/wp-content\/uploads\/2024\/10\/Tapahtuman-lisaaminen-1-300x96.png 300w\" sizes=\"auto, (max-width: 643px) 100vw, 643px\" \/><\/figure>\n\n\n\n<h2 class=\"wp-block-heading\"><strong>Lis\u00e4\u00e4 uusi palvelu<\/strong><\/h2>\n\n\n\n<p>1. Klikkaa <strong>Palvelut<\/strong><\/p>\n\n\n\n<p>2. Klikkaa <strong>Lis\u00e4\u00e4 palvelu<\/strong><\/p>\n\n\n\n<figure class=\"wp-block-image size-full\"><img loading=\"lazy\" decoding=\"async\" width=\"643\" height=\"294\" src=\"https:\/\/www.zoner.fi\/tuki\/wp-content\/uploads\/2024\/10\/Tapahtuman-lisaaminen-2.png\" alt=\"\" class=\"wp-image-134009\" srcset=\"https:\/\/www.zoner.fi\/tuki\/wp-content\/uploads\/2024\/10\/Tapahtuman-lisaaminen-2.png 643w, https:\/\/www.zoner.fi\/tuki\/wp-content\/uploads\/2024\/10\/Tapahtuman-lisaaminen-2-300x137.png 300w\" sizes=\"auto, (max-width: 643px) 100vw, 643px\" \/><\/figure>\n\n\n\n<p>.<\/p>\n\n\n\n<h2 class=\"wp-block-heading\"><strong>Palvelutyyppi<\/strong><\/h2>\n\n\n\n<p>Valitse palvelutyypiksi <strong>Tapahtuma<\/strong>. Tapahtuman osallistujam\u00e4\u00e4r\u00e4n saat m\u00e4\u00e4ritell\u00e4 palvelua luodessa, joten useampi henkil\u00f6 voi ilmoittautua tapahtumaan.<\/p>\n\n\n\n<figure class=\"wp-block-image size-full\"><img loading=\"lazy\" decoding=\"async\" width=\"643\" height=\"196\" src=\"https:\/\/www.zoner.fi\/tuki\/wp-content\/uploads\/2024\/10\/Tapahtuman-lisaaminen-3.png\" alt=\"\" class=\"wp-image-134010\" srcset=\"https:\/\/www.zoner.fi\/tuki\/wp-content\/uploads\/2024\/10\/Tapahtuman-lisaaminen-3.png 643w, https:\/\/www.zoner.fi\/tuki\/wp-content\/uploads\/2024\/10\/Tapahtuman-lisaaminen-3-300x91.png 300w\" sizes=\"auto, (max-width: 643px) 100vw, 643px\" \/><\/figure>\n\n\n\n<h2 class=\"wp-block-heading\"><strong>Palvelun tiedot<\/strong><\/h2>\n\n\n\n<p>Lis\u00e4\u00e4 tapahtumalle nimi, kuvaus, kuva ja henkil\u00f6m\u00e4\u00e4r\u00e4. N\u00e4m\u00e4 tiedot ovat pakollisia palvelun luontiin.<\/p>\n\n\n\n<figure class=\"wp-block-image size-full\"><img loading=\"lazy\" decoding=\"async\" width=\"643\" height=\"454\" src=\"https:\/\/www.zoner.fi\/tuki\/wp-content\/uploads\/2024\/10\/Tapahtuman-lisaaminen-4.png\" alt=\"\" class=\"wp-image-134011\" srcset=\"https:\/\/www.zoner.fi\/tuki\/wp-content\/uploads\/2024\/10\/Tapahtuman-lisaaminen-4.png 643w, https:\/\/www.zoner.fi\/tuki\/wp-content\/uploads\/2024\/10\/Tapahtuman-lisaaminen-4-300x212.png 300w\" sizes=\"auto, (max-width: 643px) 100vw, 643px\" \/><\/figure>\n\n\n\n<h2 class=\"wp-block-heading\"><strong>Asiakastietotiedosto<\/strong><\/h2>\n\n\n\n<p>Halutessasi voit liitt\u00e4\u00e4 varausvahvistukseen PDF-tiedoston asiakkaalle. Tiedosto tulee ladattavaksi varausvahvistusviestiin.<\/p>\n\n\n\n<figure class=\"wp-block-image size-full\"><img loading=\"lazy\" decoding=\"async\" width=\"643\" height=\"305\" src=\"https:\/\/www.zoner.fi\/tuki\/wp-content\/uploads\/2024\/10\/Tapahtuman-lisaaminen-5.png\" alt=\"\" class=\"wp-image-134012\" srcset=\"https:\/\/www.zoner.fi\/tuki\/wp-content\/uploads\/2024\/10\/Tapahtuman-lisaaminen-5.png 643w, https:\/\/www.zoner.fi\/tuki\/wp-content\/uploads\/2024\/10\/Tapahtuman-lisaaminen-5-300x142.png 300w\" sizes=\"auto, (max-width: 643px) 100vw, 643px\" \/><\/figure>\n\n\n\n<h2 class=\"wp-block-heading\"><strong>Palvelun tarjoaminen<\/strong><\/h2>\n\n\n\n<p>Tapahtumapaikan voi valita kolmesta eri tyypist\u00e4:<\/p>\n\n\n\n<ul class=\"wp-block-list\">\n<li><strong>Verkossa<\/strong>: asiakas saa m\u00e4\u00e4rittelem\u00e4si osallistumislinkin varausvahvistuksen yhteydess\u00e4.<\/li>\n\n\n\n<li><strong>Yrityksen sijainti<\/strong>: yrityksen sijainti n\u00e4ytet\u00e4\u00e4n maksutapahtuman yhteydess\u00e4 ja varausvahvistuksessa.<\/li>\n\n\n\n<li><strong>Muu<\/strong>: voit kirjoittaa oman viestin, joka n\u00e4ytet\u00e4\u00e4n maksutapahtuman yhteydess\u00e4 ja varausvahvistuksessa.<\/li>\n<\/ul>\n\n\n\n<figure class=\"wp-block-image size-full\"><img loading=\"lazy\" decoding=\"async\" width=\"643\" height=\"463\" src=\"https:\/\/www.zoner.fi\/tuki\/wp-content\/uploads\/2024\/10\/Tapahtuman-lisaaminen-6.png\" alt=\"\" class=\"wp-image-134013\" srcset=\"https:\/\/www.zoner.fi\/tuki\/wp-content\/uploads\/2024\/10\/Tapahtuman-lisaaminen-6.png 643w, https:\/\/www.zoner.fi\/tuki\/wp-content\/uploads\/2024\/10\/Tapahtuman-lisaaminen-6-300x216.png 300w\" sizes=\"auto, (max-width: 643px) 100vw, 643px\" \/><\/figure>\n\n\n\n<h2 class=\"wp-block-heading\"><strong>N\u00e4kyvyys<\/strong><\/h2>\n\n\n\n<p>Palvelu voi olla <strong>Julkinen<\/strong> tai <strong>Ei julkinen<\/strong>. <strong>Ei julkinen<\/strong> -tyyppinen palvelu ei n\u00e4y sivustollasi, mutta asiakkaat voivat ilmoittautua tapahtumaan toimittamasi linkin kautta.<\/p>\n\n\n\n<figure class=\"wp-block-image size-full\"><img loading=\"lazy\" decoding=\"async\" width=\"643\" height=\"184\" src=\"https:\/\/www.zoner.fi\/tuki\/wp-content\/uploads\/2024\/10\/Tapahtuman-lisaaminen-7.png\" alt=\"\" class=\"wp-image-134014\" srcset=\"https:\/\/www.zoner.fi\/tuki\/wp-content\/uploads\/2024\/10\/Tapahtuman-lisaaminen-7.png 643w, https:\/\/www.zoner.fi\/tuki\/wp-content\/uploads\/2024\/10\/Tapahtuman-lisaaminen-7-300x86.png 300w\" sizes=\"auto, (max-width: 643px) 100vw, 643px\" \/><\/figure>\n\n\n\n<h2 class=\"wp-block-heading\"><strong>Maksu<\/strong><\/h2>\n\n\n\n<p>Palvelun m\u00e4\u00e4rittelemiseen tarvitaan perustietojen lis\u00e4ksi my\u00f6s hintatiedot.<\/p>\n\n\n\n<p>Voit asettaa palvelun ilmaiseksi tai m\u00e4\u00e4ritell\u00e4 sille haluamasi hinnan.<\/p>\n\n\n\n<figure class=\"wp-block-image size-full\"><img loading=\"lazy\" decoding=\"async\" width=\"643\" height=\"271\" src=\"https:\/\/www.zoner.fi\/tuki\/wp-content\/uploads\/2024\/10\/Tapahtuman-lisaaminen-8.png\" alt=\"\" class=\"wp-image-134015\" srcset=\"https:\/\/www.zoner.fi\/tuki\/wp-content\/uploads\/2024\/10\/Tapahtuman-lisaaminen-8.png 643w, https:\/\/www.zoner.fi\/tuki\/wp-content\/uploads\/2024\/10\/Tapahtuman-lisaaminen-8-300x126.png 300w\" sizes=\"auto, (max-width: 643px) 100vw, 643px\" \/><\/figure>\n\n\n\n<h2 class=\"wp-block-heading\"><strong>Ajanvaraustieto<\/strong><\/h2>\n\n\n\n<p>Jos haluat sis\u00e4llytt\u00e4\u00e4 lis\u00e4tietoa varausvahvistusviestiin, voit lis\u00e4t\u00e4 sen t\u00e4h\u00e4n.<\/p>\n\n\n\n<figure class=\"wp-block-image size-full\"><img loading=\"lazy\" decoding=\"async\" width=\"643\" height=\"188\" src=\"https:\/\/www.zoner.fi\/tuki\/wp-content\/uploads\/2024\/10\/Tapahtuman-lisaaminen-9.png\" alt=\"\" class=\"wp-image-134016\" srcset=\"https:\/\/www.zoner.fi\/tuki\/wp-content\/uploads\/2024\/10\/Tapahtuman-lisaaminen-9.png 643w, https:\/\/www.zoner.fi\/tuki\/wp-content\/uploads\/2024\/10\/Tapahtuman-lisaaminen-9-300x88.png 300w\" sizes=\"auto, (max-width: 643px) 100vw, 643px\" \/><\/figure>\n\n\n\n<h2 class=\"wp-block-heading\"><strong>Tapahtuman p\u00e4iv\u00e4m\u00e4\u00e4r\u00e4t<\/strong><\/h2>\n\n\n\n<p>M\u00e4\u00e4rittele tapahtuman p\u00e4iv\u00e4m\u00e4\u00e4r\u00e4. Mik\u00e4li tapahtuma on toistuva, voit m\u00e4\u00e4ritell\u00e4 toistumisv\u00e4lin ja -m\u00e4\u00e4r\u00e4n.<\/p>\n\n\n\n<figure class=\"wp-block-image size-full\"><img loading=\"lazy\" decoding=\"async\" width=\"608\" height=\"729\" src=\"https:\/\/www.zoner.fi\/tuki\/wp-content\/uploads\/2024\/10\/Tapahtuman-lisaaminen-10.png\" alt=\"\" class=\"wp-image-134017\" srcset=\"https:\/\/www.zoner.fi\/tuki\/wp-content\/uploads\/2024\/10\/Tapahtuman-lisaaminen-10.png 608w, https:\/\/www.zoner.fi\/tuki\/wp-content\/uploads\/2024\/10\/Tapahtuman-lisaaminen-10-250x300.png 250w\" sizes=\"auto, (max-width: 608px) 100vw, 608px\" \/><\/figure>\n\n\n\n<p>HUOM! Yll\u00e4 olevassa esimerkiss\u00e4 tapahtuma toistuu jokaisen kuukauden ensimm\u00e4isen\u00e4 maanantaina seuraavan 12 kuukauden ajan.<\/p>\n\n\n\n<figure class=\"wp-block-image size-full\"><img loading=\"lazy\" decoding=\"async\" width=\"587\" height=\"389\" src=\"https:\/\/www.zoner.fi\/tuki\/wp-content\/uploads\/2024\/10\/Tapahtuman-lisaaminen-11.png\" alt=\"\" class=\"wp-image-134018\" srcset=\"https:\/\/www.zoner.fi\/tuki\/wp-content\/uploads\/2024\/10\/Tapahtuman-lisaaminen-11.png 587w, https:\/\/www.zoner.fi\/tuki\/wp-content\/uploads\/2024\/10\/Tapahtuman-lisaaminen-11-300x199.png 300w\" sizes=\"auto, (max-width: 587px) 100vw, 587px\" \/><\/figure>\n\n\n\n<h2 class=\"wp-block-heading\"><strong>Aikataulutus<\/strong><\/h2>\n\n\n\n<p>Valitse kuinka paljon aikaisemmin tapahtumaan pit\u00e4\u00e4 ilmoittautua.<\/p>\n\n\n\n<figure class=\"wp-block-image size-full\"><img loading=\"lazy\" decoding=\"async\" width=\"643\" height=\"193\" src=\"https:\/\/www.zoner.fi\/tuki\/wp-content\/uploads\/2024\/10\/Tapahtuman-lisaaminen-12.png\" alt=\"\" class=\"wp-image-134019\" srcset=\"https:\/\/www.zoner.fi\/tuki\/wp-content\/uploads\/2024\/10\/Tapahtuman-lisaaminen-12.png 643w, https:\/\/www.zoner.fi\/tuki\/wp-content\/uploads\/2024\/10\/Tapahtuman-lisaaminen-12-300x90.png 300w\" sizes=\"auto, (max-width: 643px) 100vw, 643px\" \/><\/figure>\n\n\n\n<h2 class=\"wp-block-heading\"><strong>Tallenna ja julkaise<\/strong><\/h2>\n\n\n\n<p>Uusi tapahtuma on nyt n\u00e4kyviss\u00e4 Palvelut-sivulla ja asiakkaat voivat tehd\u00e4 varauksia siihen.<\/p>\n\n\n\n<figure class=\"wp-block-image size-full\"><img loading=\"lazy\" decoding=\"async\" width=\"643\" height=\"317\" src=\"https:\/\/www.zoner.fi\/tuki\/wp-content\/uploads\/2024\/10\/Tapahtuman-lisaaminen-13-1.png\" alt=\"\" class=\"wp-image-134021\" srcset=\"https:\/\/www.zoner.fi\/tuki\/wp-content\/uploads\/2024\/10\/Tapahtuman-lisaaminen-13-1.png 643w, https:\/\/www.zoner.fi\/tuki\/wp-content\/uploads\/2024\/10\/Tapahtuman-lisaaminen-13-1-300x148.png 300w\" sizes=\"auto, (max-width: 643px) 100vw, 643px\" \/><\/figure>\n\n\n\n<p><\/p>\n","protected":false},"excerpt":{"rendered":"<p>Ajanvarauskalenterin avulla voit vastaanottaa kotisivujesi kautta varauksia j\u00e4rjest\u00e4miisi tapahtumiin. Tapahtumalle m\u00e4\u00e4ritell\u00e4\u00e4n aika ja tapahtumapaikka. Ajan ei tarvitse olla yrityksen aukioloaikojen sis\u00e4ll\u00e4. Asiakkaat voivat ilmoittautua tapahtumaan kalenterin kautta. Tapahtuman voi m\u00e4\u00e4ritell\u00e4 pidett\u00e4v\u00e4ksi fyysisess\u00e4 sijainnissa tai verkossa. Avaa ajanvaraukset P\u00e4\u00e4set Varauskalenteriin klikkaamalla vasemmassa yl\u00e4kulmassa olevaa p\u00e4\u00e4valikkoa, jonka j\u00e4lkeen valitse Ajanvaraukset. Lis\u00e4\u00e4 uusi palvelu 1. Klikkaa Palvelut 2. &#8230; <a title=\"Kotisivu Ajanvarauskalenteri: Tapahtuman lis\u00e4\u00e4minen\" class=\"read-more\" href=\"https:\/\/www.zoner.fi\/tuki\/kotisivukone\/basekit\/ajanvarauskalenteri-tapahtuman-lisaaminen\/\" aria-label=\"Lue lis\u00e4\u00e4 aiheesta Kotisivu Ajanvarauskalenteri: Tapahtuman lis\u00e4\u00e4minen\">Lue lis\u00e4\u00e4<\/a><\/p>\n","protected":false},"author":48,"featured_media":0,"parent":137592,"menu_order":0,"comment_status":"closed","ping_status":"closed","template":"","meta":{"_relevanssi_hide_post":"","_relevanssi_hide_content":"","_relevanssi_pin_for_all":"","_relevanssi_pin_keywords":"","_relevanssi_unpin_keywords":"","_relevanssi_related_keywords":"","_relevanssi_related_include_ids":"","_relevanssi_related_exclude_ids":"","_relevanssi_related_no_append":"","_relevanssi_related_not_related":"","_relevanssi_related_posts":"130273,132144,132140,130450,132244,130667","_relevanssi_noindex_reason":"","footnotes":""},"categories":[222],"tags":[224],"wf_page_folders":[],"class_list":{"0":"post-132604","1":"page","2":"type-page","3":"status-publish","5":"category-basekit","6":"tag-ajanvarauskalenteri"},"_links":{"self":[{"href":"https:\/\/www.zoner.fi\/tuki\/wp-json\/wp\/v2\/pages\/132604","targetHints":{"allow":["GET"]}}],"collection":[{"href":"https:\/\/www.zoner.fi\/tuki\/wp-json\/wp\/v2\/pages"}],"about":[{"href":"https:\/\/www.zoner.fi\/tuki\/wp-json\/wp\/v2\/types\/page"}],"author":[{"embeddable":true,"href":"https:\/\/www.zoner.fi\/tuki\/wp-json\/wp\/v2\/users\/48"}],"replies":[{"embeddable":true,"href":"https:\/\/www.zoner.fi\/tuki\/wp-json\/wp\/v2\/comments?post=132604"}],"version-history":[{"count":4,"href":"https:\/\/www.zoner.fi\/tuki\/wp-json\/wp\/v2\/pages\/132604\/revisions"}],"predecessor-version":[{"id":137637,"href":"https:\/\/www.zoner.fi\/tuki\/wp-json\/wp\/v2\/pages\/132604\/revisions\/137637"}],"up":[{"embeddable":true,"href":"https:\/\/www.zoner.fi\/tuki\/wp-json\/wp\/v2\/pages\/137592"}],"wp:attachment":[{"href":"https:\/\/www.zoner.fi\/tuki\/wp-json\/wp\/v2\/media?parent=132604"}],"wp:term":[{"taxonomy":"category","embeddable":true,"href":"https:\/\/www.zoner.fi\/tuki\/wp-json\/wp\/v2\/categories?post=132604"},{"taxonomy":"post_tag","embeddable":true,"href":"https:\/\/www.zoner.fi\/tuki\/wp-json\/wp\/v2\/tags?post=132604"},{"taxonomy":"wf_page_folders","embeddable":true,"href":"https:\/\/www.zoner.fi\/tuki\/wp-json\/wp\/v2\/wf_page_folders?post=132604"}],"curies":[{"name":"wp","href":"https:\/\/api.w.org\/{rel}","templated":true}]}}