{"id":132608,"date":"2024-10-07T10:30:37","date_gmt":"2024-10-07T07:30:37","guid":{"rendered":"https:\/\/www.zoner.fi\/tuki\/?page_id=132608"},"modified":"2025-09-25T17:54:50","modified_gmt":"2025-09-25T14:54:50","slug":"katalogin-lisaaminen-sivulle","status":"publish","type":"page","link":"https:\/\/www.zoner.fi\/tuki\/kotisivukone\/basekit\/katalogin-lisaaminen-sivulle\/","title":{"rendered":"Kotisivu: Katalogin lis\u00e4\u00e4minen sivulle"},"content":{"rendered":"\n<p>1. Paina&nbsp;aluksi&nbsp;<strong>Lis\u00e4\u00e4 Sis\u00e4lt\u00f6\u00e4<\/strong>&nbsp;-painiketta.<\/p>\n\n\n\n<figure class=\"wp-block-image size-full\"><img loading=\"lazy\" decoding=\"async\" width=\"1024\" height=\"327\" src=\"https:\/\/www.zoner.fi\/tuki\/wp-content\/uploads\/2024\/10\/Katalogin-lisaaminen-sivulle-1.png\" alt=\"\" class=\"wp-image-133944\" srcset=\"https:\/\/www.zoner.fi\/tuki\/wp-content\/uploads\/2024\/10\/Katalogin-lisaaminen-sivulle-1.png 1024w, https:\/\/www.zoner.fi\/tuki\/wp-content\/uploads\/2024\/10\/Katalogin-lisaaminen-sivulle-1-300x96.png 300w, https:\/\/www.zoner.fi\/tuki\/wp-content\/uploads\/2024\/10\/Katalogin-lisaaminen-sivulle-1-768x245.png 768w\" sizes=\"auto, (max-width: 1024px) 100vw, 1024px\" \/><\/figure>\n\n\n\n<p>2. Lis\u00e4\u00e4 osio painamalla&nbsp;<strong>\u201dLis\u00e4\u00e4 osio\u201d<\/strong>.<\/p>\n\n\n\n<figure class=\"wp-block-image size-full\"><img loading=\"lazy\" decoding=\"async\" width=\"1024\" height=\"325\" src=\"https:\/\/www.zoner.fi\/tuki\/wp-content\/uploads\/2024\/10\/Katalogin-lisaaminen-sivulle-2.png\" alt=\"\" class=\"wp-image-133945\" srcset=\"https:\/\/www.zoner.fi\/tuki\/wp-content\/uploads\/2024\/10\/Katalogin-lisaaminen-sivulle-2.png 1024w, https:\/\/www.zoner.fi\/tuki\/wp-content\/uploads\/2024\/10\/Katalogin-lisaaminen-sivulle-2-300x95.png 300w, https:\/\/www.zoner.fi\/tuki\/wp-content\/uploads\/2024\/10\/Katalogin-lisaaminen-sivulle-2-768x244.png 768w\" sizes=\"auto, (max-width: 1024px) 100vw, 1024px\" \/><\/figure>\n\n\n\n<p>3. Valitse kohta, johon haluat lis\u00e4t\u00e4 tuotelistauksen, ja valitse&nbsp;<strong>\u201cFood menu\u201d<\/strong>. Valitse valikosta haluamasi asettelu listaukselle.<\/p>\n\n\n\n<figure class=\"wp-block-image size-full\"><img loading=\"lazy\" decoding=\"async\" width=\"1024\" height=\"425\" src=\"https:\/\/www.zoner.fi\/tuki\/wp-content\/uploads\/2024\/10\/Katalogin-lisaaminen-sivulle-3.png\" alt=\"\" class=\"wp-image-133946\" srcset=\"https:\/\/www.zoner.fi\/tuki\/wp-content\/uploads\/2024\/10\/Katalogin-lisaaminen-sivulle-3.png 1024w, https:\/\/www.zoner.fi\/tuki\/wp-content\/uploads\/2024\/10\/Katalogin-lisaaminen-sivulle-3-300x125.png 300w, https:\/\/www.zoner.fi\/tuki\/wp-content\/uploads\/2024\/10\/Katalogin-lisaaminen-sivulle-3-768x319.png 768w\" sizes=\"auto, (max-width: 1024px) 100vw, 1024px\" \/><\/figure>\n\n\n\n<figure class=\"wp-block-image size-full\"><img loading=\"lazy\" decoding=\"async\" width=\"1024\" height=\"446\" src=\"https:\/\/www.zoner.fi\/tuki\/wp-content\/uploads\/2024\/10\/Katalogin-lisaaminen-sivulle-4.png\" alt=\"\" class=\"wp-image-133947\" srcset=\"https:\/\/www.zoner.fi\/tuki\/wp-content\/uploads\/2024\/10\/Katalogin-lisaaminen-sivulle-4.png 1024w, https:\/\/www.zoner.fi\/tuki\/wp-content\/uploads\/2024\/10\/Katalogin-lisaaminen-sivulle-4-300x131.png 300w, https:\/\/www.zoner.fi\/tuki\/wp-content\/uploads\/2024\/10\/Katalogin-lisaaminen-sivulle-4-768x335.png 768w\" sizes=\"auto, (max-width: 1024px) 100vw, 1024px\" \/><\/figure>\n\n\n\n<p><em>Valitse Food menu<\/em><\/p>\n\n\n\n<p>4. Voit nyt muokata kuvia ja tekstej\u00e4 klikkaamalla niiden kohdalta.<\/p>\n\n\n\n<figure class=\"wp-block-image size-full\"><img loading=\"lazy\" decoding=\"async\" width=\"1024\" height=\"351\" src=\"https:\/\/www.zoner.fi\/tuki\/wp-content\/uploads\/2024\/10\/Katalogin-lisaaminen-sivulle-5.png\" alt=\"\" class=\"wp-image-133948\" srcset=\"https:\/\/www.zoner.fi\/tuki\/wp-content\/uploads\/2024\/10\/Katalogin-lisaaminen-sivulle-5.png 1024w, https:\/\/www.zoner.fi\/tuki\/wp-content\/uploads\/2024\/10\/Katalogin-lisaaminen-sivulle-5-300x103.png 300w, https:\/\/www.zoner.fi\/tuki\/wp-content\/uploads\/2024\/10\/Katalogin-lisaaminen-sivulle-5-768x263.png 768w\" sizes=\"auto, (max-width: 1024px) 100vw, 1024px\" \/><\/figure>\n\n\n\n<p><em>Muokkaa teksti\u00e4<\/em><\/p>\n","protected":false},"excerpt":{"rendered":"<p>1. Paina&nbsp;aluksi&nbsp;Lis\u00e4\u00e4 Sis\u00e4lt\u00f6\u00e4&nbsp;-painiketta. 2. Lis\u00e4\u00e4 osio painamalla&nbsp;\u201dLis\u00e4\u00e4 osio\u201d. 3. Valitse kohta, johon haluat lis\u00e4t\u00e4 tuotelistauksen, ja valitse&nbsp;\u201cFood menu\u201d. Valitse valikosta haluamasi asettelu listaukselle. Valitse Food menu 4. Voit nyt muokata kuvia ja tekstej\u00e4 klikkaamalla niiden kohdalta. Muokkaa teksti\u00e4<\/p>\n","protected":false},"author":48,"featured_media":0,"parent":137592,"menu_order":0,"comment_status":"closed","ping_status":"closed","template":"","meta":{"_relevanssi_hide_post":"","_relevanssi_hide_content":"","_relevanssi_pin_for_all":"","_relevanssi_pin_keywords":"","_relevanssi_unpin_keywords":"","_relevanssi_related_keywords":"","_relevanssi_related_include_ids":"","_relevanssi_related_exclude_ids":"","_relevanssi_related_no_append":"","_relevanssi_related_not_related":"","_relevanssi_related_posts":"132336,132348,132393,131550,131888,130424","_relevanssi_noindex_reason":"","footnotes":""},"categories":[222],"tags":[158],"wf_page_folders":[],"class_list":{"0":"post-132608","1":"page","2":"type-page","3":"status-publish","5":"category-basekit","6":"tag-yleiset"},"_links":{"self":[{"href":"https:\/\/www.zoner.fi\/tuki\/wp-json\/wp\/v2\/pages\/132608","targetHints":{"allow":["GET"]}}],"collection":[{"href":"https:\/\/www.zoner.fi\/tuki\/wp-json\/wp\/v2\/pages"}],"about":[{"href":"https:\/\/www.zoner.fi\/tuki\/wp-json\/wp\/v2\/types\/page"}],"author":[{"embeddable":true,"href":"https:\/\/www.zoner.fi\/tuki\/wp-json\/wp\/v2\/users\/48"}],"replies":[{"embeddable":true,"href":"https:\/\/www.zoner.fi\/tuki\/wp-json\/wp\/v2\/comments?post=132608"}],"version-history":[{"count":5,"href":"https:\/\/www.zoner.fi\/tuki\/wp-json\/wp\/v2\/pages\/132608\/revisions"}],"predecessor-version":[{"id":137631,"href":"https:\/\/www.zoner.fi\/tuki\/wp-json\/wp\/v2\/pages\/132608\/revisions\/137631"}],"up":[{"embeddable":true,"href":"https:\/\/www.zoner.fi\/tuki\/wp-json\/wp\/v2\/pages\/137592"}],"wp:attachment":[{"href":"https:\/\/www.zoner.fi\/tuki\/wp-json\/wp\/v2\/media?parent=132608"}],"wp:term":[{"taxonomy":"category","embeddable":true,"href":"https:\/\/www.zoner.fi\/tuki\/wp-json\/wp\/v2\/categories?post=132608"},{"taxonomy":"post_tag","embeddable":true,"href":"https:\/\/www.zoner.fi\/tuki\/wp-json\/wp\/v2\/tags?post=132608"},{"taxonomy":"wf_page_folders","embeddable":true,"href":"https:\/\/www.zoner.fi\/tuki\/wp-json\/wp\/v2\/wf_page_folders?post=132608"}],"curies":[{"name":"wp","href":"https:\/\/api.w.org\/{rel}","templated":true}]}}