{"id":132610,"date":"2024-10-07T10:43:50","date_gmt":"2024-10-07T07:43:50","guid":{"rendered":"https:\/\/www.zoner.fi\/tuki\/?page_id=132610"},"modified":"2025-09-25T17:55:38","modified_gmt":"2025-09-25T14:55:38","slug":"kieliversion-luominen","status":"publish","type":"page","link":"https:\/\/www.zoner.fi\/tuki\/kotisivukone\/basekit\/kieliversion-luominen\/","title":{"rendered":"Kotisivu: Kieliversion luominen"},"content":{"rendered":"\n<p>Verkkosivut on hyv\u00e4 tehd\u00e4 ensin yhdell\u00e4 kielell\u00e4, jonka j\u00e4lkeen sivustosta voi luoda eri kieliversioita. T\u00e4ll\u00f6in kaikki sis\u00e4lt\u00f6 saadaan suoraan kopioitua uuteen kieliversioon, eik\u00e4 sen osalta tarvitse tehd\u00e4 muuta kuin tekstien k\u00e4\u00e4nn\u00f6kset\u200b\u200b\u200b\u200b\u200b\u200b\u200b.<\/p>\n\n\n\n<p><strong>KIELEN LIS\u00c4\u00c4MINEN<\/strong><\/p>\n\n\n\n<p>1. Avaa&nbsp;<strong>Etusivu<\/strong> (aiemmin <strong>Koti<\/strong>)&nbsp;-valikko.<\/p>\n\n\n\n<figure class=\"wp-block-image size-full\"><img loading=\"lazy\" decoding=\"async\" width=\"1024\" height=\"265\" src=\"https:\/\/www.zoner.fi\/tuki\/wp-content\/uploads\/2024\/10\/kieliversio1-1024x265-1.png\" alt=\"\" class=\"wp-image-133746\" srcset=\"https:\/\/www.zoner.fi\/tuki\/wp-content\/uploads\/2024\/10\/kieliversio1-1024x265-1.png 1024w, https:\/\/www.zoner.fi\/tuki\/wp-content\/uploads\/2024\/10\/kieliversio1-1024x265-1-300x78.png 300w, https:\/\/www.zoner.fi\/tuki\/wp-content\/uploads\/2024\/10\/kieliversio1-1024x265-1-768x199.png 768w\" sizes=\"auto, (max-width: 1024px) 100vw, 1024px\" \/><\/figure>\n\n\n\n<p>2. Klikkaa&nbsp;<strong>Kieli-<\/strong>painiketta.<\/p>\n\n\n\n<figure class=\"wp-block-image size-full\"><img loading=\"lazy\" decoding=\"async\" width=\"1024\" height=\"268\" src=\"https:\/\/www.zoner.fi\/tuki\/wp-content\/uploads\/2024\/10\/kieliversio2-1024x268-1.png\" alt=\"\" class=\"wp-image-133747\" srcset=\"https:\/\/www.zoner.fi\/tuki\/wp-content\/uploads\/2024\/10\/kieliversio2-1024x268-1.png 1024w, https:\/\/www.zoner.fi\/tuki\/wp-content\/uploads\/2024\/10\/kieliversio2-1024x268-1-300x79.png 300w, https:\/\/www.zoner.fi\/tuki\/wp-content\/uploads\/2024\/10\/kieliversio2-1024x268-1-768x201.png 768w\" sizes=\"auto, (max-width: 1024px) 100vw, 1024px\" \/><\/figure>\n\n\n\n<p>3. Ensimm\u00e4isell\u00e4 kerralla tulee valita sivuston oletuskieli.&nbsp;Valittu oletuskieli&nbsp;n\u00e4kyy sivustoilla oletuksena kun vierailija saapuu sivustolle.&nbsp;<strong>Oletuskielt\u00e4 ei voi vaihtaa my\u00f6hemmin, joten tee valinta huolellisesti ja paina Seuraava.<\/strong><\/p>\n\n\n\n<figure class=\"wp-block-image size-full\"><img loading=\"lazy\" decoding=\"async\" width=\"1024\" height=\"281\" src=\"https:\/\/www.zoner.fi\/tuki\/wp-content\/uploads\/2024\/10\/kieliversio3-1024x281-1.png\" alt=\"\" class=\"wp-image-133748\" srcset=\"https:\/\/www.zoner.fi\/tuki\/wp-content\/uploads\/2024\/10\/kieliversio3-1024x281-1.png 1024w, https:\/\/www.zoner.fi\/tuki\/wp-content\/uploads\/2024\/10\/kieliversio3-1024x281-1-300x82.png 300w, https:\/\/www.zoner.fi\/tuki\/wp-content\/uploads\/2024\/10\/kieliversio3-1024x281-1-768x211.png 768w\" sizes=\"auto, (max-width: 1024px) 100vw, 1024px\" \/><\/figure>\n\n\n\n<p>4. Valitse kieli, josta haluat luoda kieliversion ja paina <strong>Seuraava<\/strong>.<\/p>\n\n\n\n<figure class=\"wp-block-image size-full\"><img loading=\"lazy\" decoding=\"async\" width=\"1024\" height=\"321\" src=\"https:\/\/www.zoner.fi\/tuki\/wp-content\/uploads\/2024\/10\/kieliversio4-1024x321-1.png\" alt=\"\" class=\"wp-image-133749\" srcset=\"https:\/\/www.zoner.fi\/tuki\/wp-content\/uploads\/2024\/10\/kieliversio4-1024x321-1.png 1024w, https:\/\/www.zoner.fi\/tuki\/wp-content\/uploads\/2024\/10\/kieliversio4-1024x321-1-300x94.png 300w, https:\/\/www.zoner.fi\/tuki\/wp-content\/uploads\/2024\/10\/kieliversio4-1024x321-1-768x241.png 768w\" sizes=\"auto, (max-width: 1024px) 100vw, 1024px\" \/><\/figure>\n\n\n\n<p>5. Aseta valintaruudut niiden sivujen eteen, jotka haluat sis\u00e4llytt\u00e4\u00e4 uuteen kieliversioon. Voit my\u00f6s valita kaikki sivut \u201dKlooni\u201d pudotusvalikosta. Valintojen j\u00e4lkeen paina <strong>Seuraava<\/strong>.<\/p>\n\n\n\n<figure class=\"wp-block-image size-full\"><img loading=\"lazy\" decoding=\"async\" width=\"1024\" height=\"241\" src=\"https:\/\/www.zoner.fi\/tuki\/wp-content\/uploads\/2024\/10\/kieliversio5-1024x241-1.png\" alt=\"\" class=\"wp-image-133750\" srcset=\"https:\/\/www.zoner.fi\/tuki\/wp-content\/uploads\/2024\/10\/kieliversio5-1024x241-1.png 1024w, https:\/\/www.zoner.fi\/tuki\/wp-content\/uploads\/2024\/10\/kieliversio5-1024x241-1-300x71.png 300w, https:\/\/www.zoner.fi\/tuki\/wp-content\/uploads\/2024\/10\/kieliversio5-1024x241-1-768x181.png 768w\" sizes=\"auto, (max-width: 1024px) 100vw, 1024px\" \/><\/figure>\n\n\n\n<p>6. K\u00e4\u00e4nn\u00e4 sivujen otsikot uudelle kielelle ja paina <strong>Seuraava<\/strong>.<\/p>\n\n\n\n<figure class=\"wp-block-image size-full\"><img loading=\"lazy\" decoding=\"async\" width=\"1024\" height=\"246\" src=\"https:\/\/www.zoner.fi\/tuki\/wp-content\/uploads\/2024\/10\/kieliversio6-1024x246-1.png\" alt=\"\" class=\"wp-image-133751\" srcset=\"https:\/\/www.zoner.fi\/tuki\/wp-content\/uploads\/2024\/10\/kieliversio6-1024x246-1.png 1024w, https:\/\/www.zoner.fi\/tuki\/wp-content\/uploads\/2024\/10\/kieliversio6-1024x246-1-300x72.png 300w, https:\/\/www.zoner.fi\/tuki\/wp-content\/uploads\/2024\/10\/kieliversio6-1024x246-1-768x185.png 768w\" sizes=\"auto, (max-width: 1024px) 100vw, 1024px\" \/><\/figure>\n\n\n\n<p>7. Klikkaa&nbsp;<strong>Valmis.<\/strong><\/p>\n\n\n\n<figure class=\"wp-block-image size-full\"><img loading=\"lazy\" decoding=\"async\" width=\"1024\" height=\"385\" src=\"https:\/\/www.zoner.fi\/tuki\/wp-content\/uploads\/2024\/10\/kieliversio7-1024x385-1.png\" alt=\"\" class=\"wp-image-133752\" srcset=\"https:\/\/www.zoner.fi\/tuki\/wp-content\/uploads\/2024\/10\/kieliversio7-1024x385-1.png 1024w, https:\/\/www.zoner.fi\/tuki\/wp-content\/uploads\/2024\/10\/kieliversio7-1024x385-1-300x113.png 300w, https:\/\/www.zoner.fi\/tuki\/wp-content\/uploads\/2024\/10\/kieliversio7-1024x385-1-768x289.png 768w\" sizes=\"auto, (max-width: 1024px) 100vw, 1024px\" \/><\/figure>\n\n\n\n<div style=\"height:25px\" aria-hidden=\"true\" class=\"wp-block-spacer\"><\/div>\n\n\n\n<p><strong>KIELIVERSIOIDEN V\u00c4LILL\u00c4 VAIHTAMINEN<\/strong><\/p>\n\n\n\n<p>Kun olet lis\u00e4nnyt uuden kielen, voit siirty\u00e4 muokkaamaan ja esikatselemaan sit\u00e4&nbsp;<strong>Koti<\/strong>-valikosta. Kieliversioiden v\u00e4lill\u00e4 vaihtaminen mahdollistaa tiettyjen verkkosivujen kieliversioiden muokkaamisen.<\/p>\n\n\n\n<figure class=\"wp-block-image size-full\"><img loading=\"lazy\" decoding=\"async\" width=\"1024\" height=\"249\" src=\"https:\/\/www.zoner.fi\/tuki\/wp-content\/uploads\/2024\/10\/kieliversio8-1024x249-1.png\" alt=\"\" class=\"wp-image-133753\" srcset=\"https:\/\/www.zoner.fi\/tuki\/wp-content\/uploads\/2024\/10\/kieliversio8-1024x249-1.png 1024w, https:\/\/www.zoner.fi\/tuki\/wp-content\/uploads\/2024\/10\/kieliversio8-1024x249-1-300x73.png 300w, https:\/\/www.zoner.fi\/tuki\/wp-content\/uploads\/2024\/10\/kieliversio8-1024x249-1-768x187.png 768w\" sizes=\"auto, (max-width: 1024px) 100vw, 1024px\" \/><\/figure>\n\n\n\n<div style=\"height:25px\" aria-hidden=\"true\" class=\"wp-block-spacer\"><\/div>\n\n\n\n<p><strong>KIELIVERSION ASETTAMINEN OFFLINE-TILAAN JA SEN POISTAMINEN<\/strong><\/p>\n\n\n\n<p>Haluat ehk\u00e4 piilottaa jonkin kieliversion kunnes sen k\u00e4\u00e4nn\u00f6s on valmis. Kielen asettaminen Offline-tilaan s\u00e4ilytt\u00e4\u00e4 sis\u00e4ll\u00f6n ja sit\u00e4 voi muokata, mutta se ei n\u00e4y en\u00e4\u00e4 sivuston vierailijoille.<\/p>\n\n\n\n<p>Sen sijaan kieliversion&nbsp;poistaminen poistaa kieliversion sivut ja kaiken sis\u00e4ll\u00f6n.&nbsp;T\u00e4t\u00e4 toimenpidett\u00e4 ei voi peruuttaa.<\/p>\n\n\n\n<div style=\"height:25px\" aria-hidden=\"true\" class=\"wp-block-spacer\"><\/div>\n\n\n\n<p><strong>KIELIVERSION N\u00c4KYVYYDEN MUUTTAMINEN<\/strong><\/p>\n\n\n\n<p>1. Klikkaa&nbsp;<strong>Kieli-<\/strong>pudotusvalikkoa&nbsp;<strong>koti<\/strong>&nbsp;-valikossa.<\/p>\n\n\n\n<p>2. Klikkaa&nbsp;<strong>Hallinnoi kieli\u00e4.<\/strong><\/p>\n\n\n\n<figure class=\"wp-block-image size-full\"><img loading=\"lazy\" decoding=\"async\" width=\"1024\" height=\"272\" src=\"https:\/\/www.zoner.fi\/tuki\/wp-content\/uploads\/2024\/10\/kieliversio9-1024x272-1.png\" alt=\"\" class=\"wp-image-133756\" srcset=\"https:\/\/www.zoner.fi\/tuki\/wp-content\/uploads\/2024\/10\/kieliversio9-1024x272-1.png 1024w, https:\/\/www.zoner.fi\/tuki\/wp-content\/uploads\/2024\/10\/kieliversio9-1024x272-1-300x80.png 300w, https:\/\/www.zoner.fi\/tuki\/wp-content\/uploads\/2024\/10\/kieliversio9-1024x272-1-768x204.png 768w\" sizes=\"auto, (max-width: 1024px) 100vw, 1024px\" \/><\/figure>\n\n\n\n<p>3. Offline\/Online tilan pudotusvalikko aukeaa 3-pisteen painikkeella.<\/p>\n\n\n\n<figure class=\"wp-block-image size-full\"><img loading=\"lazy\" decoding=\"async\" width=\"1024\" height=\"250\" src=\"https:\/\/www.zoner.fi\/tuki\/wp-content\/uploads\/2024\/10\/kieliversio10-1024x250-1.png\" alt=\"\" class=\"wp-image-133757\" srcset=\"https:\/\/www.zoner.fi\/tuki\/wp-content\/uploads\/2024\/10\/kieliversio10-1024x250-1.png 1024w, https:\/\/www.zoner.fi\/tuki\/wp-content\/uploads\/2024\/10\/kieliversio10-1024x250-1-300x73.png 300w, https:\/\/www.zoner.fi\/tuki\/wp-content\/uploads\/2024\/10\/kieliversio10-1024x250-1-768x188.png 768w\" sizes=\"auto, (max-width: 1024px) 100vw, 1024px\" \/><\/figure>\n\n\n\n<div style=\"height:25px\" aria-hidden=\"true\" class=\"wp-block-spacer\"><\/div>\n\n\n\n<p><strong>KIELIVERSION POISTAMINEN<\/strong><\/p>\n\n\n\n<p>1. Klikkaa&nbsp;<strong>Kieli-<\/strong>pudotusvalikkoa&nbsp;<strong>koti<\/strong>&nbsp;-valikossa.<\/p>\n\n\n\n<p>2. Klikkaa&nbsp;<strong>Hallinnoi kieli\u00e4.<\/strong><\/p>\n\n\n\n<figure class=\"wp-block-image size-full\"><img loading=\"lazy\" decoding=\"async\" width=\"1024\" height=\"272\" src=\"https:\/\/www.zoner.fi\/tuki\/wp-content\/uploads\/2024\/10\/kieliversio9-2-1024x272-1.png\" alt=\"\" class=\"wp-image-133758\" srcset=\"https:\/\/www.zoner.fi\/tuki\/wp-content\/uploads\/2024\/10\/kieliversio9-2-1024x272-1.png 1024w, https:\/\/www.zoner.fi\/tuki\/wp-content\/uploads\/2024\/10\/kieliversio9-2-1024x272-1-300x80.png 300w, https:\/\/www.zoner.fi\/tuki\/wp-content\/uploads\/2024\/10\/kieliversio9-2-1024x272-1-768x204.png 768w\" sizes=\"auto, (max-width: 1024px) 100vw, 1024px\" \/><\/figure>\n\n\n\n<p>3. Klikkaa <strong>Roskakori<\/strong> painiketta.<\/p>\n\n\n\n<figure class=\"wp-block-image size-full\"><img loading=\"lazy\" decoding=\"async\" width=\"1024\" height=\"254\" src=\"https:\/\/www.zoner.fi\/tuki\/wp-content\/uploads\/2024\/10\/kieliversio11-1024x254-1.png\" alt=\"\" class=\"wp-image-133760\" srcset=\"https:\/\/www.zoner.fi\/tuki\/wp-content\/uploads\/2024\/10\/kieliversio11-1024x254-1.png 1024w, https:\/\/www.zoner.fi\/tuki\/wp-content\/uploads\/2024\/10\/kieliversio11-1024x254-1-300x74.png 300w, https:\/\/www.zoner.fi\/tuki\/wp-content\/uploads\/2024\/10\/kieliversio11-1024x254-1-768x191.png 768w\" sizes=\"auto, (max-width: 1024px) 100vw, 1024px\" \/><\/figure>\n\n\n\n<p>4. Vahvista poistaminen. <strong>T\u00e4t\u00e4 toimenpidett\u00e4 ei voi peruuttaa.<\/strong><\/p>\n\n\n\n<figure class=\"wp-block-image size-full\"><img loading=\"lazy\" decoding=\"async\" width=\"1024\" height=\"353\" src=\"https:\/\/www.zoner.fi\/tuki\/wp-content\/uploads\/2024\/10\/kieliversio12-1024x353-1.png\" alt=\"\" class=\"wp-image-133762\" srcset=\"https:\/\/www.zoner.fi\/tuki\/wp-content\/uploads\/2024\/10\/kieliversio12-1024x353-1.png 1024w, https:\/\/www.zoner.fi\/tuki\/wp-content\/uploads\/2024\/10\/kieliversio12-1024x353-1-300x103.png 300w, https:\/\/www.zoner.fi\/tuki\/wp-content\/uploads\/2024\/10\/kieliversio12-1024x353-1-768x265.png 768w\" sizes=\"auto, (max-width: 1024px) 100vw, 1024px\" \/><\/figure>\n","protected":false},"excerpt":{"rendered":"<p>Verkkosivut on hyv\u00e4 tehd\u00e4 ensin yhdell\u00e4 kielell\u00e4, jonka j\u00e4lkeen sivustosta voi luoda eri kieliversioita. T\u00e4ll\u00f6in kaikki sis\u00e4lt\u00f6 saadaan suoraan kopioitua uuteen kieliversioon, eik\u00e4 sen osalta tarvitse tehd\u00e4 muuta kuin tekstien k\u00e4\u00e4nn\u00f6kset\u200b\u200b\u200b\u200b\u200b\u200b\u200b. KIELEN LIS\u00c4\u00c4MINEN 1. Avaa&nbsp;Etusivu (aiemmin Koti)&nbsp;-valikko. 2. Klikkaa&nbsp;Kieli-painiketta. 3. Ensimm\u00e4isell\u00e4 kerralla tulee valita sivuston oletuskieli.&nbsp;Valittu oletuskieli&nbsp;n\u00e4kyy sivustoilla oletuksena kun vierailija saapuu sivustolle.&nbsp;Oletuskielt\u00e4 ei voi &#8230; <a title=\"Kotisivu: Kieliversion luominen\" class=\"read-more\" href=\"https:\/\/www.zoner.fi\/tuki\/kotisivukone\/basekit\/kieliversion-luominen\/\" aria-label=\"Lue lis\u00e4\u00e4 aiheesta Kotisivu: Kieliversion luominen\">Lue lis\u00e4\u00e4<\/a><\/p>\n","protected":false},"author":48,"featured_media":0,"parent":137592,"menu_order":0,"comment_status":"closed","ping_status":"closed","template":"","meta":{"_relevanssi_hide_post":"","_relevanssi_hide_content":"","_relevanssi_pin_for_all":"","_relevanssi_pin_keywords":"","_relevanssi_unpin_keywords":"","_relevanssi_related_keywords":"","_relevanssi_related_include_ids":"","_relevanssi_related_exclude_ids":"","_relevanssi_related_no_append":"","_relevanssi_related_not_related":"","_relevanssi_related_posts":"131384,132244,130578,132080,130526,130813","_relevanssi_noindex_reason":"","footnotes":""},"categories":[222],"tags":[158],"wf_page_folders":[],"class_list":{"0":"post-132610","1":"page","2":"type-page","3":"status-publish","5":"category-basekit","6":"tag-yleiset"},"_links":{"self":[{"href":"https:\/\/www.zoner.fi\/tuki\/wp-json\/wp\/v2\/pages\/132610","targetHints":{"allow":["GET"]}}],"collection":[{"href":"https:\/\/www.zoner.fi\/tuki\/wp-json\/wp\/v2\/pages"}],"about":[{"href":"https:\/\/www.zoner.fi\/tuki\/wp-json\/wp\/v2\/types\/page"}],"author":[{"embeddable":true,"href":"https:\/\/www.zoner.fi\/tuki\/wp-json\/wp\/v2\/users\/48"}],"replies":[{"embeddable":true,"href":"https:\/\/www.zoner.fi\/tuki\/wp-json\/wp\/v2\/comments?post=132610"}],"version-history":[{"count":4,"href":"https:\/\/www.zoner.fi\/tuki\/wp-json\/wp\/v2\/pages\/132610\/revisions"}],"predecessor-version":[{"id":137628,"href":"https:\/\/www.zoner.fi\/tuki\/wp-json\/wp\/v2\/pages\/132610\/revisions\/137628"}],"up":[{"embeddable":true,"href":"https:\/\/www.zoner.fi\/tuki\/wp-json\/wp\/v2\/pages\/137592"}],"wp:attachment":[{"href":"https:\/\/www.zoner.fi\/tuki\/wp-json\/wp\/v2\/media?parent=132610"}],"wp:term":[{"taxonomy":"category","embeddable":true,"href":"https:\/\/www.zoner.fi\/tuki\/wp-json\/wp\/v2\/categories?post=132610"},{"taxonomy":"post_tag","embeddable":true,"href":"https:\/\/www.zoner.fi\/tuki\/wp-json\/wp\/v2\/tags?post=132610"},{"taxonomy":"wf_page_folders","embeddable":true,"href":"https:\/\/www.zoner.fi\/tuki\/wp-json\/wp\/v2\/wf_page_folders?post=132610"}],"curies":[{"name":"wp","href":"https:\/\/api.w.org\/{rel}","templated":true}]}}