{"id":132612,"date":"2024-10-07T10:53:54","date_gmt":"2024-10-07T07:53:54","guid":{"rendered":"https:\/\/www.zoner.fi\/tuki\/?page_id=132612"},"modified":"2025-09-25T17:57:44","modified_gmt":"2025-09-25T14:57:44","slug":"microsoft-bookings-linkitys","status":"publish","type":"page","link":"https:\/\/www.zoner.fi\/tuki\/kotisivukone\/basekit\/microsoft-bookings-linkitys\/","title":{"rendered":"Kotisivu: Microsoft Bookings linkitys"},"content":{"rendered":"\n<p>T\u00e4m\u00e4n ohjeen avulla saat linkitetty\u00e4 Microsoft Bookings &#8211; ajanvarauskalenterin sivustollesi.<\/p>\n\n\n\n<p><a href=\"#vaihtoehto1\">Vaihtoehto 1: Painike sivustovalikkoon.<\/a><\/p>\n\n\n\n<p><a href=\"#vaihtoehto2\">Vaihtoehto 2: Painike haluamaasi kohtaan sivustoa.<\/a><\/p>\n\n\n\n<hr class=\"wp-block-separator has-css-opacity is-style-wide\"\/>\n\n\n\n<p><strong>Painike sivustovalikkoon<\/strong><\/p>\n\n\n\n<ol class=\"wp-block-list\">\n<li>Luo uusi sivu nimell\u00e4 \u201dAjanvaraus\u201d<\/li>\n<\/ol>\n\n\n\n<figure class=\"wp-block-image size-full\"><img loading=\"lazy\" decoding=\"async\" width=\"1004\" height=\"322\" src=\"https:\/\/www.zoner.fi\/tuki\/wp-content\/uploads\/2024\/10\/bookings1.png\" alt=\"\" class=\"wp-image-133666\" srcset=\"https:\/\/www.zoner.fi\/tuki\/wp-content\/uploads\/2024\/10\/bookings1.png 1004w, https:\/\/www.zoner.fi\/tuki\/wp-content\/uploads\/2024\/10\/bookings1-300x96.png 300w, https:\/\/www.zoner.fi\/tuki\/wp-content\/uploads\/2024\/10\/bookings1-768x246.png 768w\" sizes=\"auto, (max-width: 1004px) 100vw, 1004px\" \/><\/figure>\n\n\n\n<figure class=\"wp-block-image size-full\"><img loading=\"lazy\" decoding=\"async\" width=\"1004\" height=\"312\" src=\"https:\/\/www.zoner.fi\/tuki\/wp-content\/uploads\/2024\/10\/bookings2.png\" alt=\"\" class=\"wp-image-133667\" srcset=\"https:\/\/www.zoner.fi\/tuki\/wp-content\/uploads\/2024\/10\/bookings2.png 1004w, https:\/\/www.zoner.fi\/tuki\/wp-content\/uploads\/2024\/10\/bookings2-300x93.png 300w, https:\/\/www.zoner.fi\/tuki\/wp-content\/uploads\/2024\/10\/bookings2-768x239.png 768w\" sizes=\"auto, (max-width: 1004px) 100vw, 1004px\" \/><\/figure>\n\n\n\n<p>2. Muokkaa Ajanvaraus-sivun komentosarjoja<\/p>\n\n\n\n<figure class=\"wp-block-image size-full\"><img loading=\"lazy\" decoding=\"async\" width=\"1004\" height=\"246\" src=\"https:\/\/www.zoner.fi\/tuki\/wp-content\/uploads\/2024\/10\/bookings3.png\" alt=\"\" class=\"wp-image-133669\" srcset=\"https:\/\/www.zoner.fi\/tuki\/wp-content\/uploads\/2024\/10\/bookings3.png 1004w, https:\/\/www.zoner.fi\/tuki\/wp-content\/uploads\/2024\/10\/bookings3-300x74.png 300w, https:\/\/www.zoner.fi\/tuki\/wp-content\/uploads\/2024\/10\/bookings3-768x188.png 768w\" sizes=\"auto, (max-width: 1004px) 100vw, 1004px\" \/><\/figure>\n\n\n\n<figure class=\"wp-block-image size-full\"><img loading=\"lazy\" decoding=\"async\" width=\"1004\" height=\"217\" src=\"https:\/\/www.zoner.fi\/tuki\/wp-content\/uploads\/2024\/10\/bookings4.png\" alt=\"\" class=\"wp-image-133671\" srcset=\"https:\/\/www.zoner.fi\/tuki\/wp-content\/uploads\/2024\/10\/bookings4.png 1004w, https:\/\/www.zoner.fi\/tuki\/wp-content\/uploads\/2024\/10\/bookings4-300x65.png 300w, https:\/\/www.zoner.fi\/tuki\/wp-content\/uploads\/2024\/10\/bookings4-768x166.png 768w\" sizes=\"auto, (max-width: 1004px) 100vw, 1004px\" \/><\/figure>\n\n\n\n<p>3. Lis\u00e4\u00e4 BODY-KOMENTOSARJAT &#8211; osioon allaoleva koodi, kirjoita kohdan &#8221;url =&#8221; j\u00e4lkeen olevan linkin tilalle&nbsp;oma Microsoft Bookings linkki ja tallenna muutos:<\/p>\n\n\n\n<p>&lt;!DOCTYPE html&gt;<\/p>\n\n\n\n<p>&lt;html&gt;<\/p>\n\n\n\n<p>&nbsp;&nbsp; &lt;head&gt;<\/p>\n\n\n\n<p>&nbsp;&nbsp;&nbsp;&nbsp; &lt;style&gt;<\/p>\n\n\n\n<p>p {text-align: center;}<\/p>\n\n\n\n<p>&nbsp;&nbsp;&nbsp;&nbsp;&nbsp;&nbsp; &lt;\/style&gt;<\/p>\n\n\n\n<p>&nbsp;&nbsp;&nbsp;&nbsp;&nbsp; &lt;title&gt;HTML Meta Tag&lt;\/title&gt;<\/p>\n\n\n\n<p>&nbsp;&nbsp;&nbsp;&nbsp;&nbsp; &lt;meta http-equiv = &#8221;refresh&#8221; content = &#8221;0; url = https:\/\/outlook.office365.com\/owa\/calendar\/OMALINKKISI\/bookings\/&#8221; \/&gt;<\/p>\n\n\n\n<p>&nbsp;&nbsp; &lt;\/head&gt;<\/p>\n\n\n\n<p>&nbsp;&nbsp; &lt;body&gt;<\/p>\n\n\n\n<p>&nbsp;&nbsp;&nbsp;&nbsp;&nbsp; &lt;p&gt;Siirryt\u00e4\u00e4n ajanvaraukseen&lt;\/p&gt;<\/p>\n\n\n\n<p>&nbsp;&nbsp; &lt;\/body&gt;<\/p>\n\n\n\n<p>&lt;\/html&gt;<\/p>\n\n\n\n<figure class=\"wp-block-image size-full\"><img loading=\"lazy\" decoding=\"async\" width=\"1004\" height=\"376\" src=\"https:\/\/www.zoner.fi\/tuki\/wp-content\/uploads\/2024\/10\/bookings5.png\" alt=\"\" class=\"wp-image-133674\" srcset=\"https:\/\/www.zoner.fi\/tuki\/wp-content\/uploads\/2024\/10\/bookings5.png 1004w, https:\/\/www.zoner.fi\/tuki\/wp-content\/uploads\/2024\/10\/bookings5-300x112.png 300w, https:\/\/www.zoner.fi\/tuki\/wp-content\/uploads\/2024\/10\/bookings5-768x288.png 768w\" sizes=\"auto, (max-width: 1004px) 100vw, 1004px\" \/><\/figure>\n\n\n\n<p>4. T\u00e4m\u00e4n j\u00e4lkeen julkaise sivu. Sivustovalikossa n\u00e4kyv\u00e4 Ajanvaraus-painike ohjaa nyt suoraan Microsoft Bookings sivustolle.<\/p>\n\n\n\n<figure class=\"wp-block-image size-full\"><img loading=\"lazy\" decoding=\"async\" width=\"1024\" height=\"298\" src=\"https:\/\/www.zoner.fi\/tuki\/wp-content\/uploads\/2024\/10\/bookings6-1024x298-1.png\" alt=\"\" class=\"wp-image-133675\" srcset=\"https:\/\/www.zoner.fi\/tuki\/wp-content\/uploads\/2024\/10\/bookings6-1024x298-1.png 1024w, https:\/\/www.zoner.fi\/tuki\/wp-content\/uploads\/2024\/10\/bookings6-1024x298-1-300x87.png 300w, https:\/\/www.zoner.fi\/tuki\/wp-content\/uploads\/2024\/10\/bookings6-1024x298-1-768x224.png 768w\" sizes=\"auto, (max-width: 1024px) 100vw, 1024px\" \/><\/figure>\n\n\n\n<hr class=\"wp-block-separator has-css-opacity is-style-wide\"\/>\n\n\n\n<p id=\"vaihtoehto2\"><strong>Painike haluamaasi kohtaan sivustoa.<\/strong><\/p>\n\n\n\n<p id=\"vaihtoehto2\">1. Valitse <strong>Lis\u00e4\u00e4 sis\u00e4lt\u00f6\u00e4<\/strong>, jonka j\u00e4lkeen valitse <strong>Lis\u00e4\u00e4 vempain<\/strong>.<\/p>\n\n\n\n<figure class=\"wp-block-image size-full\"><img loading=\"lazy\" decoding=\"async\" width=\"1024\" height=\"230\" src=\"https:\/\/www.zoner.fi\/tuki\/wp-content\/uploads\/2024\/10\/kalenteri1-1024x230-1.png\" alt=\"\" class=\"wp-image-133677\" srcset=\"https:\/\/www.zoner.fi\/tuki\/wp-content\/uploads\/2024\/10\/kalenteri1-1024x230-1.png 1024w, https:\/\/www.zoner.fi\/tuki\/wp-content\/uploads\/2024\/10\/kalenteri1-1024x230-1-300x67.png 300w, https:\/\/www.zoner.fi\/tuki\/wp-content\/uploads\/2024\/10\/kalenteri1-1024x230-1-768x173.png 768w\" sizes=\"auto, (max-width: 1024px) 100vw, 1024px\" \/><\/figure>\n\n\n\n<p>2. Vempain-valikosta valitse <strong>Painike<\/strong>.<\/p>\n\n\n\n<figure class=\"wp-block-image size-full\"><img loading=\"lazy\" decoding=\"async\" width=\"1024\" height=\"233\" src=\"https:\/\/www.zoner.fi\/tuki\/wp-content\/uploads\/2024\/10\/kalenteri2-1024x233-1.png\" alt=\"\" class=\"wp-image-133679\" srcset=\"https:\/\/www.zoner.fi\/tuki\/wp-content\/uploads\/2024\/10\/kalenteri2-1024x233-1.png 1024w, https:\/\/www.zoner.fi\/tuki\/wp-content\/uploads\/2024\/10\/kalenteri2-1024x233-1-300x68.png 300w, https:\/\/www.zoner.fi\/tuki\/wp-content\/uploads\/2024\/10\/kalenteri2-1024x233-1-768x175.png 768w\" sizes=\"auto, (max-width: 1024px) 100vw, 1024px\" \/><\/figure>\n\n\n\n<p>3. Raahaa painike haluamaasi kohtaan. Klikkaa painiketta, jolloin p\u00e4\u00e4set muokkaamaan painikkeen teksti\u00e4 ja lis\u00e4\u00e4m\u00e4\u00e4n linkityksen Bookingsiin. Paina <strong>Tallenna<\/strong>.<\/p>\n\n\n\n<figure class=\"wp-block-image size-full\"><img loading=\"lazy\" decoding=\"async\" width=\"1024\" height=\"298\" src=\"https:\/\/www.zoner.fi\/tuki\/wp-content\/uploads\/2024\/10\/kalenteri3-1024x298-1.png\" alt=\"\" class=\"wp-image-133681\" srcset=\"https:\/\/www.zoner.fi\/tuki\/wp-content\/uploads\/2024\/10\/kalenteri3-1024x298-1.png 1024w, https:\/\/www.zoner.fi\/tuki\/wp-content\/uploads\/2024\/10\/kalenteri3-1024x298-1-300x87.png 300w, https:\/\/www.zoner.fi\/tuki\/wp-content\/uploads\/2024\/10\/kalenteri3-1024x298-1-768x224.png 768w\" sizes=\"auto, (max-width: 1024px) 100vw, 1024px\" \/><\/figure>\n\n\n\n<figure class=\"wp-block-image size-full\"><img loading=\"lazy\" decoding=\"async\" width=\"1024\" height=\"348\" src=\"https:\/\/www.zoner.fi\/tuki\/wp-content\/uploads\/2024\/10\/kalenteri4-1024x348-1.png\" alt=\"\" class=\"wp-image-133682\" srcset=\"https:\/\/www.zoner.fi\/tuki\/wp-content\/uploads\/2024\/10\/kalenteri4-1024x348-1.png 1024w, https:\/\/www.zoner.fi\/tuki\/wp-content\/uploads\/2024\/10\/kalenteri4-1024x348-1-300x102.png 300w, https:\/\/www.zoner.fi\/tuki\/wp-content\/uploads\/2024\/10\/kalenteri4-1024x348-1-768x261.png 768w\" sizes=\"auto, (max-width: 1024px) 100vw, 1024px\" \/><\/figure>\n\n\n\n<p>4. T\u00e4m\u00e4n j\u00e4lkeen julkaise sivu, jonka j\u00e4lkeen painamalla Ajanvaraus-painiketta p\u00e4\u00e4see Bookings-sivulle.<\/p>\n","protected":false},"excerpt":{"rendered":"<p>T\u00e4m\u00e4n ohjeen avulla saat linkitetty\u00e4 Microsoft Bookings &#8211; ajanvarauskalenterin sivustollesi. Vaihtoehto 1: Painike sivustovalikkoon. Vaihtoehto 2: Painike haluamaasi kohtaan sivustoa. Painike sivustovalikkoon 2. Muokkaa Ajanvaraus-sivun komentosarjoja 3. Lis\u00e4\u00e4 BODY-KOMENTOSARJAT &#8211; osioon allaoleva koodi, kirjoita kohdan &#8221;url =&#8221; j\u00e4lkeen olevan linkin tilalle&nbsp;oma Microsoft Bookings linkki ja tallenna muutos: &lt;!DOCTYPE html&gt; &lt;html&gt; &nbsp;&nbsp; &lt;head&gt; &nbsp;&nbsp;&nbsp;&nbsp; &lt;style&gt; p &#8230; <a title=\"Kotisivu: Microsoft Bookings linkitys\" class=\"read-more\" href=\"https:\/\/www.zoner.fi\/tuki\/kotisivukone\/basekit\/microsoft-bookings-linkitys\/\" aria-label=\"Lue lis\u00e4\u00e4 aiheesta Kotisivu: Microsoft Bookings linkitys\">Lue lis\u00e4\u00e4<\/a><\/p>\n","protected":false},"author":48,"featured_media":0,"parent":137592,"menu_order":0,"comment_status":"closed","ping_status":"closed","template":"","meta":{"_relevanssi_hide_post":"","_relevanssi_hide_content":"","_relevanssi_pin_for_all":"","_relevanssi_pin_keywords":"","_relevanssi_unpin_keywords":"","_relevanssi_related_keywords":"","_relevanssi_related_include_ids":"","_relevanssi_related_exclude_ids":"","_relevanssi_related_no_append":"","_relevanssi_related_not_related":"","_relevanssi_related_posts":"131384,132301,132278,130424,132348,132250","_relevanssi_noindex_reason":"","footnotes":""},"categories":[222],"tags":[224],"wf_page_folders":[],"class_list":{"0":"post-132612","1":"page","2":"type-page","3":"status-publish","5":"category-basekit","6":"tag-ajanvarauskalenteri"},"_links":{"self":[{"href":"https:\/\/www.zoner.fi\/tuki\/wp-json\/wp\/v2\/pages\/132612","targetHints":{"allow":["GET"]}}],"collection":[{"href":"https:\/\/www.zoner.fi\/tuki\/wp-json\/wp\/v2\/pages"}],"about":[{"href":"https:\/\/www.zoner.fi\/tuki\/wp-json\/wp\/v2\/types\/page"}],"author":[{"embeddable":true,"href":"https:\/\/www.zoner.fi\/tuki\/wp-json\/wp\/v2\/users\/48"}],"replies":[{"embeddable":true,"href":"https:\/\/www.zoner.fi\/tuki\/wp-json\/wp\/v2\/comments?post=132612"}],"version-history":[{"count":4,"href":"https:\/\/www.zoner.fi\/tuki\/wp-json\/wp\/v2\/pages\/132612\/revisions"}],"predecessor-version":[{"id":137625,"href":"https:\/\/www.zoner.fi\/tuki\/wp-json\/wp\/v2\/pages\/132612\/revisions\/137625"}],"up":[{"embeddable":true,"href":"https:\/\/www.zoner.fi\/tuki\/wp-json\/wp\/v2\/pages\/137592"}],"wp:attachment":[{"href":"https:\/\/www.zoner.fi\/tuki\/wp-json\/wp\/v2\/media?parent=132612"}],"wp:term":[{"taxonomy":"category","embeddable":true,"href":"https:\/\/www.zoner.fi\/tuki\/wp-json\/wp\/v2\/categories?post=132612"},{"taxonomy":"post_tag","embeddable":true,"href":"https:\/\/www.zoner.fi\/tuki\/wp-json\/wp\/v2\/tags?post=132612"},{"taxonomy":"wf_page_folders","embeddable":true,"href":"https:\/\/www.zoner.fi\/tuki\/wp-json\/wp\/v2\/wf_page_folders?post=132612"}],"curies":[{"name":"wp","href":"https:\/\/api.w.org\/{rel}","templated":true}]}}