{"id":132614,"date":"2024-10-07T10:28:52","date_gmt":"2024-10-07T07:28:52","guid":{"rendered":"https:\/\/www.zoner.fi\/tuki\/?page_id=132614"},"modified":"2025-09-25T17:54:38","modified_gmt":"2025-09-25T14:54:38","slug":"google-analytics","status":"publish","type":"page","link":"https:\/\/www.zoner.fi\/tuki\/kotisivukone\/basekit\/google-analytics\/","title":{"rendered":"Kotisivu: Google Analytics"},"content":{"rendered":"\n<p>Aloita klikkaamalla linkki\u00e4 <a href=\"http:\/\/analytics.google.fi\" target=\"_blank\" rel=\"noopener\">analytics.google.fi<\/a> ja kirjaudu palveluun.<\/p>\n\n\n\n<p>Mik\u00e4li sinulla ei ole google-tili\u00e4, luo sellainen ensin.<\/p>\n\n\n\n<p>Klikkaa seuraavaksi analyticsin alta l\u00f6ytyv\u00e4\u00e4 &#8221;M\u00e4\u00e4rit\u00e4&#8221; nappia.<\/p>\n\n\n\n<figure class=\"wp-block-image size-full\"><img loading=\"lazy\" decoding=\"async\" width=\"1024\" height=\"565\" src=\"https:\/\/www.zoner.fi\/tuki\/wp-content\/uploads\/2024\/10\/Google-Analytics-1.png\" alt=\"\" class=\"wp-image-133932\" srcset=\"https:\/\/www.zoner.fi\/tuki\/wp-content\/uploads\/2024\/10\/Google-Analytics-1.png 1024w, https:\/\/www.zoner.fi\/tuki\/wp-content\/uploads\/2024\/10\/Google-Analytics-1-300x166.png 300w, https:\/\/www.zoner.fi\/tuki\/wp-content\/uploads\/2024\/10\/Google-Analytics-1-768x424.png 768w\" sizes=\"auto, (max-width: 1024px) 100vw, 1024px\" \/><\/figure>\n\n\n\n<p>Voit nyt aloittaa k\u00e4ytt\u00e4j\u00e4n m\u00e4\u00e4rityksen.<\/p>\n\n\n\n<figure class=\"wp-block-image size-full\"><img loading=\"lazy\" decoding=\"async\" width=\"993\" height=\"345\" src=\"https:\/\/www.zoner.fi\/tuki\/wp-content\/uploads\/2024\/10\/Google-Analytics-2.png\" alt=\"\" class=\"wp-image-133933\" srcset=\"https:\/\/www.zoner.fi\/tuki\/wp-content\/uploads\/2024\/10\/Google-Analytics-2.png 993w, https:\/\/www.zoner.fi\/tuki\/wp-content\/uploads\/2024\/10\/Google-Analytics-2-300x104.png 300w, https:\/\/www.zoner.fi\/tuki\/wp-content\/uploads\/2024\/10\/Google-Analytics-2-768x267.png 768w\" sizes=\"auto, (max-width: 993px) 100vw, 993px\" \/><\/figure>\n\n\n\n<figure class=\"wp-block-image size-full\"><img loading=\"lazy\" decoding=\"async\" width=\"1024\" height=\"678\" src=\"https:\/\/www.zoner.fi\/tuki\/wp-content\/uploads\/2024\/10\/Google-Analytics-3.png\" alt=\"\" class=\"wp-image-133934\" srcset=\"https:\/\/www.zoner.fi\/tuki\/wp-content\/uploads\/2024\/10\/Google-Analytics-3.png 1024w, https:\/\/www.zoner.fi\/tuki\/wp-content\/uploads\/2024\/10\/Google-Analytics-3-300x199.png 300w, https:\/\/www.zoner.fi\/tuki\/wp-content\/uploads\/2024\/10\/Google-Analytics-3-768x509.png 768w\" sizes=\"auto, (max-width: 1024px) 100vw, 1024px\" \/><\/figure>\n\n\n\n<p>M\u00e4\u00e4rit\u00e4 datan nimi, maa, aikavy\u00f6hyke ja valuutta.<\/p>\n\n\n\n<figure class=\"wp-block-image size-full\"><img loading=\"lazy\" decoding=\"async\" width=\"767\" height=\"627\" src=\"https:\/\/www.zoner.fi\/tuki\/wp-content\/uploads\/2024\/10\/Google-Analytics-4.png\" alt=\"\" class=\"wp-image-133935\" srcset=\"https:\/\/www.zoner.fi\/tuki\/wp-content\/uploads\/2024\/10\/Google-Analytics-4.png 767w, https:\/\/www.zoner.fi\/tuki\/wp-content\/uploads\/2024\/10\/Google-Analytics-4-300x245.png 300w\" sizes=\"auto, (max-width: 767px) 100vw, 767px\" \/><\/figure>\n\n\n\n<p>Valitse Suomi k\u00e4ytt\u00f6alueeksi ja hyv\u00e4ksy k\u00e4ytt\u00f6ehdot.<\/p>\n\n\n\n<figure class=\"wp-block-image size-full\"><img loading=\"lazy\" decoding=\"async\" width=\"599\" height=\"1024\" src=\"https:\/\/www.zoner.fi\/tuki\/wp-content\/uploads\/2024\/10\/Google-Analytics-5.png\" alt=\"\" class=\"wp-image-133936\" srcset=\"https:\/\/www.zoner.fi\/tuki\/wp-content\/uploads\/2024\/10\/Google-Analytics-5.png 599w, https:\/\/www.zoner.fi\/tuki\/wp-content\/uploads\/2024\/10\/Google-Analytics-5-175x300.png 175w\" sizes=\"auto, (max-width: 599px) 100vw, 599px\" \/><\/figure>\n\n\n\n<p>Valitse alustaksi Verkko.<\/p>\n\n\n\n<figure class=\"wp-block-image size-full\"><img loading=\"lazy\" decoding=\"async\" width=\"1024\" height=\"319\" src=\"https:\/\/www.zoner.fi\/tuki\/wp-content\/uploads\/2024\/10\/Google-Analytics-6.png\" alt=\"\" class=\"wp-image-133937\" srcset=\"https:\/\/www.zoner.fi\/tuki\/wp-content\/uploads\/2024\/10\/Google-Analytics-6.png 1024w, https:\/\/www.zoner.fi\/tuki\/wp-content\/uploads\/2024\/10\/Google-Analytics-6-300x93.png 300w, https:\/\/www.zoner.fi\/tuki\/wp-content\/uploads\/2024\/10\/Google-Analytics-6-768x239.png 768w\" sizes=\"auto, (max-width: 1024px) 100vw, 1024px\" \/><\/figure>\n\n\n\n<p>Sy\u00f6t\u00e4 seuraavaksi nettisivujen osoite ja tunniste analyysille.<\/p>\n\n\n\n<p>Mik\u00e4li k\u00e4yt\u00f6ss\u00e4si on SSL-sertifikaatti ja https-yhteys k\u00e4ytett\u00e4viss\u00e4, valitse https:\/\/<br>Jos sinulla ei ole SSL-sertifikaattia, valitse http:\/\/<\/p>\n\n\n\n<figure class=\"wp-block-image size-full\"><img loading=\"lazy\" decoding=\"async\" width=\"845\" height=\"359\" src=\"https:\/\/www.zoner.fi\/tuki\/wp-content\/uploads\/2024\/10\/Google-Analytics-7.png\" alt=\"\" class=\"wp-image-133938\" srcset=\"https:\/\/www.zoner.fi\/tuki\/wp-content\/uploads\/2024\/10\/Google-Analytics-7.png 845w, https:\/\/www.zoner.fi\/tuki\/wp-content\/uploads\/2024\/10\/Google-Analytics-7-300x127.png 300w, https:\/\/www.zoner.fi\/tuki\/wp-content\/uploads\/2024\/10\/Google-Analytics-7-768x326.png 768w\" sizes=\"auto, (max-width: 845px) 100vw, 845px\" \/><\/figure>\n\n\n\n<p>Avaa juuri luomasi datastriimi ja klikkaa &#8221;avaa yleinen sivustotagi (gtag.js)&#8221;.<\/p>\n\n\n\n<p>Voit kopioida tagin klikkaamalla kuvan n\u00e4ytt\u00e4v\u00e4\u00e4 nappia.<\/p>\n\n\n\n<figure class=\"wp-block-image size-full\"><img loading=\"lazy\" decoding=\"async\" width=\"926\" height=\"510\" src=\"https:\/\/www.zoner.fi\/tuki\/wp-content\/uploads\/2024\/10\/Google-Analytics-8.png\" alt=\"\" class=\"wp-image-133939\" srcset=\"https:\/\/www.zoner.fi\/tuki\/wp-content\/uploads\/2024\/10\/Google-Analytics-8.png 926w, https:\/\/www.zoner.fi\/tuki\/wp-content\/uploads\/2024\/10\/Google-Analytics-8-300x165.png 300w, https:\/\/www.zoner.fi\/tuki\/wp-content\/uploads\/2024\/10\/Google-Analytics-8-768x423.png 768w\" sizes=\"auto, (max-width: 926px) 100vw, 926px\" \/><\/figure>\n\n\n\n<p>Kirjaudu t\u00e4m\u00e4n j\u00e4lkeen Kotisivuun osoitteesta kotisivut.inmicsnebula.fi ja klikkaa sivueditorin Sivut ja Kansiot ikkuna p\u00e4\u00e4lle.<\/p>\n\n\n\n<figure class=\"wp-block-image size-full\"><img loading=\"lazy\" decoding=\"async\" width=\"693\" height=\"314\" src=\"https:\/\/www.zoner.fi\/tuki\/wp-content\/uploads\/2024\/10\/Google-Analytics-9.png\" alt=\"\" class=\"wp-image-133940\" srcset=\"https:\/\/www.zoner.fi\/tuki\/wp-content\/uploads\/2024\/10\/Google-Analytics-9.png 693w, https:\/\/www.zoner.fi\/tuki\/wp-content\/uploads\/2024\/10\/Google-Analytics-9-300x136.png 300w\" sizes=\"auto, (max-width: 693px) 100vw, 693px\" \/><\/figure>\n\n\n\n<p>Klikkaa t\u00e4m\u00e4n j\u00e4lkeen Sitewide-skriptej\u00e4<\/p>\n\n\n\n<figure class=\"wp-block-image size-full\"><img loading=\"lazy\" decoding=\"async\" width=\"417\" height=\"290\" src=\"https:\/\/www.zoner.fi\/tuki\/wp-content\/uploads\/2024\/10\/Google-Analytics-10.png\" alt=\"\" class=\"wp-image-133941\" srcset=\"https:\/\/www.zoner.fi\/tuki\/wp-content\/uploads\/2024\/10\/Google-Analytics-10.png 417w, https:\/\/www.zoner.fi\/tuki\/wp-content\/uploads\/2024\/10\/Google-Analytics-10-300x209.png 300w\" sizes=\"auto, (max-width: 417px) 100vw, 417px\" \/><\/figure>\n\n\n\n<p>Kopioi aiemmin saamasi tagi &#8221;HEAD-KOMENTOSARJAT&#8221;-kentt\u00e4\u00e4n ja tallenna oikeasta yl\u00e4kulmasta.<\/p>\n\n\n\n<figure class=\"wp-block-image size-full\"><img loading=\"lazy\" decoding=\"async\" width=\"820\" height=\"524\" src=\"https:\/\/www.zoner.fi\/tuki\/wp-content\/uploads\/2024\/10\/Google-Analytics-11.png\" alt=\"\" class=\"wp-image-133942\" srcset=\"https:\/\/www.zoner.fi\/tuki\/wp-content\/uploads\/2024\/10\/Google-Analytics-11.png 820w, https:\/\/www.zoner.fi\/tuki\/wp-content\/uploads\/2024\/10\/Google-Analytics-11-300x192.png 300w, https:\/\/www.zoner.fi\/tuki\/wp-content\/uploads\/2024\/10\/Google-Analytics-11-768x491.png 768w\" sizes=\"auto, (max-width: 820px) 100vw, 820px\" \/><\/figure>\n\n\n\n<p>Nyt olet valmis aloittamaan tilastojen seurannan. Mene sivulle <a href=\"http:\/\/analytics.google.fi\" target=\"_blank\" rel=\"noopener\">analytics.google.fi<\/a> ja klikkaa vasemmasta yl\u00e4kulmasta &#8221;Raporttien yhteenveto&#8221;.<\/p>\n","protected":false},"excerpt":{"rendered":"<p>Aloita klikkaamalla linkki\u00e4 analytics.google.fi ja kirjaudu palveluun. Mik\u00e4li sinulla ei ole google-tili\u00e4, luo sellainen ensin. Klikkaa seuraavaksi analyticsin alta l\u00f6ytyv\u00e4\u00e4 &#8221;M\u00e4\u00e4rit\u00e4&#8221; nappia. Voit nyt aloittaa k\u00e4ytt\u00e4j\u00e4n m\u00e4\u00e4rityksen. M\u00e4\u00e4rit\u00e4 datan nimi, maa, aikavy\u00f6hyke ja valuutta. Valitse Suomi k\u00e4ytt\u00f6alueeksi ja hyv\u00e4ksy k\u00e4ytt\u00f6ehdot. Valitse alustaksi Verkko. Sy\u00f6t\u00e4 seuraavaksi nettisivujen osoite ja tunniste analyysille. Mik\u00e4li k\u00e4yt\u00f6ss\u00e4si on SSL-sertifikaatti ja &#8230; <a title=\"Kotisivu: Google Analytics\" class=\"read-more\" href=\"https:\/\/www.zoner.fi\/tuki\/kotisivukone\/basekit\/google-analytics\/\" aria-label=\"Lue lis\u00e4\u00e4 aiheesta Kotisivu: Google Analytics\">Lue lis\u00e4\u00e4<\/a><\/p>\n","protected":false},"author":48,"featured_media":0,"parent":137592,"menu_order":0,"comment_status":"closed","ping_status":"closed","template":"","meta":{"_relevanssi_hide_post":"","_relevanssi_hide_content":"","_relevanssi_pin_for_all":"","_relevanssi_pin_keywords":"","_relevanssi_unpin_keywords":"","_relevanssi_related_keywords":"","_relevanssi_related_include_ids":"","_relevanssi_related_exclude_ids":"","_relevanssi_related_no_append":"","_relevanssi_related_not_related":"","_relevanssi_related_posts":"130722,130964,130553,130578,130779,130397","_relevanssi_noindex_reason":"","footnotes":""},"categories":[222],"tags":[158],"wf_page_folders":[],"class_list":{"0":"post-132614","1":"page","2":"type-page","3":"status-publish","5":"category-basekit","6":"tag-yleiset"},"_links":{"self":[{"href":"https:\/\/www.zoner.fi\/tuki\/wp-json\/wp\/v2\/pages\/132614","targetHints":{"allow":["GET"]}}],"collection":[{"href":"https:\/\/www.zoner.fi\/tuki\/wp-json\/wp\/v2\/pages"}],"about":[{"href":"https:\/\/www.zoner.fi\/tuki\/wp-json\/wp\/v2\/types\/page"}],"author":[{"embeddable":true,"href":"https:\/\/www.zoner.fi\/tuki\/wp-json\/wp\/v2\/users\/48"}],"replies":[{"embeddable":true,"href":"https:\/\/www.zoner.fi\/tuki\/wp-json\/wp\/v2\/comments?post=132614"}],"version-history":[{"count":4,"href":"https:\/\/www.zoner.fi\/tuki\/wp-json\/wp\/v2\/pages\/132614\/revisions"}],"predecessor-version":[{"id":137632,"href":"https:\/\/www.zoner.fi\/tuki\/wp-json\/wp\/v2\/pages\/132614\/revisions\/137632"}],"up":[{"embeddable":true,"href":"https:\/\/www.zoner.fi\/tuki\/wp-json\/wp\/v2\/pages\/137592"}],"wp:attachment":[{"href":"https:\/\/www.zoner.fi\/tuki\/wp-json\/wp\/v2\/media?parent=132614"}],"wp:term":[{"taxonomy":"category","embeddable":true,"href":"https:\/\/www.zoner.fi\/tuki\/wp-json\/wp\/v2\/categories?post=132614"},{"taxonomy":"post_tag","embeddable":true,"href":"https:\/\/www.zoner.fi\/tuki\/wp-json\/wp\/v2\/tags?post=132614"},{"taxonomy":"wf_page_folders","embeddable":true,"href":"https:\/\/www.zoner.fi\/tuki\/wp-json\/wp\/v2\/wf_page_folders?post=132614"}],"curies":[{"name":"wp","href":"https:\/\/api.w.org\/{rel}","templated":true}]}}