{"id":132616,"date":"2024-10-07T10:39:08","date_gmt":"2024-10-07T07:39:08","guid":{"rendered":"https:\/\/www.zoner.fi\/tuki\/?page_id=132616"},"modified":"2025-09-25T17:55:10","modified_gmt":"2025-09-25T14:55:10","slug":"kayton-aloittaminen","status":"publish","type":"page","link":"https:\/\/www.zoner.fi\/tuki\/kotisivukone\/basekit\/kayton-aloittaminen\/","title":{"rendered":"Kotisivu: K\u00e4yt\u00f6n aloittaminen"},"content":{"rendered":"\n<p>Saatuasi tunnukset palveluun voit kirjautua sinne osoitteessa: <a href=\"https:\/\/kotisivut.nebula.fi\/\" target=\"_blank\" rel=\"noopener\"><a href=\"http:\/\/basekit.zoner.fi\/\" target=\"_blank\" rel=\"noopener\">http:\/\/basekit.zoner.fi\/<\/a><\/a><\/p>\n\n\n\n<p>Kirjauduttuasi sivulle ensimm\u00e4isen kerran voit valita tyylin ja v\u00e4riteeman sivullesi. Vastattuasi kysymyksiin palvelu luo sinulle pohjia, joista voit valita mieleisesi.<\/p>\n\n\n\n<figure class=\"wp-block-image size-full\"><img loading=\"lazy\" decoding=\"async\" width=\"1024\" height=\"615\" src=\"https:\/\/www.zoner.fi\/tuki\/wp-content\/uploads\/2024\/10\/image-2-1024x615-1.png\" alt=\"\" class=\"wp-image-133777\" srcset=\"https:\/\/www.zoner.fi\/tuki\/wp-content\/uploads\/2024\/10\/image-2-1024x615-1.png 1024w, https:\/\/www.zoner.fi\/tuki\/wp-content\/uploads\/2024\/10\/image-2-1024x615-1-300x180.png 300w, https:\/\/www.zoner.fi\/tuki\/wp-content\/uploads\/2024\/10\/image-2-1024x615-1-768x461.png 768w\" sizes=\"auto, (max-width: 1024px) 100vw, 1024px\" \/><\/figure>\n\n\n\n<p>N\u00e4m\u00e4 pohjat auttavat sinua p\u00e4\u00e4sem\u00e4\u00e4n alkuun, mutta sivun sis\u00e4lt\u00f6\u00e4 voi muuttaa my\u00f6hemmin, mik\u00e4li et l\u00f6yd\u00e4 sopivaa pohjaa tarjotuista vaihtoehdoista.<\/p>\n\n\n\n<p><br><strong>Mit\u00e4 tehd\u00e4, jos valitsemani pohja ei sopinutkaan tarkoituksiini?<\/strong><\/p>\n\n\n\n<p>Voit aloittaa sivuston luomisen alusta valitsemalla vasemmasta yl\u00e4kulmasta l\u00f6ytyv\u00e4t 3 viivaa ja klikkaamalla sivupalkin alareunasta \u201dSivuston Asetukset\u201d. Edistyneiden asetusten alla on \u201dResetoi\u201d. Resetoimalla sivun, voit valita uuden pohjan, mik\u00e4li ensimm\u00e4inen ei ollutkaan mieleinen. <\/p>\n\n\n\n<p><strong>Huom! Sivuston resetoiminen pyyhkii kaiken sis\u00e4ll\u00f6n sivuilta, eli kaikki sivuille lis\u00e4\u00e4m\u00e4si sis\u00e4lt\u00f6 poistetaan.<\/strong><\/p>\n\n\n\n<p>Pohjan valinnan j\u00e4lkeen voit alkaa muokata sivusta haluamasi n\u00e4k\u00f6ist\u00e4. <\/p>\n","protected":false},"excerpt":{"rendered":"<p>Saatuasi tunnukset palveluun voit kirjautua sinne osoitteessa: http:\/\/basekit.zoner.fi\/ Kirjauduttuasi sivulle ensimm\u00e4isen kerran voit valita tyylin ja v\u00e4riteeman sivullesi. Vastattuasi kysymyksiin palvelu luo sinulle pohjia, joista voit valita mieleisesi. N\u00e4m\u00e4 pohjat auttavat sinua p\u00e4\u00e4sem\u00e4\u00e4n alkuun, mutta sivun sis\u00e4lt\u00f6\u00e4 voi muuttaa my\u00f6hemmin, mik\u00e4li et l\u00f6yd\u00e4 sopivaa pohjaa tarjotuista vaihtoehdoista. Mit\u00e4 tehd\u00e4, jos valitsemani pohja ei sopinutkaan tarkoituksiini? &#8230; <a title=\"Kotisivu: K\u00e4yt\u00f6n aloittaminen\" class=\"read-more\" href=\"https:\/\/www.zoner.fi\/tuki\/kotisivukone\/basekit\/kayton-aloittaminen\/\" aria-label=\"Lue lis\u00e4\u00e4 aiheesta Kotisivu: K\u00e4yt\u00f6n aloittaminen\">Lue lis\u00e4\u00e4<\/a><\/p>\n","protected":false},"author":48,"featured_media":0,"parent":137592,"menu_order":0,"comment_status":"closed","ping_status":"closed","template":"","meta":{"_relevanssi_hide_post":"","_relevanssi_hide_content":"","_relevanssi_pin_for_all":"","_relevanssi_pin_keywords":"","_relevanssi_unpin_keywords":"","_relevanssi_related_keywords":"","_relevanssi_related_include_ids":"","_relevanssi_related_exclude_ids":"","_relevanssi_related_no_append":"","_relevanssi_related_not_related":"","_relevanssi_related_posts":"130515,132244,132261,132584,130440,131892","_relevanssi_noindex_reason":"","footnotes":""},"categories":[222],"tags":[158],"wf_page_folders":[],"class_list":{"0":"post-132616","1":"page","2":"type-page","3":"status-publish","5":"category-basekit","6":"tag-yleiset"},"_links":{"self":[{"href":"https:\/\/www.zoner.fi\/tuki\/wp-json\/wp\/v2\/pages\/132616","targetHints":{"allow":["GET"]}}],"collection":[{"href":"https:\/\/www.zoner.fi\/tuki\/wp-json\/wp\/v2\/pages"}],"about":[{"href":"https:\/\/www.zoner.fi\/tuki\/wp-json\/wp\/v2\/types\/page"}],"author":[{"embeddable":true,"href":"https:\/\/www.zoner.fi\/tuki\/wp-json\/wp\/v2\/users\/48"}],"replies":[{"embeddable":true,"href":"https:\/\/www.zoner.fi\/tuki\/wp-json\/wp\/v2\/comments?post=132616"}],"version-history":[{"count":4,"href":"https:\/\/www.zoner.fi\/tuki\/wp-json\/wp\/v2\/pages\/132616\/revisions"}],"predecessor-version":[{"id":137544,"href":"https:\/\/www.zoner.fi\/tuki\/wp-json\/wp\/v2\/pages\/132616\/revisions\/137544"}],"up":[{"embeddable":true,"href":"https:\/\/www.zoner.fi\/tuki\/wp-json\/wp\/v2\/pages\/137592"}],"wp:attachment":[{"href":"https:\/\/www.zoner.fi\/tuki\/wp-json\/wp\/v2\/media?parent=132616"}],"wp:term":[{"taxonomy":"category","embeddable":true,"href":"https:\/\/www.zoner.fi\/tuki\/wp-json\/wp\/v2\/categories?post=132616"},{"taxonomy":"post_tag","embeddable":true,"href":"https:\/\/www.zoner.fi\/tuki\/wp-json\/wp\/v2\/tags?post=132616"},{"taxonomy":"wf_page_folders","embeddable":true,"href":"https:\/\/www.zoner.fi\/tuki\/wp-json\/wp\/v2\/wf_page_folders?post=132616"}],"curies":[{"name":"wp","href":"https:\/\/api.w.org\/{rel}","templated":true}]}}