{"id":132620,"date":"2024-10-07T10:45:02","date_gmt":"2024-10-07T07:45:02","guid":{"rendered":"https:\/\/www.zoner.fi\/tuki\/?page_id=132620"},"modified":"2025-09-25T17:57:10","modified_gmt":"2025-09-25T14:57:10","slug":"kolme-tarkeaa-painiketta","status":"publish","type":"page","link":"https:\/\/www.zoner.fi\/tuki\/kotisivukone\/basekit\/kolme-tarkeaa-painiketta\/","title":{"rendered":"Kotisivu: Kolme t\u00e4rke\u00e4\u00e4 painiketta"},"content":{"rendered":"\n<p>T\u00e4rke\u00e4t painikkeet on merkitty alempana olevaan kuvaan\nnumeroilla.<\/p>\n\n\n\n<ol class=\"wp-block-list\">\n<li><strong>Sivustoeditori<\/strong>&nbsp;\u2013 Siirry ty\u00f6st\u00e4m\u00e4\u00e4n esimerkiksi blogia tai kauppaa.<\/li>\n\n\n\n<li><strong>Lis\u00e4\u00e4 sis\u00e4lt\u00f6\u00e4<\/strong>&nbsp;\u2013 Lis\u00e4\u00e4 sis\u00e4lt\u00f6\u00e4 sivustoille.&nbsp;<\/li>\n\n\n\n<li><strong>Julkaise<\/strong>&nbsp;\u2013 Julkaise verkkosivusto n\u00e4kyv\u00e4ksi verkkoon.<\/li>\n<\/ol>\n\n\n\n<figure class=\"wp-block-image size-full\"><img loading=\"lazy\" decoding=\"async\" width=\"1024\" height=\"225\" src=\"https:\/\/www.zoner.fi\/tuki\/wp-content\/uploads\/2024\/10\/kolme-1-1024x225-1.png\" alt=\"\" class=\"wp-image-133734\" srcset=\"https:\/\/www.zoner.fi\/tuki\/wp-content\/uploads\/2024\/10\/kolme-1-1024x225-1.png 1024w, https:\/\/www.zoner.fi\/tuki\/wp-content\/uploads\/2024\/10\/kolme-1-1024x225-1-300x66.png 300w, https:\/\/www.zoner.fi\/tuki\/wp-content\/uploads\/2024\/10\/kolme-1-1024x225-1-768x169.png 768w\" sizes=\"auto, (max-width: 1024px) 100vw, 1024px\" \/><\/figure>\n\n\n\n<p><a href=\"https:\/\/files.readme.io\/ce74de1-3_important_buttons2.png\" target=\"_blank\" rel=\"noopener\"><\/a><\/p>\n\n\n\n<p><\/p>\n\n\n\n<p><strong>Osion lis\u00e4\u00e4minen sivulle.<\/strong><\/p>\n\n\n\n<p>Lis\u00e4t\u00e4ksesi osion sivustoille:<\/p>\n\n\n\n<p>1. Paina&nbsp;<strong>Lis\u00e4\u00e4 sis\u00e4lt\u00f6\u00e4<\/strong>&nbsp;painiketta.<\/p>\n\n\n\n<figure class=\"wp-block-image size-full\"><img loading=\"lazy\" decoding=\"async\" width=\"1024\" height=\"227\" src=\"https:\/\/www.zoner.fi\/tuki\/wp-content\/uploads\/2024\/10\/sisalto-1-1024x227-2.png\" alt=\"\" class=\"wp-image-133735\" srcset=\"https:\/\/www.zoner.fi\/tuki\/wp-content\/uploads\/2024\/10\/sisalto-1-1024x227-2.png 1024w, https:\/\/www.zoner.fi\/tuki\/wp-content\/uploads\/2024\/10\/sisalto-1-1024x227-2-300x67.png 300w, https:\/\/www.zoner.fi\/tuki\/wp-content\/uploads\/2024\/10\/sisalto-1-1024x227-2-768x170.png 768w\" sizes=\"auto, (max-width: 1024px) 100vw, 1024px\" \/><\/figure>\n\n\n\n<p><a href=\"https:\/\/files.readme.io\/3d822bd-editor___button.png\" target=\"_blank\" rel=\"noopener\"><\/a><\/p>\n\n\n\n<p><em>Lis\u00e4\u00e4 osio painike<\/em><\/p>\n\n\n\n<p>2. Valitse <strong>&#8221;Lis\u00e4\u00e4 Osio&#8221;<\/strong>.<\/p>\n\n\n\n<figure class=\"wp-block-image size-full\"><img loading=\"lazy\" decoding=\"async\" width=\"1024\" height=\"233\" src=\"https:\/\/www.zoner.fi\/tuki\/wp-content\/uploads\/2024\/10\/sisalto2-1-1024x233-3.png\" alt=\"\" class=\"wp-image-133736\" srcset=\"https:\/\/www.zoner.fi\/tuki\/wp-content\/uploads\/2024\/10\/sisalto2-1-1024x233-3.png 1024w, https:\/\/www.zoner.fi\/tuki\/wp-content\/uploads\/2024\/10\/sisalto2-1-1024x233-3-300x68.png 300w, https:\/\/www.zoner.fi\/tuki\/wp-content\/uploads\/2024\/10\/sisalto2-1-1024x233-3-768x175.png 768w\" sizes=\"auto, (max-width: 1024px) 100vw, 1024px\" \/><\/figure>\n\n\n\n<p><a href=\"https:\/\/files.readme.io\/f6b6406-add_section.png\" target=\"_blank\" rel=\"noopener\"><\/a><\/p>\n\n\n\n<p><em>Lis\u00e4\u00e4 osio<\/em><\/p>\n\n\n\n<p>3. Valitse kohta johon haluat lis\u00e4t\u00e4 osion.<\/p>\n\n\n\n<figure class=\"wp-block-image size-full\"><img loading=\"lazy\" decoding=\"async\" width=\"1024\" height=\"305\" src=\"https:\/\/www.zoner.fi\/tuki\/wp-content\/uploads\/2024\/10\/sisalto3-1024x305-3.png\" alt=\"\" class=\"wp-image-133737\" srcset=\"https:\/\/www.zoner.fi\/tuki\/wp-content\/uploads\/2024\/10\/sisalto3-1024x305-3.png 1024w, https:\/\/www.zoner.fi\/tuki\/wp-content\/uploads\/2024\/10\/sisalto3-1024x305-3-300x89.png 300w, https:\/\/www.zoner.fi\/tuki\/wp-content\/uploads\/2024\/10\/sisalto3-1024x305-3-768x229.png 768w\" sizes=\"auto, (max-width: 1024px) 100vw, 1024px\" \/><\/figure>\n\n\n\n<p>4. Valitse osio, jonka haluat lis\u00e4t\u00e4<a href=\"https:\/\/files.readme.io\/a58011f-add_gallery_blurred.png\" target=\"_blank\" rel=\"noopener\"><\/a><\/p>\n\n\n\n<figure class=\"wp-block-image size-large\"><img decoding=\"async\" src=\"https:\/\/tuki.inmicsnebula.fi\/wp-content\/uploads\/2021\/09\/sisalto4-1024x362.png\" alt=\"\" class=\"wp-image-2468\"\/><\/figure>\n\n\n\n<p><em>Valitse osio<\/em><\/p>\n\n\n\n<p><strong>Osioiden siirt\u00e4minen<\/strong><\/p>\n\n\n\n<p>Osioiden siirt\u00e4minen tapahtuu siirt\u00e4mispainiketta raahaamalla. Siirtyv\u00e4 sis\u00e4lt\u00f6 on havaittavissa sinisen palkin sis\u00e4ll\u00e4.<\/p>\n\n\n\n<figure class=\"wp-block-image size-full\"><img loading=\"lazy\" decoding=\"async\" width=\"1024\" height=\"440\" src=\"https:\/\/www.zoner.fi\/tuki\/wp-content\/uploads\/2024\/10\/Siirto-1024x440-2.png\" alt=\"\" class=\"wp-image-133740\" srcset=\"https:\/\/www.zoner.fi\/tuki\/wp-content\/uploads\/2024\/10\/Siirto-1024x440-2.png 1024w, https:\/\/www.zoner.fi\/tuki\/wp-content\/uploads\/2024\/10\/Siirto-1024x440-2-300x129.png 300w, https:\/\/www.zoner.fi\/tuki\/wp-content\/uploads\/2024\/10\/Siirto-1024x440-2-768x330.png 768w\" sizes=\"auto, (max-width: 1024px) 100vw, 1024px\" \/><\/figure>\n\n\n\n<p><em>Osion siirt\u00e4minen<\/em><\/p>\n\n\n\n<p><a href=\"https:\/\/files.readme.io\/d5f17bf-move_section_blurred.png\" target=\"_blank\" rel=\"noopener\"><\/a><\/p>\n\n\n\n<p><strong>Osioiden ulkoasun muokkaaminen<\/strong><\/p>\n\n\n\n<p>Osion ulkoasua voi muokata vasemmassa reunassa olevan painikkeen avulla.<\/p>\n\n\n\n<figure class=\"wp-block-image size-full\"><img loading=\"lazy\" decoding=\"async\" width=\"1024\" height=\"446\" src=\"https:\/\/www.zoner.fi\/tuki\/wp-content\/uploads\/2024\/10\/ulkoasu-1024x446-1.png\" alt=\"\" class=\"wp-image-133741\" srcset=\"https:\/\/www.zoner.fi\/tuki\/wp-content\/uploads\/2024\/10\/ulkoasu-1024x446-1.png 1024w, https:\/\/www.zoner.fi\/tuki\/wp-content\/uploads\/2024\/10\/ulkoasu-1024x446-1-300x131.png 300w, https:\/\/www.zoner.fi\/tuki\/wp-content\/uploads\/2024\/10\/ulkoasu-1024x446-1-768x335.png 768w\" sizes=\"auto, (max-width: 1024px) 100vw, 1024px\" \/><\/figure>\n\n\n\n<p><em>Osioiden ulkoasun muokkaaminen<\/em><\/p>\n\n\n\n<p><\/p>\n\n\n\n<p><strong>Sivuston julkaisu<\/strong><\/p>\n\n\n\n<p>Kun sivusto on julkaistu, tulee se n\u00e4kyviin verkkoon asetetulla www. -osoitteella. Jos sivustoa muutetaan, tulee sivu my\u00f6s julkaista uudestaan, jotta muutokset n\u00e4kyv\u00e4t my\u00f6s verkossa.&nbsp; <\/p>\n\n\n\n<p>Blogikirjoitukset julkaistaan automaattisesti, jolloin\nei tarvitse painaa erikseen julkaisupainiketta.<\/p>\n\n\n\n<p><\/p>\n","protected":false},"excerpt":{"rendered":"<p>T\u00e4rke\u00e4t painikkeet on merkitty alempana olevaan kuvaan numeroilla. Osion lis\u00e4\u00e4minen sivulle. Lis\u00e4t\u00e4ksesi osion sivustoille: 1. Paina&nbsp;Lis\u00e4\u00e4 sis\u00e4lt\u00f6\u00e4&nbsp;painiketta. Lis\u00e4\u00e4 osio painike 2. Valitse &#8221;Lis\u00e4\u00e4 Osio&#8221;. Lis\u00e4\u00e4 osio 3. Valitse kohta johon haluat lis\u00e4t\u00e4 osion. 4. Valitse osio, jonka haluat lis\u00e4t\u00e4 Valitse osio Osioiden siirt\u00e4minen Osioiden siirt\u00e4minen tapahtuu siirt\u00e4mispainiketta raahaamalla. Siirtyv\u00e4 sis\u00e4lt\u00f6 on havaittavissa sinisen palkin sis\u00e4ll\u00e4. &#8230; <a title=\"Kotisivu: Kolme t\u00e4rke\u00e4\u00e4 painiketta\" class=\"read-more\" href=\"https:\/\/www.zoner.fi\/tuki\/kotisivukone\/basekit\/kolme-tarkeaa-painiketta\/\" aria-label=\"Lue lis\u00e4\u00e4 aiheesta Kotisivu: Kolme t\u00e4rke\u00e4\u00e4 painiketta\">Lue lis\u00e4\u00e4<\/a><\/p>\n","protected":false},"author":48,"featured_media":0,"parent":137592,"menu_order":0,"comment_status":"closed","ping_status":"closed","template":"","meta":{"_relevanssi_hide_post":"","_relevanssi_hide_content":"","_relevanssi_pin_for_all":"","_relevanssi_pin_keywords":"","_relevanssi_unpin_keywords":"","_relevanssi_related_keywords":"","_relevanssi_related_include_ids":"","_relevanssi_related_exclude_ids":"","_relevanssi_related_no_append":"","_relevanssi_related_not_related":"","_relevanssi_related_posts":"130553,130964,130667,130412,131506,130273","_relevanssi_noindex_reason":"","footnotes":""},"categories":[222],"tags":[158],"wf_page_folders":[],"class_list":{"0":"post-132620","1":"page","2":"type-page","3":"status-publish","5":"category-basekit","6":"tag-yleiset"},"_links":{"self":[{"href":"https:\/\/www.zoner.fi\/tuki\/wp-json\/wp\/v2\/pages\/132620","targetHints":{"allow":["GET"]}}],"collection":[{"href":"https:\/\/www.zoner.fi\/tuki\/wp-json\/wp\/v2\/pages"}],"about":[{"href":"https:\/\/www.zoner.fi\/tuki\/wp-json\/wp\/v2\/types\/page"}],"author":[{"embeddable":true,"href":"https:\/\/www.zoner.fi\/tuki\/wp-json\/wp\/v2\/users\/48"}],"replies":[{"embeddable":true,"href":"https:\/\/www.zoner.fi\/tuki\/wp-json\/wp\/v2\/comments?post=132620"}],"version-history":[{"count":4,"href":"https:\/\/www.zoner.fi\/tuki\/wp-json\/wp\/v2\/pages\/132620\/revisions"}],"predecessor-version":[{"id":137627,"href":"https:\/\/www.zoner.fi\/tuki\/wp-json\/wp\/v2\/pages\/132620\/revisions\/137627"}],"up":[{"embeddable":true,"href":"https:\/\/www.zoner.fi\/tuki\/wp-json\/wp\/v2\/pages\/137592"}],"wp:attachment":[{"href":"https:\/\/www.zoner.fi\/tuki\/wp-json\/wp\/v2\/media?parent=132620"}],"wp:term":[{"taxonomy":"category","embeddable":true,"href":"https:\/\/www.zoner.fi\/tuki\/wp-json\/wp\/v2\/categories?post=132620"},{"taxonomy":"post_tag","embeddable":true,"href":"https:\/\/www.zoner.fi\/tuki\/wp-json\/wp\/v2\/tags?post=132620"},{"taxonomy":"wf_page_folders","embeddable":true,"href":"https:\/\/www.zoner.fi\/tuki\/wp-json\/wp\/v2\/wf_page_folders?post=132620"}],"curies":[{"name":"wp","href":"https:\/\/api.w.org\/{rel}","templated":true}]}}