{"id":132622,"date":"2024-10-07T11:02:56","date_gmt":"2024-10-07T08:02:56","guid":{"rendered":"https:\/\/www.zoner.fi\/tuki\/?page_id=132622"},"modified":"2025-09-25T17:58:46","modified_gmt":"2025-09-25T14:58:46","slug":"sivun-kansion-lisaaminen","status":"publish","type":"page","link":"https:\/\/www.zoner.fi\/tuki\/kotisivukone\/basekit\/sivun-kansion-lisaaminen\/","title":{"rendered":"Kotisivu: Sivun\/kansion lis\u00e4\u00e4minen"},"content":{"rendered":"\n<p>1. Avaa aluksi sivustovalikko \u201d<strong>Koti\u201d.<\/strong><\/p>\n\n\n\n<figure class=\"wp-block-image size-full is-resized\"><img loading=\"lazy\" decoding=\"async\" width=\"1024\" height=\"155\" src=\"https:\/\/www.zoner.fi\/tuki\/wp-content\/uploads\/2024\/10\/Koti-2-1024x155-1.png\" alt=\"\" class=\"wp-image-133631\" style=\"width:1010px;height:154px\" srcset=\"https:\/\/www.zoner.fi\/tuki\/wp-content\/uploads\/2024\/10\/Koti-2-1024x155-1.png 1024w, https:\/\/www.zoner.fi\/tuki\/wp-content\/uploads\/2024\/10\/Koti-2-1024x155-1-300x45.png 300w, https:\/\/www.zoner.fi\/tuki\/wp-content\/uploads\/2024\/10\/Koti-2-1024x155-1-768x116.png 768w\" sizes=\"auto, (max-width: 1024px) 100vw, 1024px\" \/><\/figure>\n\n\n\n<p><a href=\"https:\/\/files.readme.io\/e171823-editor.png\" target=\"_blank\" rel=\"noopener\"><\/a><\/p>\n\n\n\n<p><em>Sivustovalikko<\/em><\/p>\n\n\n\n<p>2. Paina&nbsp;<strong>+<\/strong>&nbsp;painiketta.<\/p>\n\n\n\n<figure class=\"wp-block-image size-full is-resized\"><img loading=\"lazy\" decoding=\"async\" width=\"1024\" height=\"199\" src=\"https:\/\/www.zoner.fi\/tuki\/wp-content\/uploads\/2024\/10\/unnamed-file-1024x199-1.png\" alt=\"\" class=\"wp-image-133632\" style=\"width:1010px;height:198px\" srcset=\"https:\/\/www.zoner.fi\/tuki\/wp-content\/uploads\/2024\/10\/unnamed-file-1024x199-1.png 1024w, https:\/\/www.zoner.fi\/tuki\/wp-content\/uploads\/2024\/10\/unnamed-file-1024x199-1-300x58.png 300w, https:\/\/www.zoner.fi\/tuki\/wp-content\/uploads\/2024\/10\/unnamed-file-1024x199-1-768x149.png 768w\" sizes=\"auto, (max-width: 1024px) 100vw, 1024px\" \/><\/figure>\n\n\n\n<p><a href=\"https:\/\/files.readme.io\/72b0182-pages_and_styles.png\" target=\"_blank\" rel=\"noopener\"><\/a><\/p>\n\n\n\n<p><em>Lis\u00e4\u00e4 sivu<\/em><\/p>\n\n\n\n<p>3. Kirjoita sivuston otsikko&nbsp;<strong>\u201dSivun otsikko\u201d<\/strong>&nbsp;-kentt\u00e4\u00e4n ja valitse sivuston sijainti.<\/p>\n\n\n\n<p>4. Paina&nbsp;<strong>&#8221;Valmis&#8221;<\/strong>.<\/p>\n\n\n\n<figure class=\"wp-block-image size-full is-resized\"><img loading=\"lazy\" decoding=\"async\" width=\"1024\" height=\"267\" src=\"https:\/\/www.zoner.fi\/tuki\/wp-content\/uploads\/2024\/10\/uusi-sivu-1024x267-1.png\" alt=\"\" class=\"wp-image-133633\" style=\"width:1010px;height:264px\" srcset=\"https:\/\/www.zoner.fi\/tuki\/wp-content\/uploads\/2024\/10\/uusi-sivu-1024x267-1.png 1024w, https:\/\/www.zoner.fi\/tuki\/wp-content\/uploads\/2024\/10\/uusi-sivu-1024x267-1-300x78.png 300w, https:\/\/www.zoner.fi\/tuki\/wp-content\/uploads\/2024\/10\/uusi-sivu-1024x267-1-768x200.png 768w\" sizes=\"auto, (max-width: 1024px) 100vw, 1024px\" \/><\/figure>\n\n\n\n<p><a href=\"https:\/\/files.readme.io\/2df0d82-new_page.png\" target=\"_blank\" rel=\"noopener\"><\/a><\/p>\n\n\n\n<p><\/p>\n\n\n\n<p><strong>Kansion lis\u00e4\u00e4minen<\/strong><\/p>\n\n\n\n<p>1. Avaa aluksi sivustovalikko \u201d<strong>Koti\u201d.<\/strong><\/p>\n\n\n\n<figure class=\"wp-block-image size-full is-resized\"><img loading=\"lazy\" decoding=\"async\" width=\"1024\" height=\"155\" src=\"https:\/\/www.zoner.fi\/tuki\/wp-content\/uploads\/2024\/10\/Koti-2-1024x155-1-1.png\" alt=\"\" class=\"wp-image-133634\" style=\"width:1010px;height:153px\" srcset=\"https:\/\/www.zoner.fi\/tuki\/wp-content\/uploads\/2024\/10\/Koti-2-1024x155-1-1.png 1024w, https:\/\/www.zoner.fi\/tuki\/wp-content\/uploads\/2024\/10\/Koti-2-1024x155-1-1-300x45.png 300w, https:\/\/www.zoner.fi\/tuki\/wp-content\/uploads\/2024\/10\/Koti-2-1024x155-1-1-768x116.png 768w\" sizes=\"auto, (max-width: 1024px) 100vw, 1024px\" \/><\/figure>\n\n\n\n<p><a href=\"https:\/\/files.readme.io\/b9f8127-editor.png\" target=\"_blank\" rel=\"noopener\"><\/a><\/p>\n\n\n\n<p><em>Sivustovalikko<\/em><\/p>\n\n\n\n<p>2. Paina&nbsp;<strong>+<\/strong>&nbsp;painiketta.<\/p>\n\n\n\n<figure class=\"wp-block-image size-full is-resized\"><img loading=\"lazy\" decoding=\"async\" width=\"1024\" height=\"199\" src=\"https:\/\/www.zoner.fi\/tuki\/wp-content\/uploads\/2024\/10\/unnamed-file-1024x199-1-1.png\" alt=\"\" class=\"wp-image-133635\" style=\"width:1010px;height:197px\" srcset=\"https:\/\/www.zoner.fi\/tuki\/wp-content\/uploads\/2024\/10\/unnamed-file-1024x199-1-1.png 1024w, https:\/\/www.zoner.fi\/tuki\/wp-content\/uploads\/2024\/10\/unnamed-file-1024x199-1-1-300x58.png 300w, https:\/\/www.zoner.fi\/tuki\/wp-content\/uploads\/2024\/10\/unnamed-file-1024x199-1-1-768x149.png 768w\" sizes=\"auto, (max-width: 1024px) 100vw, 1024px\" \/><\/figure>\n\n\n\n<p><a href=\"https:\/\/files.readme.io\/4a3df0d-pages_and_styles.png\" target=\"_blank\" rel=\"noopener\"><\/a><\/p>\n\n\n\n<p><em>Lis\u00e4\u00e4 kansio<\/em><\/p>\n\n\n\n<p>3. Valitse&nbsp;<strong>&#8221;Uusi kansio&#8221;<\/strong>.<\/p>\n\n\n\n<p>4. Sy\u00f6t\u00e4 kansion otsikko&nbsp;<strong>&#8221;Kansion otsikko&#8221;<\/strong>&nbsp;kentt\u00e4\u00e4n.<\/p>\n\n\n\n<p>5. Voit halutessasi suojata kansion salasanalla valmitsemalla <strong>&#8221;Suojattu kansio&#8221;<\/strong> valinnan.<\/p>\n\n\n\n<p>6. Paina&nbsp;<strong>&#8221;Valmis&#8221; <\/strong>.<\/p>\n\n\n\n<figure class=\"wp-block-image size-full is-resized\"><img loading=\"lazy\" decoding=\"async\" width=\"1024\" height=\"263\" src=\"https:\/\/www.zoner.fi\/tuki\/wp-content\/uploads\/2024\/10\/uusikansio-1024x263-1.png\" alt=\"\" class=\"wp-image-133636\" style=\"width:1010px;height:259px\" srcset=\"https:\/\/www.zoner.fi\/tuki\/wp-content\/uploads\/2024\/10\/uusikansio-1024x263-1.png 1024w, https:\/\/www.zoner.fi\/tuki\/wp-content\/uploads\/2024\/10\/uusikansio-1024x263-1-300x77.png 300w, https:\/\/www.zoner.fi\/tuki\/wp-content\/uploads\/2024\/10\/uusikansio-1024x263-1-768x197.png 768w\" sizes=\"auto, (max-width: 1024px) 100vw, 1024px\" \/><\/figure>\n\n\n\n<p><a href=\"https:\/\/files.readme.io\/28525e5-new_folder.png\" target=\"_blank\" rel=\"noopener\"><\/a><\/p>\n\n\n\n<p><em>Uusi kansio<\/em><\/p>\n\n\n\n<p><strong>Lis\u00e4\u00e4 sivu kansioon<\/strong><\/p>\n\n\n\n<p>1. Avaa aluksi sivustovalikko \u201d<strong>Koti\u201d.<\/strong><\/p>\n\n\n\n<figure class=\"wp-block-image size-full is-resized\"><img loading=\"lazy\" decoding=\"async\" width=\"1024\" height=\"155\" src=\"https:\/\/www.zoner.fi\/tuki\/wp-content\/uploads\/2024\/10\/Koti-2-1024x155-2.png\" alt=\"\" class=\"wp-image-133637\" style=\"width:1010px;height:153px\" srcset=\"https:\/\/www.zoner.fi\/tuki\/wp-content\/uploads\/2024\/10\/Koti-2-1024x155-2.png 1024w, https:\/\/www.zoner.fi\/tuki\/wp-content\/uploads\/2024\/10\/Koti-2-1024x155-2-300x45.png 300w, https:\/\/www.zoner.fi\/tuki\/wp-content\/uploads\/2024\/10\/Koti-2-1024x155-2-768x116.png 768w\" sizes=\"auto, (max-width: 1024px) 100vw, 1024px\" \/><\/figure>\n\n\n\n<p><a href=\"https:\/\/files.readme.io\/b950ecb-editor.png\" target=\"_blank\" rel=\"noopener\"><\/a><\/p>\n\n\n\n<p><em>Sivustovalikko<\/em><\/p>\n\n\n\n<p>2. Paina&nbsp;<strong>+<\/strong>&nbsp;painiketta.<\/p>\n\n\n\n<figure class=\"wp-block-image size-full is-resized\"><img loading=\"lazy\" decoding=\"async\" width=\"1024\" height=\"199\" src=\"https:\/\/www.zoner.fi\/tuki\/wp-content\/uploads\/2024\/10\/unnamed-file-1024x199-2.png\" alt=\"\" class=\"wp-image-133638\" style=\"width:1010px;height:197px\" srcset=\"https:\/\/www.zoner.fi\/tuki\/wp-content\/uploads\/2024\/10\/unnamed-file-1024x199-2.png 1024w, https:\/\/www.zoner.fi\/tuki\/wp-content\/uploads\/2024\/10\/unnamed-file-1024x199-2-300x58.png 300w, https:\/\/www.zoner.fi\/tuki\/wp-content\/uploads\/2024\/10\/unnamed-file-1024x199-2-768x149.png 768w\" sizes=\"auto, (max-width: 1024px) 100vw, 1024px\" \/><\/figure>\n\n\n\n<p><a href=\"https:\/\/files.readme.io\/e29949e-pages_and_styles.png\" target=\"_blank\" rel=\"noopener\"><\/a><\/p>\n\n\n\n<p><em>Lis\u00e4\u00e4 sivu<\/em><\/p>\n\n\n\n<p>3. Lis\u00e4\u00e4 otsikko&nbsp;<strong>&#8221;Sivun otsikko&#8221;<\/strong>&nbsp;kentt\u00e4\u00e4n.<\/p>\n\n\n\n<p>4. <strong>&#8221;Sijainti&#8221;<\/strong>&nbsp;kent\u00e4ss\u00e4 voit valita haluamasi kansion. Huom. kansio pit\u00e4\u00e4 ensin luoda.<\/p>\n\n\n\n<p>5. Paina&nbsp;lopuksi <strong>&#8221;Valmis&#8221;.<\/strong><\/p>\n\n\n\n<figure class=\"wp-block-image size-full is-resized\"><img loading=\"lazy\" decoding=\"async\" width=\"1024\" height=\"279\" src=\"https:\/\/www.zoner.fi\/tuki\/wp-content\/uploads\/2024\/10\/kansiosivu-1024x279-1.png\" alt=\"\" class=\"wp-image-133639\" style=\"width:1010px;height:274px\" srcset=\"https:\/\/www.zoner.fi\/tuki\/wp-content\/uploads\/2024\/10\/kansiosivu-1024x279-1.png 1024w, https:\/\/www.zoner.fi\/tuki\/wp-content\/uploads\/2024\/10\/kansiosivu-1024x279-1-300x82.png 300w, https:\/\/www.zoner.fi\/tuki\/wp-content\/uploads\/2024\/10\/kansiosivu-1024x279-1-768x209.png 768w\" sizes=\"auto, (max-width: 1024px) 100vw, 1024px\" \/><\/figure>\n\n\n\n<p><a href=\"https:\/\/files.readme.io\/006b874-add_page_to_folder.png\" target=\"_blank\" rel=\"noopener\"><\/a><\/p>\n\n\n\n<p><em>Lis\u00e4\u00e4 sivu kansioon<\/em><\/p>\n\n\n\n<p><strong>Sivun piilottaminen<\/strong><\/p>\n\n\n\n<ol class=\"wp-block-list\">\n<li>Avaa aluksi sivustovalikko \u201d<strong>Koti\u201d.<\/strong><\/li>\n<\/ol>\n\n\n\n<figure class=\"wp-block-image size-full is-resized\"><img loading=\"lazy\" decoding=\"async\" width=\"1024\" height=\"155\" src=\"https:\/\/www.zoner.fi\/tuki\/wp-content\/uploads\/2024\/10\/Koti-2-1024x155-3.png\" alt=\"\" class=\"wp-image-133640\" style=\"width:1010px;height:152px\" srcset=\"https:\/\/www.zoner.fi\/tuki\/wp-content\/uploads\/2024\/10\/Koti-2-1024x155-3.png 1024w, https:\/\/www.zoner.fi\/tuki\/wp-content\/uploads\/2024\/10\/Koti-2-1024x155-3-300x45.png 300w, https:\/\/www.zoner.fi\/tuki\/wp-content\/uploads\/2024\/10\/Koti-2-1024x155-3-768x116.png 768w\" sizes=\"auto, (max-width: 1024px) 100vw, 1024px\" \/><\/figure>\n\n\n\n<p><a href=\"https:\/\/files.readme.io\/7290dd6-editor.png\" target=\"_blank\" rel=\"noopener\"><\/a><\/p>\n\n\n\n<p><em>Sivustovalikko<\/em><\/p>\n\n\n\n<p>2. Paina&nbsp;Lis\u00e4\u00e4 painiketta<strong> ( \u22ee )<\/strong>&nbsp;sen sivun kohdalta, jonka haluat piilottaa.<\/p>\n\n\n\n<p>3. Valitse&nbsp;<strong>&#8221;Muokkaa sivuasetuksia&#8221; <\/strong>&nbsp;pudotusvalikosta.<\/p>\n\n\n\n<figure class=\"wp-block-image size-full is-resized\"><img loading=\"lazy\" decoding=\"async\" width=\"1024\" height=\"291\" src=\"https:\/\/www.zoner.fi\/tuki\/wp-content\/uploads\/2024\/10\/sivuasetukset-1024x291-1.png\" alt=\"\" class=\"wp-image-133641\" style=\"width:1010px;height:283px\" srcset=\"https:\/\/www.zoner.fi\/tuki\/wp-content\/uploads\/2024\/10\/sivuasetukset-1024x291-1.png 1024w, https:\/\/www.zoner.fi\/tuki\/wp-content\/uploads\/2024\/10\/sivuasetukset-1024x291-1-300x85.png 300w, https:\/\/www.zoner.fi\/tuki\/wp-content\/uploads\/2024\/10\/sivuasetukset-1024x291-1-768x218.png 768w\" sizes=\"auto, (max-width: 1024px) 100vw, 1024px\" \/><\/figure>\n\n\n\n<p><a href=\"https:\/\/files.readme.io\/b9d1aee-more_button_on_pages.png\" target=\"_blank\" rel=\"noopener\"><\/a><\/p>\n\n\n\n<p><em>Edit page settings<\/em><\/p>\n\n\n\n<p>4. Paina&nbsp;<strong>&#8221;Piilotettu navigaatiosta&#8221;<\/strong>&nbsp;-vipua.<\/p>\n\n\n\n<p>5. Paina&nbsp;lopuksi  <strong>&#8221;Valmis&#8221;.<\/strong><\/p>\n\n\n\n<figure class=\"wp-block-image size-full is-resized\"><img loading=\"lazy\" decoding=\"async\" width=\"1024\" height=\"376\" src=\"https:\/\/www.zoner.fi\/tuki\/wp-content\/uploads\/2024\/10\/piilotettu-1024x376-1.png\" alt=\"\" class=\"wp-image-133642\" style=\"width:1010px;height:371px\" srcset=\"https:\/\/www.zoner.fi\/tuki\/wp-content\/uploads\/2024\/10\/piilotettu-1024x376-1.png 1024w, https:\/\/www.zoner.fi\/tuki\/wp-content\/uploads\/2024\/10\/piilotettu-1024x376-1-300x110.png 300w, https:\/\/www.zoner.fi\/tuki\/wp-content\/uploads\/2024\/10\/piilotettu-1024x376-1-768x282.png 768w\" sizes=\"auto, (max-width: 1024px) 100vw, 1024px\" \/><\/figure>\n\n\n\n<p><a href=\"https:\/\/files.readme.io\/cd089ab-hidden_page.png\" target=\"_blank\" rel=\"noopener\"><\/a><\/p>\n\n\n\n<p><em>Piilotettu navigaatiosta.<\/em><\/p>\n\n\n\n<p><strong>Sivustojen ja kansioiden j\u00e4rjest\u00e4minen<\/strong><\/p>\n\n\n\n<p>1. Avaa aluksi sivustovalikko \u201d<strong>Koti\u201d.<\/strong><\/p>\n\n\n\n<figure class=\"wp-block-image size-full is-resized\"><img loading=\"lazy\" decoding=\"async\" width=\"1024\" height=\"155\" src=\"https:\/\/www.zoner.fi\/tuki\/wp-content\/uploads\/2024\/10\/Koti-2-1024x155-4.png\" alt=\"\" class=\"wp-image-133643\" style=\"width:1010px;height:153px\" srcset=\"https:\/\/www.zoner.fi\/tuki\/wp-content\/uploads\/2024\/10\/Koti-2-1024x155-4.png 1024w, https:\/\/www.zoner.fi\/tuki\/wp-content\/uploads\/2024\/10\/Koti-2-1024x155-4-300x45.png 300w, https:\/\/www.zoner.fi\/tuki\/wp-content\/uploads\/2024\/10\/Koti-2-1024x155-4-768x116.png 768w\" sizes=\"auto, (max-width: 1024px) 100vw, 1024px\" \/><\/figure>\n\n\n\n<p><a href=\"https:\/\/files.readme.io\/8d27f4a-editor.png\" target=\"_blank\" rel=\"noopener\"><\/a><\/p>\n\n\n\n<p>3. Paina&nbsp;\u201d<strong><strong>( \u22ee<strong><strong>\u22ee<\/strong><\/strong> )<\/strong>\u201d<\/strong>&nbsp;ja raahaa sivua\/kansiota yl\u00f6s tai alas. Sivut voi vet\u00e4\u00e4 my\u00f6s hakemistoihin ja niist\u00e4 pois samalla tavalla. <\/p>\n\n\n\n<p>4. Paina&nbsp;lopuksi <strong>&#8221;Valmis&#8221;<\/strong>&nbsp;ja tallenna.<\/p>\n\n\n\n<figure class=\"wp-block-image size-full is-resized\"><img loading=\"lazy\" decoding=\"async\" width=\"1024\" height=\"199\" src=\"https:\/\/www.zoner.fi\/tuki\/wp-content\/uploads\/2024\/10\/raahaa-1024x199-1.png\" alt=\"\" class=\"wp-image-133644\" style=\"width:1010px;height:196px\" srcset=\"https:\/\/www.zoner.fi\/tuki\/wp-content\/uploads\/2024\/10\/raahaa-1024x199-1.png 1024w, https:\/\/www.zoner.fi\/tuki\/wp-content\/uploads\/2024\/10\/raahaa-1024x199-1-300x58.png 300w, https:\/\/www.zoner.fi\/tuki\/wp-content\/uploads\/2024\/10\/raahaa-1024x199-1-768x149.png 768w\" sizes=\"auto, (max-width: 1024px) 100vw, 1024px\" \/><\/figure>\n\n\n\n<p><a href=\"https:\/\/files.readme.io\/8b9fd2f-move_pages.png\" target=\"_blank\" rel=\"noopener\"><\/a><\/p>\n\n\n\n<p><em>Sivujen uudelleenj\u00e4rjest\u00e4minen<\/em><\/p>\n","protected":false},"excerpt":{"rendered":"<p>1. Avaa aluksi sivustovalikko \u201dKoti\u201d. Sivustovalikko 2. Paina&nbsp;+&nbsp;painiketta. Lis\u00e4\u00e4 sivu 3. Kirjoita sivuston otsikko&nbsp;\u201dSivun otsikko\u201d&nbsp;-kentt\u00e4\u00e4n ja valitse sivuston sijainti. 4. Paina&nbsp;&#8221;Valmis&#8221;. Kansion lis\u00e4\u00e4minen 1. Avaa aluksi sivustovalikko \u201dKoti\u201d. Sivustovalikko 2. Paina&nbsp;+&nbsp;painiketta. Lis\u00e4\u00e4 kansio 3. Valitse&nbsp;&#8221;Uusi kansio&#8221;. 4. Sy\u00f6t\u00e4 kansion otsikko&nbsp;&#8221;Kansion otsikko&#8221;&nbsp;kentt\u00e4\u00e4n. 5. Voit halutessasi suojata kansion salasanalla valmitsemalla &#8221;Suojattu kansio&#8221; valinnan. 6. Paina&nbsp;&#8221;Valmis&#8221; . Uusi &#8230; <a title=\"Kotisivu: Sivun\/kansion lis\u00e4\u00e4minen\" class=\"read-more\" href=\"https:\/\/www.zoner.fi\/tuki\/kotisivukone\/basekit\/sivun-kansion-lisaaminen\/\" aria-label=\"Lue lis\u00e4\u00e4 aiheesta Kotisivu: Sivun\/kansion lis\u00e4\u00e4minen\">Lue lis\u00e4\u00e4<\/a><\/p>\n","protected":false},"author":48,"featured_media":0,"parent":137592,"menu_order":0,"comment_status":"closed","ping_status":"closed","template":"","meta":{"_relevanssi_hide_post":"","_relevanssi_hide_content":"","_relevanssi_pin_for_all":"","_relevanssi_pin_keywords":"","_relevanssi_unpin_keywords":"","_relevanssi_related_keywords":"","_relevanssi_related_include_ids":"","_relevanssi_related_exclude_ids":"","_relevanssi_related_no_append":"","_relevanssi_related_not_related":"","_relevanssi_related_posts":"131384,132244,132336,130424,132393,130865","_relevanssi_noindex_reason":"","footnotes":""},"categories":[222],"tags":[158],"wf_page_folders":[],"class_list":{"0":"post-132622","1":"page","2":"type-page","3":"status-publish","5":"category-basekit","6":"tag-yleiset"},"_links":{"self":[{"href":"https:\/\/www.zoner.fi\/tuki\/wp-json\/wp\/v2\/pages\/132622","targetHints":{"allow":["GET"]}}],"collection":[{"href":"https:\/\/www.zoner.fi\/tuki\/wp-json\/wp\/v2\/pages"}],"about":[{"href":"https:\/\/www.zoner.fi\/tuki\/wp-json\/wp\/v2\/types\/page"}],"author":[{"embeddable":true,"href":"https:\/\/www.zoner.fi\/tuki\/wp-json\/wp\/v2\/users\/48"}],"replies":[{"embeddable":true,"href":"https:\/\/www.zoner.fi\/tuki\/wp-json\/wp\/v2\/comments?post=132622"}],"version-history":[{"count":4,"href":"https:\/\/www.zoner.fi\/tuki\/wp-json\/wp\/v2\/pages\/132622\/revisions"}],"predecessor-version":[{"id":137622,"href":"https:\/\/www.zoner.fi\/tuki\/wp-json\/wp\/v2\/pages\/132622\/revisions\/137622"}],"up":[{"embeddable":true,"href":"https:\/\/www.zoner.fi\/tuki\/wp-json\/wp\/v2\/pages\/137592"}],"wp:attachment":[{"href":"https:\/\/www.zoner.fi\/tuki\/wp-json\/wp\/v2\/media?parent=132622"}],"wp:term":[{"taxonomy":"category","embeddable":true,"href":"https:\/\/www.zoner.fi\/tuki\/wp-json\/wp\/v2\/categories?post=132622"},{"taxonomy":"post_tag","embeddable":true,"href":"https:\/\/www.zoner.fi\/tuki\/wp-json\/wp\/v2\/tags?post=132622"},{"taxonomy":"wf_page_folders","embeddable":true,"href":"https:\/\/www.zoner.fi\/tuki\/wp-json\/wp\/v2\/wf_page_folders?post=132622"}],"curies":[{"name":"wp","href":"https:\/\/api.w.org\/{rel}","templated":true}]}}