{"id":132624,"date":"2024-10-07T11:05:26","date_gmt":"2024-10-07T08:05:26","guid":{"rendered":"https:\/\/www.zoner.fi\/tuki\/?page_id=132624"},"modified":"2025-09-25T17:59:24","modified_gmt":"2025-09-25T14:59:24","slug":"tekstiosion-lisaaminen-sivulle","status":"publish","type":"page","link":"https:\/\/www.zoner.fi\/tuki\/kotisivukone\/basekit\/tekstiosion-lisaaminen-sivulle\/","title":{"rendered":"Kotisivu: Tekstiosion lis\u00e4\u00e4minen sivulle"},"content":{"rendered":"\n<p>1. Paina&nbsp;aluksi <strong>Lis\u00e4\u00e4 Sis\u00e4lt\u00f6\u00e4<\/strong>&nbsp;-painiketta.<\/p>\n\n\n\n<figure class=\"wp-block-image size-full\"><img loading=\"lazy\" decoding=\"async\" width=\"1024\" height=\"227\" src=\"https:\/\/www.zoner.fi\/tuki\/wp-content\/uploads\/2024\/10\/sisalto-2-1024x227-1.png\" alt=\"\" class=\"wp-image-133615\" srcset=\"https:\/\/www.zoner.fi\/tuki\/wp-content\/uploads\/2024\/10\/sisalto-2-1024x227-1.png 1024w, https:\/\/www.zoner.fi\/tuki\/wp-content\/uploads\/2024\/10\/sisalto-2-1024x227-1-300x67.png 300w, https:\/\/www.zoner.fi\/tuki\/wp-content\/uploads\/2024\/10\/sisalto-2-1024x227-1-768x170.png 768w\" sizes=\"auto, (max-width: 1024px) 100vw, 1024px\" \/><\/figure>\n\n\n\n<p><a href=\"https:\/\/files.readme.io\/a63df9f-editor___button.png\" target=\"_blank\" rel=\"noopener\"><\/a><\/p>\n\n\n\n<p><em>Osion lis\u00e4\u00e4minen<\/em><\/p>\n\n\n\n<p>2. Lis\u00e4\u00e4 osio painamalla <strong>Lis\u00e4\u00e4 osio<\/strong>.<\/p>\n\n\n\n<figure class=\"wp-block-image size-full\"><img loading=\"lazy\" decoding=\"async\" width=\"1024\" height=\"233\" src=\"https:\/\/www.zoner.fi\/tuki\/wp-content\/uploads\/2024\/10\/sisalto2-1-1024x233-1.png\" alt=\"\" class=\"wp-image-133616\" srcset=\"https:\/\/www.zoner.fi\/tuki\/wp-content\/uploads\/2024\/10\/sisalto2-1-1024x233-1.png 1024w, https:\/\/www.zoner.fi\/tuki\/wp-content\/uploads\/2024\/10\/sisalto2-1-1024x233-1-300x68.png 300w, https:\/\/www.zoner.fi\/tuki\/wp-content\/uploads\/2024\/10\/sisalto2-1-1024x233-1-768x175.png 768w\" sizes=\"auto, (max-width: 1024px) 100vw, 1024px\" \/><\/figure>\n\n\n\n<p><a href=\"https:\/\/files.readme.io\/c040917-add_section.png\" target=\"_blank\" rel=\"noopener\"><\/a><\/p>\n\n\n\n<p><em>Lis\u00e4\u00e4 osio<\/em><\/p>\n\n\n\n<p>3. Valitse kohta johon haluat tekstiosion lis\u00e4t\u00e4, jonka j\u00e4lkeen valitse <strong>Teksti<\/strong>. Valitse valikosta haluamasi asettelu tekstille.<\/p>\n\n\n\n<figure class=\"wp-block-image size-full\"><img loading=\"lazy\" decoding=\"async\" width=\"1024\" height=\"305\" src=\"https:\/\/www.zoner.fi\/tuki\/wp-content\/uploads\/2024\/10\/sisalto3-1024x305-1.png\" alt=\"\" class=\"wp-image-133617\" srcset=\"https:\/\/www.zoner.fi\/tuki\/wp-content\/uploads\/2024\/10\/sisalto3-1024x305-1.png 1024w, https:\/\/www.zoner.fi\/tuki\/wp-content\/uploads\/2024\/10\/sisalto3-1024x305-1-300x89.png 300w, https:\/\/www.zoner.fi\/tuki\/wp-content\/uploads\/2024\/10\/sisalto3-1024x305-1-768x229.png 768w\" sizes=\"auto, (max-width: 1024px) 100vw, 1024px\" \/><\/figure>\n\n\n\n<figure class=\"wp-block-image size-full\"><img loading=\"lazy\" decoding=\"async\" width=\"1024\" height=\"411\" src=\"https:\/\/www.zoner.fi\/tuki\/wp-content\/uploads\/2024\/10\/teksti-1024x411-1.png\" alt=\"\" class=\"wp-image-133618\" srcset=\"https:\/\/www.zoner.fi\/tuki\/wp-content\/uploads\/2024\/10\/teksti-1024x411-1.png 1024w, https:\/\/www.zoner.fi\/tuki\/wp-content\/uploads\/2024\/10\/teksti-1024x411-1-300x120.png 300w, https:\/\/www.zoner.fi\/tuki\/wp-content\/uploads\/2024\/10\/teksti-1024x411-1-768x308.png 768w\" sizes=\"auto, (max-width: 1024px) 100vw, 1024px\" \/><\/figure>\n\n\n\n<p><a href=\"https:\/\/files.readme.io\/d41fb12-select_text_blurred.png\" target=\"_blank\" rel=\"noopener\"><\/a><\/p>\n\n\n\n<p><em>Select text section<\/em><\/p>\n\n\n\n<p>4. Paina lis\u00e4\u00e4m\u00e4st\u00e4si tekstikent\u00e4st\u00e4, jota haluat muokata<\/p>\n\n\n\n<p>5. Kirjoita teksti.<\/p>\n\n\n\n<p>6. Tekstin muokkausty\u00f6kalut n\u00e4kyv\u00e4t tekstin yl\u00e4puolella.<\/p>\n\n\n\n<p>7. Paina&nbsp;lopuksi osion ulkopuolelta tallentaaksesi muutokset tekstikentt\u00e4\u00e4n.<\/p>\n\n\n\n<figure class=\"wp-block-image size-full\"><img loading=\"lazy\" decoding=\"async\" width=\"1024\" height=\"330\" src=\"https:\/\/www.zoner.fi\/tuki\/wp-content\/uploads\/2024\/10\/teksti2-1024x330-1.png\" alt=\"\" class=\"wp-image-133619\" srcset=\"https:\/\/www.zoner.fi\/tuki\/wp-content\/uploads\/2024\/10\/teksti2-1024x330-1.png 1024w, https:\/\/www.zoner.fi\/tuki\/wp-content\/uploads\/2024\/10\/teksti2-1024x330-1-300x97.png 300w, https:\/\/www.zoner.fi\/tuki\/wp-content\/uploads\/2024\/10\/teksti2-1024x330-1-768x248.png 768w\" sizes=\"auto, (max-width: 1024px) 100vw, 1024px\" \/><\/figure>\n\n\n\n<p><a href=\"https:\/\/files.readme.io\/e68afd8-Screen_Shot_2018-03-08_at_2.10.13_PM.png\" target=\"_blank\" rel=\"noopener\"><\/a><\/p>\n\n\n\n<p><em>Muokkaa teksti\u00e4<\/em><\/p>\n","protected":false},"excerpt":{"rendered":"<p>1. Paina&nbsp;aluksi Lis\u00e4\u00e4 Sis\u00e4lt\u00f6\u00e4&nbsp;-painiketta. Osion lis\u00e4\u00e4minen 2. Lis\u00e4\u00e4 osio painamalla Lis\u00e4\u00e4 osio. Lis\u00e4\u00e4 osio 3. Valitse kohta johon haluat tekstiosion lis\u00e4t\u00e4, jonka j\u00e4lkeen valitse Teksti. Valitse valikosta haluamasi asettelu tekstille. Select text section 4. Paina lis\u00e4\u00e4m\u00e4st\u00e4si tekstikent\u00e4st\u00e4, jota haluat muokata 5. Kirjoita teksti. 6. Tekstin muokkausty\u00f6kalut n\u00e4kyv\u00e4t tekstin yl\u00e4puolella. 7. Paina&nbsp;lopuksi osion ulkopuolelta tallentaaksesi muutokset &#8230; <a title=\"Kotisivu: Tekstiosion lis\u00e4\u00e4minen sivulle\" class=\"read-more\" href=\"https:\/\/www.zoner.fi\/tuki\/kotisivukone\/basekit\/tekstiosion-lisaaminen-sivulle\/\" aria-label=\"Lue lis\u00e4\u00e4 aiheesta Kotisivu: Tekstiosion lis\u00e4\u00e4minen sivulle\">Lue lis\u00e4\u00e4<\/a><\/p>\n","protected":false},"author":48,"featured_media":0,"parent":137592,"menu_order":0,"comment_status":"closed","ping_status":"closed","template":"","meta":{"_relevanssi_hide_post":"","_relevanssi_hide_content":"","_relevanssi_pin_for_all":"","_relevanssi_pin_keywords":"","_relevanssi_unpin_keywords":"","_relevanssi_related_keywords":"","_relevanssi_related_include_ids":"","_relevanssi_related_exclude_ids":"","_relevanssi_related_no_append":"","_relevanssi_related_not_related":"","_relevanssi_related_posts":"130440,130899,130450,132080,132072,131384","_relevanssi_noindex_reason":"","footnotes":""},"categories":[222],"tags":[158],"wf_page_folders":[],"class_list":{"0":"post-132624","1":"page","2":"type-page","3":"status-publish","5":"category-basekit","6":"tag-yleiset"},"_links":{"self":[{"href":"https:\/\/www.zoner.fi\/tuki\/wp-json\/wp\/v2\/pages\/132624","targetHints":{"allow":["GET"]}}],"collection":[{"href":"https:\/\/www.zoner.fi\/tuki\/wp-json\/wp\/v2\/pages"}],"about":[{"href":"https:\/\/www.zoner.fi\/tuki\/wp-json\/wp\/v2\/types\/page"}],"author":[{"embeddable":true,"href":"https:\/\/www.zoner.fi\/tuki\/wp-json\/wp\/v2\/users\/48"}],"replies":[{"embeddable":true,"href":"https:\/\/www.zoner.fi\/tuki\/wp-json\/wp\/v2\/comments?post=132624"}],"version-history":[{"count":4,"href":"https:\/\/www.zoner.fi\/tuki\/wp-json\/wp\/v2\/pages\/132624\/revisions"}],"predecessor-version":[{"id":137620,"href":"https:\/\/www.zoner.fi\/tuki\/wp-json\/wp\/v2\/pages\/132624\/revisions\/137620"}],"up":[{"embeddable":true,"href":"https:\/\/www.zoner.fi\/tuki\/wp-json\/wp\/v2\/pages\/137592"}],"wp:attachment":[{"href":"https:\/\/www.zoner.fi\/tuki\/wp-json\/wp\/v2\/media?parent=132624"}],"wp:term":[{"taxonomy":"category","embeddable":true,"href":"https:\/\/www.zoner.fi\/tuki\/wp-json\/wp\/v2\/categories?post=132624"},{"taxonomy":"post_tag","embeddable":true,"href":"https:\/\/www.zoner.fi\/tuki\/wp-json\/wp\/v2\/tags?post=132624"},{"taxonomy":"wf_page_folders","embeddable":true,"href":"https:\/\/www.zoner.fi\/tuki\/wp-json\/wp\/v2\/wf_page_folders?post=132624"}],"curies":[{"name":"wp","href":"https:\/\/api.w.org\/{rel}","templated":true}]}}