{"id":132626,"date":"2024-10-07T10:48:03","date_gmt":"2024-10-07T07:48:03","guid":{"rendered":"https:\/\/www.zoner.fi\/tuki\/?page_id=132626"},"modified":"2025-09-25T17:57:20","modified_gmt":"2025-09-25T14:57:20","slug":"kuvien-lisaaminen","status":"publish","type":"page","link":"https:\/\/www.zoner.fi\/tuki\/kotisivukone\/basekit\/kuvien-lisaaminen\/","title":{"rendered":"Kotisivu: Kuvien lis\u00e4\u00e4minen"},"content":{"rendered":"\n<p>1. Paina&nbsp;<strong>Lis\u00e4\u00e4 sis\u00e4lt\u00f6\u00e4<\/strong>&nbsp;painiketta.<\/p>\n\n\n\n<figure class=\"wp-block-image size-full\"><img loading=\"lazy\" decoding=\"async\" width=\"1024\" height=\"227\" src=\"https:\/\/www.zoner.fi\/tuki\/wp-content\/uploads\/2024\/10\/sisalto-1-1024x227-1.png\" alt=\"\" class=\"wp-image-133698\" srcset=\"https:\/\/www.zoner.fi\/tuki\/wp-content\/uploads\/2024\/10\/sisalto-1-1024x227-1.png 1024w, https:\/\/www.zoner.fi\/tuki\/wp-content\/uploads\/2024\/10\/sisalto-1-1024x227-1-300x67.png 300w, https:\/\/www.zoner.fi\/tuki\/wp-content\/uploads\/2024\/10\/sisalto-1-1024x227-1-768x170.png 768w\" sizes=\"auto, (max-width: 1024px) 100vw, 1024px\" \/><\/figure>\n\n\n\n<p><a href=\"https:\/\/files.readme.io\/bb009c3-editor___button.png\" target=\"_blank\" rel=\"noopener\"><\/a><\/p>\n\n\n\n<p><em>Osion lis\u00e4\u00e4minen<\/em><\/p>\n\n\n\n<p>2. Paina&nbsp;<strong>&#8221;Lis\u00e4\u00e4 osio&#8221;<\/strong>&nbsp;ja valitse kohta, johon haluat lis\u00e4t\u00e4 kuvan.<\/p>\n\n\n\n<figure class=\"wp-block-image size-full\"><img loading=\"lazy\" decoding=\"async\" width=\"1024\" height=\"233\" src=\"https:\/\/www.zoner.fi\/tuki\/wp-content\/uploads\/2024\/10\/sisalto2-1-1024x233-2.png\" alt=\"\" class=\"wp-image-133699\" srcset=\"https:\/\/www.zoner.fi\/tuki\/wp-content\/uploads\/2024\/10\/sisalto2-1-1024x233-2.png 1024w, https:\/\/www.zoner.fi\/tuki\/wp-content\/uploads\/2024\/10\/sisalto2-1-1024x233-2-300x68.png 300w, https:\/\/www.zoner.fi\/tuki\/wp-content\/uploads\/2024\/10\/sisalto2-1-1024x233-2-768x175.png 768w\" sizes=\"auto, (max-width: 1024px) 100vw, 1024px\" \/><\/figure>\n\n\n\n<figure class=\"wp-block-image size-full\"><img loading=\"lazy\" decoding=\"async\" width=\"1024\" height=\"305\" src=\"https:\/\/www.zoner.fi\/tuki\/wp-content\/uploads\/2024\/10\/sisalto3-1024x305-2.png\" alt=\"\" class=\"wp-image-133702\" srcset=\"https:\/\/www.zoner.fi\/tuki\/wp-content\/uploads\/2024\/10\/sisalto3-1024x305-2.png 1024w, https:\/\/www.zoner.fi\/tuki\/wp-content\/uploads\/2024\/10\/sisalto3-1024x305-2-300x89.png 300w, https:\/\/www.zoner.fi\/tuki\/wp-content\/uploads\/2024\/10\/sisalto3-1024x305-2-768x229.png 768w\" sizes=\"auto, (max-width: 1024px) 100vw, 1024px\" \/><\/figure>\n\n\n\n<p><a href=\"https:\/\/files.readme.io\/180dd54-add_section.png\" target=\"_blank\" rel=\"noopener\"><\/a><\/p>\n\n\n\n<p><em>Lis\u00e4\u00e4 osio<\/em><\/p>\n\n\n\n<p>3. Valitse haluamasi kuvaosio <strong>&#8221;Kuva&#8221;<\/strong>.<\/p>\n\n\n\n<figure class=\"wp-block-image size-full\"><img loading=\"lazy\" decoding=\"async\" width=\"1024\" height=\"269\" src=\"https:\/\/www.zoner.fi\/tuki\/wp-content\/uploads\/2024\/10\/kuva-1024x269-1.png\" alt=\"\" class=\"wp-image-133704\" srcset=\"https:\/\/www.zoner.fi\/tuki\/wp-content\/uploads\/2024\/10\/kuva-1024x269-1.png 1024w, https:\/\/www.zoner.fi\/tuki\/wp-content\/uploads\/2024\/10\/kuva-1024x269-1-300x79.png 300w, https:\/\/www.zoner.fi\/tuki\/wp-content\/uploads\/2024\/10\/kuva-1024x269-1-768x202.png 768w\" sizes=\"auto, (max-width: 1024px) 100vw, 1024px\" \/><\/figure>\n\n\n\n<p><a href=\"https:\/\/files.readme.io\/0df8302-add_image_blurred.png\" target=\"_blank\" rel=\"noopener\"><\/a><\/p>\n\n\n\n<p><em>Valitse kuva osio<\/em><\/p>\n\n\n\n<p>4. Paina haluamaasi kuvaa avataksesi kuva-asetukset. <\/p>\n\n\n\n<p>5. Paina&nbsp;<strong>&#8221;Lis\u00e4\u00e4 uusi kuva&#8221;.<\/strong> P\u00e4\u00e4set muokkaamaan kuvaa <strong>&#8221;Muokkaa kuvaa&#8221; <\/strong>painikkeen kautta.<\/p>\n\n\n\n<figure class=\"wp-block-image size-full\"><img loading=\"lazy\" decoding=\"async\" width=\"1024\" height=\"464\" src=\"https:\/\/www.zoner.fi\/tuki\/wp-content\/uploads\/2024\/10\/kuva2-1024x464-1.png\" alt=\"\" class=\"wp-image-133705\" srcset=\"https:\/\/www.zoner.fi\/tuki\/wp-content\/uploads\/2024\/10\/kuva2-1024x464-1.png 1024w, https:\/\/www.zoner.fi\/tuki\/wp-content\/uploads\/2024\/10\/kuva2-1024x464-1-300x136.png 300w, https:\/\/www.zoner.fi\/tuki\/wp-content\/uploads\/2024\/10\/kuva2-1024x464-1-768x348.png 768w\" sizes=\"auto, (max-width: 1024px) 100vw, 1024px\" \/><\/figure>\n\n\n\n<p><a href=\"https:\/\/files.readme.io\/ab5636b-change_image.png\" target=\"_blank\" rel=\"noopener\"><\/a><\/p>\n\n\n\n<p><em>Kuvan vaihtaminen<\/em><\/p>\n\n\n\n<p>6. Valitse ladattava kuva avautuvasta ikkunasta. <strong>&#8221;Lis\u00e4\u00e4 uusi kuva&#8221;<\/strong> saat ladattua kuvan palveluun sek\u00e4 <strong>&#8221;Uusi&#8221;<\/strong> osiosta l\u00f6yd\u00e4t viimeksi k\u00e4ytetyt kuvat.<\/p>\n\n\n\n<figure class=\"wp-block-image size-full\"><img loading=\"lazy\" decoding=\"async\" width=\"1024\" height=\"465\" src=\"https:\/\/www.zoner.fi\/tuki\/wp-content\/uploads\/2024\/10\/kuva3-1024x465-2.png\" alt=\"\" class=\"wp-image-133711\" srcset=\"https:\/\/www.zoner.fi\/tuki\/wp-content\/uploads\/2024\/10\/kuva3-1024x465-2.png 1024w, https:\/\/www.zoner.fi\/tuki\/wp-content\/uploads\/2024\/10\/kuva3-1024x465-2-300x136.png 300w, https:\/\/www.zoner.fi\/tuki\/wp-content\/uploads\/2024\/10\/kuva3-1024x465-2-768x349.png 768w\" sizes=\"auto, (max-width: 1024px) 100vw, 1024px\" \/><\/figure>\n\n\n\n<p><a href=\"https:\/\/files.readme.io\/9089069-upload_image.png\" target=\"_blank\" rel=\"noopener\"><\/a><\/p>\n\n\n\n<p><em>Valitse ladattava kuva<\/em><\/p>\n\n\n\n<p>7. Paina&nbsp;lopuksi <strong>&#8221;Tallenna<\/strong>&#8221;.<\/p>\n\n\n\n<figure class=\"wp-block-image size-full\"><img loading=\"lazy\" decoding=\"async\" width=\"1024\" height=\"469\" src=\"https:\/\/www.zoner.fi\/tuki\/wp-content\/uploads\/2024\/10\/kuva4-1024x469-1.png\" alt=\"\" class=\"wp-image-133712\" srcset=\"https:\/\/www.zoner.fi\/tuki\/wp-content\/uploads\/2024\/10\/kuva4-1024x469-1.png 1024w, https:\/\/www.zoner.fi\/tuki\/wp-content\/uploads\/2024\/10\/kuva4-1024x469-1-300x137.png 300w, https:\/\/www.zoner.fi\/tuki\/wp-content\/uploads\/2024\/10\/kuva4-1024x469-1-768x352.png 768w\" sizes=\"auto, (max-width: 1024px) 100vw, 1024px\" \/><\/figure>\n\n\n\n<p><em>Kuvan tallentaminen<\/em><\/p>\n\n\n\n<p><strong>Lis\u00e4\u00e4 galleria sivuille<\/strong><\/p>\n\n\n\n<p>1. Paina&nbsp;<strong>Lis\u00e4\u00e4 sis\u00e4lt\u00f6\u00e4<\/strong>&nbsp;painiketta.<\/p>\n\n\n\n<figure class=\"wp-block-image size-full\"><img loading=\"lazy\" decoding=\"async\" width=\"1024\" height=\"227\" src=\"https:\/\/www.zoner.fi\/tuki\/wp-content\/uploads\/2024\/10\/sisalto-1-1024x227-1-1.png\" alt=\"\" class=\"wp-image-133713\" srcset=\"https:\/\/www.zoner.fi\/tuki\/wp-content\/uploads\/2024\/10\/sisalto-1-1024x227-1-1.png 1024w, https:\/\/www.zoner.fi\/tuki\/wp-content\/uploads\/2024\/10\/sisalto-1-1024x227-1-1-300x67.png 300w, https:\/\/www.zoner.fi\/tuki\/wp-content\/uploads\/2024\/10\/sisalto-1-1024x227-1-1-768x170.png 768w\" sizes=\"auto, (max-width: 1024px) 100vw, 1024px\" \/><\/figure>\n\n\n\n<p><a href=\"https:\/\/files.readme.io\/be48227-editor___button.png\" target=\"_blank\" rel=\"noopener\"><\/a><\/p>\n\n\n\n<p><em>Osion lis\u00e4\u00e4minen<\/em><\/p>\n\n\n\n<p>2. Paina&nbsp;<strong>&#8221;Lis\u00e4\u00e4 osio&#8221;<\/strong>&nbsp;ja valitse haluamasi kohta.<\/p>\n\n\n\n<figure class=\"wp-block-image size-full\"><img loading=\"lazy\" decoding=\"async\" width=\"1024\" height=\"233\" src=\"https:\/\/www.zoner.fi\/tuki\/wp-content\/uploads\/2024\/10\/sisalto2-1-1024x233-1-1.png\" alt=\"\" class=\"wp-image-133714\" srcset=\"https:\/\/www.zoner.fi\/tuki\/wp-content\/uploads\/2024\/10\/sisalto2-1-1024x233-1-1.png 1024w, https:\/\/www.zoner.fi\/tuki\/wp-content\/uploads\/2024\/10\/sisalto2-1-1024x233-1-1-300x68.png 300w, https:\/\/www.zoner.fi\/tuki\/wp-content\/uploads\/2024\/10\/sisalto2-1-1024x233-1-1-768x175.png 768w\" sizes=\"auto, (max-width: 1024px) 100vw, 1024px\" \/><\/figure>\n\n\n\n<figure class=\"wp-block-image size-full\"><img loading=\"lazy\" decoding=\"async\" width=\"1024\" height=\"305\" src=\"https:\/\/www.zoner.fi\/tuki\/wp-content\/uploads\/2024\/10\/sisalto3-1024x305-1-1.png\" alt=\"\" class=\"wp-image-133715\" srcset=\"https:\/\/www.zoner.fi\/tuki\/wp-content\/uploads\/2024\/10\/sisalto3-1024x305-1-1.png 1024w, https:\/\/www.zoner.fi\/tuki\/wp-content\/uploads\/2024\/10\/sisalto3-1024x305-1-1-300x89.png 300w, https:\/\/www.zoner.fi\/tuki\/wp-content\/uploads\/2024\/10\/sisalto3-1024x305-1-1-768x229.png 768w\" sizes=\"auto, (max-width: 1024px) 100vw, 1024px\" \/><\/figure>\n\n\n\n<p><a href=\"https:\/\/files.readme.io\/15a6a20-add_section.png\" target=\"_blank\" rel=\"noopener\"><\/a><\/p>\n\n\n\n<p><em>Lis\u00e4\u00e4 osio<\/em><\/p>\n\n\n\n<p>3. Valitse haluamasi galleriaosio kohdasta <strong>&#8221;Galleria ja kuvaesitys&#8221;.<\/strong><\/p>\n\n\n\n<figure class=\"wp-block-image size-full\"><img loading=\"lazy\" decoding=\"async\" width=\"1024\" height=\"434\" src=\"https:\/\/www.zoner.fi\/tuki\/wp-content\/uploads\/2024\/10\/galleria-1024x434-1.png\" alt=\"\" class=\"wp-image-133716\" srcset=\"https:\/\/www.zoner.fi\/tuki\/wp-content\/uploads\/2024\/10\/galleria-1024x434-1.png 1024w, https:\/\/www.zoner.fi\/tuki\/wp-content\/uploads\/2024\/10\/galleria-1024x434-1-300x127.png 300w, https:\/\/www.zoner.fi\/tuki\/wp-content\/uploads\/2024\/10\/galleria-1024x434-1-768x326.png 768w\" sizes=\"auto, (max-width: 1024px) 100vw, 1024px\" \/><\/figure>\n\n\n\n<p><a href=\"https:\/\/files.readme.io\/fc1af9f-add_gallery_blurred.png\" target=\"_blank\" rel=\"noopener\"><\/a><\/p>\n\n\n\n<p><em>Valitse galleria<\/em><\/p>\n\n\n\n<p>4. Paina galleriaa avataksesi sen asetukset.<\/p>\n\n\n\n<p>5. Paina&nbsp;\u201c<strong>Manage images\u201d<\/strong>.<\/p>\n\n\n\n<figure class=\"wp-block-image size-full\"><img loading=\"lazy\" decoding=\"async\" width=\"1024\" height=\"452\" src=\"https:\/\/www.zoner.fi\/tuki\/wp-content\/uploads\/2024\/10\/galleria2-1024x452-1.png\" alt=\"\" class=\"wp-image-133717\" srcset=\"https:\/\/www.zoner.fi\/tuki\/wp-content\/uploads\/2024\/10\/galleria2-1024x452-1.png 1024w, https:\/\/www.zoner.fi\/tuki\/wp-content\/uploads\/2024\/10\/galleria2-1024x452-1-300x132.png 300w, https:\/\/www.zoner.fi\/tuki\/wp-content\/uploads\/2024\/10\/galleria2-1024x452-1-768x339.png 768w\" sizes=\"auto, (max-width: 1024px) 100vw, 1024px\" \/><\/figure>\n\n\n\n<p><a href=\"https:\/\/files.readme.io\/30e3ad6-gallery_settings.png\" target=\"_blank\" rel=\"noopener\"><\/a><\/p>\n\n\n\n<p><em>Kuvien muokkaaminen<\/em><\/p>\n\n\n\n<p>6. Paina&nbsp;\u201c<strong>Add images\u201d<\/strong><\/p>\n\n\n\n<figure class=\"wp-block-image size-full is-resized\"><img loading=\"lazy\" decoding=\"async\" width=\"1024\" height=\"530\" src=\"https:\/\/www.zoner.fi\/tuki\/wp-content\/uploads\/2024\/10\/kuva_galleria3-1024x530-1.png\" alt=\"\" class=\"wp-image-133718\" style=\"width:1024px;height:530px\" srcset=\"https:\/\/www.zoner.fi\/tuki\/wp-content\/uploads\/2024\/10\/kuva_galleria3-1024x530-1.png 1024w, https:\/\/www.zoner.fi\/tuki\/wp-content\/uploads\/2024\/10\/kuva_galleria3-1024x530-1-300x155.png 300w, https:\/\/www.zoner.fi\/tuki\/wp-content\/uploads\/2024\/10\/kuva_galleria3-1024x530-1-768x398.png 768w\" sizes=\"auto, (max-width: 1024px) 100vw, 1024px\" \/><\/figure>\n\n\n\n<p><a href=\"https:\/\/files.readme.io\/510d246-add_images_to_gallery.png\" target=\"_blank\" rel=\"noopener\"><\/a><\/p>\n\n\n\n<p><em>Kuvien lis\u00e4\u00e4minen galleriaan<\/em><\/p>\n\n\n\n<p>7. Lataa uudet kuvat tai k\u00e4yt\u00e4&nbsp;\u201d<strong>Uusi&#8221;<\/strong>&nbsp;valikkoa valitaksesi haluamasi kuvat ja paina&nbsp;<strong>&#8221;Lis\u00e4\u00e4 kuvia&#8221;<\/strong>.<\/p>\n\n\n\n<figure class=\"wp-block-image size-full\"><img loading=\"lazy\" decoding=\"async\" width=\"1024\" height=\"377\" src=\"https:\/\/www.zoner.fi\/tuki\/wp-content\/uploads\/2024\/10\/galleria3-1024x377-1.png\" alt=\"\" class=\"wp-image-133719\" srcset=\"https:\/\/www.zoner.fi\/tuki\/wp-content\/uploads\/2024\/10\/galleria3-1024x377-1.png 1024w, https:\/\/www.zoner.fi\/tuki\/wp-content\/uploads\/2024\/10\/galleria3-1024x377-1-300x110.png 300w, https:\/\/www.zoner.fi\/tuki\/wp-content\/uploads\/2024\/10\/galleria3-1024x377-1-768x283.png 768w\" sizes=\"auto, (max-width: 1024px) 100vw, 1024px\" \/><\/figure>\n\n\n\n<p><em>Valitse kuvat<\/em><\/p>\n\n\n\n<p>8. Galleriassa olevia kuvia voidaan siirt\u00e4\u00e4 raahaamalla niit\u00e4, jonka j\u00e4lkeen paina&nbsp;lopuksi <strong>&#8221;Valmis&#8221;.<\/strong> Kuvia saa poistettua <strong>&#8221;Remove image&#8221;<\/strong> painikkeella.<\/p>\n\n\n\n<figure class=\"wp-block-image size-full\"><img loading=\"lazy\" decoding=\"async\" width=\"1024\" height=\"365\" src=\"https:\/\/www.zoner.fi\/tuki\/wp-content\/uploads\/2024\/10\/galleria4-1024x365-1.png\" alt=\"\" class=\"wp-image-133720\" srcset=\"https:\/\/www.zoner.fi\/tuki\/wp-content\/uploads\/2024\/10\/galleria4-1024x365-1.png 1024w, https:\/\/www.zoner.fi\/tuki\/wp-content\/uploads\/2024\/10\/galleria4-1024x365-1-300x107.png 300w, https:\/\/www.zoner.fi\/tuki\/wp-content\/uploads\/2024\/10\/galleria4-1024x365-1-768x274.png 768w\" sizes=\"auto, (max-width: 1024px) 100vw, 1024px\" \/><\/figure>\n\n\n\n<p><em>Kuvien uudelleenj\u00e4rjest\u00e4minen<\/em><\/p>\n\n\n\n<p><strong>Lis\u00e4\u00e4 diaesitys<\/strong><\/p>\n\n\n\n<p>1. Paina&nbsp;<strong>Lis\u00e4\u00e4 sis\u00e4lt\u00f6\u00e4<\/strong>&nbsp;painiketta.<\/p>\n\n\n\n<figure class=\"wp-block-image size-full\"><img loading=\"lazy\" decoding=\"async\" width=\"1024\" height=\"227\" src=\"https:\/\/www.zoner.fi\/tuki\/wp-content\/uploads\/2024\/10\/sisalto-2-1024x227-2.png\" alt=\"\" class=\"wp-image-133721\" srcset=\"https:\/\/www.zoner.fi\/tuki\/wp-content\/uploads\/2024\/10\/sisalto-2-1024x227-2.png 1024w, https:\/\/www.zoner.fi\/tuki\/wp-content\/uploads\/2024\/10\/sisalto-2-1024x227-2-300x67.png 300w, https:\/\/www.zoner.fi\/tuki\/wp-content\/uploads\/2024\/10\/sisalto-2-1024x227-2-768x170.png 768w\" sizes=\"auto, (max-width: 1024px) 100vw, 1024px\" \/><\/figure>\n\n\n\n<p><a href=\"https:\/\/files.readme.io\/4a82d6b-editor___button.png\" target=\"_blank\" rel=\"noopener\"><\/a><\/p>\n\n\n\n<p><em>Osion lis\u00e4\u00e4minen<\/em><\/p>\n\n\n\n<p>2. Paina&nbsp;<strong>&#8221;Lis\u00e4\u00e4 Osio&#8221;<\/strong>&nbsp;ja valitse haluamasi kohta.<\/p>\n\n\n\n<figure class=\"wp-block-image size-full\"><img loading=\"lazy\" decoding=\"async\" width=\"1024\" height=\"233\" src=\"https:\/\/www.zoner.fi\/tuki\/wp-content\/uploads\/2024\/10\/sisalto2-1-1024x233-2-1.png\" alt=\"\" class=\"wp-image-133722\" srcset=\"https:\/\/www.zoner.fi\/tuki\/wp-content\/uploads\/2024\/10\/sisalto2-1-1024x233-2-1.png 1024w, https:\/\/www.zoner.fi\/tuki\/wp-content\/uploads\/2024\/10\/sisalto2-1-1024x233-2-1-300x68.png 300w, https:\/\/www.zoner.fi\/tuki\/wp-content\/uploads\/2024\/10\/sisalto2-1-1024x233-2-1-768x175.png 768w\" sizes=\"auto, (max-width: 1024px) 100vw, 1024px\" \/><\/figure>\n\n\n\n<figure class=\"wp-block-image size-full\"><img loading=\"lazy\" decoding=\"async\" width=\"1024\" height=\"305\" src=\"https:\/\/www.zoner.fi\/tuki\/wp-content\/uploads\/2024\/10\/sisalto3-1024x305-2-1.png\" alt=\"\" class=\"wp-image-133723\" srcset=\"https:\/\/www.zoner.fi\/tuki\/wp-content\/uploads\/2024\/10\/sisalto3-1024x305-2-1.png 1024w, https:\/\/www.zoner.fi\/tuki\/wp-content\/uploads\/2024\/10\/sisalto3-1024x305-2-1-300x89.png 300w, https:\/\/www.zoner.fi\/tuki\/wp-content\/uploads\/2024\/10\/sisalto3-1024x305-2-1-768x229.png 768w\" sizes=\"auto, (max-width: 1024px) 100vw, 1024px\" \/><\/figure>\n\n\n\n<p><em>Lis\u00e4\u00e4 osio<\/em><\/p>\n\n\n\n<p>3. Valitse haluamasi diaesitys <strong>&#8221;Galleria ja kuvaesitys<\/strong>\u201d. Kuvaesityksien malleissa on pienet nuolimerkit alareunassa. <\/p>\n\n\n\n<figure class=\"wp-block-image size-full\"><img loading=\"lazy\" decoding=\"async\" width=\"1024\" height=\"489\" src=\"https:\/\/www.zoner.fi\/tuki\/wp-content\/uploads\/2024\/10\/dia1-1024x489-1.png\" alt=\"\" class=\"wp-image-133724\" srcset=\"https:\/\/www.zoner.fi\/tuki\/wp-content\/uploads\/2024\/10\/dia1-1024x489-1.png 1024w, https:\/\/www.zoner.fi\/tuki\/wp-content\/uploads\/2024\/10\/dia1-1024x489-1-300x143.png 300w, https:\/\/www.zoner.fi\/tuki\/wp-content\/uploads\/2024\/10\/dia1-1024x489-1-768x367.png 768w\" sizes=\"auto, (max-width: 1024px) 100vw, 1024px\" \/><\/figure>\n\n\n\n<p><em>valitse diashow<\/em><\/p>\n\n\n\n<p><a href=\"https:\/\/files.readme.io\/402f934-add_slideshow_blurred.png\" target=\"_blank\" rel=\"noopener\"><\/a><\/p>\n\n\n\n<p>4. Paina osiota, jonka juuri lis\u00e4sit avataksesi asetukset.<\/p>\n\n\n\n<p>5. Diaesityksen asetuksista voit vaihtaa siirtymis-, kuva- ja n\u00e4ytt\u00f6asetuksia. Lis\u00e4t\u00e4ksesi kuvia paina \u201d<strong>Manage images\u201d.<\/strong><\/p>\n\n\n\n<figure class=\"wp-block-image size-full\"><img loading=\"lazy\" decoding=\"async\" width=\"1024\" height=\"473\" src=\"https:\/\/www.zoner.fi\/tuki\/wp-content\/uploads\/2024\/10\/dia2-1024x473-1.png\" alt=\"\" class=\"wp-image-133725\" srcset=\"https:\/\/www.zoner.fi\/tuki\/wp-content\/uploads\/2024\/10\/dia2-1024x473-1.png 1024w, https:\/\/www.zoner.fi\/tuki\/wp-content\/uploads\/2024\/10\/dia2-1024x473-1-300x139.png 300w, https:\/\/www.zoner.fi\/tuki\/wp-content\/uploads\/2024\/10\/dia2-1024x473-1-768x355.png 768w\" sizes=\"auto, (max-width: 1024px) 100vw, 1024px\" \/><\/figure>\n\n\n\n<p><em>avaa diashow asetukset<\/em><\/p>\n\n\n\n<p><a href=\"https:\/\/files.readme.io\/0f8e507-slideshow_image_icon.png\" target=\"_blank\" rel=\"noopener\"><\/a><\/p>\n\n\n\n<p>6. Paina&nbsp;\u201c<strong>Add images\u201d<\/strong>.<\/p>\n\n\n\n<figure class=\"wp-block-image size-full\"><img loading=\"lazy\" decoding=\"async\" width=\"1024\" height=\"451\" src=\"https:\/\/www.zoner.fi\/tuki\/wp-content\/uploads\/2024\/10\/dia3-1024x451-1.png\" alt=\"\" class=\"wp-image-133726\" srcset=\"https:\/\/www.zoner.fi\/tuki\/wp-content\/uploads\/2024\/10\/dia3-1024x451-1.png 1024w, https:\/\/www.zoner.fi\/tuki\/wp-content\/uploads\/2024\/10\/dia3-1024x451-1-300x132.png 300w, https:\/\/www.zoner.fi\/tuki\/wp-content\/uploads\/2024\/10\/dia3-1024x451-1-768x338.png 768w\" sizes=\"auto, (max-width: 1024px) 100vw, 1024px\" \/><\/figure>\n\n\n\n<p><em>Diashow asetukset<\/em><\/p>\n\n\n\n<p><a href=\"https:\/\/files.readme.io\/e527376-add_images_slideshow.png\" target=\"_blank\" rel=\"noopener\"><\/a><\/p>\n\n\n\n<p>7. Lataa uudet kuvat tai k\u00e4yt\u00e4&nbsp;\u201d<strong>Uusi&#8221;<\/strong>&nbsp;-valikkoa, josta l\u00f6yd\u00e4t viimeisimm\u00e4t kuvat.<\/p>\n\n\n\n<figure class=\"wp-block-image size-full\"><img loading=\"lazy\" decoding=\"async\" width=\"1024\" height=\"442\" src=\"https:\/\/www.zoner.fi\/tuki\/wp-content\/uploads\/2024\/10\/dia4-1024x442-1.png\" alt=\"\" class=\"wp-image-133731\" srcset=\"https:\/\/www.zoner.fi\/tuki\/wp-content\/uploads\/2024\/10\/dia4-1024x442-1.png 1024w, https:\/\/www.zoner.fi\/tuki\/wp-content\/uploads\/2024\/10\/dia4-1024x442-1-300x129.png 300w, https:\/\/www.zoner.fi\/tuki\/wp-content\/uploads\/2024\/10\/dia4-1024x442-1-768x332.png 768w\" sizes=\"auto, (max-width: 1024px) 100vw, 1024px\" \/><\/figure>\n\n\n\n<p><em>Kuvan lis\u00e4\u00e4mien<\/em><\/p>\n\n\n\n<p>Valitse haluamasi kuvat ja paina&nbsp;\u201d<strong>Lis\u00e4\u00e4 kuvia\u201d.<\/strong><\/p>\n\n\n\n<figure class=\"wp-block-image size-full\"><img loading=\"lazy\" decoding=\"async\" width=\"1024\" height=\"443\" src=\"https:\/\/www.zoner.fi\/tuki\/wp-content\/uploads\/2024\/10\/dia5-1024x443-2.png\" alt=\"\" class=\"wp-image-133730\" srcset=\"https:\/\/www.zoner.fi\/tuki\/wp-content\/uploads\/2024\/10\/dia5-1024x443-2.png 1024w, https:\/\/www.zoner.fi\/tuki\/wp-content\/uploads\/2024\/10\/dia5-1024x443-2-300x130.png 300w, https:\/\/www.zoner.fi\/tuki\/wp-content\/uploads\/2024\/10\/dia5-1024x443-2-768x332.png 768w\" sizes=\"auto, (max-width: 1024px) 100vw, 1024px\" \/><\/figure>\n\n\n\n<p><em>Valitse kuvat<\/em><\/p>\n\n\n\n<p>8. Galleriassa kuvia voidaan siirt\u00e4\u00e4 raahaamalla niit\u00e4, jonka j\u00e4lkeen paina&nbsp;lopuksi \u201d<strong>Valmis\u201d<\/strong>. <\/p>\n\n\n\n<p>Voit poistaa kuvia diaesityksest <strong>&#8221;Remove image&#8221; <\/strong>painikkeen avulla. Toiminto poistaa valitun kuvan esityksest\u00e4.<\/p>\n\n\n\n<figure class=\"wp-block-image size-full\"><img loading=\"lazy\" decoding=\"async\" width=\"1024\" height=\"458\" src=\"https:\/\/www.zoner.fi\/tuki\/wp-content\/uploads\/2024\/10\/dia6-1024x458-1.png\" alt=\"\" class=\"wp-image-133727\" srcset=\"https:\/\/www.zoner.fi\/tuki\/wp-content\/uploads\/2024\/10\/dia6-1024x458-1.png 1024w, https:\/\/www.zoner.fi\/tuki\/wp-content\/uploads\/2024\/10\/dia6-1024x458-1-300x134.png 300w, https:\/\/www.zoner.fi\/tuki\/wp-content\/uploads\/2024\/10\/dia6-1024x458-1-768x344.png 768w\" sizes=\"auto, (max-width: 1024px) 100vw, 1024px\" \/><\/figure>\n\n\n\n<p><a href=\"https:\/\/files.readme.io\/47a5f45-reorder_slideshow.png\" target=\"_blank\" rel=\"noopener\"><\/a><em>Kuvien uudelleenj\u00e4rjest\u00e4minen<\/em><\/p>\n","protected":false},"excerpt":{"rendered":"<p>1. Paina&nbsp;Lis\u00e4\u00e4 sis\u00e4lt\u00f6\u00e4&nbsp;painiketta. Osion lis\u00e4\u00e4minen 2. Paina&nbsp;&#8221;Lis\u00e4\u00e4 osio&#8221;&nbsp;ja valitse kohta, johon haluat lis\u00e4t\u00e4 kuvan. Lis\u00e4\u00e4 osio 3. Valitse haluamasi kuvaosio &#8221;Kuva&#8221;. Valitse kuva osio 4. Paina haluamaasi kuvaa avataksesi kuva-asetukset. 5. Paina&nbsp;&#8221;Lis\u00e4\u00e4 uusi kuva&#8221;. P\u00e4\u00e4set muokkaamaan kuvaa &#8221;Muokkaa kuvaa&#8221; painikkeen kautta. Kuvan vaihtaminen 6. Valitse ladattava kuva avautuvasta ikkunasta. &#8221;Lis\u00e4\u00e4 uusi kuva&#8221; saat ladattua kuvan &#8230; <a title=\"Kotisivu: Kuvien lis\u00e4\u00e4minen\" class=\"read-more\" href=\"https:\/\/www.zoner.fi\/tuki\/kotisivukone\/basekit\/kuvien-lisaaminen\/\" aria-label=\"Lue lis\u00e4\u00e4 aiheesta Kotisivu: Kuvien lis\u00e4\u00e4minen\">Lue lis\u00e4\u00e4<\/a><\/p>\n","protected":false},"author":48,"featured_media":0,"parent":137592,"menu_order":0,"comment_status":"closed","ping_status":"closed","template":"","meta":{"_relevanssi_hide_post":"","_relevanssi_hide_content":"","_relevanssi_pin_for_all":"","_relevanssi_pin_keywords":"","_relevanssi_unpin_keywords":"","_relevanssi_related_keywords":"","_relevanssi_related_include_ids":"","_relevanssi_related_exclude_ids":"","_relevanssi_related_no_append":"","_relevanssi_related_not_related":"","_relevanssi_related_posts":"130424,130269,130819,130526,132325,132278","_relevanssi_noindex_reason":"","footnotes":""},"categories":[222],"tags":[158],"wf_page_folders":[],"class_list":{"0":"post-132626","1":"page","2":"type-page","3":"status-publish","5":"category-basekit","6":"tag-yleiset"},"_links":{"self":[{"href":"https:\/\/www.zoner.fi\/tuki\/wp-json\/wp\/v2\/pages\/132626","targetHints":{"allow":["GET"]}}],"collection":[{"href":"https:\/\/www.zoner.fi\/tuki\/wp-json\/wp\/v2\/pages"}],"about":[{"href":"https:\/\/www.zoner.fi\/tuki\/wp-json\/wp\/v2\/types\/page"}],"author":[{"embeddable":true,"href":"https:\/\/www.zoner.fi\/tuki\/wp-json\/wp\/v2\/users\/48"}],"replies":[{"embeddable":true,"href":"https:\/\/www.zoner.fi\/tuki\/wp-json\/wp\/v2\/comments?post=132626"}],"version-history":[{"count":4,"href":"https:\/\/www.zoner.fi\/tuki\/wp-json\/wp\/v2\/pages\/132626\/revisions"}],"predecessor-version":[{"id":137626,"href":"https:\/\/www.zoner.fi\/tuki\/wp-json\/wp\/v2\/pages\/132626\/revisions\/137626"}],"up":[{"embeddable":true,"href":"https:\/\/www.zoner.fi\/tuki\/wp-json\/wp\/v2\/pages\/137592"}],"wp:attachment":[{"href":"https:\/\/www.zoner.fi\/tuki\/wp-json\/wp\/v2\/media?parent=132626"}],"wp:term":[{"taxonomy":"category","embeddable":true,"href":"https:\/\/www.zoner.fi\/tuki\/wp-json\/wp\/v2\/categories?post=132626"},{"taxonomy":"post_tag","embeddable":true,"href":"https:\/\/www.zoner.fi\/tuki\/wp-json\/wp\/v2\/tags?post=132626"},{"taxonomy":"wf_page_folders","embeddable":true,"href":"https:\/\/www.zoner.fi\/tuki\/wp-json\/wp\/v2\/wf_page_folders?post=132626"}],"curies":[{"name":"wp","href":"https:\/\/api.w.org\/{rel}","templated":true}]}}