{"id":132628,"date":"2024-10-07T11:01:18","date_gmt":"2024-10-07T08:01:18","guid":{"rendered":"https:\/\/www.zoner.fi\/tuki\/?page_id=132628"},"modified":"2025-09-25T17:58:34","modified_gmt":"2025-09-25T14:58:34","slug":"painoyksikot","status":"publish","type":"page","link":"https:\/\/www.zoner.fi\/tuki\/kotisivukone\/basekit\/painoyksikot\/","title":{"rendered":"Kotisivu: Painoyksik\u00f6t"},"content":{"rendered":"\n<p>Painoyksikk\u00f6j\u00e4 k\u00e4ytet\u00e4\u00e4n toimituksen hinnan m\u00e4\u00e4ritt\u00e4misess\u00e4.<\/p>\n\n\n\n<p>Kaupassa k\u00e4yt\u00f6ss\u00e4 olevan painoyksik\u00f6n muuttaminen:<\/p>\n\n\n\n<ol style=\"list-style-type:1\" class=\"wp-block-list\">\n<li>Paina vasemmasta yl\u00e4kulmasta <strong>\u201d\u2261\u201d.<\/strong><\/li>\n\n\n\n<li>Paina <strong>\u201dVerkkokauppa\u201d.<\/strong><\/li>\n<\/ol>\n\n\n\n<figure class=\"wp-block-image size-full\"><img loading=\"lazy\" decoding=\"async\" width=\"1024\" height=\"522\" src=\"https:\/\/www.zoner.fi\/tuki\/wp-content\/uploads\/2024\/10\/verkkokauppa-1024x522-1.png\" alt=\"\" class=\"wp-image-133648\" srcset=\"https:\/\/www.zoner.fi\/tuki\/wp-content\/uploads\/2024\/10\/verkkokauppa-1024x522-1.png 1024w, https:\/\/www.zoner.fi\/tuki\/wp-content\/uploads\/2024\/10\/verkkokauppa-1024x522-1-300x153.png 300w, https:\/\/www.zoner.fi\/tuki\/wp-content\/uploads\/2024\/10\/verkkokauppa-1024x522-1-768x392.png 768w\" sizes=\"auto, (max-width: 1024px) 100vw, 1024px\" \/><\/figure>\n\n\n\n<ol style=\"list-style-type:1\" class=\"wp-block-list\">\n<li>Paina <strong>\u201dKaupan asetukset\u201d.<\/strong><\/li>\n\n\n\n<li>Paina <strong>\u201dValuutta &amp; tietomuodot\u201d.<\/strong><\/li>\n\n\n\n<li>Valitse haluamasi painoyksikk\u00f6 pudotusvalikosta. <strong>&#8221;Painoyksikk\u00f6&#8221;.<\/strong><\/li>\n\n\n\n<li>Paina <strong>\u201dTallenna\u201d.<\/strong><\/li>\n<\/ol>\n\n\n\n<figure class=\"wp-block-image size-full is-resized\"><img loading=\"lazy\" decoding=\"async\" width=\"1024\" height=\"709\" src=\"https:\/\/www.zoner.fi\/tuki\/wp-content\/uploads\/2024\/10\/valuuttaeditori-1024x709-1.png\" alt=\"\" class=\"wp-image-133650\" style=\"width:1024px;height:709px\" srcset=\"https:\/\/www.zoner.fi\/tuki\/wp-content\/uploads\/2024\/10\/valuuttaeditori-1024x709-1.png 1024w, https:\/\/www.zoner.fi\/tuki\/wp-content\/uploads\/2024\/10\/valuuttaeditori-1024x709-1-300x208.png 300w, https:\/\/www.zoner.fi\/tuki\/wp-content\/uploads\/2024\/10\/valuuttaeditori-1024x709-1-768x532.png 768w\" sizes=\"auto, (max-width: 1024px) 100vw, 1024px\" \/><figcaption class=\"wp-element-caption\">Painoyksikk\u00f6<\/figcaption><\/figure>\n","protected":false},"excerpt":{"rendered":"<p>Painoyksikk\u00f6j\u00e4 k\u00e4ytet\u00e4\u00e4n toimituksen hinnan m\u00e4\u00e4ritt\u00e4misess\u00e4. Kaupassa k\u00e4yt\u00f6ss\u00e4 olevan painoyksik\u00f6n muuttaminen:<\/p>\n","protected":false},"author":48,"featured_media":0,"parent":137592,"menu_order":0,"comment_status":"closed","ping_status":"closed","template":"","meta":{"_relevanssi_hide_post":"","_relevanssi_hide_content":"","_relevanssi_pin_for_all":"","_relevanssi_pin_keywords":"","_relevanssi_unpin_keywords":"","_relevanssi_related_keywords":"","_relevanssi_related_include_ids":"","_relevanssi_related_exclude_ids":"","_relevanssi_related_no_append":"","_relevanssi_related_not_related":"","_relevanssi_related_posts":"130819,130498,130553,130964,130397,130865","_relevanssi_noindex_reason":"","footnotes":""},"categories":[222],"tags":[163],"wf_page_folders":[],"class_list":{"0":"post-132628","1":"page","2":"type-page","3":"status-publish","5":"category-basekit","6":"tag-verkkokauppa"},"_links":{"self":[{"href":"https:\/\/www.zoner.fi\/tuki\/wp-json\/wp\/v2\/pages\/132628","targetHints":{"allow":["GET"]}}],"collection":[{"href":"https:\/\/www.zoner.fi\/tuki\/wp-json\/wp\/v2\/pages"}],"about":[{"href":"https:\/\/www.zoner.fi\/tuki\/wp-json\/wp\/v2\/types\/page"}],"author":[{"embeddable":true,"href":"https:\/\/www.zoner.fi\/tuki\/wp-json\/wp\/v2\/users\/48"}],"replies":[{"embeddable":true,"href":"https:\/\/www.zoner.fi\/tuki\/wp-json\/wp\/v2\/comments?post=132628"}],"version-history":[{"count":4,"href":"https:\/\/www.zoner.fi\/tuki\/wp-json\/wp\/v2\/pages\/132628\/revisions"}],"predecessor-version":[{"id":137623,"href":"https:\/\/www.zoner.fi\/tuki\/wp-json\/wp\/v2\/pages\/132628\/revisions\/137623"}],"up":[{"embeddable":true,"href":"https:\/\/www.zoner.fi\/tuki\/wp-json\/wp\/v2\/pages\/137592"}],"wp:attachment":[{"href":"https:\/\/www.zoner.fi\/tuki\/wp-json\/wp\/v2\/media?parent=132628"}],"wp:term":[{"taxonomy":"category","embeddable":true,"href":"https:\/\/www.zoner.fi\/tuki\/wp-json\/wp\/v2\/categories?post=132628"},{"taxonomy":"post_tag","embeddable":true,"href":"https:\/\/www.zoner.fi\/tuki\/wp-json\/wp\/v2\/tags?post=132628"},{"taxonomy":"wf_page_folders","embeddable":true,"href":"https:\/\/www.zoner.fi\/tuki\/wp-json\/wp\/v2\/wf_page_folders?post=132628"}],"curies":[{"name":"wp","href":"https:\/\/api.w.org\/{rel}","templated":true}]}}