{"id":132632,"date":"2024-10-07T10:34:51","date_gmt":"2024-10-07T07:34:51","guid":{"rendered":"https:\/\/www.zoner.fi\/tuki\/?page_id=132632"},"modified":"2025-09-25T17:55:00","modified_gmt":"2025-09-25T14:55:00","slug":"kaupan-perustaminen","status":"publish","type":"page","link":"https:\/\/www.zoner.fi\/tuki\/kotisivukone\/basekit\/kaupan-perustaminen\/","title":{"rendered":"Kotisivu: Kaupan perustaminen"},"content":{"rendered":"\n<p class=\"has-medium-font-size\"><strong>Kaupan perustaminen<\/strong><\/p>\n\n\n\n<p>Paina <strong>&#8221;\u2261&#8221;<\/strong> painiketta ja valitse &nbsp;<strong>&#8221;Verkkokauppa&#8221;<\/strong><\/p>\n\n\n\n<figure class=\"wp-block-image size-full\"><img loading=\"lazy\" decoding=\"async\" width=\"1024\" height=\"522\" src=\"https:\/\/www.zoner.fi\/tuki\/wp-content\/uploads\/2024\/10\/Kaupan-perustaminen-1.png\" alt=\"\" class=\"wp-image-133950\" srcset=\"https:\/\/www.zoner.fi\/tuki\/wp-content\/uploads\/2024\/10\/Kaupan-perustaminen-1.png 1024w, https:\/\/www.zoner.fi\/tuki\/wp-content\/uploads\/2024\/10\/Kaupan-perustaminen-1-300x153.png 300w, https:\/\/www.zoner.fi\/tuki\/wp-content\/uploads\/2024\/10\/Kaupan-perustaminen-1-768x392.png 768w\" sizes=\"auto, (max-width: 1024px) 100vw, 1024px\" \/><\/figure>\n\n\n\n<p class=\"has-text-align-center\"><em>Kauppa<\/em><\/p>\n\n\n\n<p><a href=\"https:\/\/files.readme.io\/7ec860e-Store_icon_edited.png\" target=\"_blank\" rel=\"noopener\"><\/a>Ensimm\u00e4isell\u00e4 kerralla n\u00e4et&nbsp;<strong>&#8221;Verkkokaupan m\u00e4\u00e4ritt\u00e4minen&#8221;<\/strong>&nbsp;-ikkunan, joka ohjaa sinut kaupan perustamisvaiheen l\u00e4pi. M\u00e4\u00e4rit\u00e4 ikkunassa n\u00e4kyv\u00e4t osiot jonka j\u00e4lkeen kauppa on valmis julkaistavaksi.<\/p>\n\n\n\n<figure class=\"wp-block-image size-full is-resized\"><img loading=\"lazy\" decoding=\"async\" width=\"1024\" height=\"507\" src=\"https:\/\/www.zoner.fi\/tuki\/wp-content\/uploads\/2024\/10\/Kaupan-perustaminen-2.png\" alt=\"\" class=\"wp-image-133951\" style=\"width:1024px;height:507px\" srcset=\"https:\/\/www.zoner.fi\/tuki\/wp-content\/uploads\/2024\/10\/Kaupan-perustaminen-2.png 1024w, https:\/\/www.zoner.fi\/tuki\/wp-content\/uploads\/2024\/10\/Kaupan-perustaminen-2-300x149.png 300w, https:\/\/www.zoner.fi\/tuki\/wp-content\/uploads\/2024\/10\/Kaupan-perustaminen-2-768x380.png 768w\" sizes=\"auto, (max-width: 1024px) 100vw, 1024px\" \/><\/figure>\n\n\n\n<p class=\"has-text-align-center\"><em>Verkkokaupan m\u00e4\u00e4ritt\u00e4minen<\/em><\/p>\n\n\n\n<p><a href=\"https:\/\/files.readme.io\/0107598-Store_setup.png\" target=\"_blank\" rel=\"noopener\"><\/a>Kun olet m\u00e4\u00e4ritt\u00e4nyt yhden osion, p\u00e4\u00e4set jatkamaan verkkokaupan asennusta painikkeen <strong>&#8221;Jatka myym\u00e4l\u00e4n m\u00e4\u00e4ritt\u00e4mist\u00e4&#8221;<\/strong> avulla.<\/p>\n\n\n\n<figure class=\"wp-block-image size-full is-resized\"><img loading=\"lazy\" decoding=\"async\" width=\"1024\" height=\"507\" src=\"https:\/\/www.zoner.fi\/tuki\/wp-content\/uploads\/2024\/10\/Kaupan-perustaminen-3.png\" alt=\"\" class=\"wp-image-133952\" style=\"width:1024px;height:507px\" srcset=\"https:\/\/www.zoner.fi\/tuki\/wp-content\/uploads\/2024\/10\/Kaupan-perustaminen-3.png 1024w, https:\/\/www.zoner.fi\/tuki\/wp-content\/uploads\/2024\/10\/Kaupan-perustaminen-3-300x149.png 300w, https:\/\/www.zoner.fi\/tuki\/wp-content\/uploads\/2024\/10\/Kaupan-perustaminen-3-768x380.png 768w\" sizes=\"auto, (max-width: 1024px) 100vw, 1024px\" \/><\/figure>\n\n\n\n<p><strong>Maksutavat<\/strong><\/p>\n\n\n\n<p>M\u00e4\u00e4rit\u00e4 maksutapa, jolla vastaanotat maksuja.<\/p>\n\n\n\n<p>Valittavissa olevat maksutavat ovat: <br>Tilisiirto, Klarna, Maksu noudon yhteydess\u00e4, PayPal, Paytrail ja Stripe.<\/p>\n\n\n\n<p>Klikkaa&nbsp;<strong>&#8221;M\u00e4\u00e4rit\u00e4 maksu&#8221; <\/strong>-kohtaa verkkokaupan asennus-n\u00e4kym\u00e4st\u00e4. T\u00e4ll\u00e4 sivulla n\u00e4et listauksen kolmansien osapuolien maksutavoista, joita voit asettaa kauppasi k\u00e4ytt\u00f6\u00f6n. Valitse yrityksellesi sopivin vaihtoehto ja seuraa annettuja ohjeita. <\/p>\n\n\n\n<p><strong>Klarna<\/strong> &#8211; Mik\u00e4li haluat k\u00e4ytt\u00e4\u00e4 Klarnaa, tee erikseen Klarna Checkout -sopimus Klarna Suomen kanssa.<\/p>\n\n\n\n<p>Kun maksutapa on m\u00e4\u00e4ritetty onnistuneesti, ohjaudut takaisin Verkkokaupan m\u00e4\u00e4ritt\u00e4minen -n\u00e4kym\u00e4\u00e4n.<\/p>\n\n\n\n<figure class=\"wp-block-image size-full is-resized\"><img loading=\"lazy\" decoding=\"async\" width=\"1024\" height=\"507\" src=\"https:\/\/www.zoner.fi\/tuki\/wp-content\/uploads\/2024\/10\/Kaupan-perustaminen-4.png\" alt=\"\" class=\"wp-image-133953\" style=\"width:1024px;height:507px\" srcset=\"https:\/\/www.zoner.fi\/tuki\/wp-content\/uploads\/2024\/10\/Kaupan-perustaminen-4.png 1024w, https:\/\/www.zoner.fi\/tuki\/wp-content\/uploads\/2024\/10\/Kaupan-perustaminen-4-300x149.png 300w, https:\/\/www.zoner.fi\/tuki\/wp-content\/uploads\/2024\/10\/Kaupan-perustaminen-4-768x380.png 768w\" sizes=\"auto, (max-width: 1024px) 100vw, 1024px\" \/><\/figure>\n\n\n\n<p class=\"has-text-align-center\"><em>Maksutavat<\/em><\/p>\n\n\n\n<p><\/p>\n\n\n\n<p><strong>Kaupan tiedot<\/strong><\/p>\n\n\n\n<p>Valitse&nbsp;<strong>&#8221;Kaupan asetukset&#8221; <\/strong>ja <strong>&#8221;Lis\u00e4\u00e4 perustiedot&#8221;<\/strong>. T\u00e4st\u00e4 p\u00e4\u00e4set sivulle, johon voit t\u00e4ytt\u00e4\u00e4 kaupan tiedot. Lis\u00e4tty\u00e4si tarvittavat tiedot paina <strong>Tallenna, <\/strong>mink\u00e4 j\u00e4lkeen palaudut Verkkokaupan m\u00e4\u00e4ritt\u00e4misen n\u00e4kym\u00e4\u00e4n.<\/p>\n\n\n\n<figure class=\"wp-block-image size-full is-resized\"><img loading=\"lazy\" decoding=\"async\" width=\"1024\" height=\"509\" src=\"https:\/\/www.zoner.fi\/tuki\/wp-content\/uploads\/2024\/10\/Kaupan-perustaminen-5.png\" alt=\"\" class=\"wp-image-133954\" style=\"width:1024px;height:509px\" srcset=\"https:\/\/www.zoner.fi\/tuki\/wp-content\/uploads\/2024\/10\/Kaupan-perustaminen-5.png 1024w, https:\/\/www.zoner.fi\/tuki\/wp-content\/uploads\/2024\/10\/Kaupan-perustaminen-5-300x149.png 300w, https:\/\/www.zoner.fi\/tuki\/wp-content\/uploads\/2024\/10\/Kaupan-perustaminen-5-768x382.png 768w\" sizes=\"auto, (max-width: 1024px) 100vw, 1024px\" \/><\/figure>\n\n\n\n<p class=\"has-text-align-center\"><em>Kaupan asetukset<\/em><\/p>\n\n\n\n<p><a href=\"https:\/\/files.readme.io\/756dd44-store_settings.png\" target=\"_blank\" rel=\"noopener\"><\/a><\/p>\n\n\n\n<p><strong>Lis\u00e4\u00e4 ensimm\u00e4inen tuotteesi<\/strong><\/p>\n\n\n\n<p>Valitse&nbsp;&#8221;<strong>&#8221;Lis\u00e4\u00e4 tuotteita&#8221;<\/strong>. Tuotteen lis\u00e4tty\u00e4si paina&nbsp;<strong>Tallenna<\/strong>-painiketta. Voit lis\u00e4t\u00e4 uuden tuotteen vihre\u00e4lle pohjalle avautuvasta painikkeesta <strong>&#8221;Add another product&#8221;<\/strong>.<\/p>\n\n\n\n<figure class=\"wp-block-image size-full is-resized\"><img loading=\"lazy\" decoding=\"async\" width=\"1024\" height=\"512\" src=\"https:\/\/www.zoner.fi\/tuki\/wp-content\/uploads\/2024\/10\/Kaupan-perustaminen-6.png\" alt=\"\" class=\"wp-image-133955\" style=\"width:1024px;height:512px\" srcset=\"https:\/\/www.zoner.fi\/tuki\/wp-content\/uploads\/2024\/10\/Kaupan-perustaminen-6.png 1024w, https:\/\/www.zoner.fi\/tuki\/wp-content\/uploads\/2024\/10\/Kaupan-perustaminen-6-300x150.png 300w, https:\/\/www.zoner.fi\/tuki\/wp-content\/uploads\/2024\/10\/Kaupan-perustaminen-6-768x384.png 768w\" sizes=\"auto, (max-width: 1024px) 100vw, 1024px\" \/><\/figure>\n\n\n\n<p>Jos lis\u00e4\u00e4m\u00e4ss\u00e4si tuotteessa on virhe tai haluat poistaa tuotteen, p\u00e4\u00e4set muokkaamaan sit\u00e4 valitsemalla vasemmasta reunasta <strong>&#8221;Tuotteet&#8221;<\/strong> ja painamalla tuotteen per\u00e4ss\u00e4 olevaa <strong>(&nbsp;\u22ee&nbsp;)<\/strong> painiketta.<\/p>\n\n\n\n<figure class=\"wp-block-image size-full is-resized\"><img loading=\"lazy\" decoding=\"async\" width=\"1024\" height=\"502\" src=\"https:\/\/www.zoner.fi\/tuki\/wp-content\/uploads\/2024\/10\/Kaupan-perustaminen-7.png\" alt=\"\" class=\"wp-image-133956\" style=\"width:1024px;height:502px\" srcset=\"https:\/\/www.zoner.fi\/tuki\/wp-content\/uploads\/2024\/10\/Kaupan-perustaminen-7.png 1024w, https:\/\/www.zoner.fi\/tuki\/wp-content\/uploads\/2024\/10\/Kaupan-perustaminen-7-300x147.png 300w, https:\/\/www.zoner.fi\/tuki\/wp-content\/uploads\/2024\/10\/Kaupan-perustaminen-7-768x377.png 768w\" sizes=\"auto, (max-width: 1024px) 100vw, 1024px\" \/><\/figure>\n\n\n\n<p><strong>Lis\u00e4\u00e4 toimitustapa<\/strong><\/p>\n\n\n\n<p>Viimeinen asia ennen kaupan julkaisua on toimitustavan sek\u00e4 maksujen m\u00e4\u00e4ritt\u00e4minen.<\/p>\n\n\n\n<p><br>Ennen kuin voit l\u00e4hett\u00e4\u00e4 tuotteita asiakkaille, tulee sinulla olla m\u00e4\u00e4riteltyn\u00e4 yksi tai useampi toimitustapa.<\/p>\n\n\n\n<p>Paina&nbsp;<strong>&#8221;Lis\u00e4\u00e4 toimituskulut&#8221;<\/strong> ja valitse <strong>&#8221;Lis\u00e4\u00e4 toimitusmaa&#8221;<\/strong>&nbsp;-painiketta. Kun olet valinnut toimitusmaan, p\u00e4\u00e4set m\u00e4\u00e4ritt\u00e4m\u00e4\u00e4n toimituskulujen asetuksia.<\/p>\n\n\n\n<figure class=\"wp-block-image size-full is-resized\"><img loading=\"lazy\" decoding=\"async\" width=\"1024\" height=\"506\" src=\"https:\/\/www.zoner.fi\/tuki\/wp-content\/uploads\/2024\/10\/Kaupan-perustaminen-8.png\" alt=\"\" class=\"wp-image-133957\" style=\"width:1024px;height:506px\" srcset=\"https:\/\/www.zoner.fi\/tuki\/wp-content\/uploads\/2024\/10\/Kaupan-perustaminen-8.png 1024w, https:\/\/www.zoner.fi\/tuki\/wp-content\/uploads\/2024\/10\/Kaupan-perustaminen-8-300x148.png 300w, https:\/\/www.zoner.fi\/tuki\/wp-content\/uploads\/2024\/10\/Kaupan-perustaminen-8-768x380.png 768w\" sizes=\"auto, (max-width: 1024px) 100vw, 1024px\" \/><\/figure>\n\n\n\n<p><a href=\"https:\/\/files.readme.io\/18ccfc0-shipping_rate.png\" target=\"_blank\" rel=\"noopener\"><\/a><\/p>\n\n\n\n<p><\/p>\n\n\n\n<p><strong>Toimitusasetukset selitettyn\u00e4<\/strong><\/p>\n\n\n\n<p><strong>Ilmainen toimitus <\/strong>\u2013 Mik\u00e4li kuljetus on maksuton, valitse Ilmainen toimitus.<br><strong>Kiinte\u00e4 hinta<\/strong>&nbsp;\u2013 Veloita yksi hinta koko tilauksesta<br><strong>Painoon perustuva<\/strong> &#8211; T\u00e4m\u00e4n vaihtoehdon k\u00e4ytt\u00f6\u00f6notto mahdollistaa l\u00e4hetyskulut painon perusteella tuotteilta, joille on m\u00e4\u00e4ritelty paino.<br><br><strong>Toimitusmaksun nimi<\/strong>&nbsp;\u2013  Nimi, jonka sy\u00f6t\u00e4t t\u00e4h\u00e4n, n\u00e4kyy asiakkaille kun asiakas on verkkokaupan kassa -n\u00e4kym\u00e4ss\u00e4.<br><strong>Arvioitu toimitusaika<\/strong>&nbsp;\u2013 Tuotteiden saapumisaika asiakkaalle.<br><strong>Kuriiri<\/strong>&nbsp;\u2013 Kuriirin nimi, jota k\u00e4ytet\u00e4\u00e4n tuotteiden toimitukseen.<\/p>\n\n\n\n<p><strong>Toimitusmaksu: <\/strong>Toimituksen hinta asiakkaalle kertaveloituksena<br><br><\/p>\n\n\n\n<figure class=\"wp-block-image size-full is-resized\"><img loading=\"lazy\" decoding=\"async\" width=\"1024\" height=\"506\" src=\"https:\/\/www.zoner.fi\/tuki\/wp-content\/uploads\/2024\/10\/Kaupan-perustaminen-9.png\" alt=\"\" class=\"wp-image-133958\" style=\"width:1024px;height:506px\" srcset=\"https:\/\/www.zoner.fi\/tuki\/wp-content\/uploads\/2024\/10\/Kaupan-perustaminen-9.png 1024w, https:\/\/www.zoner.fi\/tuki\/wp-content\/uploads\/2024\/10\/Kaupan-perustaminen-9-300x148.png 300w, https:\/\/www.zoner.fi\/tuki\/wp-content\/uploads\/2024\/10\/Kaupan-perustaminen-9-768x380.png 768w\" sizes=\"auto, (max-width: 1024px) 100vw, 1024px\" \/><\/figure>\n\n\n\n<p class=\"has-text-align-center\"><em>Lis\u00e4\u00e4 toimitustapa<\/em><\/p>\n\n\n\n<p><a href=\"https:\/\/files.readme.io\/e0c27c1-add_product.png\" target=\"_blank\" rel=\"noopener\"><\/a><\/p>\n\n\n\n<p class=\"has-text-align-center\"><em>Lis\u00e4\u00e4 tuote<\/em><\/p>\n\n\n\n<p><\/p>\n\n\n\n<p><strong>Kaup<\/strong><strong>an julkaiseminen<\/strong><\/p>\n\n\n\n<p>Nyt kun tarvittavat tuotteet on lis\u00e4tty ja asetukset on m\u00e4\u00e4ritetty, voit julkaista kaupan. Kauppa ei mene julkiseksi automaattisesti, vaan se tulee julkaista erikseen. Klikkaa&nbsp;<strong>&#8221;Avoinna&#8221;<\/strong>&nbsp;-painiketta&nbsp;<strong>Verkkokaupan m\u00e4\u00e4ritt\u00e4minen<\/strong>&nbsp;-n\u00e4kym\u00e4ss\u00e4. T\u00e4m\u00e4n j\u00e4lkeen kauppa on julkinen ja asiakkaat p\u00e4\u00e4sev\u00e4t k\u00e4ytt\u00e4m\u00e4\u00e4n kauppaa.<\/p>\n\n\n\n<figure class=\"wp-block-image size-full is-resized\"><img loading=\"lazy\" decoding=\"async\" width=\"1024\" height=\"508\" src=\"https:\/\/www.zoner.fi\/tuki\/wp-content\/uploads\/2024\/10\/Kaupan-perustaminen-10.png\" alt=\"\" class=\"wp-image-133959\" style=\"width:1024px;height:508px\" srcset=\"https:\/\/www.zoner.fi\/tuki\/wp-content\/uploads\/2024\/10\/Kaupan-perustaminen-10.png 1024w, https:\/\/www.zoner.fi\/tuki\/wp-content\/uploads\/2024\/10\/Kaupan-perustaminen-10-300x149.png 300w, https:\/\/www.zoner.fi\/tuki\/wp-content\/uploads\/2024\/10\/Kaupan-perustaminen-10-768x381.png 768w\" sizes=\"auto, (max-width: 1024px) 100vw, 1024px\" \/><\/figure>\n\n\n\n<p><a href=\"https:\/\/files.readme.io\/08a4fde-publish_button_edited.png\" target=\"_blank\" rel=\"noopener\"><\/a><\/p>\n\n\n\n<p class=\"has-text-align-center\"><em>Kaupan julkaiseminen<\/em><\/p>\n\n\n\n<p><\/p>\n\n\n\n<p><strong>Kaupan asettaminen piilotetuksi<\/strong><\/p>\n\n\n\n<p>Voit halutessasi asettaa kaupan Ei julkaistu -tilaan. Paina <strong>&#8221;Verkkokauppa&#8221;<\/strong> painiketta ja valitse <strong>&#8221;Kaupan asetukset&#8221;<\/strong>. <strong>&#8221;Perusasetukset&#8221; <\/strong>-sivulta&#8221; l\u00f6yd\u00e4t Kaupan n\u00e4kyvyys -osion, jonka alla olevasta pudotusvalikosta l\u00f6yd\u00e4t \u201d<strong>Ei julkaistu<\/strong>\u201d sek\u00e4 \u201d<strong>Julkaistu<\/strong>\u201d -vaihtoehdot.<\/p>\n\n\n\n<figure class=\"wp-block-image size-full is-resized\"><img loading=\"lazy\" decoding=\"async\" width=\"1024\" height=\"511\" src=\"https:\/\/www.zoner.fi\/tuki\/wp-content\/uploads\/2024\/10\/Kaupan-perustaminen-11.png\" alt=\"\" class=\"wp-image-133960\" style=\"width:1024px;height:511px\" srcset=\"https:\/\/www.zoner.fi\/tuki\/wp-content\/uploads\/2024\/10\/Kaupan-perustaminen-11.png 1024w, https:\/\/www.zoner.fi\/tuki\/wp-content\/uploads\/2024\/10\/Kaupan-perustaminen-11-300x150.png 300w, https:\/\/www.zoner.fi\/tuki\/wp-content\/uploads\/2024\/10\/Kaupan-perustaminen-11-768x383.png 768w\" sizes=\"auto, (max-width: 1024px) 100vw, 1024px\" \/><\/figure>\n\n\n\n<p class=\"has-text-align-center\"><em>Kaupan piilottaminen<\/em><\/p>\n\n\n\n<p><strong>Kaupan tilausn\u00e4kym\u00e4<\/strong><\/p>\n\n\n\n<figure class=\"wp-block-image size-full\"><img loading=\"lazy\" decoding=\"async\" width=\"1024\" height=\"293\" src=\"https:\/\/www.zoner.fi\/tuki\/wp-content\/uploads\/2024\/10\/Kaupan-perustaminen-12.png\" alt=\"\" class=\"wp-image-133961\" srcset=\"https:\/\/www.zoner.fi\/tuki\/wp-content\/uploads\/2024\/10\/Kaupan-perustaminen-12.png 1024w, https:\/\/www.zoner.fi\/tuki\/wp-content\/uploads\/2024\/10\/Kaupan-perustaminen-12-300x86.png 300w, https:\/\/www.zoner.fi\/tuki\/wp-content\/uploads\/2024\/10\/Kaupan-perustaminen-12-768x220.png 768w\" sizes=\"auto, (max-width: 1024px) 100vw, 1024px\" \/><\/figure>\n\n\n\n<p><\/p>\n","protected":false},"excerpt":{"rendered":"<p>Kaupan perustaminen Paina &#8221;\u2261&#8221; painiketta ja valitse &nbsp;&#8221;Verkkokauppa&#8221; Kauppa Ensimm\u00e4isell\u00e4 kerralla n\u00e4et&nbsp;&#8221;Verkkokaupan m\u00e4\u00e4ritt\u00e4minen&#8221;&nbsp;-ikkunan, joka ohjaa sinut kaupan perustamisvaiheen l\u00e4pi. M\u00e4\u00e4rit\u00e4 ikkunassa n\u00e4kyv\u00e4t osiot jonka j\u00e4lkeen kauppa on valmis julkaistavaksi. Verkkokaupan m\u00e4\u00e4ritt\u00e4minen Kun olet m\u00e4\u00e4ritt\u00e4nyt yhden osion, p\u00e4\u00e4set jatkamaan verkkokaupan asennusta painikkeen &#8221;Jatka myym\u00e4l\u00e4n m\u00e4\u00e4ritt\u00e4mist\u00e4&#8221; avulla. Maksutavat M\u00e4\u00e4rit\u00e4 maksutapa, jolla vastaanotat maksuja. Valittavissa olevat maksutavat ovat: &#8230; <a title=\"Kotisivu: Kaupan perustaminen\" class=\"read-more\" href=\"https:\/\/www.zoner.fi\/tuki\/kotisivukone\/basekit\/kaupan-perustaminen\/\" aria-label=\"Lue lis\u00e4\u00e4 aiheesta Kotisivu: Kaupan perustaminen\">Lue lis\u00e4\u00e4<\/a><\/p>\n","protected":false},"author":48,"featured_media":0,"parent":137592,"menu_order":0,"comment_status":"closed","ping_status":"closed","template":"","meta":{"_relevanssi_hide_post":"","_relevanssi_hide_content":"","_relevanssi_pin_for_all":"","_relevanssi_pin_keywords":"","_relevanssi_unpin_keywords":"","_relevanssi_related_keywords":"","_relevanssi_related_include_ids":"","_relevanssi_related_exclude_ids":"","_relevanssi_related_no_append":"","_relevanssi_related_not_related":"","_relevanssi_related_posts":"132080,130641,130397,131550,132584,132278","_relevanssi_noindex_reason":"","footnotes":""},"categories":[222],"tags":[163],"wf_page_folders":[],"class_list":{"0":"post-132632","1":"page","2":"type-page","3":"status-publish","5":"category-basekit","6":"tag-verkkokauppa"},"_links":{"self":[{"href":"https:\/\/www.zoner.fi\/tuki\/wp-json\/wp\/v2\/pages\/132632","targetHints":{"allow":["GET"]}}],"collection":[{"href":"https:\/\/www.zoner.fi\/tuki\/wp-json\/wp\/v2\/pages"}],"about":[{"href":"https:\/\/www.zoner.fi\/tuki\/wp-json\/wp\/v2\/types\/page"}],"author":[{"embeddable":true,"href":"https:\/\/www.zoner.fi\/tuki\/wp-json\/wp\/v2\/users\/48"}],"replies":[{"embeddable":true,"href":"https:\/\/www.zoner.fi\/tuki\/wp-json\/wp\/v2\/comments?post=132632"}],"version-history":[{"count":5,"href":"https:\/\/www.zoner.fi\/tuki\/wp-json\/wp\/v2\/pages\/132632\/revisions"}],"predecessor-version":[{"id":137630,"href":"https:\/\/www.zoner.fi\/tuki\/wp-json\/wp\/v2\/pages\/132632\/revisions\/137630"}],"up":[{"embeddable":true,"href":"https:\/\/www.zoner.fi\/tuki\/wp-json\/wp\/v2\/pages\/137592"}],"wp:attachment":[{"href":"https:\/\/www.zoner.fi\/tuki\/wp-json\/wp\/v2\/media?parent=132632"}],"wp:term":[{"taxonomy":"category","embeddable":true,"href":"https:\/\/www.zoner.fi\/tuki\/wp-json\/wp\/v2\/categories?post=132632"},{"taxonomy":"post_tag","embeddable":true,"href":"https:\/\/www.zoner.fi\/tuki\/wp-json\/wp\/v2\/tags?post=132632"},{"taxonomy":"wf_page_folders","embeddable":true,"href":"https:\/\/www.zoner.fi\/tuki\/wp-json\/wp\/v2\/wf_page_folders?post=132632"}],"curies":[{"name":"wp","href":"https:\/\/api.w.org\/{rel}","templated":true}]}}