{"id":132634,"date":"2024-10-07T10:41:05","date_gmt":"2024-10-07T07:41:05","guid":{"rendered":"https:\/\/www.zoner.fi\/tuki\/?page_id=132634"},"modified":"2025-09-25T17:55:20","modified_gmt":"2025-09-25T14:55:20","slug":"kieliasetukset","status":"publish","type":"page","link":"https:\/\/www.zoner.fi\/tuki\/kotisivukone\/basekit\/kieliasetukset\/","title":{"rendered":"Kotisivu: Kieliasetukset"},"content":{"rendered":"\n<p class=\"has-medium-font-size\">Sivuston kieliasetus:<\/p>\n\n\n\n<ol class=\"wp-block-list\">\n<li>Paina vasemmasta yl\u00e4kulmasta&nbsp;<strong>\u201d\u2261\u201d<\/strong><\/li>\n\n\n\n<li>Paina ala-laidasta<strong>&#8221;Sivuston asetukset&#8221; \/ Site settings&#8221;<\/strong><\/li>\n<\/ol>\n\n\n\n<figure class=\"wp-block-image size-full\"><img loading=\"lazy\" decoding=\"async\" width=\"1024\" height=\"522\" src=\"https:\/\/www.zoner.fi\/tuki\/wp-content\/uploads\/2024\/10\/painike2-1-1024x522-4.png\" alt=\"\" class=\"wp-image-133766\" srcset=\"https:\/\/www.zoner.fi\/tuki\/wp-content\/uploads\/2024\/10\/painike2-1-1024x522-4.png 1024w, https:\/\/www.zoner.fi\/tuki\/wp-content\/uploads\/2024\/10\/painike2-1-1024x522-4-300x153.png 300w, https:\/\/www.zoner.fi\/tuki\/wp-content\/uploads\/2024\/10\/painike2-1-1024x522-4-768x392.png 768w\" sizes=\"auto, (max-width: 1024px) 100vw, 1024px\" \/><\/figure>\n\n\n\n<ol class=\"wp-block-list\">\n<li>Paina <strong>&#8221;Profiili&#8221; \/ &#8221;Profile&#8221;<\/strong><\/li>\n<\/ol>\n\n\n\n<figure class=\"wp-block-image size-full is-resized\"><img loading=\"lazy\" decoding=\"async\" width=\"1024\" height=\"510\" src=\"https:\/\/www.zoner.fi\/tuki\/wp-content\/uploads\/2024\/10\/profiili-1024x510-1.png\" alt=\"\" class=\"wp-image-133768\" style=\"width:1024px;height:510px\" srcset=\"https:\/\/www.zoner.fi\/tuki\/wp-content\/uploads\/2024\/10\/profiili-1024x510-1.png 1024w, https:\/\/www.zoner.fi\/tuki\/wp-content\/uploads\/2024\/10\/profiili-1024x510-1-300x149.png 300w, https:\/\/www.zoner.fi\/tuki\/wp-content\/uploads\/2024\/10\/profiili-1024x510-1-768x383.png 768w\" sizes=\"auto, (max-width: 1024px) 100vw, 1024px\" \/><\/figure>\n\n\n\n<ol class=\"wp-block-list\">\n<li>Paina <strong>&#8221;SEO ja optimointi&#8221; \/&nbsp;\u201dSEO and optimisation\u201d<\/strong><\/li>\n\n\n\n<li>Valitse haluamasi kieli&nbsp; <strong>&#8221;Kieli\u201d \/ &#8221;Language\u201d <\/strong>-pudotusvalikosta.<\/li>\n\n\n\n<li>Paina&nbsp;<strong>&#8221;Tallenna&#8221; \/ \u201dSave\u201d<\/strong><\/li>\n<\/ol>\n\n\n\n<figure class=\"wp-block-image size-full\"><img loading=\"lazy\" decoding=\"async\" width=\"1024\" height=\"739\" src=\"https:\/\/www.zoner.fi\/tuki\/wp-content\/uploads\/2024\/10\/Kieli_sivusto-1024x739-1.png\" alt=\"\" class=\"wp-image-133770\" srcset=\"https:\/\/www.zoner.fi\/tuki\/wp-content\/uploads\/2024\/10\/Kieli_sivusto-1024x739-1.png 1024w, https:\/\/www.zoner.fi\/tuki\/wp-content\/uploads\/2024\/10\/Kieli_sivusto-1024x739-1-300x217.png 300w, https:\/\/www.zoner.fi\/tuki\/wp-content\/uploads\/2024\/10\/Kieli_sivusto-1024x739-1-768x554.png 768w\" sizes=\"auto, (max-width: 1024px) 100vw, 1024px\" \/><\/figure>\n\n\n\n<p class=\"has-medium-font-size\">Sivustoeditorin kieliasetus:<\/p>\n\n\n\n<ol class=\"wp-block-list\">\n<li>Paina&nbsp;<strong>\u201dSivustoeditori&#8221; \/ Site editor\u201d<\/strong><\/li>\n\n\n\n<li>Paina&nbsp;ala-laidasta <strong>&#8221;K\u00e4ytt\u00e4j\u00e4tilini&#8221; \/ &#8221;My account&#8221;<\/strong><\/li>\n\n\n\n<li>Paina <strong>&#8221;Asetukset&#8221; \/ &#8221;Settings&#8221;<\/strong><\/li>\n\n\n\n<li>Valitse haluamasi kieli&nbsp; <strong>&#8221;Kieli&#8221; \/ \u201dLanguage\u201d&nbsp;<\/strong>-pudotusvalikosta.<\/li>\n\n\n\n<li>Paina&nbsp;<strong>&#8221;Tallenna&#8221; \/ \u201dSave\u201d<\/strong><\/li>\n<\/ol>\n\n\n\n<figure class=\"wp-block-image size-full is-resized\"><img loading=\"lazy\" decoding=\"async\" width=\"1024\" height=\"501\" src=\"https:\/\/www.zoner.fi\/tuki\/wp-content\/uploads\/2024\/10\/kieli_editori-1024x501-1.png\" alt=\"\" class=\"wp-image-133771\" style=\"width:1024px;height:501px\" srcset=\"https:\/\/www.zoner.fi\/tuki\/wp-content\/uploads\/2024\/10\/kieli_editori-1024x501-1.png 1024w, https:\/\/www.zoner.fi\/tuki\/wp-content\/uploads\/2024\/10\/kieli_editori-1024x501-1-300x147.png 300w, https:\/\/www.zoner.fi\/tuki\/wp-content\/uploads\/2024\/10\/kieli_editori-1024x501-1-768x376.png 768w\" sizes=\"auto, (max-width: 1024px) 100vw, 1024px\" \/><\/figure>\n","protected":false},"excerpt":{"rendered":"<p>Sivuston kieliasetus: Sivustoeditorin kieliasetus:<\/p>\n","protected":false},"author":48,"featured_media":0,"parent":137592,"menu_order":0,"comment_status":"closed","ping_status":"closed","template":"","meta":{"_relevanssi_hide_post":"","_relevanssi_hide_content":"","_relevanssi_pin_for_all":"","_relevanssi_pin_keywords":"","_relevanssi_unpin_keywords":"","_relevanssi_related_keywords":"","_relevanssi_related_include_ids":"","_relevanssi_related_exclude_ids":"","_relevanssi_related_no_append":"","_relevanssi_related_not_related":"","_relevanssi_related_posts":"132144,130526,130899,132072,132261,130553","_relevanssi_noindex_reason":"","footnotes":""},"categories":[222],"tags":[158],"wf_page_folders":[],"class_list":{"0":"post-132634","1":"page","2":"type-page","3":"status-publish","5":"category-basekit","6":"tag-yleiset"},"_links":{"self":[{"href":"https:\/\/www.zoner.fi\/tuki\/wp-json\/wp\/v2\/pages\/132634","targetHints":{"allow":["GET"]}}],"collection":[{"href":"https:\/\/www.zoner.fi\/tuki\/wp-json\/wp\/v2\/pages"}],"about":[{"href":"https:\/\/www.zoner.fi\/tuki\/wp-json\/wp\/v2\/types\/page"}],"author":[{"embeddable":true,"href":"https:\/\/www.zoner.fi\/tuki\/wp-json\/wp\/v2\/users\/48"}],"replies":[{"embeddable":true,"href":"https:\/\/www.zoner.fi\/tuki\/wp-json\/wp\/v2\/comments?post=132634"}],"version-history":[{"count":3,"href":"https:\/\/www.zoner.fi\/tuki\/wp-json\/wp\/v2\/pages\/132634\/revisions"}],"predecessor-version":[{"id":137629,"href":"https:\/\/www.zoner.fi\/tuki\/wp-json\/wp\/v2\/pages\/132634\/revisions\/137629"}],"up":[{"embeddable":true,"href":"https:\/\/www.zoner.fi\/tuki\/wp-json\/wp\/v2\/pages\/137592"}],"wp:attachment":[{"href":"https:\/\/www.zoner.fi\/tuki\/wp-json\/wp\/v2\/media?parent=132634"}],"wp:term":[{"taxonomy":"category","embeddable":true,"href":"https:\/\/www.zoner.fi\/tuki\/wp-json\/wp\/v2\/categories?post=132634"},{"taxonomy":"post_tag","embeddable":true,"href":"https:\/\/www.zoner.fi\/tuki\/wp-json\/wp\/v2\/tags?post=132634"},{"taxonomy":"wf_page_folders","embeddable":true,"href":"https:\/\/www.zoner.fi\/tuki\/wp-json\/wp\/v2\/wf_page_folders?post=132634"}],"curies":[{"name":"wp","href":"https:\/\/api.w.org\/{rel}","templated":true}]}}