{"id":132638,"date":"2024-10-07T10:26:50","date_gmt":"2024-10-07T07:26:50","guid":{"rendered":"https:\/\/www.zoner.fi\/tuki\/?page_id=132638"},"modified":"2025-09-25T17:54:22","modified_gmt":"2025-09-25T14:54:22","slug":"facebook-kauppa-linkitys","status":"publish","type":"page","link":"https:\/\/www.zoner.fi\/tuki\/kotisivukone\/basekit\/facebook-kauppa-linkitys\/","title":{"rendered":"Kotisivu: Facebook-kauppa linkitys"},"content":{"rendered":"\n<p><span style=\"text-decoration: underline;\"><a href=\"https:\/\/fi-fi.facebook.com\/business\/help\/2343035149322466?id=1077620002609475\" target=\"_blank\" rel=\"noreferrer noopener nofollow\">Facebook-kauppa<\/a><\/span> mahdollistaa tuotteiden myynnin suoraan Facebookissa. T\u00e4m\u00e4 ohje neuvoo miten palvelun tuotevalikoima linkitet\u00e4\u00e4n Facebook-kauppaan. Linkityksen j\u00e4lkeen Facebook-kaupassa, kun asiakas valitsee tuotteen, ohjautuu h\u00e4n kotisivupalvelun kauppaan hoitamaan ostotapahtuman loppuun. Tarkemmin tuotteiden lis\u00e4\u00e4misest\u00e4 l\u00f6ytyy <span style=\"text-decoration: underline;\"><a href=\"https:\/\/fi-fi.facebook.com\/business\/help\/529846727168849?id=206236483305742\" target=\"_blank\" rel=\"noreferrer noopener nofollow\">Facebook-kaupan ohjeista<\/a><\/span>.<\/p>\n\n\n\n<p>Aloita kirjautumalla sis\u00e4\u00e4n palveluun osoitteessa <a href=\"https:\/\/kotisivut.nebula.fi\/\" target=\"_blank\" rel=\"noreferrer noopener\">https:\/\/kotisivut.nebula.fi\/<\/a><\/p>\n\n\n\n<p>1. Klikkaa kotisivun vasemmasta-yl\u00e4kulmasta <strong>&#8217;\u2261&#8217;<\/strong> valikkoa ja valitse valikosta kohta <strong>&#8217;Verkkokauppa&#8217;<\/strong><\/p>\n\n\n\n<figure class=\"wp-block-image size-full\"><img loading=\"lazy\" decoding=\"async\" width=\"1024\" height=\"522\" src=\"https:\/\/www.zoner.fi\/tuki\/wp-content\/uploads\/2024\/10\/Facebook-kauppa-linkitys-1.png\" alt=\"\" class=\"wp-image-133928\" srcset=\"https:\/\/www.zoner.fi\/tuki\/wp-content\/uploads\/2024\/10\/Facebook-kauppa-linkitys-1.png 1024w, https:\/\/www.zoner.fi\/tuki\/wp-content\/uploads\/2024\/10\/Facebook-kauppa-linkitys-1-300x153.png 300w, https:\/\/www.zoner.fi\/tuki\/wp-content\/uploads\/2024\/10\/Facebook-kauppa-linkitys-1-768x392.png 768w\" sizes=\"auto, (max-width: 1024px) 100vw, 1024px\" \/><\/figure>\n\n\n\n<p>3. Valitse sivun vasemmasta laidasta olevasta valikosta Kaupan asetukset, mink\u00e4 j\u00e4lkeen avautuu alempi osio, mist\u00e4 l\u00f6ytyy CSV Export &amp; Facebook Sync -osio.<\/p>\n\n\n\n<figure class=\"wp-block-image size-full\"><img loading=\"lazy\" decoding=\"async\" width=\"331\" height=\"675\" src=\"https:\/\/www.zoner.fi\/tuki\/wp-content\/uploads\/2024\/10\/Facebook-kauppa-linkitys-2.png\" alt=\"\" class=\"wp-image-133929\" srcset=\"https:\/\/www.zoner.fi\/tuki\/wp-content\/uploads\/2024\/10\/Facebook-kauppa-linkitys-2.png 331w, https:\/\/www.zoner.fi\/tuki\/wp-content\/uploads\/2024\/10\/Facebook-kauppa-linkitys-2-147x300.png 147w\" sizes=\"auto, (max-width: 331px) 100vw, 331px\" \/><\/figure>\n\n\n\n<p>4. Sivulle avautuu n\u00e4kym\u00e4, mist\u00e4 voit kopioida Facebook-kauppaa varten linkin. Linkki l\u00f6ytyy \u201cSy\u00f6tteen osoite\u201d alta. Esimerkkikuvassa punainen laatikko korostaa kohtaa, mist\u00e4 kopioitava linkki l\u00f6ytyy. <\/p>\n\n\n\n<p>Huom. Kopioitava linkki on todella pitk\u00e4. Varmista ett\u00e4 koko linkki tulee kopioiduksi painamalla linkin vieress\u00e4 olevaa painiketta, joka n\u00e4ytt\u00e4\u00e4 kahdelta p\u00e4\u00e4llekk\u00e4iselt\u00e4 laatikolta.<\/p>\n\n\n\n<figure class=\"wp-block-image size-full\"><img loading=\"lazy\" decoding=\"async\" width=\"1024\" height=\"597\" src=\"https:\/\/www.zoner.fi\/tuki\/wp-content\/uploads\/2024\/10\/Facebook-kauppa-linkitys-3.png\" alt=\"\" class=\"wp-image-133930\" srcset=\"https:\/\/www.zoner.fi\/tuki\/wp-content\/uploads\/2024\/10\/Facebook-kauppa-linkitys-3.png 1024w, https:\/\/www.zoner.fi\/tuki\/wp-content\/uploads\/2024\/10\/Facebook-kauppa-linkitys-3-300x175.png 300w, https:\/\/www.zoner.fi\/tuki\/wp-content\/uploads\/2024\/10\/Facebook-kauppa-linkitys-3-768x448.png 768w\" sizes=\"auto, (max-width: 1024px) 100vw, 1024px\" \/><\/figure>\n\n\n\n<p>5. Siirry Facebookin Commerce Manageriin ja valitse vasemmasta reunasta \u201dCatalog\u201d, jonka j\u00e4lkeen valitse \u201dData sources\u201d<\/p>\n\n\n\n<p>6. Sy\u00f6t\u00e4 kohtaan \u201dSetup feed\u201d kotisivuilta kopioimasi linkki.<\/p>\n\n\n\n<p>Linkityksen j\u00e4lkeen Facebook-kaupassa, kun asiakas valitsee tuotteen, ohjautuu h\u00e4n kotisivupalvelun kauppaan hoitamaan ostotapahtuman loppuun. <strong>Tarkemmin tuotteiden lis\u00e4\u00e4misest\u00e4 l\u00f6ytyy <a href=\"https:\/\/fi-fi.facebook.com\/business\/help\/529846727168849?id=206236483305742\" target=\"_blank\" rel=\"noreferrer noopener\"><a href=\"https:\/\/fi-fi.facebook.com\/business\/help\/529846727168849?id=206236483305742\" target=\"_blank\" rel=\"noreferrer noopener\">Facebook-kaupan ohjeista<\/a><\/a>.<\/strong><\/p>\n","protected":false},"excerpt":{"rendered":"<p>Facebook-kauppa mahdollistaa tuotteiden myynnin suoraan Facebookissa. T\u00e4m\u00e4 ohje neuvoo miten palvelun tuotevalikoima linkitet\u00e4\u00e4n Facebook-kauppaan. Linkityksen j\u00e4lkeen Facebook-kaupassa, kun asiakas valitsee tuotteen, ohjautuu h\u00e4n kotisivupalvelun kauppaan hoitamaan ostotapahtuman loppuun. Tarkemmin tuotteiden lis\u00e4\u00e4misest\u00e4 l\u00f6ytyy Facebook-kaupan ohjeista. Aloita kirjautumalla sis\u00e4\u00e4n palveluun osoitteessa https:\/\/kotisivut.nebula.fi\/ 1. Klikkaa kotisivun vasemmasta-yl\u00e4kulmasta &#8217;\u2261&#8217; valikkoa ja valitse valikosta kohta &#8217;Verkkokauppa&#8217; 3. Valitse sivun vasemmasta &#8230; <a title=\"Kotisivu: Facebook-kauppa linkitys\" class=\"read-more\" href=\"https:\/\/www.zoner.fi\/tuki\/kotisivukone\/basekit\/facebook-kauppa-linkitys\/\" aria-label=\"Lue lis\u00e4\u00e4 aiheesta Kotisivu: Facebook-kauppa linkitys\">Lue lis\u00e4\u00e4<\/a><\/p>\n","protected":false},"author":48,"featured_media":0,"parent":137592,"menu_order":0,"comment_status":"closed","ping_status":"closed","template":"","meta":{"_relevanssi_hide_post":"","_relevanssi_hide_content":"","_relevanssi_pin_for_all":"","_relevanssi_pin_keywords":"","_relevanssi_unpin_keywords":"","_relevanssi_related_keywords":"","_relevanssi_related_include_ids":"","_relevanssi_related_exclude_ids":"","_relevanssi_related_no_append":"","_relevanssi_related_not_related":"","_relevanssi_related_posts":"130269,130397,132301,131550,130657,131535","_relevanssi_noindex_reason":"","footnotes":""},"categories":[222],"tags":[163],"wf_page_folders":[],"class_list":{"0":"post-132638","1":"page","2":"type-page","3":"status-publish","5":"category-basekit","6":"tag-verkkokauppa"},"_links":{"self":[{"href":"https:\/\/www.zoner.fi\/tuki\/wp-json\/wp\/v2\/pages\/132638","targetHints":{"allow":["GET"]}}],"collection":[{"href":"https:\/\/www.zoner.fi\/tuki\/wp-json\/wp\/v2\/pages"}],"about":[{"href":"https:\/\/www.zoner.fi\/tuki\/wp-json\/wp\/v2\/types\/page"}],"author":[{"embeddable":true,"href":"https:\/\/www.zoner.fi\/tuki\/wp-json\/wp\/v2\/users\/48"}],"replies":[{"embeddable":true,"href":"https:\/\/www.zoner.fi\/tuki\/wp-json\/wp\/v2\/comments?post=132638"}],"version-history":[{"count":4,"href":"https:\/\/www.zoner.fi\/tuki\/wp-json\/wp\/v2\/pages\/132638\/revisions"}],"predecessor-version":[{"id":137633,"href":"https:\/\/www.zoner.fi\/tuki\/wp-json\/wp\/v2\/pages\/132638\/revisions\/137633"}],"up":[{"embeddable":true,"href":"https:\/\/www.zoner.fi\/tuki\/wp-json\/wp\/v2\/pages\/137592"}],"wp:attachment":[{"href":"https:\/\/www.zoner.fi\/tuki\/wp-json\/wp\/v2\/media?parent=132638"}],"wp:term":[{"taxonomy":"category","embeddable":true,"href":"https:\/\/www.zoner.fi\/tuki\/wp-json\/wp\/v2\/categories?post=132638"},{"taxonomy":"post_tag","embeddable":true,"href":"https:\/\/www.zoner.fi\/tuki\/wp-json\/wp\/v2\/tags?post=132638"},{"taxonomy":"wf_page_folders","embeddable":true,"href":"https:\/\/www.zoner.fi\/tuki\/wp-json\/wp\/v2\/wf_page_folders?post=132638"}],"curies":[{"name":"wp","href":"https:\/\/api.w.org\/{rel}","templated":true}]}}