{"id":132640,"date":"2024-10-07T10:24:27","date_gmt":"2024-10-07T07:24:27","guid":{"rendered":"https:\/\/www.zoner.fi\/tuki\/?page_id=132640"},"modified":"2025-09-25T17:54:12","modified_gmt":"2025-09-25T14:54:12","slug":"ensisijaisen-verkkotunnuksen-vaihtaminen","status":"publish","type":"page","link":"https:\/\/www.zoner.fi\/tuki\/kotisivukone\/basekit\/ensisijaisen-verkkotunnuksen-vaihtaminen\/","title":{"rendered":"Kotisivu: Ensisijaisen verkkotunnuksen vaihtaminen"},"content":{"rendered":"\n<p>T\u00e4ss\u00e4 ohjeessa kerrome, kuinka voit vaihtaa verkkosivujen ensisijaisen verkkotunnuksen. Jotta voit vaihtaa sivuston ensisijaisen verkkotunnuksen, tulee kyseinen verkkotunnus ensin liitt\u00e4\u00e4 palveluun. L\u00f6yd\u00e4t ohjeen <strong>Verkkotunnuksen liitt\u00e4minen<\/strong> -artikkelista.<\/p>\n\n\n\n<p>Aloita kirjautumalla sis\u00e4\u00e4n palveluun osoitteessa <a href=\"https:\/\/kotisivut.nebula.fi\/\" target=\"_blank\" rel=\"noreferrer noopener\">https:\/\/kotisivut.nebula.fi\/<\/a><\/p>\n\n\n\n<ol class=\"wp-block-list\">\n<li>Klikkaa kotisivun vasemmasta-yl\u00e4kulmasta <strong>&#8217;\u2261&#8217;<\/strong> valikkoa ja valitse valikosta <strong>&#8217;Sivuston asetukset&#8217;<\/strong>. Kohta l\u00f6ytyy vasemmasta alareunasta.<\/li>\n<\/ol>\n\n\n\n<p><\/p>\n\n\n\n<figure class=\"wp-block-image size-full is-style-default\"><img loading=\"lazy\" decoding=\"async\" width=\"1024\" height=\"522\" src=\"https:\/\/www.zoner.fi\/tuki\/wp-content\/uploads\/2024\/10\/painike2-1-1024x522-5.png\" alt=\"\" class=\"wp-image-133782\" srcset=\"https:\/\/www.zoner.fi\/tuki\/wp-content\/uploads\/2024\/10\/painike2-1-1024x522-5.png 1024w, https:\/\/www.zoner.fi\/tuki\/wp-content\/uploads\/2024\/10\/painike2-1-1024x522-5-300x153.png 300w, https:\/\/www.zoner.fi\/tuki\/wp-content\/uploads\/2024\/10\/painike2-1-1024x522-5-768x392.png 768w\" sizes=\"auto, (max-width: 1024px) 100vw, 1024px\" \/><\/figure>\n\n\n\n<p>2. Tulet Yleiset asetukset -sivulle. Valitse kohta &#8217;Verkkosivun tila&#8217;.<\/p>\n\n\n\n<figure class=\"wp-block-image size-full is-style-default\"><img loading=\"lazy\" decoding=\"async\" width=\"833\" height=\"728\" src=\"https:\/\/www.zoner.fi\/tuki\/wp-content\/uploads\/2024\/10\/Valikko-2.1-edit.png\" alt=\"\" class=\"wp-image-133783\" srcset=\"https:\/\/www.zoner.fi\/tuki\/wp-content\/uploads\/2024\/10\/Valikko-2.1-edit.png 833w, https:\/\/www.zoner.fi\/tuki\/wp-content\/uploads\/2024\/10\/Valikko-2.1-edit-300x262.png 300w, https:\/\/www.zoner.fi\/tuki\/wp-content\/uploads\/2024\/10\/Valikko-2.1-edit-768x671.png 768w\" sizes=\"auto, (max-width: 833px) 100vw, 833px\" \/><\/figure>\n\n\n\n<p>3. Valitse Ensisijainen verkkotunnus -valikosta haluamasi verkkotunnus. Kun olet valinnut haluamasi verkkotunnuksen, paina Tallenna-painiketta sivun yl\u00e4osassa. T\u00e4m\u00e4n j\u00e4lkeen sivusto n\u00e4kyy valitulla verkkotunnuksella.<br><br>Mik\u00e4li alasvetovalikkossa ei n\u00e4y haluamaasi verkkotunnusta, toimi <strong><span style=\"text-decoration: underline;\">Verkkotunnuksen liitt\u00e4minen<\/span><\/strong> -ohjeiden mukaisesti.<\/p>\n\n\n\n<figure class=\"wp-block-image size-full is-style-default\"><img loading=\"lazy\" decoding=\"async\" width=\"810\" height=\"524\" src=\"https:\/\/www.zoner.fi\/tuki\/wp-content\/uploads\/2024\/10\/Valikko-5.png\" alt=\"\" class=\"wp-image-133784\" srcset=\"https:\/\/www.zoner.fi\/tuki\/wp-content\/uploads\/2024\/10\/Valikko-5.png 810w, https:\/\/www.zoner.fi\/tuki\/wp-content\/uploads\/2024\/10\/Valikko-5-300x194.png 300w, https:\/\/www.zoner.fi\/tuki\/wp-content\/uploads\/2024\/10\/Valikko-5-768x497.png 768w\" sizes=\"auto, (max-width: 810px) 100vw, 810px\" \/><\/figure>\n","protected":false},"excerpt":{"rendered":"<p>T\u00e4ss\u00e4 ohjeessa kerrome, kuinka voit vaihtaa verkkosivujen ensisijaisen verkkotunnuksen. Jotta voit vaihtaa sivuston ensisijaisen verkkotunnuksen, tulee kyseinen verkkotunnus ensin liitt\u00e4\u00e4 palveluun. L\u00f6yd\u00e4t ohjeen Verkkotunnuksen liitt\u00e4minen -artikkelista. Aloita kirjautumalla sis\u00e4\u00e4n palveluun osoitteessa https:\/\/kotisivut.nebula.fi\/ 2. Tulet Yleiset asetukset -sivulle. Valitse kohta &#8217;Verkkosivun tila&#8217;. 3. Valitse Ensisijainen verkkotunnus -valikosta haluamasi verkkotunnus. Kun olet valinnut haluamasi verkkotunnuksen, paina Tallenna-painiketta &#8230; <a title=\"Kotisivu: Ensisijaisen verkkotunnuksen vaihtaminen\" class=\"read-more\" href=\"https:\/\/www.zoner.fi\/tuki\/kotisivukone\/basekit\/ensisijaisen-verkkotunnuksen-vaihtaminen\/\" aria-label=\"Lue lis\u00e4\u00e4 aiheesta Kotisivu: Ensisijaisen verkkotunnuksen vaihtaminen\">Lue lis\u00e4\u00e4<\/a><\/p>\n","protected":false},"author":48,"featured_media":0,"parent":137592,"menu_order":0,"comment_status":"closed","ping_status":"closed","template":"","meta":{"_relevanssi_hide_post":"","_relevanssi_hide_content":"","_relevanssi_pin_for_all":"","_relevanssi_pin_keywords":"","_relevanssi_unpin_keywords":"","_relevanssi_related_keywords":"","_relevanssi_related_include_ids":"","_relevanssi_related_exclude_ids":"","_relevanssi_related_no_append":"","_relevanssi_related_not_related":"","_relevanssi_related_posts":"130273,1076,132244,130616,132080,132393","_relevanssi_noindex_reason":"","footnotes":""},"categories":[222],"tags":[158],"wf_page_folders":[],"class_list":{"0":"post-132640","1":"page","2":"type-page","3":"status-publish","5":"category-basekit","6":"tag-yleiset"},"_links":{"self":[{"href":"https:\/\/www.zoner.fi\/tuki\/wp-json\/wp\/v2\/pages\/132640","targetHints":{"allow":["GET"]}}],"collection":[{"href":"https:\/\/www.zoner.fi\/tuki\/wp-json\/wp\/v2\/pages"}],"about":[{"href":"https:\/\/www.zoner.fi\/tuki\/wp-json\/wp\/v2\/types\/page"}],"author":[{"embeddable":true,"href":"https:\/\/www.zoner.fi\/tuki\/wp-json\/wp\/v2\/users\/48"}],"replies":[{"embeddable":true,"href":"https:\/\/www.zoner.fi\/tuki\/wp-json\/wp\/v2\/comments?post=132640"}],"version-history":[{"count":5,"href":"https:\/\/www.zoner.fi\/tuki\/wp-json\/wp\/v2\/pages\/132640\/revisions"}],"predecessor-version":[{"id":137634,"href":"https:\/\/www.zoner.fi\/tuki\/wp-json\/wp\/v2\/pages\/132640\/revisions\/137634"}],"up":[{"embeddable":true,"href":"https:\/\/www.zoner.fi\/tuki\/wp-json\/wp\/v2\/pages\/137592"}],"wp:attachment":[{"href":"https:\/\/www.zoner.fi\/tuki\/wp-json\/wp\/v2\/media?parent=132640"}],"wp:term":[{"taxonomy":"category","embeddable":true,"href":"https:\/\/www.zoner.fi\/tuki\/wp-json\/wp\/v2\/categories?post=132640"},{"taxonomy":"post_tag","embeddable":true,"href":"https:\/\/www.zoner.fi\/tuki\/wp-json\/wp\/v2\/tags?post=132640"},{"taxonomy":"wf_page_folders","embeddable":true,"href":"https:\/\/www.zoner.fi\/tuki\/wp-json\/wp\/v2\/wf_page_folders?post=132640"}],"curies":[{"name":"wp","href":"https:\/\/api.w.org\/{rel}","templated":true}]}}