{"id":132644,"date":"2024-10-07T11:04:06","date_gmt":"2024-10-07T08:04:06","guid":{"rendered":"https:\/\/www.zoner.fi\/tuki\/?page_id=132644"},"modified":"2025-09-25T17:59:13","modified_gmt":"2025-09-25T14:59:13","slug":"ssl-salauksen-pakotus","status":"publish","type":"page","link":"https:\/\/www.zoner.fi\/tuki\/kotisivukone\/basekit\/ssl-salauksen-pakotus\/","title":{"rendered":"Kotisivu: SSL-salauksen pakotus"},"content":{"rendered":"\n<p><strong><strong>HUOM! SSL-sertifikaatti pit\u00e4\u00e4 ostaa erikseen<em>, <\/em>jotta t\u00e4m\u00e4 toimenpide toimii<\/strong><\/strong><\/p>\n\n\n\n<ol class=\"wp-block-list\">\n<li>Klikkaa sivuston vasemmassa yl\u00e4laidassa olevaa &#8221;<strong>\u2261<\/strong>&#8221; kuvaketta, jonka j\u00e4lkeen valitse  &#8221;<strong>Sivuston asetukset<\/strong>&#8221;<\/li>\n<\/ol>\n\n\n\n<figure class=\"wp-block-gallery has-nested-images columns-default is-cropped wp-block-gallery-1 is-layout-flex wp-block-gallery-is-layout-flex\">\n<figure class=\"wp-block-image size-full\"><img loading=\"lazy\" decoding=\"async\" width=\"1024\" height=\"522\" data-id=\"133624\" src=\"https:\/\/www.zoner.fi\/tuki\/wp-content\/uploads\/2024\/10\/painike2-1-1024x522-3.png\" alt=\"\" class=\"wp-image-133624\" srcset=\"https:\/\/www.zoner.fi\/tuki\/wp-content\/uploads\/2024\/10\/painike2-1-1024x522-3.png 1024w, https:\/\/www.zoner.fi\/tuki\/wp-content\/uploads\/2024\/10\/painike2-1-1024x522-3-300x153.png 300w, https:\/\/www.zoner.fi\/tuki\/wp-content\/uploads\/2024\/10\/painike2-1-1024x522-3-768x392.png 768w\" sizes=\"auto, (max-width: 1024px) 100vw, 1024px\" \/><\/figure>\n<\/figure>\n\n\n\n<p>2. Klikkaa <strong>Turvallisuus<\/strong>.<\/p>\n\n\n\n<figure class=\"wp-block-gallery has-nested-images columns-default is-cropped wp-block-gallery-2 is-layout-flex wp-block-gallery-is-layout-flex\">\n<figure class=\"wp-block-image size-large\"><img loading=\"lazy\" decoding=\"async\" width=\"1024\" height=\"544\" data-id=\"133626\" src=\"https:\/\/www.zoner.fi\/tuki\/wp-content\/uploads\/2024\/10\/2020_06_12_09_49_37_Sivuston_asetukset-1024x544.png\" alt=\"\" class=\"wp-image-133626\" srcset=\"https:\/\/www.zoner.fi\/tuki\/wp-content\/uploads\/2024\/10\/2020_06_12_09_49_37_Sivuston_asetukset-1024x544.png 1024w, https:\/\/www.zoner.fi\/tuki\/wp-content\/uploads\/2024\/10\/2020_06_12_09_49_37_Sivuston_asetukset-300x159.png 300w, https:\/\/www.zoner.fi\/tuki\/wp-content\/uploads\/2024\/10\/2020_06_12_09_49_37_Sivuston_asetukset-768x408.png 768w, https:\/\/www.zoner.fi\/tuki\/wp-content\/uploads\/2024\/10\/2020_06_12_09_49_37_Sivuston_asetukset.png 1501w\" sizes=\"auto, (max-width: 1024px) 100vw, 1024px\" \/><\/figure>\n<\/figure>\n\n\n\n<p>3. Aseta p\u00e4\u00e4lle asetus <strong>Ohjaa HTTPS:\u00e4\u00e4n<\/strong> ja paina sivun yl\u00e4laidasta (Tallenna). Muutos tulee voimaan 2-3 tunnin kuluessa.<\/p>\n\n\n\n<figure class=\"wp-block-gallery has-nested-images columns-default is-cropped wp-block-gallery-3 is-layout-flex wp-block-gallery-is-layout-flex\">\n<figure class=\"wp-block-image size-large\"><img loading=\"lazy\" decoding=\"async\" width=\"1024\" height=\"728\" data-id=\"133628\" src=\"https:\/\/www.zoner.fi\/tuki\/wp-content\/uploads\/2024\/10\/2020_06_12_09_52_04_Tietoturva-1-1024x728.png\" alt=\"\" class=\"wp-image-133628\" srcset=\"https:\/\/www.zoner.fi\/tuki\/wp-content\/uploads\/2024\/10\/2020_06_12_09_52_04_Tietoturva-1-1024x728.png 1024w, https:\/\/www.zoner.fi\/tuki\/wp-content\/uploads\/2024\/10\/2020_06_12_09_52_04_Tietoturva-1-300x213.png 300w, https:\/\/www.zoner.fi\/tuki\/wp-content\/uploads\/2024\/10\/2020_06_12_09_52_04_Tietoturva-1-768x546.png 768w, https:\/\/www.zoner.fi\/tuki\/wp-content\/uploads\/2024\/10\/2020_06_12_09_52_04_Tietoturva-1.png 1250w\" sizes=\"auto, (max-width: 1024px) 100vw, 1024px\" \/><\/figure>\n<\/figure>\n","protected":false},"excerpt":{"rendered":"<p>HUOM! SSL-sertifikaatti pit\u00e4\u00e4 ostaa erikseen, jotta t\u00e4m\u00e4 toimenpide toimii 2. Klikkaa Turvallisuus. 3. Aseta p\u00e4\u00e4lle asetus Ohjaa HTTPS:\u00e4\u00e4n ja paina sivun yl\u00e4laidasta (Tallenna). Muutos tulee voimaan 2-3 tunnin kuluessa.<\/p>\n","protected":false},"author":48,"featured_media":0,"parent":137592,"menu_order":0,"comment_status":"closed","ping_status":"closed","template":"","meta":{"_relevanssi_hide_post":"","_relevanssi_hide_content":"","_relevanssi_pin_for_all":"","_relevanssi_pin_keywords":"","_relevanssi_unpin_keywords":"","_relevanssi_related_keywords":"","_relevanssi_related_include_ids":"","_relevanssi_related_exclude_ids":"","_relevanssi_related_no_append":"","_relevanssi_related_not_related":"","_relevanssi_related_posts":"130616,130641,132278,130813,132584,130722","_relevanssi_noindex_reason":"","footnotes":""},"categories":[222],"tags":[158],"wf_page_folders":[],"class_list":{"0":"post-132644","1":"page","2":"type-page","3":"status-publish","5":"category-basekit","6":"tag-yleiset"},"_links":{"self":[{"href":"https:\/\/www.zoner.fi\/tuki\/wp-json\/wp\/v2\/pages\/132644","targetHints":{"allow":["GET"]}}],"collection":[{"href":"https:\/\/www.zoner.fi\/tuki\/wp-json\/wp\/v2\/pages"}],"about":[{"href":"https:\/\/www.zoner.fi\/tuki\/wp-json\/wp\/v2\/types\/page"}],"author":[{"embeddable":true,"href":"https:\/\/www.zoner.fi\/tuki\/wp-json\/wp\/v2\/users\/48"}],"replies":[{"embeddable":true,"href":"https:\/\/www.zoner.fi\/tuki\/wp-json\/wp\/v2\/comments?post=132644"}],"version-history":[{"count":4,"href":"https:\/\/www.zoner.fi\/tuki\/wp-json\/wp\/v2\/pages\/132644\/revisions"}],"predecessor-version":[{"id":137621,"href":"https:\/\/www.zoner.fi\/tuki\/wp-json\/wp\/v2\/pages\/132644\/revisions\/137621"}],"up":[{"embeddable":true,"href":"https:\/\/www.zoner.fi\/tuki\/wp-json\/wp\/v2\/pages\/137592"}],"wp:attachment":[{"href":"https:\/\/www.zoner.fi\/tuki\/wp-json\/wp\/v2\/media?parent=132644"}],"wp:term":[{"taxonomy":"category","embeddable":true,"href":"https:\/\/www.zoner.fi\/tuki\/wp-json\/wp\/v2\/categories?post=132644"},{"taxonomy":"post_tag","embeddable":true,"href":"https:\/\/www.zoner.fi\/tuki\/wp-json\/wp\/v2\/tags?post=132644"},{"taxonomy":"wf_page_folders","embeddable":true,"href":"https:\/\/www.zoner.fi\/tuki\/wp-json\/wp\/v2\/wf_page_folders?post=132644"}],"curies":[{"name":"wp","href":"https:\/\/api.w.org\/{rel}","templated":true}]}}