{"id":132648,"date":"2024-10-04T15:32:18","date_gmt":"2024-10-04T12:32:18","guid":{"rendered":"https:\/\/www.zoner.fi\/tuki\/?page_id=132648"},"modified":"2025-09-25T17:58:57","modified_gmt":"2025-09-25T14:58:57","slug":"sivuston-tyyli","status":"publish","type":"page","link":"https:\/\/www.zoner.fi\/tuki\/kotisivukone\/basekit\/sivuston-tyyli\/","title":{"rendered":"Kotisivu: Sivuston tyyli"},"content":{"rendered":"\n<p>Palvelussa on mahdollista muuttaa sivuston ulkoasua, tyyli\u00e4 ja asettelua ketter\u00e4sti. T\u00e4ss\u00e4 ohjeessa n\u00e4ytet\u00e4\u00e4n kohdat miss\u00e4 muokkaus tapahtuu.<\/p>\n\n\n\n<p>Aloitetaan kirjautumalla sis\u00e4\u00e4n palveluun osoitteessa&nbsp;<a href=\"https:\/\/kotisivut.nebula.fi\/\" target=\"_blank\" rel=\"noreferrer noopener\">https:\/\/kotisivut.nebula.fi\/<\/a><\/p>\n\n\n\n<h2 class=\"wp-block-heading\"><strong>1. Sivuston tyylin muokkaus<\/strong><\/h2>\n\n\n\n<p>Sivuston tyylill\u00e4 tarkoitetaan v\u00e4ri teemaa ja tekstien fonttia.<\/p>\n\n\n\n<figure class=\"wp-block-image size-full is-style-default\"><img loading=\"lazy\" decoding=\"async\" width=\"1024\" height=\"391\" src=\"https:\/\/www.zoner.fi\/tuki\/wp-content\/uploads\/2024\/10\/Sivuston-tyyli-1.png\" alt=\"\" class=\"wp-image-134001\" srcset=\"https:\/\/www.zoner.fi\/tuki\/wp-content\/uploads\/2024\/10\/Sivuston-tyyli-1.png 1024w, https:\/\/www.zoner.fi\/tuki\/wp-content\/uploads\/2024\/10\/Sivuston-tyyli-1-300x115.png 300w, https:\/\/www.zoner.fi\/tuki\/wp-content\/uploads\/2024\/10\/Sivuston-tyyli-1-768x293.png 768w\" sizes=\"auto, (max-width: 1024px) 100vw, 1024px\" \/><\/figure>\n\n\n\n<p>1. Paina oikeasta yl\u00e4kulmasta <strong>&#8217;Design&#8217; v\u00e4ripaletti<\/strong> ikonia.<\/p>\n\n\n\n<p>2. Valitse <strong>&#8221;Vaihda tyyli\u00e4&#8221;<\/strong><\/p>\n\n\n\n<figure class=\"wp-block-image size-full is-style-default\"><img loading=\"lazy\" decoding=\"async\" width=\"830\" height=\"302\" src=\"https:\/\/www.zoner.fi\/tuki\/wp-content\/uploads\/2024\/10\/Sivuston-tyyli-2.png\" alt=\"\" class=\"wp-image-134002\" srcset=\"https:\/\/www.zoner.fi\/tuki\/wp-content\/uploads\/2024\/10\/Sivuston-tyyli-2.png 830w, https:\/\/www.zoner.fi\/tuki\/wp-content\/uploads\/2024\/10\/Sivuston-tyyli-2-300x109.png 300w, https:\/\/www.zoner.fi\/tuki\/wp-content\/uploads\/2024\/10\/Sivuston-tyyli-2-768x279.png 768w\" sizes=\"auto, (max-width: 830px) 100vw, 830px\" \/><\/figure>\n\n\n\n<p>V\u00e4ri tai fontti valikko l\u00f6ytyy <strong>&#8221;Muokkaa&#8221;<\/strong> painikkeen takaa. Voit valita suoraan valmisvaihtoehdon tai muokata itse haluamaksesi painamalla <strong>&#8217;Muokkaa&#8217;<\/strong> painiketta. <\/p>\n\n\n\n<p>Kun olet tyytyv\u00e4inen valintaan niin paina <strong>&#8217;Valmis&#8217;<\/strong>.<\/p>\n\n\n\n<figure class=\"wp-block-image size-full is-style-default\"><img loading=\"lazy\" decoding=\"async\" width=\"315\" height=\"424\" src=\"https:\/\/www.zoner.fi\/tuki\/wp-content\/uploads\/2024\/10\/Sivuston-tyyli-3.png\" alt=\"\" class=\"wp-image-134003\" srcset=\"https:\/\/www.zoner.fi\/tuki\/wp-content\/uploads\/2024\/10\/Sivuston-tyyli-3.png 315w, https:\/\/www.zoner.fi\/tuki\/wp-content\/uploads\/2024\/10\/Sivuston-tyyli-3-223x300.png 223w\" sizes=\"auto, (max-width: 315px) 100vw, 315px\" \/><figcaption class=\"wp-element-caption\">V\u00e4rityylin muokkaus kuva<\/figcaption><\/figure>\n\n\n\n<figure class=\"wp-block-image size-full is-style-default\"><img loading=\"lazy\" decoding=\"async\" width=\"318\" height=\"607\" src=\"https:\/\/www.zoner.fi\/tuki\/wp-content\/uploads\/2024\/10\/Sivuston-tyyli-4.png\" alt=\"\" class=\"wp-image-134004\" srcset=\"https:\/\/www.zoner.fi\/tuki\/wp-content\/uploads\/2024\/10\/Sivuston-tyyli-4.png 318w, https:\/\/www.zoner.fi\/tuki\/wp-content\/uploads\/2024\/10\/Sivuston-tyyli-4-157x300.png 157w\" sizes=\"auto, (max-width: 318px) 100vw, 318px\" \/><figcaption class=\"wp-element-caption\">Fontin muokkaus kuva<\/figcaption><\/figure>\n\n\n\n<p>3. Voit valita valmiita v\u00e4ri ja fontti yhdistelmi\u00e4 kohdasta <strong>&#8217;Mallit&#8217;<\/strong> painikkeesta. T\u00e4m\u00e4n j\u00e4lkeen yl\u00e4osioon avautuu lista erilaisista valmisvaihtoehdoista. Painamalla haluamaasi tyyli\u00e4 n\u00e4et heti mihin kohtiin ne sivullasi vaikuttavat ja milt\u00e4 sivustosi n\u00e4ytt\u00e4\u00e4.<\/p>\n\n\n\n<p>Kun olet valinnut haluamasi tyylin, paina <strong>&#8217;Valmis&#8217;<\/strong> painiketta oikeassa yl\u00e4kulmassa. Mik\u00e4li et halua tallentaa muutoksia, niin paina vasemassa yl\u00e4kulmassa olevaa nuolta poistuaksesi <strong>&#8217;Design&#8217; <\/strong>valikosta.<\/p>\n\n\n\n<figure class=\"wp-block-image size-full is-style-default\"><img loading=\"lazy\" decoding=\"async\" width=\"1024\" height=\"510\" src=\"https:\/\/www.zoner.fi\/tuki\/wp-content\/uploads\/2024\/10\/Sivuston-tyyli-5.png\" alt=\"\" class=\"wp-image-134005\" srcset=\"https:\/\/www.zoner.fi\/tuki\/wp-content\/uploads\/2024\/10\/Sivuston-tyyli-5.png 1024w, https:\/\/www.zoner.fi\/tuki\/wp-content\/uploads\/2024\/10\/Sivuston-tyyli-5-300x149.png 300w, https:\/\/www.zoner.fi\/tuki\/wp-content\/uploads\/2024\/10\/Sivuston-tyyli-5-768x383.png 768w\" sizes=\"auto, (max-width: 1024px) 100vw, 1024px\" \/><\/figure>\n\n\n\n<h2 class=\"wp-block-heading\"><strong>2. Osioiden tyyli<\/strong>n muokkaus<\/h2>\n\n\n\n<p>Voit muutta jokaisen osion tyyli\u00e4 haluamaksesi suoraan osion omissa asetuksissa.<\/p>\n\n\n\n<p>Paina haluamaasi osiota avataksesi asetukset ja valitse valikoimasta haluamasi tyyli.<br><br>Jos valitset&nbsp;<strong>&#8217;Kuva&#8217;<\/strong>, voit ladata uuden kuvan tai k\u00e4ytt\u00e4\u00e4 jo aiemmin ladattuja kuvia. <\/p>\n\n\n\n<p>Halutessa voit lis\u00e4t\u00e4 Animaation osioon. Huomaa ett\u00e4 animaation n\u00e4kee vain jos esikatselet sivuja tai julkaiset. <\/p>\n\n\n\n<figure class=\"wp-block-image size-full is-style-default\"><img loading=\"lazy\" decoding=\"async\" width=\"671\" height=\"496\" src=\"https:\/\/www.zoner.fi\/tuki\/wp-content\/uploads\/2024\/10\/Sivuston-tyyli-6.png\" alt=\"\" class=\"wp-image-134006\" srcset=\"https:\/\/www.zoner.fi\/tuki\/wp-content\/uploads\/2024\/10\/Sivuston-tyyli-6.png 671w, https:\/\/www.zoner.fi\/tuki\/wp-content\/uploads\/2024\/10\/Sivuston-tyyli-6-300x222.png 300w\" sizes=\"auto, (max-width: 671px) 100vw, 671px\" \/><\/figure>\n","protected":false},"excerpt":{"rendered":"<p>Palvelussa on mahdollista muuttaa sivuston ulkoasua, tyyli\u00e4 ja asettelua ketter\u00e4sti. T\u00e4ss\u00e4 ohjeessa n\u00e4ytet\u00e4\u00e4n kohdat miss\u00e4 muokkaus tapahtuu. Aloitetaan kirjautumalla sis\u00e4\u00e4n palveluun osoitteessa&nbsp;https:\/\/kotisivut.nebula.fi\/ 1. Sivuston tyylin muokkaus Sivuston tyylill\u00e4 tarkoitetaan v\u00e4ri teemaa ja tekstien fonttia. 1. Paina oikeasta yl\u00e4kulmasta &#8217;Design&#8217; v\u00e4ripaletti ikonia. 2. Valitse &#8221;Vaihda tyyli\u00e4&#8221; V\u00e4ri tai fontti valikko l\u00f6ytyy &#8221;Muokkaa&#8221; painikkeen takaa. Voit valita &#8230; <a title=\"Kotisivu: Sivuston tyyli\" class=\"read-more\" href=\"https:\/\/www.zoner.fi\/tuki\/kotisivukone\/basekit\/sivuston-tyyli\/\" aria-label=\"Lue lis\u00e4\u00e4 aiheesta Kotisivu: Sivuston tyyli\">Lue lis\u00e4\u00e4<\/a><\/p>\n","protected":false},"author":48,"featured_media":0,"parent":137592,"menu_order":0,"comment_status":"closed","ping_status":"closed","template":"","meta":{"_relevanssi_hide_post":"","_relevanssi_hide_content":"","_relevanssi_pin_for_all":"","_relevanssi_pin_keywords":"","_relevanssi_unpin_keywords":"","_relevanssi_related_keywords":"","_relevanssi_related_include_ids":"","_relevanssi_related_exclude_ids":"","_relevanssi_related_no_append":"","_relevanssi_related_not_related":"","_relevanssi_related_posts":"131506,130498,130440,132244,130722,132301","_relevanssi_noindex_reason":"","footnotes":""},"categories":[222],"tags":[158],"wf_page_folders":[],"class_list":{"0":"post-132648","1":"page","2":"type-page","3":"status-publish","5":"category-basekit","6":"tag-yleiset"},"_links":{"self":[{"href":"https:\/\/www.zoner.fi\/tuki\/wp-json\/wp\/v2\/pages\/132648","targetHints":{"allow":["GET"]}}],"collection":[{"href":"https:\/\/www.zoner.fi\/tuki\/wp-json\/wp\/v2\/pages"}],"about":[{"href":"https:\/\/www.zoner.fi\/tuki\/wp-json\/wp\/v2\/types\/page"}],"author":[{"embeddable":true,"href":"https:\/\/www.zoner.fi\/tuki\/wp-json\/wp\/v2\/users\/48"}],"replies":[{"embeddable":true,"href":"https:\/\/www.zoner.fi\/tuki\/wp-json\/wp\/v2\/comments?post=132648"}],"version-history":[{"count":3,"href":"https:\/\/www.zoner.fi\/tuki\/wp-json\/wp\/v2\/pages\/132648\/revisions"}],"predecessor-version":[{"id":137640,"href":"https:\/\/www.zoner.fi\/tuki\/wp-json\/wp\/v2\/pages\/132648\/revisions\/137640"}],"up":[{"embeddable":true,"href":"https:\/\/www.zoner.fi\/tuki\/wp-json\/wp\/v2\/pages\/137592"}],"wp:attachment":[{"href":"https:\/\/www.zoner.fi\/tuki\/wp-json\/wp\/v2\/media?parent=132648"}],"wp:term":[{"taxonomy":"category","embeddable":true,"href":"https:\/\/www.zoner.fi\/tuki\/wp-json\/wp\/v2\/categories?post=132648"},{"taxonomy":"post_tag","embeddable":true,"href":"https:\/\/www.zoner.fi\/tuki\/wp-json\/wp\/v2\/tags?post=132648"},{"taxonomy":"wf_page_folders","embeddable":true,"href":"https:\/\/www.zoner.fi\/tuki\/wp-json\/wp\/v2\/wf_page_folders?post=132648"}],"curies":[{"name":"wp","href":"https:\/\/api.w.org\/{rel}","templated":true}]}}