{"id":132650,"date":"2024-10-04T15:32:12","date_gmt":"2024-10-04T12:32:12","guid":{"rendered":"https:\/\/www.zoner.fi\/tuki\/?page_id=132650"},"modified":"2025-09-25T17:58:22","modified_gmt":"2025-09-25T14:58:22","slug":"osioiden-muokkaus","status":"publish","type":"page","link":"https:\/\/www.zoner.fi\/tuki\/kotisivukone\/basekit\/osioiden-muokkaus\/","title":{"rendered":"Kotisivu: Osioiden muokkaus"},"content":{"rendered":"\n<p> Osion lis\u00e4\u00e4minen sivulle:<\/p>\n\n\n\n<p>1. Paina&nbsp;<strong>Lis\u00e4\u00e4 sis\u00e4lt\u00f6\u00e4<\/strong>&nbsp;painiketta.<\/p>\n\n\n\n<figure class=\"wp-block-image size-full\"><img loading=\"lazy\" decoding=\"async\" width=\"1024\" height=\"227\" src=\"https:\/\/www.zoner.fi\/tuki\/wp-content\/uploads\/2024\/10\/Osioiden-muokkaus-1.png\" alt=\"\" class=\"wp-image-133968\" srcset=\"https:\/\/www.zoner.fi\/tuki\/wp-content\/uploads\/2024\/10\/Osioiden-muokkaus-1.png 1024w, https:\/\/www.zoner.fi\/tuki\/wp-content\/uploads\/2024\/10\/Osioiden-muokkaus-1-300x67.png 300w, https:\/\/www.zoner.fi\/tuki\/wp-content\/uploads\/2024\/10\/Osioiden-muokkaus-1-768x170.png 768w\" sizes=\"auto, (max-width: 1024px) 100vw, 1024px\" \/><figcaption class=\"wp-element-caption\">Osion lis\u00e4\u00e4minen<\/figcaption><\/figure>\n\n\n\n<p> 2. Paina&nbsp;\u201d<strong>Lis\u00e4\u00e4 osio\u201d<\/strong>&nbsp;ja valitse haluamasi kohta.<\/p>\n\n\n\n<figure class=\"wp-block-image size-full\"><img loading=\"lazy\" decoding=\"async\" width=\"1024\" height=\"233\" src=\"https:\/\/www.zoner.fi\/tuki\/wp-content\/uploads\/2024\/10\/Osioiden-muokkaus-2.png\" alt=\"\" class=\"wp-image-133969\" srcset=\"https:\/\/www.zoner.fi\/tuki\/wp-content\/uploads\/2024\/10\/Osioiden-muokkaus-2.png 1024w, https:\/\/www.zoner.fi\/tuki\/wp-content\/uploads\/2024\/10\/Osioiden-muokkaus-2-300x68.png 300w, https:\/\/www.zoner.fi\/tuki\/wp-content\/uploads\/2024\/10\/Osioiden-muokkaus-2-768x175.png 768w\" sizes=\"auto, (max-width: 1024px) 100vw, 1024px\" \/><figcaption class=\"wp-element-caption\">Lis\u00e4\u00e4 osio<\/figcaption><\/figure>\n\n\n\n<figure class=\"wp-block-image size-full\"><img loading=\"lazy\" decoding=\"async\" width=\"1024\" height=\"305\" src=\"https:\/\/www.zoner.fi\/tuki\/wp-content\/uploads\/2024\/10\/Osioiden-muokkaus-3-1.png\" alt=\"\" class=\"wp-image-133971\" srcset=\"https:\/\/www.zoner.fi\/tuki\/wp-content\/uploads\/2024\/10\/Osioiden-muokkaus-3-1.png 1024w, https:\/\/www.zoner.fi\/tuki\/wp-content\/uploads\/2024\/10\/Osioiden-muokkaus-3-1-300x89.png 300w, https:\/\/www.zoner.fi\/tuki\/wp-content\/uploads\/2024\/10\/Osioiden-muokkaus-3-1-768x229.png 768w\" sizes=\"auto, (max-width: 1024px) 100vw, 1024px\" \/><figcaption class=\"wp-element-caption\">Valitse kohta<\/figcaption><\/figure>\n\n\n\n<p> 3. Valitse haluttu osio <strong>\u201dLis\u00e4\u00e4 sis\u00e4lt\u00f6\u00e4\u201d<\/strong> ikkunassa.<\/p>\n\n\n\n<figure class=\"wp-block-image size-full\"><img loading=\"lazy\" decoding=\"async\" width=\"1024\" height=\"535\" src=\"https:\/\/www.zoner.fi\/tuki\/wp-content\/uploads\/2024\/10\/Osioiden-muokkaus-4.png\" alt=\"\" class=\"wp-image-133972\" srcset=\"https:\/\/www.zoner.fi\/tuki\/wp-content\/uploads\/2024\/10\/Osioiden-muokkaus-4.png 1024w, https:\/\/www.zoner.fi\/tuki\/wp-content\/uploads\/2024\/10\/Osioiden-muokkaus-4-300x157.png 300w, https:\/\/www.zoner.fi\/tuki\/wp-content\/uploads\/2024\/10\/Osioiden-muokkaus-4-768x401.png 768w\" sizes=\"auto, (max-width: 1024px) 100vw, 1024px\" \/><figcaption class=\"wp-element-caption\">Valitse osio<\/figcaption><\/figure>\n\n\n\n<h2 class=\"wp-block-heading\">Osioiden siirt\u00e4minen<\/h2>\n\n\n\n<p> K\u00e4yt\u00e4 siirt\u00e4mispainiketta painamalla yl\u00f6s- tai alasp\u00e4in nuolta. <\/p>\n\n\n\n<figure class=\"wp-block-image size-full\"><img loading=\"lazy\" decoding=\"async\" width=\"1024\" height=\"474\" src=\"https:\/\/www.zoner.fi\/tuki\/wp-content\/uploads\/2024\/10\/Osioiden-muokkaus-5.png\" alt=\"\" class=\"wp-image-133973\" srcset=\"https:\/\/www.zoner.fi\/tuki\/wp-content\/uploads\/2024\/10\/Osioiden-muokkaus-5.png 1024w, https:\/\/www.zoner.fi\/tuki\/wp-content\/uploads\/2024\/10\/Osioiden-muokkaus-5-300x139.png 300w, https:\/\/www.zoner.fi\/tuki\/wp-content\/uploads\/2024\/10\/Osioiden-muokkaus-5-768x356.png 768w\" sizes=\"auto, (max-width: 1024px) 100vw, 1024px\" \/><figcaption class=\"wp-element-caption\">Osion siirt\u00e4minen<\/figcaption><\/figure>\n\n\n\n<h2 class=\"wp-block-heading\">Osioiden poistaminen<\/h2>\n\n\n\n<p>Vie kursori poistettavan osion p\u00e4\u00e4lle ja paina&nbsp;\u201d<strong>Poista\u201d \/ (Roskakori kuvake)<\/strong>.<\/p>\n\n\n\n<figure class=\"wp-block-image size-full\"><img loading=\"lazy\" decoding=\"async\" width=\"1024\" height=\"474\" src=\"https:\/\/www.zoner.fi\/tuki\/wp-content\/uploads\/2024\/10\/Osioiden-muokkaus-6.png\" alt=\"\" class=\"wp-image-133974\" srcset=\"https:\/\/www.zoner.fi\/tuki\/wp-content\/uploads\/2024\/10\/Osioiden-muokkaus-6.png 1024w, https:\/\/www.zoner.fi\/tuki\/wp-content\/uploads\/2024\/10\/Osioiden-muokkaus-6-300x139.png 300w, https:\/\/www.zoner.fi\/tuki\/wp-content\/uploads\/2024\/10\/Osioiden-muokkaus-6-768x356.png 768w\" sizes=\"auto, (max-width: 1024px) 100vw, 1024px\" \/><figcaption class=\"wp-element-caption\">Osion poistaminen<\/figcaption><\/figure>\n","protected":false},"excerpt":{"rendered":"<p>Osion lis\u00e4\u00e4minen sivulle: 1. Paina&nbsp;Lis\u00e4\u00e4 sis\u00e4lt\u00f6\u00e4&nbsp;painiketta. 2. Paina&nbsp;\u201dLis\u00e4\u00e4 osio\u201d&nbsp;ja valitse haluamasi kohta. 3. Valitse haluttu osio \u201dLis\u00e4\u00e4 sis\u00e4lt\u00f6\u00e4\u201d ikkunassa. Osioiden siirt\u00e4minen K\u00e4yt\u00e4 siirt\u00e4mispainiketta painamalla yl\u00f6s- tai alasp\u00e4in nuolta. Osioiden poistaminen Vie kursori poistettavan osion p\u00e4\u00e4lle ja paina&nbsp;\u201dPoista\u201d \/ (Roskakori kuvake).<\/p>\n","protected":false},"author":48,"featured_media":0,"parent":137592,"menu_order":0,"comment_status":"closed","ping_status":"closed","template":"","meta":{"_relevanssi_hide_post":"","_relevanssi_hide_content":"","_relevanssi_pin_for_all":"","_relevanssi_pin_keywords":"","_relevanssi_unpin_keywords":"","_relevanssi_related_keywords":"","_relevanssi_related_include_ids":"","_relevanssi_related_exclude_ids":"","_relevanssi_related_no_append":"","_relevanssi_related_not_related":"","_relevanssi_related_posts":"130684,131888,130269,130450,132301,132278","_relevanssi_noindex_reason":"","footnotes":""},"categories":[222],"tags":[158],"wf_page_folders":[],"class_list":{"0":"post-132650","1":"page","2":"type-page","3":"status-publish","5":"category-basekit","6":"tag-yleiset"},"_links":{"self":[{"href":"https:\/\/www.zoner.fi\/tuki\/wp-json\/wp\/v2\/pages\/132650","targetHints":{"allow":["GET"]}}],"collection":[{"href":"https:\/\/www.zoner.fi\/tuki\/wp-json\/wp\/v2\/pages"}],"about":[{"href":"https:\/\/www.zoner.fi\/tuki\/wp-json\/wp\/v2\/types\/page"}],"author":[{"embeddable":true,"href":"https:\/\/www.zoner.fi\/tuki\/wp-json\/wp\/v2\/users\/48"}],"replies":[{"embeddable":true,"href":"https:\/\/www.zoner.fi\/tuki\/wp-json\/wp\/v2\/comments?post=132650"}],"version-history":[{"count":3,"href":"https:\/\/www.zoner.fi\/tuki\/wp-json\/wp\/v2\/pages\/132650\/revisions"}],"predecessor-version":[{"id":137641,"href":"https:\/\/www.zoner.fi\/tuki\/wp-json\/wp\/v2\/pages\/132650\/revisions\/137641"}],"up":[{"embeddable":true,"href":"https:\/\/www.zoner.fi\/tuki\/wp-json\/wp\/v2\/pages\/137592"}],"wp:attachment":[{"href":"https:\/\/www.zoner.fi\/tuki\/wp-json\/wp\/v2\/media?parent=132650"}],"wp:term":[{"taxonomy":"category","embeddable":true,"href":"https:\/\/www.zoner.fi\/tuki\/wp-json\/wp\/v2\/categories?post=132650"},{"taxonomy":"post_tag","embeddable":true,"href":"https:\/\/www.zoner.fi\/tuki\/wp-json\/wp\/v2\/tags?post=132650"},{"taxonomy":"wf_page_folders","embeddable":true,"href":"https:\/\/www.zoner.fi\/tuki\/wp-json\/wp\/v2\/wf_page_folders?post=132650"}],"curies":[{"name":"wp","href":"https:\/\/api.w.org\/{rel}","templated":true}]}}