{"id":132705,"date":"2024-10-08T09:02:09","date_gmt":"2024-10-08T06:02:09","guid":{"rendered":"https:\/\/www.zoner.fi\/tuki\/?page_id=132705"},"modified":"2025-11-12T15:52:22","modified_gmt":"2025-11-12T13:52:22","slug":"webmailiin-kirjautuminen-cpanelista","status":"publish","type":"page","link":"https:\/\/www.zoner.fi\/tuki\/webhotellit\/cpanel-webhotelli-fi\/webmailiin-kirjautuminen-cpanelista\/","title":{"rendered":"Webmailiin kirjautuminen cPanelista"},"content":{"rendered":"\n<ul class=\"wp-block-list\">\n<li>Kirjaudu cPaneliin Zoner Homen kautta. <strong>Ohje<\/strong>: <a href=\"https:\/\/www.zoner.fi\/tuki\/webhotellit\/cpanel-webhotelli-fi\/cpanel-palvelunhallintaan-siirtyminen\/\">cPanel-palvelunhallintaan siirtyminen<\/a>.<\/li>\n<\/ul>\n\n\n\n<figure class=\"wp-block-image size-full\"><img loading=\"lazy\" decoding=\"async\" width=\"567\" height=\"179\" src=\"https:\/\/www.zoner.fi\/tuki\/wp-content\/uploads\/2024\/10\/Webmailiin-kirjautuminen-cPanelista-1.png\" alt=\"\" class=\"wp-image-133901\" srcset=\"https:\/\/www.zoner.fi\/tuki\/wp-content\/uploads\/2024\/10\/Webmailiin-kirjautuminen-cPanelista-1.png 567w, https:\/\/www.zoner.fi\/tuki\/wp-content\/uploads\/2024\/10\/Webmailiin-kirjautuminen-cPanelista-1-300x95.png 300w\" sizes=\"auto, (max-width: 567px) 100vw, 567px\" \/><\/figure>\n\n\n\n<ul class=\"wp-block-list\">\n<li>Mene <strong>S\u00e4hk\u00f6postitilit<\/strong>-kohtaan.<\/li>\n<\/ul>\n\n\n<div class=\"wp-block-image\">\n<figure class=\"aligncenter size-large\"><img loading=\"lazy\" decoding=\"async\" width=\"1024\" height=\"98\" src=\"https:\/\/www.zoner.fi\/tuki\/wp-content\/uploads\/2024\/10\/Webmailiin-kirjautuminen-cPanelista-2-1024x98.png\" alt=\"\" class=\"wp-image-133902\" srcset=\"https:\/\/www.zoner.fi\/tuki\/wp-content\/uploads\/2024\/10\/Webmailiin-kirjautuminen-cPanelista-2-1024x98.png 1024w, https:\/\/www.zoner.fi\/tuki\/wp-content\/uploads\/2024\/10\/Webmailiin-kirjautuminen-cPanelista-2-300x29.png 300w, https:\/\/www.zoner.fi\/tuki\/wp-content\/uploads\/2024\/10\/Webmailiin-kirjautuminen-cPanelista-2-768x74.png 768w, https:\/\/www.zoner.fi\/tuki\/wp-content\/uploads\/2024\/10\/Webmailiin-kirjautuminen-cPanelista-2.png 1076w\" sizes=\"auto, (max-width: 1024px) 100vw, 1024px\" \/><\/figure>\n<\/div>\n\n\n<ul class=\"wp-block-list\">\n<li>Paina haluamasi tilin kohdalla Check Mail-nappia, niin p\u00e4\u00e4set Webmailiin.<\/li>\n<\/ul>\n\n\n\n<h2 class=\"wp-block-heading\">Webmailiin kirjautuminen suoraan<\/h2>\n\n\n\n<p>Webmailiin voi kirjautua my\u00f6s sen oman osoitteen kautta, joka vaihtelee palvelun mukaan. Voit tarkistaa oman Webmailisi kirjautumisosoitteen t\u00e4\u00e4lt\u00e4: <a href=\"https:\/\/www.zoner.fi\/tuki\/sahkopostiohjeet\/directadmin\/mista-kirjaudun-webmailiin\/\">Mist\u00e4 kirjaudun Webmailiin<\/a>?<\/p>\n\n\n\n<p><\/p>\n","protected":false},"excerpt":{"rendered":"<p>Webmailiin kirjautuminen suoraan Webmailiin voi kirjautua my\u00f6s sen oman osoitteen kautta, joka vaihtelee palvelun mukaan. Voit tarkistaa oman Webmailisi kirjautumisosoitteen t\u00e4\u00e4lt\u00e4: Mist\u00e4 kirjaudun Webmailiin?<\/p>\n","protected":false},"author":48,"featured_media":0,"parent":137349,"menu_order":0,"comment_status":"closed","ping_status":"closed","template":"","meta":{"_relevanssi_hide_post":"","_relevanssi_hide_content":"","_relevanssi_pin_for_all":"","_relevanssi_pin_keywords":"","_relevanssi_unpin_keywords":"","_relevanssi_related_keywords":"","_relevanssi_related_include_ids":"","_relevanssi_related_exclude_ids":"","_relevanssi_related_no_append":"","_relevanssi_related_not_related":"","_relevanssi_related_posts":"130657,130667,130865,130273,130899,130684","_relevanssi_noindex_reason":"","footnotes":""},"categories":[213,218],"tags":[199,214,216],"wf_page_folders":[],"class_list":{"0":"post-132705","1":"page","2":"type-page","3":"status-publish","5":"category-cpanel-webhotelli-fi-sahkoposti","6":"category-cpanel-webhotelli-fi-webhotellit","7":"tag-sahkoposti","8":"tag-sahkopostin-hallinta","9":"tag-webmail"},"_links":{"self":[{"href":"https:\/\/www.zoner.fi\/tuki\/wp-json\/wp\/v2\/pages\/132705","targetHints":{"allow":["GET"]}}],"collection":[{"href":"https:\/\/www.zoner.fi\/tuki\/wp-json\/wp\/v2\/pages"}],"about":[{"href":"https:\/\/www.zoner.fi\/tuki\/wp-json\/wp\/v2\/types\/page"}],"author":[{"embeddable":true,"href":"https:\/\/www.zoner.fi\/tuki\/wp-json\/wp\/v2\/users\/48"}],"replies":[{"embeddable":true,"href":"https:\/\/www.zoner.fi\/tuki\/wp-json\/wp\/v2\/comments?post=132705"}],"version-history":[{"count":9,"href":"https:\/\/www.zoner.fi\/tuki\/wp-json\/wp\/v2\/pages\/132705\/revisions"}],"predecessor-version":[{"id":138096,"href":"https:\/\/www.zoner.fi\/tuki\/wp-json\/wp\/v2\/pages\/132705\/revisions\/138096"}],"up":[{"embeddable":true,"href":"https:\/\/www.zoner.fi\/tuki\/wp-json\/wp\/v2\/pages\/137349"}],"wp:attachment":[{"href":"https:\/\/www.zoner.fi\/tuki\/wp-json\/wp\/v2\/media?parent=132705"}],"wp:term":[{"taxonomy":"category","embeddable":true,"href":"https:\/\/www.zoner.fi\/tuki\/wp-json\/wp\/v2\/categories?post=132705"},{"taxonomy":"post_tag","embeddable":true,"href":"https:\/\/www.zoner.fi\/tuki\/wp-json\/wp\/v2\/tags?post=132705"},{"taxonomy":"wf_page_folders","embeddable":true,"href":"https:\/\/www.zoner.fi\/tuki\/wp-json\/wp\/v2\/wf_page_folders?post=132705"}],"curies":[{"name":"wp","href":"https:\/\/api.w.org\/{rel}","templated":true}]}}