{"id":132707,"date":"2024-10-08T09:00:54","date_gmt":"2024-10-08T06:00:54","guid":{"rendered":"https:\/\/www.zoner.fi\/tuki\/?page_id=132707"},"modified":"2025-11-12T15:49:07","modified_gmt":"2025-11-12T13:49:07","slug":"sahkopostin-valitys","status":"publish","type":"page","link":"https:\/\/www.zoner.fi\/tuki\/webhotellit\/cpanel-webhotelli-fi\/sahkopostin-valitys\/","title":{"rendered":"S\u00e4hk\u00f6postin v\u00e4litys"},"content":{"rendered":"\n<ul class=\"wp-block-list\">\n<li>S\u00e4hk\u00f6postin ohjaamineen osoitteesta toiseen onnistuu k\u00e4tev\u00e4sti cPanelissa.<\/li>\n\n\n\n<li>Kirjaudu cPaneliin Zoner Homen kautta. <strong>Ohje<\/strong>: <a href=\"https:\/\/www.zoner.fi\/tuki\/webhotellit\/cpanel-webhotelli-fi\/cpanel-palvelunhallintaan-siirtyminen\/\">cPanel-palvelunhallintaan siirtyminen<\/a>.<\/li>\n<\/ul>\n\n\n\n<figure class=\"wp-block-image size-full\"><img loading=\"lazy\" decoding=\"async\" width=\"563\" height=\"177\" src=\"https:\/\/www.zoner.fi\/tuki\/wp-content\/uploads\/2024\/10\/Sahkopostin-valitys-1.png\" alt=\"\" class=\"wp-image-133857\" srcset=\"https:\/\/www.zoner.fi\/tuki\/wp-content\/uploads\/2024\/10\/Sahkopostin-valitys-1.png 563w, https:\/\/www.zoner.fi\/tuki\/wp-content\/uploads\/2024\/10\/Sahkopostin-valitys-1-300x94.png 300w\" sizes=\"auto, (max-width: 563px) 100vw, 563px\" \/><\/figure>\n\n\n\n<ul class=\"wp-block-list\">\n<li>Klikkaa <strong>S\u00e4hk\u00f6postin v\u00e4litt\u00e4j\u00e4t<\/strong>.<\/li>\n<\/ul>\n\n\n\n<figure class=\"wp-block-image size-full\"><img loading=\"lazy\" decoding=\"async\" width=\"567\" height=\"205\" src=\"https:\/\/www.zoner.fi\/tuki\/wp-content\/uploads\/2024\/10\/Sahkopostin-valitys-2.png\" alt=\"\" class=\"wp-image-133858\" srcset=\"https:\/\/www.zoner.fi\/tuki\/wp-content\/uploads\/2024\/10\/Sahkopostin-valitys-2.png 567w, https:\/\/www.zoner.fi\/tuki\/wp-content\/uploads\/2024\/10\/Sahkopostin-valitys-2-300x108.png 300w\" sizes=\"auto, (max-width: 567px) 100vw, 567px\" \/><\/figure>\n\n\n\n<ul class=\"wp-block-list\">\n<li>Valitse verkkotunnus&nbsp; ja klikkaa <strong>Lis\u00e4\u00e4 v\u00e4litt\u00e4j\u00e4<\/strong>.<\/li>\n<\/ul>\n\n\n\n<figure class=\"wp-block-image size-full\"><img loading=\"lazy\" decoding=\"async\" width=\"579\" height=\"602\" src=\"https:\/\/www.zoner.fi\/tuki\/wp-content\/uploads\/2024\/10\/Sahkopostin-valitys-3.png\" alt=\"\" class=\"wp-image-133859\" srcset=\"https:\/\/www.zoner.fi\/tuki\/wp-content\/uploads\/2024\/10\/Sahkopostin-valitys-3.png 579w, https:\/\/www.zoner.fi\/tuki\/wp-content\/uploads\/2024\/10\/Sahkopostin-valitys-3-289x300.png 289w\" sizes=\"auto, (max-width: 579px) 100vw, 579px\" \/><\/figure>\n\n\n\n<ul class=\"wp-block-list\">\n<li>T\u00e4yt\u00e4 tarvittavat kent\u00e4t ja klikkaa <strong>Lis\u00e4\u00e4 v\u00e4litt\u00e4j\u00e4<\/strong>.<\/li>\n\n\n\n<li>Valmista tuli! Nyt s\u00e4hk\u00f6postit v\u00e4litet\u00e4\u00e4n uuteen osoitteeseen.<\/li>\n<\/ul>\n","protected":false},"excerpt":{"rendered":"","protected":false},"author":48,"featured_media":0,"parent":137349,"menu_order":0,"comment_status":"closed","ping_status":"closed","template":"","meta":{"_relevanssi_hide_post":"","_relevanssi_hide_content":"","_relevanssi_pin_for_all":"","_relevanssi_pin_keywords":"","_relevanssi_unpin_keywords":"","_relevanssi_related_keywords":"","_relevanssi_related_include_ids":"","_relevanssi_related_exclude_ids":"","_relevanssi_related_no_append":"","_relevanssi_related_not_related":"","_relevanssi_related_posts":"130899,1076,130657,132348,132250,130515","_relevanssi_noindex_reason":"","footnotes":""},"categories":[213,218],"tags":[199,214],"wf_page_folders":[],"class_list":{"0":"post-132707","1":"page","2":"type-page","3":"status-publish","5":"category-cpanel-webhotelli-fi-sahkoposti","6":"category-cpanel-webhotelli-fi-webhotellit","7":"tag-sahkoposti","8":"tag-sahkopostin-hallinta"},"_links":{"self":[{"href":"https:\/\/www.zoner.fi\/tuki\/wp-json\/wp\/v2\/pages\/132707","targetHints":{"allow":["GET"]}}],"collection":[{"href":"https:\/\/www.zoner.fi\/tuki\/wp-json\/wp\/v2\/pages"}],"about":[{"href":"https:\/\/www.zoner.fi\/tuki\/wp-json\/wp\/v2\/types\/page"}],"author":[{"embeddable":true,"href":"https:\/\/www.zoner.fi\/tuki\/wp-json\/wp\/v2\/users\/48"}],"replies":[{"embeddable":true,"href":"https:\/\/www.zoner.fi\/tuki\/wp-json\/wp\/v2\/comments?post=132707"}],"version-history":[{"count":6,"href":"https:\/\/www.zoner.fi\/tuki\/wp-json\/wp\/v2\/pages\/132707\/revisions"}],"predecessor-version":[{"id":138086,"href":"https:\/\/www.zoner.fi\/tuki\/wp-json\/wp\/v2\/pages\/132707\/revisions\/138086"}],"up":[{"embeddable":true,"href":"https:\/\/www.zoner.fi\/tuki\/wp-json\/wp\/v2\/pages\/137349"}],"wp:attachment":[{"href":"https:\/\/www.zoner.fi\/tuki\/wp-json\/wp\/v2\/media?parent=132707"}],"wp:term":[{"taxonomy":"category","embeddable":true,"href":"https:\/\/www.zoner.fi\/tuki\/wp-json\/wp\/v2\/categories?post=132707"},{"taxonomy":"post_tag","embeddable":true,"href":"https:\/\/www.zoner.fi\/tuki\/wp-json\/wp\/v2\/tags?post=132707"},{"taxonomy":"wf_page_folders","embeddable":true,"href":"https:\/\/www.zoner.fi\/tuki\/wp-json\/wp\/v2\/wf_page_folders?post=132707"}],"curies":[{"name":"wp","href":"https:\/\/api.w.org\/{rel}","templated":true}]}}